{"id":5833,"date":"2025-04-04T12:23:17","date_gmt":"2025-04-04T12:23:17","guid":{"rendered":"https:\/\/motorad.com\/evap-system\/"},"modified":"2025-07-17T13:56:30","modified_gmt":"2025-07-17T13:56:30","slug":"evap-system","status":"publish","type":"page","link":"https:\/\/motorad.com\/de\/produkte\/evap-system\/","title":{"rendered":"EVAP-System"},"content":{"rendered":"\n<h2 class=\"wp-block-heading\" id=\"h-motorad-evaporative-emissions-products\" style=\"margin-top:var(--wp--preset--spacing--60);margin-bottom:var(--wp--preset--spacing--60)\">MotoRad Emissionskontrollprodukte<\/h2>\n\n<div class=\"wp-block-columns is-layout-flex wp-container-core-columns-is-layout-1fc7b8c3 wp-block-columns-is-layout-flex\" style=\"margin-top:0;margin-bottom:0;padding-right:0;padding-left:0\">\n<div class=\"wp-block-column is-vertically-aligned-center is-layout-flow wp-block-column-is-layout-flow\">\n<figure class=\"wp-block-image alignright size-medium is-resized\"><img loading=\"lazy\" decoding=\"async\" width=\"300\" height=\"125\" src=\"https:\/\/motorad.com\/wp-content\/uploads\/2025\/04\/24-evap-icon-1-300x125.jpg\" alt=\"\" class=\"wp-image-4518\" style=\"width:200px\" srcset=\"https:\/\/motorad.com\/wp-content\/uploads\/2025\/04\/24-evap-icon-1-300x125.jpg 300w, https:\/\/motorad.com\/wp-content\/uploads\/2025\/04\/24-evap-icon-1-1024x425.jpg 1024w, https:\/\/motorad.com\/wp-content\/uploads\/2025\/04\/24-evap-icon-1-768x319.jpg 768w, https:\/\/motorad.com\/wp-content\/uploads\/2025\/04\/24-evap-icon-1.jpg 1200w\" sizes=\"auto, (max-width: 300px) 100vw, 300px\" \/><\/figure>\n\n\n\n<div style=\"height:5px\" aria-hidden=\"true\" class=\"wp-block-spacer\"><\/div>\n\n\n\n<p class=\"has-text-align-right\"><strong>Die hochwertigen Emissionskontrollprodukte von MotoRad gew\u00e4hrleisten, dass das Emissionskontrollsystem eines Fahrzeugs optimal funktioniert. Diese neuen Produkte, die f\u00fcr Pr\u00e4zision konzipiert und f\u00fcr langlebige Leistung hergestellt wurden, stellen sicher, dass Ihr Fahrzeug die Umweltvorschriften einh\u00e4lt. F\u00fcr sauberere Emissionen, optimale Effizienz und Leistung sowie eine umweltfreundlichere Zukunft vertrauen Sie auf das Emissionskontrollprogramm von MotoRad.  <\/strong><br\/><\/p>\n<\/div>\n\n\n\n<div class=\"wp-block-column is-vertically-aligned-center is-layout-flow wp-block-column-is-layout-flow\">\n<figure class=\"wp-block-image aligncenter size-full\"><img loading=\"lazy\" decoding=\"async\" width=\"2560\" height=\"1707\" src=\"https:\/\/motorad.com\/wp-content\/uploads\/2025\/04\/evap1-scaled-1.jpg\" alt=\"\" class=\"wp-image-4530\" srcset=\"https:\/\/motorad.com\/wp-content\/uploads\/2025\/04\/evap1-scaled-1.jpg 2560w, https:\/\/motorad.com\/wp-content\/uploads\/2025\/04\/evap1-scaled-1-300x200.jpg 300w, https:\/\/motorad.com\/wp-content\/uploads\/2025\/04\/evap1-scaled-1-1024x683.jpg 1024w, https:\/\/motorad.com\/wp-content\/uploads\/2025\/04\/evap1-scaled-1-768x512.jpg 768w, https:\/\/motorad.com\/wp-content\/uploads\/2025\/04\/evap1-scaled-1-1536x1024.jpg 1536w, https:\/\/motorad.com\/wp-content\/uploads\/2025\/04\/evap1-scaled-1-2048x1366.jpg 2048w\" sizes=\"auto, (max-width: 2560px) 100vw, 2560px\" \/><\/figure>\n<\/div>\n<\/div>\n\n<div class=\"wp-block-columns is-layout-flex wp-container-core-columns-is-layout-95393138 wp-block-columns-is-layout-flex\" style=\"margin-top:var(--wp--preset--spacing--60);margin-bottom:var(--wp--preset--spacing--60)\">\n<div class=\"wp-block-column is-layout-flow wp-block-column-is-layout-flow\">\n<h2 class=\"wp-block-heading has-text-align-right has-palette-interactive-color has-text-color has-link-color wp-elements-1a13e2594b940289696242dadfac5a72\" id=\"h-designed-to-withstand-harsh-conditions-and-exposure-to-fuel-vapors\"><em>Konzipiert, um rauen Bedingungen und der Einwirkung von Kraftstoffd\u00e4mpfen standzuhalten.<\/em><br\/><\/h2>\n<\/div>\n\n\n\n<div class=\"wp-block-column is-layout-flow wp-block-column-is-layout-flow\">\n<h2 class=\"wp-block-heading has-text-align-left\" id=\"h-critical-components\" style=\"margin-bottom:var(--wp--preset--spacing--40)\">KRITISCHE KOMPONENTEN<\/h2>\n\n\n\n<p class=\"has-text-align-left\">F\u00dcR FAHRZEUGLEISTUNG UND EMISSIONSKONFORMIT\u00c4T <\/p>\n\n\n\n<ul class=\"wp-block-list\">\n<li style=\"margin-bottom:var(--wp--preset--spacing--20)\">Direkte OEM-Ersatzteile<\/li>\n\n\n\n<li style=\"margin-bottom:var(--wp--preset--spacing--20)\">Hergestellt nach OEM-Qualit\u00e4ts- und Sicherheitsstandards<\/li>\n\n\n\n<li>Erf\u00fcllen alle staatlichen und bundesweiten Emissionsanforderungen<\/li>\n<\/ul>\n<\/div>\n<\/div>\n\n<div class=\"wp-block-columns are-vertically-aligned-center is-layout-flex wp-container-core-columns-is-layout-cbe57604 wp-block-columns-is-layout-flex\">\n<div class=\"wp-block-column is-vertically-aligned-center is-layout-flow wp-block-column-is-layout-flow\" style=\"flex-basis:33.33%\">\n<figure class=\"wp-block-image alignright size-full is-resized\"><img loading=\"lazy\" decoding=\"async\" width=\"2560\" height=\"2560\" src=\"https:\/\/motorad.com\/wp-content\/uploads\/2025\/04\/EVP0096_Angle-scaled-1-1.jpg\" alt=\"\" class=\"wp-image-4544\" style=\"width:250px\" srcset=\"https:\/\/motorad.com\/wp-content\/uploads\/2025\/04\/EVP0096_Angle-scaled-1-1.jpg 2560w, https:\/\/motorad.com\/wp-content\/uploads\/2025\/04\/EVP0096_Angle-scaled-1-1-300x300.jpg 300w, https:\/\/motorad.com\/wp-content\/uploads\/2025\/04\/EVP0096_Angle-scaled-1-1-1024x1024.jpg 1024w, https:\/\/motorad.com\/wp-content\/uploads\/2025\/04\/EVP0096_Angle-scaled-1-1-150x150.jpg 150w, https:\/\/motorad.com\/wp-content\/uploads\/2025\/04\/EVP0096_Angle-scaled-1-1-768x768.jpg 768w, https:\/\/motorad.com\/wp-content\/uploads\/2025\/04\/EVP0096_Angle-scaled-1-1-1536x1536.jpg 1536w, https:\/\/motorad.com\/wp-content\/uploads\/2025\/04\/EVP0096_Angle-scaled-1-1-2048x2048.jpg 2048w\" sizes=\"auto, (max-width: 2560px) 100vw, 2560px\" \/><\/figure>\n<\/div>\n\n\n\n<div class=\"wp-block-column is-vertically-aligned-center is-layout-flow wp-block-column-is-layout-flow\" style=\"flex-basis:66.66%\">\n<h2 class=\"wp-block-heading\" id=\"h-vapor-canister-vent-valves\" style=\"margin-bottom:var(--wp--preset--spacing--40)\"><strong><a href=\"https:\/\/motorad.com\/de\/evap-system\/tankentlueftungsventile\/\">D\u00e4mpfungsbeh\u00e4lter-Entl\u00fcftungsventile<\/a><\/strong><\/h2>\n\n\n\n<ul style=\"margin-bottom:var(--wp--preset--spacing--30)\" class=\"wp-block-list\">\n<li>Gew\u00e4hrleistet den Verschluss des EVAP-Systems (normalerweise bel\u00fcftet) w\u00e4hrend des OBD II-Testzyklus<\/li>\n<\/ul>\n\n\n\n<ul style=\"margin-bottom:var(--wp--preset--spacing--30)\" class=\"wp-block-list\">\n<li>Beinhaltet einen integrierten Filter, der Verunreinigungen und Partikel aus der einstr\u00f6menden Luft auff\u00e4ngt, Verstopfungen verhindert und einen sauberen Luftstrom sicherstellt<\/li>\n<\/ul>\n\n\n\n<ul style=\"margin-bottom:var(--wp--preset--spacing--60)\" class=\"wp-block-list\">\n<li>Schnelles Ansprechen des Ventils auf Motoranforderungen, gew\u00e4hrleistet eine effiziente Entl\u00fcftung der D\u00e4mpfe und optimiert die Gesamtmotorleistung<\/li>\n<\/ul>\n\n\n\n<div class=\"wp-block-buttons is-layout-flex wp-block-buttons-is-layout-flex\">\n<div class=\"wp-block-button\"><a class=\"wp-block-button__link wp-element-button\" href=\"https:\/\/motorad.com\/de\/evap-system\/tankentlueftungsventile\/\">Weitere Informationen<\/a><\/div>\n<\/div>\n<\/div>\n<\/div>\n\n<hr class=\"wp-block-separator has-text-color has-palette-brand-3-color has-alpha-channel-opacity has-palette-brand-3-background-color has-background is-style-wide\" style=\"margin-top:var(--wp--preset--spacing--60);margin-bottom:var(--wp--preset--spacing--60)\"\/>\n\n<div class=\"wp-block-columns are-vertically-aligned-center is-layout-flex wp-container-core-columns-is-layout-cbe57604 wp-block-columns-is-layout-flex\">\n<div class=\"wp-block-column is-vertically-aligned-center is-layout-flow wp-block-column-is-layout-flow\" style=\"flex-basis:33.33%\">\n<figure class=\"wp-block-image alignright size-full is-resized\"><img loading=\"lazy\" decoding=\"async\" width=\"2560\" height=\"2560\" src=\"https:\/\/motorad.com\/wp-content\/uploads\/2025\/04\/EVP0091_Angle-1-scaled-1.jpg\" alt=\"\" class=\"wp-image-4537\" style=\"width:250px\" srcset=\"https:\/\/motorad.com\/wp-content\/uploads\/2025\/04\/EVP0091_Angle-1-scaled-1.jpg 2560w, https:\/\/motorad.com\/wp-content\/uploads\/2025\/04\/EVP0091_Angle-1-scaled-1-300x300.jpg 300w, https:\/\/motorad.com\/wp-content\/uploads\/2025\/04\/EVP0091_Angle-1-scaled-1-1024x1024.jpg 1024w, https:\/\/motorad.com\/wp-content\/uploads\/2025\/04\/EVP0091_Angle-1-scaled-1-150x150.jpg 150w, https:\/\/motorad.com\/wp-content\/uploads\/2025\/04\/EVP0091_Angle-1-scaled-1-768x768.jpg 768w, https:\/\/motorad.com\/wp-content\/uploads\/2025\/04\/EVP0091_Angle-1-scaled-1-1536x1536.jpg 1536w, https:\/\/motorad.com\/wp-content\/uploads\/2025\/04\/EVP0091_Angle-1-scaled-1-2048x2048.jpg 2048w\" sizes=\"auto, (max-width: 2560px) 100vw, 2560px\" \/><\/figure>\n<\/div>\n\n\n\n<div class=\"wp-block-column is-vertically-aligned-center is-layout-flow wp-block-column-is-layout-flow\" style=\"flex-basis:66.66%\">\n<h2 class=\"wp-block-heading\" id=\"h-vapor-canister-purge-solenoids\" style=\"margin-bottom:var(--wp--preset--spacing--40)\"><a href=\"https:\/\/motorad.com\/de\/evap-system\/kraftstoffdampf-spuelmagnetventile\/\"><strong>Kraftstoffdampf-Sp\u00fclmagnetventile<\/strong><\/a><\/h2>\n\n\n\n<ul class=\"wp-block-list\">\n<li style=\"margin-bottom:var(--wp--preset--spacing--30)\">Verbessert die Gesamtleistung des Motors durch die Bereitstellung eines angemessenen Dampfflusses zur Aufrechterhaltung des korrekten Luft-Kraftstoff-Gemisches<\/li>\n\n\n\n<li style=\"margin-bottom:var(--wp--preset--spacing--30)\">Unterst\u00fctzt die Reduzierung sch\u00e4dlicher Emissionen und gew\u00e4hrleistet die Einhaltung von Umweltvorschriften durch die Kontrolle der Freisetzung von Kraftstoffd\u00e4mpfen in den Motor<\/li>\n\n\n\n<li style=\"margin-bottom:var(--wp--preset--spacing--60)\">Gew\u00e4hrleistet einen pr\u00e4zisen Betrieb durch elektromagnetische Prinzipien zur Steuerung des Flusses von Kraftstoffd\u00e4mpfen vom Aktivkohlefilter zum Motor<\/li>\n<\/ul>\n\n\n\n<div class=\"wp-block-buttons is-layout-flex wp-block-buttons-is-layout-flex\">\n<div class=\"wp-block-button\"><a class=\"wp-block-button__link wp-element-button\" href=\"https:\/\/motorad.com\/de\/evap-system\/kraftstoffdampf-spuelmagnetventile\/\">Weitere Informationen<\/a><\/div>\n<\/div>\n<\/div>\n<\/div>\n\n<hr class=\"wp-block-separator has-text-color has-palette-brand-3-color has-alpha-channel-opacity has-palette-brand-3-background-color has-background is-style-wide\" style=\"margin-top:var(--wp--preset--spacing--60);margin-bottom:var(--wp--preset--spacing--60)\"\/>\n\n<div class=\"wp-block-columns are-vertically-aligned-center is-layout-flex wp-container-core-columns-is-layout-cbe57604 wp-block-columns-is-layout-flex\">\n<div class=\"wp-block-column is-vertically-aligned-center is-layout-flow wp-block-column-is-layout-flow\" style=\"flex-basis:33.33%\">\n<figure class=\"wp-block-image alignright size-full is-resized\"><img loading=\"lazy\" decoding=\"async\" width=\"2560\" height=\"2560\" src=\"https:\/\/motorad.com\/wp-content\/uploads\/2025\/04\/EVP0139_Angle-scaled-1.jpg\" alt=\"\" class=\"wp-image-4551\" style=\"width:250px\" srcset=\"https:\/\/motorad.com\/wp-content\/uploads\/2025\/04\/EVP0139_Angle-scaled-1.jpg 2560w, https:\/\/motorad.com\/wp-content\/uploads\/2025\/04\/EVP0139_Angle-scaled-1-300x300.jpg 300w, https:\/\/motorad.com\/wp-content\/uploads\/2025\/04\/EVP0139_Angle-scaled-1-1024x1024.jpg 1024w, https:\/\/motorad.com\/wp-content\/uploads\/2025\/04\/EVP0139_Angle-scaled-1-150x150.jpg 150w, https:\/\/motorad.com\/wp-content\/uploads\/2025\/04\/EVP0139_Angle-scaled-1-768x768.jpg 768w, https:\/\/motorad.com\/wp-content\/uploads\/2025\/04\/EVP0139_Angle-scaled-1-1536x1536.jpg 1536w, https:\/\/motorad.com\/wp-content\/uploads\/2025\/04\/EVP0139_Angle-scaled-1-2048x2048.jpg 2048w\" sizes=\"auto, (max-width: 2560px) 100vw, 2560px\" \/><\/figure>\n<\/div>\n\n\n\n<div class=\"wp-block-column is-vertically-aligned-center is-layout-flow wp-block-column-is-layout-flow\" style=\"flex-basis:66.66%\">\n<h2 class=\"wp-block-heading\" id=\"h-vapor-canisters\" style=\"margin-bottom:var(--wp--preset--spacing--40)\"><a href=\"https:\/\/motorad.com\/de\/produkte\/evap-system\/dampfabscheider\/\"><strong>Dampfabscheider<\/strong><\/a><\/h2>\n\n\n\n<ul class=\"wp-block-list\">\n<li style=\"margin-bottom:var(--wp--preset--spacing--20)\">Sorgt f\u00fcr die Verwaltung von Kraftstoffd\u00e4mpfen und stellt die ordnungsgem\u00e4\u00dfe Emissionskontrolle wieder her, um die Kraftstoffeffizienz und Motorleistung zu verbessern<\/li>\n\n\n\n<li style=\"margin-bottom:var(--wp--preset--spacing--20)\">Hergestellt unter Verwendung von einzigartigem, hochwertigem Aktivkohle mit Milliarden von Poren, um eine hocheffiziente Adsorption (nicht Absorption) und Desorption von Kraftstoffd\u00e4mpfen zu gew\u00e4hrleisten<\/li>\n\n\n\n<li style=\"margin-bottom:var(--wp--preset--spacing--60)\">Mehrschichtiges Design optimiert den Dampffluss und die Adsorptionseffizienz, was eine schnellere und effektivere Erfassung von Kraftstoffd\u00e4mpfen erm\u00f6glicht<\/li>\n<\/ul>\n\n\n\n<div class=\"wp-block-buttons is-layout-flex wp-block-buttons-is-layout-flex\">\n<div class=\"wp-block-button\"><a class=\"wp-block-button__link wp-element-button\" href=\"https:\/\/motorad.com\/de\/produkte\/evap-system\/dampfabscheider\/\">Weitere Informationen<\/a><\/div>\n<\/div>\n<\/div>\n<\/div>\n\n<hr class=\"wp-block-separator has-text-color has-palette-brand-3-color has-alpha-channel-opacity has-palette-brand-3-background-color has-background is-style-wide\" style=\"margin-top:var(--wp--preset--spacing--60);margin-bottom:var(--wp--preset--spacing--60)\"\/>\n\n<div class=\"wp-block-columns are-vertically-aligned-center is-layout-flex wp-container-core-columns-is-layout-cbe57604 wp-block-columns-is-layout-flex\">\n<div class=\"wp-block-column is-vertically-aligned-center is-layout-flow wp-block-column-is-layout-flow\" style=\"flex-basis:33.33%\">\n<figure class=\"wp-block-image alignright size-large is-resized\"><img loading=\"lazy\" decoding=\"async\" width=\"1024\" height=\"1024\" src=\"https:\/\/motorad.com\/wp-content\/uploads\/2025\/04\/EVP0227_Angle-scaled-1-1536x1536-1-1024x1024.jpg\" alt=\"\" class=\"wp-image-4558\" style=\"width:150px\" srcset=\"https:\/\/motorad.com\/wp-content\/uploads\/2025\/04\/EVP0227_Angle-scaled-1-1536x1536-1-1024x1024.jpg 1024w, https:\/\/motorad.com\/wp-content\/uploads\/2025\/04\/EVP0227_Angle-scaled-1-1536x1536-1-300x300.jpg 300w, https:\/\/motorad.com\/wp-content\/uploads\/2025\/04\/EVP0227_Angle-scaled-1-1536x1536-1-150x150.jpg 150w, https:\/\/motorad.com\/wp-content\/uploads\/2025\/04\/EVP0227_Angle-scaled-1-1536x1536-1-768x768.jpg 768w, https:\/\/motorad.com\/wp-content\/uploads\/2025\/04\/EVP0227_Angle-scaled-1-1536x1536-1.jpg 1536w\" sizes=\"auto, (max-width: 1024px) 100vw, 1024px\" \/><\/figure>\n<\/div>\n\n\n\n<div class=\"wp-block-column is-vertically-aligned-center is-layout-flow wp-block-column-is-layout-flow\" style=\"flex-basis:66.66%\">\n<h2 class=\"wp-block-heading\" id=\"h-leak-detection-pumps\" style=\"margin-bottom:var(--wp--preset--spacing--40)\"><strong><a href=\"https:\/\/motorad.com\/de\/produkte\/evap-system\/leckerkennungspumpen\/\">Leckerkennungspumpen<\/a><\/strong><\/h2>\n\n\n\n<ul class=\"wp-block-list\">\n<li style=\"margin-bottom:var(--wp--preset--spacing--20)\">Die Pumpe spielt eine entscheidende Rolle bei der Identifizierung von Lecks im EVAP-System und verhindert, dass sch\u00e4dliche Kraftstoffd\u00e4mpfe in die Atmosph\u00e4re entweichen<\/li>\n\n\n\n<li style=\"margin-bottom:var(--wp--preset--spacing--20)\">Konzipiert, um ein pr\u00e4zises Vakuum zu erzeugen und somit eine genaue Identifizierung von Lecks f\u00fcr eine verbesserte Fahrzeugleistung zu gew\u00e4hrleisten<\/li>\n\n\n\n<li style=\"margin-bottom:var(--wp--preset--spacing--60)\">Ausgestattet mit integrierten Sensoren, die kontinuierlich die Druckniveaus \u00fcberwachen und eine sofortige Erkennung von Lecks oder Fehlfunktionen erm\u00f6glichen<\/li>\n<\/ul>\n\n\n\n<div class=\"wp-block-buttons is-layout-flex wp-block-buttons-is-layout-flex\">\n<div class=\"wp-block-button\"><a class=\"wp-block-button__link wp-element-button\" href=\"https:\/\/motorad.com\/de\/produkte\/evap-system\/leckerkennungspumpen\/\">Weitere Informationen<\/a><\/div>\n<\/div>\n<\/div>\n<\/div>\n","protected":false},"excerpt":{"rendered":"<p>MotoRad Emissionskontrollprodukte Die hochwertigen Emissionskontrollprodukte von MotoRad gew\u00e4hrleisten, dass das Emissionskontrollsystem eines Fahrzeugs optimal funktioniert. Diese neuen Produkte, die f\u00fcr [&#8230;]<\/p>\n","protected":false},"author":1,"featured_media":0,"parent":55753,"menu_order":0,"comment_status":"closed","ping_status":"closed","template":"","meta":{"_acf_changed":false,"footnotes":""},"class_list":["post-5833","page","type-page","status-publish","hentry"],"acf":[],"yoast_head":"<!-- This site is optimized with the Yoast SEO Premium plugin v27.2 (Yoast SEO v27.2) - https:\/\/yoast.com\/product\/yoast-seo-premium-wordpress\/ -->\n<title>EVAP-System - MotoRad<\/title>\n<meta name=\"description\" content=\"MotoRad - EVAP-System\" \/>\n<meta name=\"robots\" content=\"index, follow, max-snippet:-1, max-image-preview:large, max-video-preview:-1\" \/>\n<link rel=\"canonical\" href=\"https:\/\/motorad.com\/de\/produkte\/evap-system\/\" \/>\n<meta property=\"og:locale\" content=\"de_DE\" \/>\n<meta property=\"og:type\" content=\"article\" \/>\n<meta property=\"og:title\" content=\"EVAP-System\" \/>\n<meta property=\"og:description\" content=\"MotoRad - EVAP-System\" \/>\n<meta property=\"og:url\" content=\"https:\/\/motorad.com\/de\/produkte\/evap-system\/\" \/>\n<meta property=\"og:site_name\" content=\"MotoRad\" \/>\n<meta property=\"article:publisher\" content=\"https:\/\/www.facebook.com\/motoradusa\" \/>\n<meta property=\"article:modified_time\" content=\"2025-07-17T13:56:30+00:00\" \/>\n<meta property=\"og:image\" content=\"https:\/\/motorad.com\/wp-content\/uploads\/2025\/04\/24-evap-icon-1.jpg\" \/>\n\t<meta property=\"og:image:width\" content=\"1200\" \/>\n\t<meta property=\"og:image:height\" content=\"498\" \/>\n\t<meta property=\"og:image:type\" content=\"image\/jpeg\" \/>\n<meta name=\"twitter:card\" content=\"summary_large_image\" \/>\n<meta name=\"twitter:site\" content=\"@MotoRadUSA\" \/>\n<meta name=\"twitter:label1\" content=\"Est. reading time\" \/>\n\t<meta name=\"twitter:data1\" content=\"2\u00a0Minuten\" \/>\n<script type=\"application\/ld+json\" class=\"yoast-schema-graph\">{\"@context\":\"https:\/\/schema.org\",\"@graph\":[{\"@type\":\"WebPage\",\"@id\":\"https:\/\/motorad.com\/de\/produkte\/evap-system\/\",\"url\":\"https:\/\/motorad.com\/de\/produkte\/evap-system\/\",\"name\":\"EVAP-System - MotoRad\",\"isPartOf\":{\"@id\":\"https:\/\/motorad.com\/de\/#website\"},\"primaryImageOfPage\":{\"@id\":\"https:\/\/motorad.com\/de\/produkte\/evap-system\/#primaryimage\"},\"image\":{\"@id\":\"https:\/\/motorad.com\/de\/produkte\/evap-system\/#primaryimage\"},\"thumbnailUrl\":\"https:\/\/motorad.com\/wp-content\/uploads\/2025\/04\/24-evap-icon-1-300x125.jpg\",\"datePublished\":\"2025-04-04T12:23:17+00:00\",\"dateModified\":\"2025-07-17T13:56:30+00:00\",\"description\":\"MotoRad - EVAP-System\",\"breadcrumb\":{\"@id\":\"https:\/\/motorad.com\/de\/produkte\/evap-system\/#breadcrumb\"},\"inLanguage\":\"de\",\"potentialAction\":[{\"@type\":\"ReadAction\",\"target\":[\"https:\/\/motorad.com\/de\/produkte\/evap-system\/\"]}]},{\"@type\":\"ImageObject\",\"inLanguage\":\"de\",\"@id\":\"https:\/\/motorad.com\/de\/produkte\/evap-system\/#primaryimage\",\"url\":\"https:\/\/motorad.com\/wp-content\/uploads\/2025\/04\/24-evap-icon-1-300x125.jpg\",\"contentUrl\":\"https:\/\/motorad.com\/wp-content\/uploads\/2025\/04\/24-evap-icon-1-300x125.jpg\"},{\"@type\":\"BreadcrumbList\",\"@id\":\"https:\/\/motorad.com\/de\/produkte\/evap-system\/#breadcrumb\",\"itemListElement\":[{\"@type\":\"ListItem\",\"position\":1,\"name\":\"Home\",\"item\":\"https:\/\/motorad.com\/de\/\"},{\"@type\":\"ListItem\",\"position\":2,\"name\":\"Produkte\",\"item\":\"https:\/\/motoradnew.test\/de\/produkte\/\"},{\"@type\":\"ListItem\",\"position\":3,\"name\":\"EVAP-System\"}]},{\"@type\":\"WebSite\",\"@id\":\"https:\/\/motorad.com\/de\/#website\",\"url\":\"https:\/\/motorad.com\/de\/\",\"name\":\"MotoRad\",\"description\":\"Trusted to Deliver Better - Thermal Management, Emissions, Powertrain Controls\",\"publisher\":{\"@id\":\"https:\/\/motorad.com\/de\/#organization\"},\"potentialAction\":[{\"@type\":\"SearchAction\",\"target\":{\"@type\":\"EntryPoint\",\"urlTemplate\":\"https:\/\/motorad.com\/de\/?s={search_term_string}\"},\"query-input\":{\"@type\":\"PropertyValueSpecification\",\"valueRequired\":true,\"valueName\":\"search_term_string\"}}],\"inLanguage\":\"de\"},{\"@type\":\"Organization\",\"@id\":\"https:\/\/motorad.com\/de\/#organization\",\"name\":\"MotoRad\",\"url\":\"https:\/\/motorad.com\/de\/\",\"logo\":{\"@type\":\"ImageObject\",\"inLanguage\":\"de\",\"@id\":\"https:\/\/motorad.com\/de\/#\/schema\/logo\/image\/\",\"url\":\"https:\/\/motorad.com\/wp-content\/uploads\/2025\/01\/MotoRad_Logo.png\",\"contentUrl\":\"https:\/\/motorad.com\/wp-content\/uploads\/2025\/01\/MotoRad_Logo.png\",\"width\":358,\"height\":102,\"caption\":\"MotoRad\"},\"image\":{\"@id\":\"https:\/\/motorad.com\/de\/#\/schema\/logo\/image\/\"},\"sameAs\":[\"https:\/\/www.facebook.com\/motoradusa\",\"https:\/\/x.com\/MotoRadUSA\",\"https:\/\/www.linkedin.com\/company\/motorad\/\"]}]}<\/script>\n<!-- \/ Yoast SEO Premium plugin. -->","yoast_head_json":{"title":"EVAP-System - MotoRad","description":"MotoRad - EVAP-System","robots":{"index":"index","follow":"follow","max-snippet":"max-snippet:-1","max-image-preview":"max-image-preview:large","max-video-preview":"max-video-preview:-1"},"canonical":"https:\/\/motorad.com\/de\/produkte\/evap-system\/","og_locale":"de_DE","og_type":"article","og_title":"EVAP-System","og_description":"MotoRad - EVAP-System","og_url":"https:\/\/motorad.com\/de\/produkte\/evap-system\/","og_site_name":"MotoRad","article_publisher":"https:\/\/www.facebook.com\/motoradusa","article_modified_time":"2025-07-17T13:56:30+00:00","og_image":[{"width":1200,"height":498,"url":"https:\/\/motorad.com\/wp-content\/uploads\/2025\/04\/24-evap-icon-1.jpg","type":"image\/jpeg"}],"twitter_card":"summary_large_image","twitter_site":"@MotoRadUSA","twitter_misc":{"Est. reading time":"2\u00a0Minuten"},"schema":{"@context":"https:\/\/schema.org","@graph":[{"@type":"WebPage","@id":"https:\/\/motorad.com\/de\/produkte\/evap-system\/","url":"https:\/\/motorad.com\/de\/produkte\/evap-system\/","name":"EVAP-System - MotoRad","isPartOf":{"@id":"https:\/\/motorad.com\/de\/#website"},"primaryImageOfPage":{"@id":"https:\/\/motorad.com\/de\/produkte\/evap-system\/#primaryimage"},"image":{"@id":"https:\/\/motorad.com\/de\/produkte\/evap-system\/#primaryimage"},"thumbnailUrl":"https:\/\/motorad.com\/wp-content\/uploads\/2025\/04\/24-evap-icon-1-300x125.jpg","datePublished":"2025-04-04T12:23:17+00:00","dateModified":"2025-07-17T13:56:30+00:00","description":"MotoRad - EVAP-System","breadcrumb":{"@id":"https:\/\/motorad.com\/de\/produkte\/evap-system\/#breadcrumb"},"inLanguage":"de","potentialAction":[{"@type":"ReadAction","target":["https:\/\/motorad.com\/de\/produkte\/evap-system\/"]}]},{"@type":"ImageObject","inLanguage":"de","@id":"https:\/\/motorad.com\/de\/produkte\/evap-system\/#primaryimage","url":"https:\/\/motorad.com\/wp-content\/uploads\/2025\/04\/24-evap-icon-1-300x125.jpg","contentUrl":"https:\/\/motorad.com\/wp-content\/uploads\/2025\/04\/24-evap-icon-1-300x125.jpg"},{"@type":"BreadcrumbList","@id":"https:\/\/motorad.com\/de\/produkte\/evap-system\/#breadcrumb","itemListElement":[{"@type":"ListItem","position":1,"name":"Home","item":"https:\/\/motorad.com\/de\/"},{"@type":"ListItem","position":2,"name":"Produkte","item":"https:\/\/motoradnew.test\/de\/produkte\/"},{"@type":"ListItem","position":3,"name":"EVAP-System"}]},{"@type":"WebSite","@id":"https:\/\/motorad.com\/de\/#website","url":"https:\/\/motorad.com\/de\/","name":"MotoRad","description":"Trusted to Deliver Better - Thermal Management, Emissions, Powertrain Controls","publisher":{"@id":"https:\/\/motorad.com\/de\/#organization"},"potentialAction":[{"@type":"SearchAction","target":{"@type":"EntryPoint","urlTemplate":"https:\/\/motorad.com\/de\/?s={search_term_string}"},"query-input":{"@type":"PropertyValueSpecification","valueRequired":true,"valueName":"search_term_string"}}],"inLanguage":"de"},{"@type":"Organization","@id":"https:\/\/motorad.com\/de\/#organization","name":"MotoRad","url":"https:\/\/motorad.com\/de\/","logo":{"@type":"ImageObject","inLanguage":"de","@id":"https:\/\/motorad.com\/de\/#\/schema\/logo\/image\/","url":"https:\/\/motorad.com\/wp-content\/uploads\/2025\/01\/MotoRad_Logo.png","contentUrl":"https:\/\/motorad.com\/wp-content\/uploads\/2025\/01\/MotoRad_Logo.png","width":358,"height":102,"caption":"MotoRad"},"image":{"@id":"https:\/\/motorad.com\/de\/#\/schema\/logo\/image\/"},"sameAs":["https:\/\/www.facebook.com\/motoradusa","https:\/\/x.com\/MotoRadUSA","https:\/\/www.linkedin.com\/company\/motorad\/"]}]}},"_links":{"self":[{"href":"https:\/\/motorad.com\/de\/wp-json\/wp\/v2\/pages\/5833","targetHints":{"allow":["GET"]}}],"collection":[{"href":"https:\/\/motorad.com\/de\/wp-json\/wp\/v2\/pages"}],"about":[{"href":"https:\/\/motorad.com\/de\/wp-json\/wp\/v2\/types\/page"}],"author":[{"embeddable":true,"href":"https:\/\/motorad.com\/de\/wp-json\/wp\/v2\/users\/1"}],"replies":[{"embeddable":true,"href":"https:\/\/motorad.com\/de\/wp-json\/wp\/v2\/comments?post=5833"}],"version-history":[{"count":3,"href":"https:\/\/motorad.com\/de\/wp-json\/wp\/v2\/pages\/5833\/revisions"}],"predecessor-version":[{"id":55763,"href":"https:\/\/motorad.com\/de\/wp-json\/wp\/v2\/pages\/5833\/revisions\/55763"}],"up":[{"embeddable":true,"href":"https:\/\/motorad.com\/de\/wp-json\/wp\/v2\/pages\/55753"}],"wp:attachment":[{"href":"https:\/\/motorad.com\/de\/wp-json\/wp\/v2\/media?parent=5833"}],"curies":[{"name":"wp","href":"https:\/\/api.w.org\/{rel}","templated":true}]}}