{"id":6777,"date":"2025-04-03T14:52:36","date_gmt":"2025-04-03T14:52:36","guid":{"rendered":"https:\/\/motorad.com\/ressourcen\/zertifikate\/"},"modified":"2026-03-17T14:33:10","modified_gmt":"2026-03-17T14:33:10","slug":"zertifikate","status":"publish","type":"page","link":"https:\/\/motorad.com\/de\/ressourcen\/zertifikate\/","title":{"rendered":"Zertifikate"},"content":{"rendered":"\n<div class=\"wp-block-cover alignfull is-light\" style=\"min-height:274px;aspect-ratio:unset;\"><img decoding=\"async\" class=\"wp-block-cover__image-background wp-image-85369\" alt=\"\" src=\"https:\/\/motorad.com\/wp-content\/uploads\/Road_into_Light_2-scaled.jpg\" style=\"object-position:50% 44%\" data-object-fit=\"cover\" data-object-position=\"50% 44%\"\/><span aria-hidden=\"true\" class=\"wp-block-cover__background has-background-dim-0 has-background-dim\"><\/span><div class=\"wp-block-cover__inner-container is-layout-flow wp-block-cover-is-layout-flow\">\n<h1 class=\"wp-block-heading has-palette-text-color has-text-color\" id=\"h-certificates\">Zertifikate<\/h1>\n<\/div><\/div>\n<div class=\"yoast-breadcrumbs\"><span><span><a href=\"https:\/\/motorad.com\/de\/\">Home<\/a><\/span> \u00bb <span><a href=\"https:\/\/motoradnew.test\/ressourcen\/\">Ressourcen<\/a><\/span> \u00bb <span class=\"breadcrumb_last\" aria-current=\"page\">Zertifikate<\/span><\/span><\/div>\n<div style=\"height:53px\" aria-hidden=\"true\" class=\"wp-block-spacer\"><\/div>\n\n<h3 class=\"wp-block-heading\"><strong>Unser Versprechen: Unersch\u00fctterliche Qualit\u00e4t und Exzellenz<\/strong><\/h3>\n\n<p>Bei MotoRad werden wir von einem unerm\u00fcdlichen Engagement f\u00fcr Qualit\u00e4t, Pr\u00e4zision und Exzellenz angetrieben. Unser Bestreben, unseren Kunden erstklassige Produkte und Dienstleistungen zu liefern, steht im Mittelpunkt all unserer Aktivit\u00e4ten. Wir verstehen, dass Qualit\u00e4t nicht nur ein Standard ist, sondern ein Versprechen, das wir unseren Kunden, Partnern und Stakeholdern weltweit geben.  <\/p>\n\n<hr class=\"wp-block-separator has-alpha-channel-opacity\" style=\"margin-top:var(--wp--preset--spacing--40);margin-bottom:var(--wp--preset--spacing--40)\"\/>\n\n<h3 class=\"wp-block-heading\"><strong>Zertifizierung: Ein Beleg f\u00fcr unsere Standards<\/strong><\/h3>\n\n<p>Unser Engagement f\u00fcr Qualit\u00e4t wird durch unsere strengen Zertifizierungsprozesse unterstrichen. MotoRad ist stolz darauf, verschiedene Zertifizierungen zu besitzen, die unsere Einhaltung internationaler Qualit\u00e4tsstandards und Best Practices best\u00e4tigen. Diese Zertifizierungen dienen als Beleg f\u00fcr unser unersch\u00fctterliches Engagement f\u00fcr Exzellenz und kontinuierliche Verbesserung.  <\/p>\n\n<p>Erkunden Sie unsere Zertifizierungen <a href=\"https:\/\/motorad.com\/de\/ressourcen\/zertifikate\/\">hier<\/a>, um mehr \u00fcber die hohen Standards zu erfahren, die wir in jedem Aspekt unseres Unternehmens einhalten.<\/p>\n\n<h3 class=\"wp-block-heading\" style=\"margin-top:var(--wp--preset--spacing--50);margin-right:0;margin-bottom:var(--wp--preset--spacing--50);margin-left:0\"><strong>Warum MotoRad w\u00e4hlen?<\/strong><\/h3>\n\n<ul class=\"wp-block-list\">\n<li><strong>Kompromisslose Qualit\u00e4t:<\/strong> Unsere Produkte durchlaufen strenge Tests und Inspektionen, um sicherzustellen, dass sie den h\u00f6chsten Qualit\u00e4tsstandards entsprechen.<\/li>\n\n\n\n<li><strong>Expertise:<\/strong> Mit jahrelanger Branchenerfahrung widmet sich unser Team von Fachleuten der Bereitstellung innovativer L\u00f6sungen, die die Erwartungen unserer Kunden \u00fcbertreffen.<\/li>\n\n\n\n<li><strong>Globale Anerkennung:<\/strong> Unsere Zertifizierungen sind weltweit anerkannt und spiegeln unser Engagement f\u00fcr Qualit\u00e4t auf internationaler Ebene wider.<\/li>\n<\/ul>\n\n<hr class=\"wp-block-separator has-alpha-channel-opacity\" style=\"margin-top:var(--wp--preset--spacing--40);margin-bottom:var(--wp--preset--spacing--40)\"\/>\n\n<div class=\"wp-block-columns alignwide is-layout-flex wp-container-core-columns-is-layout-e0fb3f8c wp-block-columns-is-layout-flex\" style=\"margin-top:var(--wp--preset--spacing--50);margin-bottom:var(--wp--preset--spacing--50)\">\n<div class=\"wp-block-column is-layout-flow wp-container-core-column-is-layout-119bc444 wp-block-column-is-layout-flow\">\n<figure class=\"wp-block-image size-full\"><a href=\"https:\/\/motorad.com\/wp-content\/uploads\/MAP14001.pdf\"><img decoding=\"async\" src=\"https:\/\/motorad.com\/wp-content\/uploads\/MAP-14001-1-1-300x214-1.jpg\" alt=\"\" class=\"wp-image-85682\" style=\"object-fit:cover\"\/><\/a><\/figure>\n\n\n\n<p class=\"has-text-align-center\">Hiermit wird bescheinigt, dass das Umweltmanagementsystem von<\/p>\n\n\n\n<p class=\"has-text-align-center\"><a href=\"https:\/\/motorad.com\/wp-content\/uploads\/MAP-14001.pdf\"><strong>M.A.P. MOTORAD <\/strong><br\/><strong>AUTOMOTIVE PARTS LTD<\/strong><\/a><br\/>Industrial Park Bar Lev, Misgav, Israel<\/p>\n\n\n\n<p class=\"has-text-align-center\">bewertet wurde und den Anforderungen entspricht von:<\/p>\n\n\n\n<p class=\"has-text-align-center\"><strong><a href=\"https:\/\/motorad.com\/wp-content\/uploads\/MAP-14001.pdf\">ISO 14001:2015<\/a><\/strong><\/p>\n\n\n\n<p class=\"has-text-align-center\">Dieses Zertifikat gilt f\u00fcr<\/p>\n\n\n\n<p class=\"has-text-align-center\"><strong>Entwicklung und Herstellung von Thermostaten f\u00fcr die Automobilindustrie.<\/strong><\/p>\n<\/div>\n\n\n\n<div class=\"wp-block-column is-layout-flow wp-container-core-column-is-layout-119bc444 wp-block-column-is-layout-flow\">\n<figure class=\"wp-block-image size-full\"><a href=\"https:\/\/motorad.com\/wp-content\/uploads\/MAP-45001.pdf\"><img decoding=\"async\" src=\"https:\/\/motorad.com\/wp-content\/uploads\/MAP-45001-1-1-300x214-1.jpg\" alt=\"\" class=\"wp-image-85690\"\/><\/a><\/figure>\n\n\n\n<p class=\"has-text-align-center\">Hiermit wird bescheinigt, dass das Arbeitsschutz- und Sicherheitsmanagementsystem von<\/p>\n\n\n\n<p class=\"has-text-align-center\"><a href=\"https:\/\/motorad.com\/wp-content\/uploads\/MAP-45001.pdf\"><strong>M.A.P. MOTORAD <\/strong><br\/><strong>AUTOMOTIVE PARTS LTD<\/strong><\/a><br\/>Industrial Park Bar Lev, Misgav, Israel<\/p>\n\n\n\n<p class=\"has-text-align-center\">bewertet wurde und den Anforderungen entspricht von:<\/p>\n\n\n\n<p class=\"has-text-align-center\"><strong><a href=\"https:\/\/motorad.com\/wp-content\/uploads\/MAP-45001.pdf\">ISO 45001:2018<\/a><\/strong><\/p>\n\n\n\n<p class=\"has-text-align-center\">Dieses Zertifikat gilt f\u00fcr<\/p>\n\n\n\n<p class=\"has-text-align-center\"><strong>Entwicklung und Herstellung von Thermostaten f\u00fcr die Automobilindustrie.<\/strong><\/p>\n<\/div>\n\n\n\n<div class=\"wp-block-column is-layout-flow wp-container-core-column-is-layout-4515c614 wp-block-column-is-layout-flow\" style=\"padding-right:0;padding-left:0\">\n<figure class=\"wp-block-image size-full\"><a href=\"https:\/\/motorad.com\/wp-content\/uploads\/MotoRad-9001-Certificate-.pdf\"><img decoding=\"async\" src=\"https:\/\/motorad.com\/wp-content\/uploads\/cert2-300x214-1.jpg\" alt=\"\" class=\"wp-image-85681\"\/><\/a><\/figure>\n\n\n\n<p class=\"has-text-align-center\">Dieses Zertifikat wurde verliehen an<\/p>\n\n\n\n<p class=\"has-text-align-center\"><strong><a href=\"https:\/\/motorad.com\/wp-content\/uploads\/MotoRad-9001-Certificate-.pdf\">M.A.P MotoRad Automotive Parts Ltd<\/a><\/strong><br\/>Bar-Lev Industrial Park, Misgav, 20179, Israel<\/p>\n\n\n\n<p class=\"has-text-align-center\">Anerkennung des Qualit\u00e4tsmanagementsystems der Organisation, das den Anforderungen von<br\/><strong><a href=\"https:\/\/motorad.com\/wp-content\/uploads\/MOTORAD-9001-Cert-valit-till-2024.pdf\">ISO 9001:2015<\/a><\/strong> entspricht<\/p>\n\n\n\n<p class=\"has-text-align-center\">Der Geltungsbereich der durch dieses Zertifikat abgedeckten Aktivit\u00e4ten ist nachfolgend definiert<\/p>\n\n\n\n<p class=\"has-text-align-center\"><strong>Entwicklung und Herstellung von Thermostaten und Verschlusskappen<\/strong><\/p>\n<\/div>\n\n\n\n<div class=\"wp-block-column is-layout-flow wp-container-core-column-is-layout-119bc444 wp-block-column-is-layout-flow\">\n<figure class=\"wp-block-image size-full\"><a href=\"https:\/\/motorad.com\/wp-content\/uploads\/MotoRad-IATF-Certificate-.pdf\"><img decoding=\"async\" src=\"https:\/\/motorad.com\/wp-content\/uploads\/cert1-300x214-1.jpg\" alt=\"\" class=\"wp-image-85680\"\/><\/a><\/figure>\n\n\n\n<p class=\"has-text-align-center\">Dieses Zertifikat wurde verliehen an<\/p>\n\n\n\n<p class=\"has-text-align-center\"><a href=\"https:\/\/motorad.com\/wp-content\/uploads\/MotoRad-IATF-Certificate-.pdf\"><strong>M.A.P MotoRad Automotive Parts Ltd<\/strong><br\/><\/a>Bar-Lev Industrial Park, Misgav, 20179, Israel<\/p>\n\n\n\n<p class=\"has-text-align-center\">in Anerkennung des Qualit\u00e4tsmanagementsystems der Organisation, das den Anforderungen von<br\/><strong>IATF 16949:2016<\/strong> entspricht<\/p>\n\n\n\n<p class=\"has-text-align-center\">Der Geltungsbereich der durch dieses Zertifikat abgedeckten Aktivit\u00e4ten ist nachfolgend definiert<\/p>\n\n\n\n<p class=\"has-text-align-center\"><strong>Entwicklung und Herstellung von Thermostaten und Verschlusskappen<\/strong><\/p>\n<\/div>\n\n\n\n<div class=\"wp-block-column is-layout-flow wp-container-core-column-is-layout-119bc444 wp-block-column-is-layout-flow\">\n<figure class=\"wp-block-image size-full\"><a href=\"https:\/\/motorad.com\/wp-content\/uploads\/MOTORAD.pdf\"><img loading=\"lazy\" decoding=\"async\" width=\"917\" height=\"1286\" src=\"https:\/\/motorad.com\/wp-content\/uploads\/Screenshot-2025-12-08-at-8.25.42-AM.png\" alt=\"\" class=\"wp-image-86678\"\/><\/a><\/figure>\n\n\n\n<p class=\"has-text-align-center\">Dieses Zertifikat best\u00e4tigt, dass das Qualit\u00e4tsmanagementsystem von<\/p>\n\n\n\n<p class=\"has-text-align-center\"><a href=\"https:\/\/motorad.com\/wp-content\/uploads\/MOTORAD.pdf\"><strong>MOTORAD DE MEXICO S.A. DE C.V. und MOTORAD DISTRIBUTION DE MEXICO S.A. DE C.V.,<\/strong> <\/a><br\/>Luis Donaldo Colosio 292, Parque Industrial el Sabinal, Apodaca, Nuevo Le\u00f3n, C.P. 66645,<\/p>\n\n\n\n<p class=\"has-text-align-center\">den Standard NMX-CC-9001-IMNC-2015 ISO 9001:2015 erf\u00fcllt. <\/p>\n<\/div>\n<\/div>\n\n<p><\/p>\n","protected":false},"excerpt":{"rendered":"<p>Unser Versprechen: Unersch\u00fctterliche Qualit\u00e4t und Exzellenz Bei MotoRad werden wir von einem unerm\u00fcdlichen Engagement f\u00fcr Qualit\u00e4t, Pr\u00e4zision und Exzellenz angetrieben. [&#8230;]<\/p>\n","protected":false},"author":1,"featured_media":0,"parent":6063,"menu_order":0,"comment_status":"closed","ping_status":"closed","template":"","meta":{"_acf_changed":false,"footnotes":""},"class_list":["post-6777","page","type-page","status-publish","hentry"],"acf":[],"yoast_head":"<!-- This site is optimized with the Yoast SEO Premium plugin v27.2 (Yoast SEO v27.2) - https:\/\/yoast.com\/product\/yoast-seo-premium-wordpress\/ -->\n<title>Zertifikate - MotoRad<\/title>\n<meta name=\"description\" content=\"Die Zertifizierungen von MotoRad best\u00e4tigen unser unersch\u00fctterliches Engagement f\u00fcr internationale Qualit\u00e4tsstandards und Best Practices in der Automobilindustrie. Entdecken Sie die hohen Standards, die wir in allen Bereichen unseres Unternehmens einhalten.\" \/>\n<meta name=\"robots\" content=\"index, follow, max-snippet:-1, max-image-preview:large, max-video-preview:-1\" \/>\n<link rel=\"canonical\" href=\"https:\/\/motorad.com\/de\/ressourcen\/zertifikate\/\" \/>\n<meta property=\"og:locale\" content=\"de_DE\" \/>\n<meta property=\"og:type\" content=\"article\" \/>\n<meta property=\"og:title\" content=\"Zertifikate\" \/>\n<meta property=\"og:description\" content=\"Die Zertifizierungen von MotoRad best\u00e4tigen unser unersch\u00fctterliches Engagement f\u00fcr internationale Qualit\u00e4tsstandards und Best Practices in der Automobilindustrie. Entdecken Sie die hohen Standards, die wir in allen Bereichen unseres Unternehmens einhalten.\" \/>\n<meta property=\"og:url\" content=\"https:\/\/motorad.com\/de\/ressourcen\/zertifikate\/\" \/>\n<meta property=\"og:site_name\" content=\"MotoRad\" \/>\n<meta property=\"article:publisher\" content=\"https:\/\/www.facebook.com\/motoradusa\" \/>\n<meta property=\"article:modified_time\" content=\"2026-03-17T14:33:10+00:00\" \/>\n<meta property=\"og:image\" content=\"https:\/\/motorad.com\/wp-content\/uploads\/2025\/03\/oem-back.jpg\" \/>\n\t<meta property=\"og:image:width\" content=\"1500\" \/>\n\t<meta property=\"og:image:height\" content=\"667\" \/>\n\t<meta property=\"og:image:type\" content=\"image\/jpeg\" \/>\n<meta name=\"twitter:card\" content=\"summary_large_image\" \/>\n<meta name=\"twitter:site\" content=\"@MotoRadUSA\" \/>\n<meta name=\"twitter:label1\" content=\"Est. reading time\" \/>\n\t<meta name=\"twitter:data1\" content=\"2\u00a0Minuten\" \/>\n<script type=\"application\/ld+json\" class=\"yoast-schema-graph\">{\"@context\":\"https:\/\/schema.org\",\"@graph\":[{\"@type\":\"WebPage\",\"@id\":\"https:\/\/motorad.com\/de\/ressourcen\/zertifikate\/\",\"url\":\"https:\/\/motorad.com\/de\/ressourcen\/zertifikate\/\",\"name\":\"Zertifikate - MotoRad\",\"isPartOf\":{\"@id\":\"https:\/\/motorad.com\/de\/#website\"},\"primaryImageOfPage\":{\"@id\":\"https:\/\/motorad.com\/de\/ressourcen\/zertifikate\/#primaryimage\"},\"image\":{\"@id\":\"https:\/\/motorad.com\/de\/ressourcen\/zertifikate\/#primaryimage\"},\"thumbnailUrl\":\"https:\/\/motorad.com\/wp-content\/uploads\/Road_into_Light_2-scaled.jpg\",\"datePublished\":\"2025-04-03T14:52:36+00:00\",\"dateModified\":\"2026-03-17T14:33:10+00:00\",\"description\":\"Die Zertifizierungen von MotoRad best\u00e4tigen unser unersch\u00fctterliches Engagement f\u00fcr internationale Qualit\u00e4tsstandards und Best Practices in der Automobilindustrie. Entdecken Sie die hohen Standards, die wir in allen Bereichen unseres Unternehmens einhalten.\",\"breadcrumb\":{\"@id\":\"https:\/\/motorad.com\/de\/ressourcen\/zertifikate\/#breadcrumb\"},\"inLanguage\":\"de\",\"potentialAction\":[{\"@type\":\"ReadAction\",\"target\":[\"https:\/\/motorad.com\/de\/ressourcen\/zertifikate\/\"]}]},{\"@type\":\"ImageObject\",\"inLanguage\":\"de\",\"@id\":\"https:\/\/motorad.com\/de\/ressourcen\/zertifikate\/#primaryimage\",\"url\":\"https:\/\/motorad.com\/wp-content\/uploads\/Road_into_Light_2-scaled.jpg\",\"contentUrl\":\"https:\/\/motorad.com\/wp-content\/uploads\/Road_into_Light_2-scaled.jpg\"},{\"@type\":\"BreadcrumbList\",\"@id\":\"https:\/\/motorad.com\/de\/ressourcen\/zertifikate\/#breadcrumb\",\"itemListElement\":[{\"@type\":\"ListItem\",\"position\":1,\"name\":\"Home\",\"item\":\"https:\/\/motorad.com\/de\/\"},{\"@type\":\"ListItem\",\"position\":2,\"name\":\"Ressourcen\",\"item\":\"https:\/\/motoradnew.test\/ressourcen\/\"},{\"@type\":\"ListItem\",\"position\":3,\"name\":\"Zertifikate\"}]},{\"@type\":\"WebSite\",\"@id\":\"https:\/\/motorad.com\/de\/#website\",\"url\":\"https:\/\/motorad.com\/de\/\",\"name\":\"MotoRad\",\"description\":\"Trusted to Deliver Better - Thermal Management, Emissions, Powertrain Controls\",\"publisher\":{\"@id\":\"https:\/\/motorad.com\/de\/#organization\"},\"potentialAction\":[{\"@type\":\"SearchAction\",\"target\":{\"@type\":\"EntryPoint\",\"urlTemplate\":\"https:\/\/motorad.com\/de\/?s={search_term_string}\"},\"query-input\":{\"@type\":\"PropertyValueSpecification\",\"valueRequired\":true,\"valueName\":\"search_term_string\"}}],\"inLanguage\":\"de\"},{\"@type\":\"Organization\",\"@id\":\"https:\/\/motorad.com\/de\/#organization\",\"name\":\"MotoRad\",\"url\":\"https:\/\/motorad.com\/de\/\",\"logo\":{\"@type\":\"ImageObject\",\"inLanguage\":\"de\",\"@id\":\"https:\/\/motorad.com\/de\/#\/schema\/logo\/image\/\",\"url\":\"https:\/\/motorad.com\/wp-content\/uploads\/2025\/01\/MotoRad_Logo.png\",\"contentUrl\":\"https:\/\/motorad.com\/wp-content\/uploads\/2025\/01\/MotoRad_Logo.png\",\"width\":358,\"height\":102,\"caption\":\"MotoRad\"},\"image\":{\"@id\":\"https:\/\/motorad.com\/de\/#\/schema\/logo\/image\/\"},\"sameAs\":[\"https:\/\/www.facebook.com\/motoradusa\",\"https:\/\/x.com\/MotoRadUSA\",\"https:\/\/www.linkedin.com\/company\/motorad\/\"]}]}<\/script>\n<!-- \/ Yoast SEO Premium plugin. -->","yoast_head_json":{"title":"Zertifikate - MotoRad","description":"Die Zertifizierungen von MotoRad best\u00e4tigen unser unersch\u00fctterliches Engagement f\u00fcr internationale Qualit\u00e4tsstandards und Best Practices in der Automobilindustrie. Entdecken Sie die hohen Standards, die wir in allen Bereichen unseres Unternehmens einhalten.","robots":{"index":"index","follow":"follow","max-snippet":"max-snippet:-1","max-image-preview":"max-image-preview:large","max-video-preview":"max-video-preview:-1"},"canonical":"https:\/\/motorad.com\/de\/ressourcen\/zertifikate\/","og_locale":"de_DE","og_type":"article","og_title":"Zertifikate","og_description":"Die Zertifizierungen von MotoRad best\u00e4tigen unser unersch\u00fctterliches Engagement f\u00fcr internationale Qualit\u00e4tsstandards und Best Practices in der Automobilindustrie. Entdecken Sie die hohen Standards, die wir in allen Bereichen unseres Unternehmens einhalten.","og_url":"https:\/\/motorad.com\/de\/ressourcen\/zertifikate\/","og_site_name":"MotoRad","article_publisher":"https:\/\/www.facebook.com\/motoradusa","article_modified_time":"2026-03-17T14:33:10+00:00","og_image":[{"width":1500,"height":667,"url":"https:\/\/motorad.com\/wp-content\/uploads\/2025\/03\/oem-back.jpg","type":"image\/jpeg"}],"twitter_card":"summary_large_image","twitter_site":"@MotoRadUSA","twitter_misc":{"Est. reading time":"2\u00a0Minuten"},"schema":{"@context":"https:\/\/schema.org","@graph":[{"@type":"WebPage","@id":"https:\/\/motorad.com\/de\/ressourcen\/zertifikate\/","url":"https:\/\/motorad.com\/de\/ressourcen\/zertifikate\/","name":"Zertifikate - MotoRad","isPartOf":{"@id":"https:\/\/motorad.com\/de\/#website"},"primaryImageOfPage":{"@id":"https:\/\/motorad.com\/de\/ressourcen\/zertifikate\/#primaryimage"},"image":{"@id":"https:\/\/motorad.com\/de\/ressourcen\/zertifikate\/#primaryimage"},"thumbnailUrl":"https:\/\/motorad.com\/wp-content\/uploads\/Road_into_Light_2-scaled.jpg","datePublished":"2025-04-03T14:52:36+00:00","dateModified":"2026-03-17T14:33:10+00:00","description":"Die Zertifizierungen von MotoRad best\u00e4tigen unser unersch\u00fctterliches Engagement f\u00fcr internationale Qualit\u00e4tsstandards und Best Practices in der Automobilindustrie. Entdecken Sie die hohen Standards, die wir in allen Bereichen unseres Unternehmens einhalten.","breadcrumb":{"@id":"https:\/\/motorad.com\/de\/ressourcen\/zertifikate\/#breadcrumb"},"inLanguage":"de","potentialAction":[{"@type":"ReadAction","target":["https:\/\/motorad.com\/de\/ressourcen\/zertifikate\/"]}]},{"@type":"ImageObject","inLanguage":"de","@id":"https:\/\/motorad.com\/de\/ressourcen\/zertifikate\/#primaryimage","url":"https:\/\/motorad.com\/wp-content\/uploads\/Road_into_Light_2-scaled.jpg","contentUrl":"https:\/\/motorad.com\/wp-content\/uploads\/Road_into_Light_2-scaled.jpg"},{"@type":"BreadcrumbList","@id":"https:\/\/motorad.com\/de\/ressourcen\/zertifikate\/#breadcrumb","itemListElement":[{"@type":"ListItem","position":1,"name":"Home","item":"https:\/\/motorad.com\/de\/"},{"@type":"ListItem","position":2,"name":"Ressourcen","item":"https:\/\/motoradnew.test\/ressourcen\/"},{"@type":"ListItem","position":3,"name":"Zertifikate"}]},{"@type":"WebSite","@id":"https:\/\/motorad.com\/de\/#website","url":"https:\/\/motorad.com\/de\/","name":"MotoRad","description":"Trusted to Deliver Better - Thermal Management, Emissions, Powertrain Controls","publisher":{"@id":"https:\/\/motorad.com\/de\/#organization"},"potentialAction":[{"@type":"SearchAction","target":{"@type":"EntryPoint","urlTemplate":"https:\/\/motorad.com\/de\/?s={search_term_string}"},"query-input":{"@type":"PropertyValueSpecification","valueRequired":true,"valueName":"search_term_string"}}],"inLanguage":"de"},{"@type":"Organization","@id":"https:\/\/motorad.com\/de\/#organization","name":"MotoRad","url":"https:\/\/motorad.com\/de\/","logo":{"@type":"ImageObject","inLanguage":"de","@id":"https:\/\/motorad.com\/de\/#\/schema\/logo\/image\/","url":"https:\/\/motorad.com\/wp-content\/uploads\/2025\/01\/MotoRad_Logo.png","contentUrl":"https:\/\/motorad.com\/wp-content\/uploads\/2025\/01\/MotoRad_Logo.png","width":358,"height":102,"caption":"MotoRad"},"image":{"@id":"https:\/\/motorad.com\/de\/#\/schema\/logo\/image\/"},"sameAs":["https:\/\/www.facebook.com\/motoradusa","https:\/\/x.com\/MotoRadUSA","https:\/\/www.linkedin.com\/company\/motorad\/"]}]}},"_links":{"self":[{"href":"https:\/\/motorad.com\/de\/wp-json\/wp\/v2\/pages\/6777","targetHints":{"allow":["GET"]}}],"collection":[{"href":"https:\/\/motorad.com\/de\/wp-json\/wp\/v2\/pages"}],"about":[{"href":"https:\/\/motorad.com\/de\/wp-json\/wp\/v2\/types\/page"}],"author":[{"embeddable":true,"href":"https:\/\/motorad.com\/de\/wp-json\/wp\/v2\/users\/1"}],"replies":[{"embeddable":true,"href":"https:\/\/motorad.com\/de\/wp-json\/wp\/v2\/comments?post=6777"}],"version-history":[{"count":3,"href":"https:\/\/motorad.com\/de\/wp-json\/wp\/v2\/pages\/6777\/revisions"}],"predecessor-version":[{"id":87598,"href":"https:\/\/motorad.com\/de\/wp-json\/wp\/v2\/pages\/6777\/revisions\/87598"}],"up":[{"embeddable":true,"href":"https:\/\/motorad.com\/de\/wp-json\/wp\/v2\/pages\/6063"}],"wp:attachment":[{"href":"https:\/\/motorad.com\/de\/wp-json\/wp\/v2\/media?parent=6777"}],"curies":[{"name":"wp","href":"https:\/\/api.w.org\/{rel}","templated":true}]}}