{"id":87712,"date":"2026-02-10T18:18:49","date_gmt":"2026-02-10T18:18:49","guid":{"rendered":"https:\/\/motorad.com\/richtlinie-zum-management-des-produktlebenszyklus\/"},"modified":"2026-03-17T14:34:21","modified_gmt":"2026-03-17T14:34:21","slug":"richtlinie-zum-management-des-produktlebenszyklus","status":"publish","type":"page","link":"https:\/\/motorad.com\/de\/richtlinie-zum-management-des-produktlebenszyklus\/","title":{"rendered":"Richtlinie zum Management des Produktlebenszyklus"},"content":{"rendered":"\n<h2 class=\"wp-block-heading\" id=\"h-product-life-cycle-management-policy\" style=\"margin-top:var(--wp--preset--spacing--50);margin-right:var(--wp--preset--spacing--50);margin-bottom:var(--wp--preset--spacing--50);margin-left:var(--wp--preset--spacing--50)\">Richtlinie zum Management des Produktlebenszyklus<\/h2>\n\n<p>MotoRad verwaltet Produkte unter Ber\u00fccksichtigung von Umwelt-, Sozial- und Governance-Aspekten (ESG) \u00fcber den gesamten Produktlebenszyklus hinweg, vom Design und der Beschaffung \u00fcber die Herstellung bis hin zur Nutzung durch den Kunden und dem Ende der Lebensdauer. Dies beinhaltet einen Schwerpunkt auf Nachhaltigkeit durch Design, Ressourceneffizienz, Kreislaufwirtschaft und die Anpassung an geltende Normen und Vorschriften. Alle Einzelheiten finden Sie in der PDF-Datei Product Life-Cycle Management Policy.  <\/p>\n\n<div data-wp-interactive=\"core\/file\" class=\"wp-block-file\"><object data-wp-bind--hidden=\"!state.hasPdfPreview\" hidden class=\"wp-block-file__embed\" data=\"https:\/\/motorad.com\/wp-content\/uploads\/2026\/02\/A-5.0-E-Product-life-Cycle-Management-Policy-EN-1.pdf\" type=\"application\/pdf\" style=\"width:100%;height:600px\" aria-label=\"Einbettung von A 5.0-E  Product life-Cycle Management Policy EN.\"><\/object><a id=\"wp-block-file--media-5ed722a5-506d-499c-adab-4e4615ac1213\" href=\"https:\/\/motorad.com\/wp-content\/uploads\/2026\/02\/A-5.0-E-Product-life-Cycle-Management-Policy-EN-1.pdf\">A 5.0-E Richtlinie zum Management des Produktlebenszyklus DE<\/a><a href=\"https:\/\/motorad.com\/wp-content\/uploads\/2026\/02\/A-5.0-E-Product-life-Cycle-Management-Policy-EN-1.pdf\" class=\"wp-block-file__button wp-element-button\" download=\"\" aria-describedby=\"wp-block-file--media-5ed722a5-506d-499c-adab-4e4615ac1213\">Herunterladen<\/a><\/div>\n","protected":false},"excerpt":{"rendered":"<p>Richtlinie zum Management des Produktlebenszyklus MotoRad verwaltet Produkte unter Ber\u00fccksichtigung von Umwelt-, Sozial- und Governance-Aspekten (ESG) \u00fcber den gesamten Produktlebenszyklus [&#8230;]<\/p>\n","protected":false},"author":2,"featured_media":0,"parent":0,"menu_order":0,"comment_status":"closed","ping_status":"closed","template":"","meta":{"_acf_changed":false,"footnotes":""},"class_list":["post-87712","page","type-page","status-publish","hentry"],"acf":[],"yoast_head":"<!-- This site is optimized with the Yoast SEO Premium plugin v27.2 (Yoast SEO v27.2) - https:\/\/yoast.com\/product\/yoast-seo-premium-wordpress\/ -->\n<title>Richtlinie zum Management des Produktlebenszyklus - MotoRad<\/title>\n<meta name=\"description\" content=\"MotoRad integriert ESG-\u00dcberlegungen in den gesamten Produktlebenszyklus, vom Design und der Beschaffung bis zum Ende des Lebenszyklus. Laden Sie die Product Life-Cycle Management Policy als PDF herunter.Focus keyphrase: Produktlebenszyklus-Management-RichtlinieVorgeschlagener Slug: Produktlebenszyklus-Management-Richtlinie\" \/>\n<meta name=\"robots\" content=\"index, follow, max-snippet:-1, max-image-preview:large, max-video-preview:-1\" \/>\n<link rel=\"canonical\" href=\"https:\/\/motorad.com\/de\/richtlinie-zum-management-des-produktlebenszyklus\/\" \/>\n<meta property=\"og:locale\" content=\"de_DE\" \/>\n<meta property=\"og:type\" content=\"article\" \/>\n<meta property=\"og:title\" content=\"Richtlinie zum Management des Produktlebenszyklus\" \/>\n<meta property=\"og:description\" content=\"MotoRad integriert ESG-\u00dcberlegungen in den gesamten Produktlebenszyklus, vom Design und der Beschaffung bis zum Ende des Lebenszyklus. Laden Sie die Product Life-Cycle Management Policy als PDF herunter.Focus keyphrase: Produktlebenszyklus-Management-RichtlinieVorgeschlagener Slug: Produktlebenszyklus-Management-Richtlinie\" \/>\n<meta property=\"og:url\" content=\"https:\/\/motorad.com\/de\/richtlinie-zum-management-des-produktlebenszyklus\/\" \/>\n<meta property=\"og:site_name\" content=\"MotoRad\" \/>\n<meta property=\"article:publisher\" content=\"https:\/\/www.facebook.com\/motoradusa\" \/>\n<meta property=\"article:modified_time\" content=\"2026-03-17T14:34:21+00:00\" \/>\n<meta property=\"og:image\" content=\"https:\/\/motorad.com\/wp-content\/uploads\/2025\/03\/oem-back.jpg\" \/>\n\t<meta property=\"og:image:width\" content=\"1500\" \/>\n\t<meta property=\"og:image:height\" content=\"667\" \/>\n\t<meta property=\"og:image:type\" content=\"image\/jpeg\" \/>\n<meta name=\"twitter:card\" content=\"summary_large_image\" \/>\n<meta name=\"twitter:site\" content=\"@MotoRadUSA\" \/>\n<script type=\"application\/ld+json\" class=\"yoast-schema-graph\">{\"@context\":\"https:\/\/schema.org\",\"@graph\":[{\"@type\":\"WebPage\",\"@id\":\"https:\/\/motorad.com\/de\/richtlinie-zum-management-des-produktlebenszyklus\/\",\"url\":\"https:\/\/motorad.com\/de\/richtlinie-zum-management-des-produktlebenszyklus\/\",\"name\":\"Richtlinie zum Management des Produktlebenszyklus - MotoRad\",\"isPartOf\":{\"@id\":\"https:\/\/motorad.com\/de\/#website\"},\"datePublished\":\"2026-02-10T18:18:49+00:00\",\"dateModified\":\"2026-03-17T14:34:21+00:00\",\"description\":\"MotoRad integriert ESG-\u00dcberlegungen in den gesamten Produktlebenszyklus, vom Design und der Beschaffung bis zum Ende des Lebenszyklus. Laden Sie die Product Life-Cycle Management Policy als PDF herunter.Focus keyphrase: Produktlebenszyklus-Management-RichtlinieVorgeschlagener Slug: Produktlebenszyklus-Management-Richtlinie\",\"breadcrumb\":{\"@id\":\"https:\/\/motorad.com\/de\/richtlinie-zum-management-des-produktlebenszyklus\/#breadcrumb\"},\"inLanguage\":\"de\",\"potentialAction\":[{\"@type\":\"ReadAction\",\"target\":[\"https:\/\/motorad.com\/de\/richtlinie-zum-management-des-produktlebenszyklus\/\"]}]},{\"@type\":\"BreadcrumbList\",\"@id\":\"https:\/\/motorad.com\/de\/richtlinie-zum-management-des-produktlebenszyklus\/#breadcrumb\",\"itemListElement\":[{\"@type\":\"ListItem\",\"position\":1,\"name\":\"Home\",\"item\":\"https:\/\/motorad.com\/de\/\"},{\"@type\":\"ListItem\",\"position\":2,\"name\":\"Richtlinie zum Management des Produktlebenszyklus\"}]},{\"@type\":\"WebSite\",\"@id\":\"https:\/\/motorad.com\/de\/#website\",\"url\":\"https:\/\/motorad.com\/de\/\",\"name\":\"MotoRad\",\"description\":\"Trusted to Deliver Better - Thermal Management, Emissions, Powertrain Controls\",\"publisher\":{\"@id\":\"https:\/\/motorad.com\/de\/#organization\"},\"potentialAction\":[{\"@type\":\"SearchAction\",\"target\":{\"@type\":\"EntryPoint\",\"urlTemplate\":\"https:\/\/motorad.com\/de\/?s={search_term_string}\"},\"query-input\":{\"@type\":\"PropertyValueSpecification\",\"valueRequired\":true,\"valueName\":\"search_term_string\"}}],\"inLanguage\":\"de\"},{\"@type\":\"Organization\",\"@id\":\"https:\/\/motorad.com\/de\/#organization\",\"name\":\"MotoRad\",\"url\":\"https:\/\/motorad.com\/de\/\",\"logo\":{\"@type\":\"ImageObject\",\"inLanguage\":\"de\",\"@id\":\"https:\/\/motorad.com\/de\/#\/schema\/logo\/image\/\",\"url\":\"https:\/\/motorad.com\/wp-content\/uploads\/2025\/01\/MotoRad_Logo.png\",\"contentUrl\":\"https:\/\/motorad.com\/wp-content\/uploads\/2025\/01\/MotoRad_Logo.png\",\"width\":358,\"height\":102,\"caption\":\"MotoRad\"},\"image\":{\"@id\":\"https:\/\/motorad.com\/de\/#\/schema\/logo\/image\/\"},\"sameAs\":[\"https:\/\/www.facebook.com\/motoradusa\",\"https:\/\/x.com\/MotoRadUSA\",\"https:\/\/www.linkedin.com\/company\/motorad\/\"]}]}<\/script>\n<!-- \/ Yoast SEO Premium plugin. -->","yoast_head_json":{"title":"Richtlinie zum Management des Produktlebenszyklus - MotoRad","description":"MotoRad integriert ESG-\u00dcberlegungen in den gesamten Produktlebenszyklus, vom Design und der Beschaffung bis zum Ende des Lebenszyklus. Laden Sie die Product Life-Cycle Management Policy als PDF herunter.Focus keyphrase: Produktlebenszyklus-Management-RichtlinieVorgeschlagener Slug: Produktlebenszyklus-Management-Richtlinie","robots":{"index":"index","follow":"follow","max-snippet":"max-snippet:-1","max-image-preview":"max-image-preview:large","max-video-preview":"max-video-preview:-1"},"canonical":"https:\/\/motorad.com\/de\/richtlinie-zum-management-des-produktlebenszyklus\/","og_locale":"de_DE","og_type":"article","og_title":"Richtlinie zum Management des Produktlebenszyklus","og_description":"MotoRad integriert ESG-\u00dcberlegungen in den gesamten Produktlebenszyklus, vom Design und der Beschaffung bis zum Ende des Lebenszyklus. Laden Sie die Product Life-Cycle Management Policy als PDF herunter.Focus keyphrase: Produktlebenszyklus-Management-RichtlinieVorgeschlagener Slug: Produktlebenszyklus-Management-Richtlinie","og_url":"https:\/\/motorad.com\/de\/richtlinie-zum-management-des-produktlebenszyklus\/","og_site_name":"MotoRad","article_publisher":"https:\/\/www.facebook.com\/motoradusa","article_modified_time":"2026-03-17T14:34:21+00:00","og_image":[{"width":1500,"height":667,"url":"https:\/\/motorad.com\/wp-content\/uploads\/2025\/03\/oem-back.jpg","type":"image\/jpeg"}],"twitter_card":"summary_large_image","twitter_site":"@MotoRadUSA","schema":{"@context":"https:\/\/schema.org","@graph":[{"@type":"WebPage","@id":"https:\/\/motorad.com\/de\/richtlinie-zum-management-des-produktlebenszyklus\/","url":"https:\/\/motorad.com\/de\/richtlinie-zum-management-des-produktlebenszyklus\/","name":"Richtlinie zum Management des Produktlebenszyklus - MotoRad","isPartOf":{"@id":"https:\/\/motorad.com\/de\/#website"},"datePublished":"2026-02-10T18:18:49+00:00","dateModified":"2026-03-17T14:34:21+00:00","description":"MotoRad integriert ESG-\u00dcberlegungen in den gesamten Produktlebenszyklus, vom Design und der Beschaffung bis zum Ende des Lebenszyklus. Laden Sie die Product Life-Cycle Management Policy als PDF herunter.Focus keyphrase: Produktlebenszyklus-Management-RichtlinieVorgeschlagener Slug: Produktlebenszyklus-Management-Richtlinie","breadcrumb":{"@id":"https:\/\/motorad.com\/de\/richtlinie-zum-management-des-produktlebenszyklus\/#breadcrumb"},"inLanguage":"de","potentialAction":[{"@type":"ReadAction","target":["https:\/\/motorad.com\/de\/richtlinie-zum-management-des-produktlebenszyklus\/"]}]},{"@type":"BreadcrumbList","@id":"https:\/\/motorad.com\/de\/richtlinie-zum-management-des-produktlebenszyklus\/#breadcrumb","itemListElement":[{"@type":"ListItem","position":1,"name":"Home","item":"https:\/\/motorad.com\/de\/"},{"@type":"ListItem","position":2,"name":"Richtlinie zum Management des Produktlebenszyklus"}]},{"@type":"WebSite","@id":"https:\/\/motorad.com\/de\/#website","url":"https:\/\/motorad.com\/de\/","name":"MotoRad","description":"Trusted to Deliver Better - Thermal Management, Emissions, Powertrain Controls","publisher":{"@id":"https:\/\/motorad.com\/de\/#organization"},"potentialAction":[{"@type":"SearchAction","target":{"@type":"EntryPoint","urlTemplate":"https:\/\/motorad.com\/de\/?s={search_term_string}"},"query-input":{"@type":"PropertyValueSpecification","valueRequired":true,"valueName":"search_term_string"}}],"inLanguage":"de"},{"@type":"Organization","@id":"https:\/\/motorad.com\/de\/#organization","name":"MotoRad","url":"https:\/\/motorad.com\/de\/","logo":{"@type":"ImageObject","inLanguage":"de","@id":"https:\/\/motorad.com\/de\/#\/schema\/logo\/image\/","url":"https:\/\/motorad.com\/wp-content\/uploads\/2025\/01\/MotoRad_Logo.png","contentUrl":"https:\/\/motorad.com\/wp-content\/uploads\/2025\/01\/MotoRad_Logo.png","width":358,"height":102,"caption":"MotoRad"},"image":{"@id":"https:\/\/motorad.com\/de\/#\/schema\/logo\/image\/"},"sameAs":["https:\/\/www.facebook.com\/motoradusa","https:\/\/x.com\/MotoRadUSA","https:\/\/www.linkedin.com\/company\/motorad\/"]}]}},"_links":{"self":[{"href":"https:\/\/motorad.com\/de\/wp-json\/wp\/v2\/pages\/87712","targetHints":{"allow":["GET"]}}],"collection":[{"href":"https:\/\/motorad.com\/de\/wp-json\/wp\/v2\/pages"}],"about":[{"href":"https:\/\/motorad.com\/de\/wp-json\/wp\/v2\/types\/page"}],"author":[{"embeddable":true,"href":"https:\/\/motorad.com\/de\/wp-json\/wp\/v2\/users\/2"}],"replies":[{"embeddable":true,"href":"https:\/\/motorad.com\/de\/wp-json\/wp\/v2\/comments?post=87712"}],"version-history":[{"count":1,"href":"https:\/\/motorad.com\/de\/wp-json\/wp\/v2\/pages\/87712\/revisions"}],"predecessor-version":[{"id":87713,"href":"https:\/\/motorad.com\/de\/wp-json\/wp\/v2\/pages\/87712\/revisions\/87713"}],"wp:attachment":[{"href":"https:\/\/motorad.com\/de\/wp-json\/wp\/v2\/media?parent=87712"}],"curies":[{"name":"wp","href":"https:\/\/api.w.org\/{rel}","templated":true}]}}