{"id":5824,"date":"2025-04-03T18:03:14","date_gmt":"2025-04-03T18:03:14","guid":{"rendered":"https:\/\/motorad.com\/sensores-emisores-de-temperatura-del-refrigerante\/"},"modified":"2026-03-17T14:32:31","modified_gmt":"2026-03-17T14:32:31","slug":"sensores-emisores-de-temperatura-del-refrigerante","status":"publish","type":"page","link":"https:\/\/motorad.com\/es\/products\/controles-del-tren-motriz\/sensores-emisores-de-temperatura-del-refrigerante\/","title":{"rendered":"SENSORES\/EMISORES DE TEMPERATURA DEL REFRIGERANTE"},"content":{"rendered":"<h1 style=\"margin-top:var(--wp--preset--spacing--60);margin-bottom:var(--wp--preset--spacing--60);\" class=\"wp-block-post-title\">SENSORES\/EMISORES DE TEMPERATURA DEL REFRIGERANTE<\/h1>\n<p>Los sensores de temperatura del refrigerante MotoRad proporcionan datos precisos al PCM para garantizar una gesti\u00f3n adecuada del sistema de inyecci\u00f3n de combustible de su veh\u00edculo, el encendido y la distribuci\u00f3n variable, el cambio de marchas de la transmisi\u00f3n y mucho m\u00e1s. Fabricados con materiales de la m\u00e1s alta calidad aprobados por el OEM para una mayor durabilidad incluso en las temperaturas m\u00e1s extremas. Todos los sensores de temperatura del refrigerante MotoRad est\u00e1n dise\u00f1ados para cumplir o superar las especificaciones del OEM en nuestras instalaciones de fabricaci\u00f3n con certificaci\u00f3n ISO TS16949.  <\/p>\n\n<div class=\"wp-block-columns is-layout-flex wp-container-core-columns-is-layout-95393138 wp-block-columns-is-layout-flex\" style=\"margin-top:var(--wp--preset--spacing--60);margin-bottom:var(--wp--preset--spacing--60)\">\n<div class=\"wp-block-column is-layout-flow wp-block-column-is-layout-flow\">\n<figure class=\"wp-block-image size-full\"><img loading=\"lazy\" decoding=\"async\" width=\"500\" height=\"500\" src=\"https:\/\/motorad.com\/wp-content\/uploads\/2025\/04\/1TS1001_Angle.jpg\" alt=\"\" class=\"wp-image-4072\" srcset=\"https:\/\/motorad.com\/wp-content\/uploads\/2025\/04\/1TS1001_Angle.jpg 500w, https:\/\/motorad.com\/wp-content\/uploads\/2025\/04\/1TS1001_Angle-300x300.jpg 300w, https:\/\/motorad.com\/wp-content\/uploads\/2025\/04\/1TS1001_Angle-150x150.jpg 150w\" sizes=\"auto, (max-width: 500px) 100vw, 500px\" \/><\/figure>\n<\/div>\n\n\n\n<div class=\"wp-block-column is-layout-flow wp-block-column-is-layout-flow\">\n<figure class=\"wp-block-image size-full\"><img loading=\"lazy\" decoding=\"async\" width=\"500\" height=\"500\" src=\"https:\/\/motorad.com\/wp-content\/uploads\/2025\/04\/1TS1008_Angle-1.jpg\" alt=\"\" class=\"wp-image-4079\" srcset=\"https:\/\/motorad.com\/wp-content\/uploads\/2025\/04\/1TS1008_Angle-1.jpg 500w, https:\/\/motorad.com\/wp-content\/uploads\/2025\/04\/1TS1008_Angle-1-300x300.jpg 300w, https:\/\/motorad.com\/wp-content\/uploads\/2025\/04\/1TS1008_Angle-1-150x150.jpg 150w\" sizes=\"auto, (max-width: 500px) 100vw, 500px\" \/><\/figure>\n<\/div>\n\n\n\n<div class=\"wp-block-column is-layout-flow wp-block-column-is-layout-flow\">\n<figure class=\"wp-block-image size-full\"><img loading=\"lazy\" decoding=\"async\" width=\"500\" height=\"500\" src=\"https:\/\/motorad.com\/wp-content\/uploads\/2025\/04\/1TS1031_Angle.jpg\" alt=\"\" class=\"wp-image-4086\" srcset=\"https:\/\/motorad.com\/wp-content\/uploads\/2025\/04\/1TS1031_Angle.jpg 500w, https:\/\/motorad.com\/wp-content\/uploads\/2025\/04\/1TS1031_Angle-300x300.jpg 300w, https:\/\/motorad.com\/wp-content\/uploads\/2025\/04\/1TS1031_Angle-150x150.jpg 150w\" sizes=\"auto, (max-width: 500px) 100vw, 500px\" \/><\/figure>\n<\/div>\n\n\n\n<div class=\"wp-block-column is-layout-flow wp-block-column-is-layout-flow\">\n<figure class=\"wp-block-image size-full\"><img loading=\"lazy\" decoding=\"async\" width=\"500\" height=\"500\" src=\"https:\/\/motorad.com\/wp-content\/uploads\/2025\/04\/1TS1037_Angle.jpg\" alt=\"\" class=\"wp-image-4093\" srcset=\"https:\/\/motorad.com\/wp-content\/uploads\/2025\/04\/1TS1037_Angle.jpg 500w, https:\/\/motorad.com\/wp-content\/uploads\/2025\/04\/1TS1037_Angle-300x300.jpg 300w, https:\/\/motorad.com\/wp-content\/uploads\/2025\/04\/1TS1037_Angle-150x150.jpg 150w\" sizes=\"auto, (max-width: 500px) 100vw, 500px\" \/><\/figure>\n<\/div>\n\n\n\n<div class=\"wp-block-column is-layout-flow wp-block-column-is-layout-flow\">\n<figure class=\"wp-block-image size-full\"><img loading=\"lazy\" decoding=\"async\" width=\"500\" height=\"500\" src=\"https:\/\/motorad.com\/wp-content\/uploads\/2025\/04\/1TS1055_Angle.jpg\" alt=\"\" class=\"wp-image-4100\" srcset=\"https:\/\/motorad.com\/wp-content\/uploads\/2025\/04\/1TS1055_Angle.jpg 500w, https:\/\/motorad.com\/wp-content\/uploads\/2025\/04\/1TS1055_Angle-300x300.jpg 300w, https:\/\/motorad.com\/wp-content\/uploads\/2025\/04\/1TS1055_Angle-150x150.jpg 150w\" sizes=\"auto, (max-width: 500px) 100vw, 500px\" \/><\/figure>\n<\/div>\n\n\n\n<div class=\"wp-block-column is-layout-flow wp-block-column-is-layout-flow\">\n<figure class=\"wp-block-image size-full\"><img loading=\"lazy\" decoding=\"async\" width=\"500\" height=\"500\" src=\"https:\/\/motorad.com\/wp-content\/uploads\/2025\/04\/1TS1068_Angle.jpg\" alt=\"\" class=\"wp-image-4107\" srcset=\"https:\/\/motorad.com\/wp-content\/uploads\/2025\/04\/1TS1068_Angle.jpg 500w, https:\/\/motorad.com\/wp-content\/uploads\/2025\/04\/1TS1068_Angle-300x300.jpg 300w, https:\/\/motorad.com\/wp-content\/uploads\/2025\/04\/1TS1068_Angle-150x150.jpg 150w\" sizes=\"auto, (max-width: 500px) 100vw, 500px\" \/><\/figure>\n<\/div>\n<\/div>\n\n<ul class=\"wp-block-list\">\n<li>Calibrados al 100% en f\u00e1brica por resistencia para garantizar tolerancias de precisi\u00f3n, lo que resulta en una temperatura extremadamente precisa para un rendimiento \u00f3ptimo.<\/li>\n\n\n\n<li>Sellador de roscas y\/o junta t\u00f3rica preinstalados en todos los sensores aplicables para garantizar un rendimiento sin fugas.<\/li>\n\n\n\n<li>Carcasa del sensor de lat\u00f3n, mecanizada con precisi\u00f3n, para una resistencia superior a la corrosi\u00f3n1.<\/li>\n\n\n\n<li>Termistor de precisi\u00f3n adaptado al OE que garantiza que los sensores MotoRad coincidan con las resistencias de salida del OE en todas las posiciones de temperatura.<\/li>\n\n\n\n<li>Las exhaustivas pruebas de producto incluyen pulverizaci\u00f3n salina, impacto a altas\/bajas temperaturas, vibraci\u00f3n t\u00e9rmica, durabilidad, electricidad est\u00e1tica y microtensi\u00f3n, entre otras<br\/>pruebas, para garantizar que todos los sensores cumplen o superan las especificaciones del OEM.<\/li>\n<\/ul>\n\n<figure class=\"wp-block-image aligncenter size-full\" style=\"margin-top:var(--wp--preset--spacing--60);margin-bottom:var(--wp--preset--spacing--60)\"><img loading=\"lazy\" decoding=\"async\" width=\"1233\" height=\"679\" src=\"https:\/\/motorad.com\/wp-content\/uploads\/2025\/04\/cts1-1.jpg\" alt=\"\" class=\"wp-image-4115\" srcset=\"https:\/\/motorad.com\/wp-content\/uploads\/2025\/04\/cts1-1.jpg 1233w, https:\/\/motorad.com\/wp-content\/uploads\/2025\/04\/cts1-1-300x165.jpg 300w, https:\/\/motorad.com\/wp-content\/uploads\/2025\/04\/cts1-1-1024x564.jpg 1024w, https:\/\/motorad.com\/wp-content\/uploads\/2025\/04\/cts1-1-768x423.jpg 768w\" sizes=\"auto, (max-width: 1233px) 100vw, 1233px\" \/><\/figure>\n\n<div class=\"wp-block-buttons is-layout-flex wp-block-buttons-is-layout-flex\" style=\"margin-top:var(--wp--preset--spacing--60);margin-bottom:var(--wp--preset--spacing--70)\">\n<div class=\"wp-block-button\"><a class=\"wp-block-button__link wp-element-button\" href=\"https:\/\/motorad.com\/es\/products\/\">Encuentre sensores para su aplicaci\u00f3n<\/a><\/div>\n<\/div>\n\n<div class=\"wp-block-cover alignfull is-light\" style=\"padding-top:var(--wp--preset--spacing--60);padding-bottom:var(--wp--preset--spacing--60)\"><span aria-hidden=\"true\" class=\"wp-block-cover__background has-background-dim-0 has-background-dim\" style=\"background-color:#ece5d9\"><\/span><img loading=\"lazy\" decoding=\"async\" width=\"1505\" height=\"305\" class=\"wp-block-cover__image-background wp-image-223\" alt=\"\" src=\"https:\/\/motorad.com\/wp-content\/uploads\/2025\/03\/FooterCTA.jpg\" data-object-fit=\"cover\" srcset=\"https:\/\/motorad.com\/wp-content\/uploads\/2025\/03\/FooterCTA.jpg 1505w, https:\/\/motorad.com\/wp-content\/uploads\/2025\/03\/FooterCTA-300x61.jpg 300w, https:\/\/motorad.com\/wp-content\/uploads\/2025\/03\/FooterCTA-1024x208.jpg 1024w, https:\/\/motorad.com\/wp-content\/uploads\/2025\/03\/FooterCTA-768x156.jpg 768w\" sizes=\"auto, (max-width: 1505px) 100vw, 1505px\" \/><div class=\"wp-block-cover__inner-container is-layout-flow wp-block-cover-is-layout-flow\">\n<div class=\"wp-block-columns are-vertically-aligned-center is-layout-flex wp-container-core-columns-is-layout-cbe57604 wp-block-columns-is-layout-flex\">\n<div class=\"wp-block-column is-vertically-aligned-center is-layout-flow wp-block-column-is-layout-flow\" style=\"flex-basis:45%\">\n<h2 class=\"wp-block-heading has-text-align-center has-palette-text-color has-text-color\" id=\"h-need-help-finding-the-right-product\" style=\"margin-bottom:var(--wp--preset--spacing--40)\">\u00bfNecesitas ayuda para encontrar el producto adecuado?<\/h2>\n\n\n\n<p class=\"has-text-align-center has-palette-text-color has-text-color\" style=\"margin-bottom:var(--wp--preset--spacing--50)\">Nuestro equipo especializado est\u00e1 aqu\u00ed para orientarte en la direcci\u00f3n correcta. Haz clic a continuaci\u00f3n y dinos c\u00f3mo podemos ayudarte a encontrar el producto ideal para tu necesidad. Tu viaje para experimentar MEJOR empieza aqu\u00ed.  <\/p>\n\n\n\n<div class=\"wp-block-buttons is-content-justification-center is-layout-flex wp-container-core-buttons-is-layout-a89b3969 wp-block-buttons-is-layout-flex\">\n<div class=\"wp-block-button\"><a class=\"wp-block-button__link has-text-align-center wp-element-button\" href=\"https:\/\/motorad.com\/contact\/need-help-finding-something\/\">Habla con un especialista de MotoRad<\/a><\/div>\n<\/div>\n<\/div>\n\n\n\n<div class=\"wp-block-column is-layout-flow wp-block-column-is-layout-flow\" style=\"flex-basis:10%\"><\/div>\n\n\n\n<div class=\"wp-block-column is-layout-flow wp-block-column-is-layout-flow\" style=\"flex-basis:45%\">\n<h2 class=\"wp-block-heading has-text-align-center has-palette-text-color has-text-color\" id=\"h-looking-for-custom-development\" style=\"margin-bottom:var(--wp--preset--spacing--40)\">\u00bfBuscas un desarrollo a medida?<\/h2>\n\n\n\n<p class=\"has-text-align-center has-palette-text-color has-text-color\" style=\"margin-bottom:var(--wp--preset--spacing--50)\">No nos limitamos a los productos, sino que creamos soluciones a medida que se adaptan a tus necesidades. \u00bfEst\u00e1s preparado para dar vida a tu nuevo proyecto? Haz clic a continuaci\u00f3n y embarqu\u00e9monos juntos en el viaje del desarrollo de productos personalizados.  <\/p>\n\n\n\n<div class=\"wp-block-buttons is-content-justification-center is-layout-flex wp-container-core-buttons-is-layout-a89b3969 wp-block-buttons-is-layout-flex\">\n<div class=\"wp-block-button is-style-fill\"><a class=\"wp-block-button__link has-palette-bg-color has-palette-text-background-color has-text-color has-background has-text-align-center wp-element-button\" href=\"https:\/\/motorad.com\/contact\/do-you-need-custom-development\/\">Queremos ser tu proveedor<\/a><\/div>\n<\/div>\n<\/div>\n<\/div>\n<\/div><\/div>\n","protected":false},"excerpt":{"rendered":"<p>Los sensores de temperatura del refrigerante MotoRad proporcionan datos precisos al PCM para garantizar una gesti\u00f3n adecuada del sistema de [&#8230;]<\/p>\n","protected":false},"author":1,"featured_media":0,"parent":5852,"menu_order":0,"comment_status":"closed","ping_status":"closed","template":"","meta":{"_acf_changed":false,"footnotes":""},"class_list":["post-5824","page","type-page","status-publish","hentry"],"acf":[],"yoast_head":"<!-- This site is optimized with the Yoast SEO Premium plugin v27.2 (Yoast SEO v27.2) - https:\/\/yoast.com\/product\/yoast-seo-premium-wordpress\/ -->\n<title>SENSORES\/EMISORES DE TEMPERATURA DEL REFRIGERANTE - MotoRad<\/title>\n<meta name=\"description\" content=\"MotoRad - SENSORES\/EMISORES DE TEMPERATURA DEL REFRIGERANTE\" \/>\n<meta name=\"robots\" content=\"index, follow, max-snippet:-1, max-image-preview:large, max-video-preview:-1\" \/>\n<link rel=\"canonical\" href=\"https:\/\/motorad.com\/es\/products\/controles-del-tren-motriz\/sensores-emisores-de-temperatura-del-refrigerante\/\" \/>\n<meta property=\"og:locale\" content=\"es_ES\" \/>\n<meta property=\"og:type\" content=\"article\" \/>\n<meta property=\"og:title\" content=\"SENSORES\/EMISORES DE TEMPERATURA DEL REFRIGERANTE\" \/>\n<meta property=\"og:description\" content=\"MotoRad - SENSORES\/EMISORES DE TEMPERATURA DEL REFRIGERANTE\" \/>\n<meta property=\"og:url\" content=\"https:\/\/motorad.com\/es\/products\/controles-del-tren-motriz\/sensores-emisores-de-temperatura-del-refrigerante\/\" \/>\n<meta property=\"og:site_name\" content=\"MotoRad\" \/>\n<meta property=\"article:publisher\" content=\"https:\/\/www.facebook.com\/motoradusa\" \/>\n<meta property=\"article:modified_time\" content=\"2026-03-17T14:32:31+00:00\" \/>\n<meta property=\"og:image\" content=\"https:\/\/motorad.com\/wp-content\/uploads\/2025\/04\/1TS1001_Angle.jpg\" \/>\n\t<meta property=\"og:image:width\" content=\"500\" \/>\n\t<meta property=\"og:image:height\" content=\"500\" \/>\n\t<meta property=\"og:image:type\" content=\"image\/jpeg\" \/>\n<meta name=\"twitter:card\" content=\"summary_large_image\" \/>\n<meta name=\"twitter:site\" content=\"@MotoRadUSA\" \/>\n<meta name=\"twitter:label1\" content=\"Est. reading time\" \/>\n\t<meta name=\"twitter:data1\" content=\"1 minuto\" \/>\n<script type=\"application\/ld+json\" class=\"yoast-schema-graph\">{\"@context\":\"https:\/\/schema.org\",\"@graph\":[{\"@type\":\"WebPage\",\"@id\":\"https:\/\/motorad.com\/es\/products\/controles-del-tren-motriz\/sensores-emisores-de-temperatura-del-refrigerante\/\",\"url\":\"https:\/\/motorad.com\/es\/products\/controles-del-tren-motriz\/sensores-emisores-de-temperatura-del-refrigerante\/\",\"name\":\"SENSORES\/EMISORES DE TEMPERATURA DEL REFRIGERANTE - MotoRad\",\"isPartOf\":{\"@id\":\"https:\/\/motorad.com\/es\/#website\"},\"primaryImageOfPage\":{\"@id\":\"https:\/\/motorad.com\/es\/products\/controles-del-tren-motriz\/sensores-emisores-de-temperatura-del-refrigerante\/#primaryimage\"},\"image\":{\"@id\":\"https:\/\/motorad.com\/es\/products\/controles-del-tren-motriz\/sensores-emisores-de-temperatura-del-refrigerante\/#primaryimage\"},\"thumbnailUrl\":\"https:\/\/motorad.com\/wp-content\/uploads\/2025\/04\/1TS1001_Angle.jpg\",\"datePublished\":\"2025-04-03T18:03:14+00:00\",\"dateModified\":\"2026-03-17T14:32:31+00:00\",\"description\":\"MotoRad - SENSORES\/EMISORES DE TEMPERATURA DEL REFRIGERANTE\",\"breadcrumb\":{\"@id\":\"https:\/\/motorad.com\/es\/products\/controles-del-tren-motriz\/sensores-emisores-de-temperatura-del-refrigerante\/#breadcrumb\"},\"inLanguage\":\"es\",\"potentialAction\":[{\"@type\":\"ReadAction\",\"target\":[\"https:\/\/motorad.com\/es\/products\/controles-del-tren-motriz\/sensores-emisores-de-temperatura-del-refrigerante\/\"]}]},{\"@type\":\"ImageObject\",\"inLanguage\":\"es\",\"@id\":\"https:\/\/motorad.com\/es\/products\/controles-del-tren-motriz\/sensores-emisores-de-temperatura-del-refrigerante\/#primaryimage\",\"url\":\"https:\/\/motorad.com\/wp-content\/uploads\/2025\/04\/1TS1001_Angle.jpg\",\"contentUrl\":\"https:\/\/motorad.com\/wp-content\/uploads\/2025\/04\/1TS1001_Angle.jpg\"},{\"@type\":\"BreadcrumbList\",\"@id\":\"https:\/\/motorad.com\/es\/products\/controles-del-tren-motriz\/sensores-emisores-de-temperatura-del-refrigerante\/#breadcrumb\",\"itemListElement\":[{\"@type\":\"ListItem\",\"position\":1,\"name\":\"Home\",\"item\":\"https:\/\/motorad.com\/es\/\"},{\"@type\":\"ListItem\",\"position\":2,\"name\":\"Products\",\"item\":\"https:\/\/motoradnew.test\/es\/products\/\"},{\"@type\":\"ListItem\",\"position\":3,\"name\":\"Controles del tren motriz\",\"item\":\"https:\/\/motorad.com\/es\/products\/controles-del-tren-motriz\/\"},{\"@type\":\"ListItem\",\"position\":4,\"name\":\"SENSORES\/EMISORES DE TEMPERATURA DEL REFRIGERANTE\"}]},{\"@type\":\"WebSite\",\"@id\":\"https:\/\/motorad.com\/es\/#website\",\"url\":\"https:\/\/motorad.com\/es\/\",\"name\":\"MotoRad\",\"description\":\"Trusted to Deliver Better - Thermal Management, Emissions, Powertrain Controls\",\"publisher\":{\"@id\":\"https:\/\/motorad.com\/es\/#organization\"},\"potentialAction\":[{\"@type\":\"SearchAction\",\"target\":{\"@type\":\"EntryPoint\",\"urlTemplate\":\"https:\/\/motorad.com\/es\/?s={search_term_string}\"},\"query-input\":{\"@type\":\"PropertyValueSpecification\",\"valueRequired\":true,\"valueName\":\"search_term_string\"}}],\"inLanguage\":\"es\"},{\"@type\":\"Organization\",\"@id\":\"https:\/\/motorad.com\/es\/#organization\",\"name\":\"MotoRad\",\"url\":\"https:\/\/motorad.com\/es\/\",\"logo\":{\"@type\":\"ImageObject\",\"inLanguage\":\"es\",\"@id\":\"https:\/\/motorad.com\/es\/#\/schema\/logo\/image\/\",\"url\":\"https:\/\/motorad.com\/wp-content\/uploads\/2025\/01\/MotoRad_Logo.png\",\"contentUrl\":\"https:\/\/motorad.com\/wp-content\/uploads\/2025\/01\/MotoRad_Logo.png\",\"width\":358,\"height\":102,\"caption\":\"MotoRad\"},\"image\":{\"@id\":\"https:\/\/motorad.com\/es\/#\/schema\/logo\/image\/\"},\"sameAs\":[\"https:\/\/www.facebook.com\/motoradusa\",\"https:\/\/x.com\/MotoRadUSA\",\"https:\/\/www.linkedin.com\/company\/motorad\/\"]}]}<\/script>\n<!-- \/ Yoast SEO Premium plugin. -->","yoast_head_json":{"title":"SENSORES\/EMISORES DE TEMPERATURA DEL REFRIGERANTE - MotoRad","description":"MotoRad - SENSORES\/EMISORES DE TEMPERATURA DEL REFRIGERANTE","robots":{"index":"index","follow":"follow","max-snippet":"max-snippet:-1","max-image-preview":"max-image-preview:large","max-video-preview":"max-video-preview:-1"},"canonical":"https:\/\/motorad.com\/es\/products\/controles-del-tren-motriz\/sensores-emisores-de-temperatura-del-refrigerante\/","og_locale":"es_ES","og_type":"article","og_title":"SENSORES\/EMISORES DE TEMPERATURA DEL REFRIGERANTE","og_description":"MotoRad - SENSORES\/EMISORES DE TEMPERATURA DEL REFRIGERANTE","og_url":"https:\/\/motorad.com\/es\/products\/controles-del-tren-motriz\/sensores-emisores-de-temperatura-del-refrigerante\/","og_site_name":"MotoRad","article_publisher":"https:\/\/www.facebook.com\/motoradusa","article_modified_time":"2026-03-17T14:32:31+00:00","og_image":[{"width":500,"height":500,"url":"https:\/\/motorad.com\/wp-content\/uploads\/2025\/04\/1TS1001_Angle.jpg","type":"image\/jpeg"}],"twitter_card":"summary_large_image","twitter_site":"@MotoRadUSA","twitter_misc":{"Est. reading time":"1 minuto"},"schema":{"@context":"https:\/\/schema.org","@graph":[{"@type":"WebPage","@id":"https:\/\/motorad.com\/es\/products\/controles-del-tren-motriz\/sensores-emisores-de-temperatura-del-refrigerante\/","url":"https:\/\/motorad.com\/es\/products\/controles-del-tren-motriz\/sensores-emisores-de-temperatura-del-refrigerante\/","name":"SENSORES\/EMISORES DE TEMPERATURA DEL REFRIGERANTE - MotoRad","isPartOf":{"@id":"https:\/\/motorad.com\/es\/#website"},"primaryImageOfPage":{"@id":"https:\/\/motorad.com\/es\/products\/controles-del-tren-motriz\/sensores-emisores-de-temperatura-del-refrigerante\/#primaryimage"},"image":{"@id":"https:\/\/motorad.com\/es\/products\/controles-del-tren-motriz\/sensores-emisores-de-temperatura-del-refrigerante\/#primaryimage"},"thumbnailUrl":"https:\/\/motorad.com\/wp-content\/uploads\/2025\/04\/1TS1001_Angle.jpg","datePublished":"2025-04-03T18:03:14+00:00","dateModified":"2026-03-17T14:32:31+00:00","description":"MotoRad - SENSORES\/EMISORES DE TEMPERATURA DEL REFRIGERANTE","breadcrumb":{"@id":"https:\/\/motorad.com\/es\/products\/controles-del-tren-motriz\/sensores-emisores-de-temperatura-del-refrigerante\/#breadcrumb"},"inLanguage":"es","potentialAction":[{"@type":"ReadAction","target":["https:\/\/motorad.com\/es\/products\/controles-del-tren-motriz\/sensores-emisores-de-temperatura-del-refrigerante\/"]}]},{"@type":"ImageObject","inLanguage":"es","@id":"https:\/\/motorad.com\/es\/products\/controles-del-tren-motriz\/sensores-emisores-de-temperatura-del-refrigerante\/#primaryimage","url":"https:\/\/motorad.com\/wp-content\/uploads\/2025\/04\/1TS1001_Angle.jpg","contentUrl":"https:\/\/motorad.com\/wp-content\/uploads\/2025\/04\/1TS1001_Angle.jpg"},{"@type":"BreadcrumbList","@id":"https:\/\/motorad.com\/es\/products\/controles-del-tren-motriz\/sensores-emisores-de-temperatura-del-refrigerante\/#breadcrumb","itemListElement":[{"@type":"ListItem","position":1,"name":"Home","item":"https:\/\/motorad.com\/es\/"},{"@type":"ListItem","position":2,"name":"Products","item":"https:\/\/motoradnew.test\/es\/products\/"},{"@type":"ListItem","position":3,"name":"Controles del tren motriz","item":"https:\/\/motorad.com\/es\/products\/controles-del-tren-motriz\/"},{"@type":"ListItem","position":4,"name":"SENSORES\/EMISORES DE TEMPERATURA DEL REFRIGERANTE"}]},{"@type":"WebSite","@id":"https:\/\/motorad.com\/es\/#website","url":"https:\/\/motorad.com\/es\/","name":"MotoRad","description":"Trusted to Deliver Better - Thermal Management, Emissions, Powertrain Controls","publisher":{"@id":"https:\/\/motorad.com\/es\/#organization"},"potentialAction":[{"@type":"SearchAction","target":{"@type":"EntryPoint","urlTemplate":"https:\/\/motorad.com\/es\/?s={search_term_string}"},"query-input":{"@type":"PropertyValueSpecification","valueRequired":true,"valueName":"search_term_string"}}],"inLanguage":"es"},{"@type":"Organization","@id":"https:\/\/motorad.com\/es\/#organization","name":"MotoRad","url":"https:\/\/motorad.com\/es\/","logo":{"@type":"ImageObject","inLanguage":"es","@id":"https:\/\/motorad.com\/es\/#\/schema\/logo\/image\/","url":"https:\/\/motorad.com\/wp-content\/uploads\/2025\/01\/MotoRad_Logo.png","contentUrl":"https:\/\/motorad.com\/wp-content\/uploads\/2025\/01\/MotoRad_Logo.png","width":358,"height":102,"caption":"MotoRad"},"image":{"@id":"https:\/\/motorad.com\/es\/#\/schema\/logo\/image\/"},"sameAs":["https:\/\/www.facebook.com\/motoradusa","https:\/\/x.com\/MotoRadUSA","https:\/\/www.linkedin.com\/company\/motorad\/"]}]}},"_links":{"self":[{"href":"https:\/\/motorad.com\/es\/wp-json\/wp\/v2\/pages\/5824","targetHints":{"allow":["GET"]}}],"collection":[{"href":"https:\/\/motorad.com\/es\/wp-json\/wp\/v2\/pages"}],"about":[{"href":"https:\/\/motorad.com\/es\/wp-json\/wp\/v2\/types\/page"}],"author":[{"embeddable":true,"href":"https:\/\/motorad.com\/es\/wp-json\/wp\/v2\/users\/1"}],"replies":[{"embeddable":true,"href":"https:\/\/motorad.com\/es\/wp-json\/wp\/v2\/comments?post=5824"}],"version-history":[{"count":2,"href":"https:\/\/motorad.com\/es\/wp-json\/wp\/v2\/pages\/5824\/revisions"}],"predecessor-version":[{"id":87464,"href":"https:\/\/motorad.com\/es\/wp-json\/wp\/v2\/pages\/5824\/revisions\/87464"}],"up":[{"embeddable":true,"href":"https:\/\/motorad.com\/es\/wp-json\/wp\/v2\/pages\/5852"}],"wp:attachment":[{"href":"https:\/\/motorad.com\/es\/wp-json\/wp\/v2\/media?parent=5824"}],"curies":[{"name":"wp","href":"https:\/\/api.w.org\/{rel}","templated":true}]}}