{"id":5843,"date":"2025-04-04T12:37:34","date_gmt":"2025-04-04T12:37:34","guid":{"rendered":"https:\/\/motorad.com\/products\/sistema-evap\/solenoides-de-purga-del-canister-de-vapor\/"},"modified":"2026-03-17T14:59:30","modified_gmt":"2026-03-17T14:59:30","slug":"solenoides-de-purga-del-canister-de-vapor","status":"publish","type":"page","link":"https:\/\/motorad.com\/es\/products\/sistema-evap\/solenoides-de-purga-del-canister-de-vapor\/","title":{"rendered":"Electrov\u00e1lvulas de purga del canister de vapor"},"content":{"rendered":"<h1 style=\"margin-top:var(--wp--preset--spacing--60);margin-bottom:var(--wp--preset--spacing--60);\" class=\"wp-block-post-title\">Electrov\u00e1lvulas de purga del canister de vapor<\/h1>\n<div class=\"wp-block-columns is-layout-flex wp-container-core-columns-is-layout-cbe57604 wp-block-columns-is-layout-flex\">\n<div class=\"wp-block-column is-layout-flow wp-block-column-is-layout-flow\" style=\"flex-basis:33.33%\">\n<figure class=\"wp-block-image size-full\"><img loading=\"lazy\" decoding=\"async\" width=\"2560\" height=\"2560\" src=\"https:\/\/motorad.com\/wp-content\/uploads\/2025\/04\/EVP0091_Angle-1-scaled-1.jpg\" alt=\"\" class=\"wp-image-4537\" srcset=\"https:\/\/motorad.com\/wp-content\/uploads\/2025\/04\/EVP0091_Angle-1-scaled-1.jpg 2560w, https:\/\/motorad.com\/wp-content\/uploads\/2025\/04\/EVP0091_Angle-1-scaled-1-300x300.jpg 300w, https:\/\/motorad.com\/wp-content\/uploads\/2025\/04\/EVP0091_Angle-1-scaled-1-1024x1024.jpg 1024w, https:\/\/motorad.com\/wp-content\/uploads\/2025\/04\/EVP0091_Angle-1-scaled-1-150x150.jpg 150w, https:\/\/motorad.com\/wp-content\/uploads\/2025\/04\/EVP0091_Angle-1-scaled-1-768x768.jpg 768w, https:\/\/motorad.com\/wp-content\/uploads\/2025\/04\/EVP0091_Angle-1-scaled-1-1536x1536.jpg 1536w, https:\/\/motorad.com\/wp-content\/uploads\/2025\/04\/EVP0091_Angle-1-scaled-1-2048x2048.jpg 2048w\" sizes=\"auto, (max-width: 2560px) 100vw, 2560px\" \/><\/figure>\n<\/div>\n\n\n\n<div class=\"wp-block-column is-layout-flow wp-block-column-is-layout-flow\" style=\"flex-basis:66.66%\">\n<p style=\"margin-bottom:var(--wp--preset--spacing--20)\">La electrov\u00e1lvula de purga del canister de vapor es un componente esencial en el sistema de control de emisiones de un coche, responsable de gestionar el flujo de vapores de combustible desde el canister de carb\u00f3n activo hasta el motor para su combusti\u00f3n. Este proceso evita que los vapores nocivos de combustible se liberen a la atm\u00f3sfera, contribuyendo tanto a la sostenibilidad ambiental como a la eficiencia del veh\u00edculo. Al controlar el flujo de vapores, la electrov\u00e1lvula de purga ayuda a mantener los est\u00e1ndares de emisiones, reduce la contaminaci\u00f3n y promueve un aire m\u00e1s limpio.  <\/p>\n\n\n\n<p style=\"margin-bottom:var(--wp--preset--spacing--20)\">Una electrov\u00e1lvula de purga de recambio bien fabricada es fundamental para garantizar un rendimiento fiable y un control de emisiones efectivo. Las electrov\u00e1lvulas de calidad inferior pueden provocar problemas como fallos de encendido del motor, reducci\u00f3n de la eficiencia del combustible y emisiones excesivas. Invertir en una electrov\u00e1lvula de purga duradera y dise\u00f1ada con precisi\u00f3n ayuda a mantener un control de emisiones constante, optimiza el uso del combustible y minimiza el desgaste del motor y otros componentes. Elegir una electrov\u00e1lvula de recambio de alta calidad es esencial para preservar la salud del motor, maximizar la eficiencia del combustible y apoyar la protecci\u00f3n del medio ambiente.   <\/p>\n<\/div>\n<\/div>\n\n<ul style=\"margin-top:var(--wp--preset--spacing--60);margin-bottom:var(--wp--preset--spacing--60)\" class=\"wp-block-list\">\n<li style=\"margin-bottom:var(--wp--preset--spacing--20)\">Mejora el rendimiento general del motor al proporcionar un flujo de vapor adecuado para mantener la mezcla aire-combustible correcta<\/li>\n\n\n\n<li style=\"margin-bottom:var(--wp--preset--spacing--20)\">Ayuda a reducir las emisiones nocivas y garantiza el cumplimiento de las normativas medioambientales al controlar la liberaci\u00f3n de vapores de combustible en el motor<\/li>\n\n\n\n<li>Garantiza un funcionamiento preciso con principios electromagn\u00e9ticos para controlar el flujo de vapores de combustible desde el c\u00e1nister de carb\u00f3n al motor<\/li>\n<\/ul>\n\n<hr class=\"wp-block-separator has-text-color has-palette-brand-3-color has-alpha-channel-opacity has-palette-brand-3-background-color has-background is-style-wide\" style=\"margin-top:var(--wp--preset--spacing--50);margin-bottom:var(--wp--preset--spacing--50)\"\/>\n\n<div class=\"wp-block-columns are-vertically-aligned-center is-layout-flex wp-container-core-columns-is-layout-06f677bf wp-block-columns-is-layout-flex\" style=\"margin-bottom:var(--wp--preset--spacing--70)\">\n<div class=\"wp-block-column is-vertically-aligned-center is-layout-flow wp-block-column-is-layout-flow\" style=\"flex-basis:33.33%\">\n<figure class=\"wp-block-image size-full\"><img loading=\"lazy\" decoding=\"async\" width=\"1200\" height=\"498\" src=\"https:\/\/motorad.com\/wp-content\/uploads\/2025\/04\/24-evap-icon-1.jpg\" alt=\"\" class=\"wp-image-4518\" srcset=\"https:\/\/motorad.com\/wp-content\/uploads\/2025\/04\/24-evap-icon-1.jpg 1200w, https:\/\/motorad.com\/wp-content\/uploads\/2025\/04\/24-evap-icon-1-300x125.jpg 300w, https:\/\/motorad.com\/wp-content\/uploads\/2025\/04\/24-evap-icon-1-1024x425.jpg 1024w, https:\/\/motorad.com\/wp-content\/uploads\/2025\/04\/24-evap-icon-1-768x319.jpg 768w\" sizes=\"auto, (max-width: 1200px) 100vw, 1200px\" \/><\/figure>\n<\/div>\n\n\n\n<div class=\"wp-block-column is-vertically-aligned-center is-layout-flow wp-block-column-is-layout-flow\" style=\"flex-basis:66.66%\">\n<h2 class=\"wp-block-heading\" id=\"h-see-the-full-line-of-evap-system-products\"><a href=\"https:\/\/motorad.com\/es\/products\/sistema-evap\/\">Ver la l\u00ednea completa de Productos del Sistema EVAP<\/a><\/h2>\n<\/div>\n<\/div>\n\n<div class=\"wp-block-cover alignfull is-light\" style=\"padding-top:var(--wp--preset--spacing--60);padding-bottom:var(--wp--preset--spacing--60)\"><span aria-hidden=\"true\" class=\"wp-block-cover__background has-background-dim-0 has-background-dim\" style=\"background-color:#ece5d9\"><\/span><img loading=\"lazy\" decoding=\"async\" width=\"1505\" height=\"305\" class=\"wp-block-cover__image-background wp-image-223\" alt=\"\" src=\"https:\/\/motorad.com\/wp-content\/uploads\/2025\/03\/FooterCTA.jpg\" data-object-fit=\"cover\" srcset=\"https:\/\/motorad.com\/wp-content\/uploads\/2025\/03\/FooterCTA.jpg 1505w, https:\/\/motorad.com\/wp-content\/uploads\/2025\/03\/FooterCTA-300x61.jpg 300w, https:\/\/motorad.com\/wp-content\/uploads\/2025\/03\/FooterCTA-1024x208.jpg 1024w, https:\/\/motorad.com\/wp-content\/uploads\/2025\/03\/FooterCTA-768x156.jpg 768w\" sizes=\"auto, (max-width: 1505px) 100vw, 1505px\" \/><div class=\"wp-block-cover__inner-container is-layout-flow wp-block-cover-is-layout-flow\">\n<div class=\"wp-block-columns are-vertically-aligned-center is-layout-flex wp-container-core-columns-is-layout-cbe57604 wp-block-columns-is-layout-flex\">\n<div class=\"wp-block-column is-vertically-aligned-center is-layout-flow wp-block-column-is-layout-flow\" style=\"flex-basis:45%\">\n<h2 class=\"wp-block-heading has-text-align-center has-palette-text-color has-text-color\" id=\"h-need-help-finding-the-right-product\" style=\"margin-bottom:var(--wp--preset--spacing--40)\">\u00bfNecesitas ayuda para encontrar el producto adecuado?<\/h2>\n\n\n\n<p class=\"has-text-align-center has-palette-text-color has-text-color\" style=\"margin-bottom:var(--wp--preset--spacing--50)\">Nuestro equipo especializado est\u00e1 aqu\u00ed para orientarte en la direcci\u00f3n correcta. Haz clic a continuaci\u00f3n y dinos c\u00f3mo podemos ayudarte a encontrar el producto ideal para tu necesidad. Tu viaje para experimentar MEJOR empieza aqu\u00ed.  <\/p>\n\n\n\n<div class=\"wp-block-buttons is-content-justification-center is-layout-flex wp-container-core-buttons-is-layout-a89b3969 wp-block-buttons-is-layout-flex\">\n<div class=\"wp-block-button\"><a class=\"wp-block-button__link has-text-align-center wp-element-button\" href=\"https:\/\/motorad.com\/contact\/need-help-finding-something\/\">Habla con un especialista de MotoRad<\/a><\/div>\n<\/div>\n<\/div>\n\n\n\n<div class=\"wp-block-column is-layout-flow wp-block-column-is-layout-flow\" style=\"flex-basis:10%\"><\/div>\n\n\n\n<div class=\"wp-block-column is-layout-flow wp-block-column-is-layout-flow\" style=\"flex-basis:45%\">\n<h2 class=\"wp-block-heading has-text-align-center has-palette-text-color has-text-color\" id=\"h-looking-for-custom-development\" style=\"margin-bottom:var(--wp--preset--spacing--40)\">\u00bfBuscas un desarrollo a medida?<\/h2>\n\n\n\n<p class=\"has-text-align-center has-palette-text-color has-text-color\" style=\"margin-bottom:var(--wp--preset--spacing--50)\">No nos limitamos a los productos, sino que creamos soluciones a medida que se adaptan a tus necesidades. \u00bfEst\u00e1s preparado para dar vida a tu nuevo proyecto? Haz clic a continuaci\u00f3n y embarqu\u00e9monos juntos en el viaje del desarrollo de productos personalizados.  <\/p>\n\n\n\n<div class=\"wp-block-buttons is-content-justification-center is-layout-flex wp-container-core-buttons-is-layout-a89b3969 wp-block-buttons-is-layout-flex\">\n<div class=\"wp-block-button is-style-fill\"><a class=\"wp-block-button__link has-palette-bg-color has-palette-text-background-color has-text-color has-background has-text-align-center wp-element-button\" href=\"https:\/\/motorad.com\/contact\/do-you-need-custom-development\/\">Queremos ser tu proveedor<\/a><\/div>\n<\/div>\n<\/div>\n<\/div>\n<\/div><\/div>\n","protected":false},"excerpt":{"rendered":"<p>La electrov\u00e1lvula de purga del canister de vapor es un componente esencial en el sistema de control de emisiones de [&#8230;]<\/p>\n","protected":false},"author":1,"featured_media":0,"parent":5823,"menu_order":0,"comment_status":"closed","ping_status":"closed","template":"","meta":{"_acf_changed":false,"footnotes":""},"class_list":["post-5843","page","type-page","status-publish","hentry"],"acf":[],"yoast_head":"<!-- This site is optimized with the Yoast SEO Premium plugin v27.2 (Yoast SEO v27.2) - https:\/\/yoast.com\/product\/yoast-seo-premium-wordpress\/ -->\n<title>Electrov\u00e1lvulas de purga del canister de vapor - MotoRad<\/title>\n<meta name=\"description\" content=\"MotoRad - Electrov\u00e1lvulas de purga del canister de vapor\" \/>\n<meta name=\"robots\" content=\"index, follow, max-snippet:-1, max-image-preview:large, max-video-preview:-1\" \/>\n<link rel=\"canonical\" href=\"https:\/\/motorad.com\/es\/products\/sistema-evap\/solenoides-de-purga-del-canister-de-vapor\/\" \/>\n<meta property=\"og:locale\" content=\"es_ES\" \/>\n<meta property=\"og:type\" content=\"article\" \/>\n<meta property=\"og:title\" content=\"Electrov\u00e1lvulas de purga del canister de vapor\" \/>\n<meta property=\"og:description\" content=\"MotoRad - Electrov\u00e1lvulas de purga del canister de vapor\" \/>\n<meta property=\"og:url\" content=\"https:\/\/motorad.com\/es\/products\/sistema-evap\/solenoides-de-purga-del-canister-de-vapor\/\" \/>\n<meta property=\"og:site_name\" content=\"MotoRad\" \/>\n<meta property=\"article:publisher\" content=\"https:\/\/www.facebook.com\/motoradusa\" \/>\n<meta property=\"article:modified_time\" content=\"2026-03-17T14:59:30+00:00\" \/>\n<meta property=\"og:image\" content=\"https:\/\/motorad.com\/wp-content\/uploads\/2025\/04\/EVP0091_Angle-1-scaled-1.jpg\" \/>\n\t<meta property=\"og:image:width\" content=\"2560\" \/>\n\t<meta property=\"og:image:height\" content=\"2560\" \/>\n\t<meta property=\"og:image:type\" content=\"image\/jpeg\" \/>\n<meta name=\"twitter:card\" content=\"summary_large_image\" \/>\n<meta name=\"twitter:site\" content=\"@MotoRadUSA\" \/>\n<meta name=\"twitter:label1\" content=\"Est. reading time\" \/>\n\t<meta name=\"twitter:data1\" content=\"1 minuto\" \/>\n<script type=\"application\/ld+json\" class=\"yoast-schema-graph\">{\"@context\":\"https:\/\/schema.org\",\"@graph\":[{\"@type\":\"WebPage\",\"@id\":\"https:\/\/motorad.com\/es\/products\/sistema-evap\/solenoides-de-purga-del-canister-de-vapor\/\",\"url\":\"https:\/\/motorad.com\/es\/products\/sistema-evap\/solenoides-de-purga-del-canister-de-vapor\/\",\"name\":\"Electrov\u00e1lvulas de purga del canister de vapor - MotoRad\",\"isPartOf\":{\"@id\":\"https:\/\/motorad.com\/es\/#website\"},\"primaryImageOfPage\":{\"@id\":\"https:\/\/motorad.com\/es\/products\/sistema-evap\/solenoides-de-purga-del-canister-de-vapor\/#primaryimage\"},\"image\":{\"@id\":\"https:\/\/motorad.com\/es\/products\/sistema-evap\/solenoides-de-purga-del-canister-de-vapor\/#primaryimage\"},\"thumbnailUrl\":\"https:\/\/motorad.com\/wp-content\/uploads\/2025\/04\/EVP0091_Angle-1-scaled-1.jpg\",\"datePublished\":\"2025-04-04T12:37:34+00:00\",\"dateModified\":\"2026-03-17T14:59:30+00:00\",\"description\":\"MotoRad - Electrov\u00e1lvulas de purga del canister de vapor\",\"breadcrumb\":{\"@id\":\"https:\/\/motorad.com\/es\/products\/sistema-evap\/solenoides-de-purga-del-canister-de-vapor\/#breadcrumb\"},\"inLanguage\":\"es\",\"potentialAction\":[{\"@type\":\"ReadAction\",\"target\":[\"https:\/\/motorad.com\/es\/products\/sistema-evap\/solenoides-de-purga-del-canister-de-vapor\/\"]}]},{\"@type\":\"ImageObject\",\"inLanguage\":\"es\",\"@id\":\"https:\/\/motorad.com\/es\/products\/sistema-evap\/solenoides-de-purga-del-canister-de-vapor\/#primaryimage\",\"url\":\"https:\/\/motorad.com\/wp-content\/uploads\/2025\/04\/EVP0091_Angle-1-scaled-1.jpg\",\"contentUrl\":\"https:\/\/motorad.com\/wp-content\/uploads\/2025\/04\/EVP0091_Angle-1-scaled-1.jpg\"},{\"@type\":\"BreadcrumbList\",\"@id\":\"https:\/\/motorad.com\/es\/products\/sistema-evap\/solenoides-de-purga-del-canister-de-vapor\/#breadcrumb\",\"itemListElement\":[{\"@type\":\"ListItem\",\"position\":1,\"name\":\"Home\",\"item\":\"https:\/\/motorad.com\/es\/\"},{\"@type\":\"ListItem\",\"position\":2,\"name\":\"Products\",\"item\":\"https:\/\/motoradnew.test\/es\/products\/\"},{\"@type\":\"ListItem\",\"position\":3,\"name\":\"Sistema EVAP\",\"item\":\"https:\/\/motoradnew.test\/es\/products\/sistema-evap\/\"},{\"@type\":\"ListItem\",\"position\":4,\"name\":\"Electrov\u00e1lvulas de purga del canister de vapor\"}]},{\"@type\":\"WebSite\",\"@id\":\"https:\/\/motorad.com\/es\/#website\",\"url\":\"https:\/\/motorad.com\/es\/\",\"name\":\"MotoRad\",\"description\":\"Trusted to Deliver Better - Thermal Management, Emissions, Powertrain Controls\",\"publisher\":{\"@id\":\"https:\/\/motorad.com\/es\/#organization\"},\"potentialAction\":[{\"@type\":\"SearchAction\",\"target\":{\"@type\":\"EntryPoint\",\"urlTemplate\":\"https:\/\/motorad.com\/es\/?s={search_term_string}\"},\"query-input\":{\"@type\":\"PropertyValueSpecification\",\"valueRequired\":true,\"valueName\":\"search_term_string\"}}],\"inLanguage\":\"es\"},{\"@type\":\"Organization\",\"@id\":\"https:\/\/motorad.com\/es\/#organization\",\"name\":\"MotoRad\",\"url\":\"https:\/\/motorad.com\/es\/\",\"logo\":{\"@type\":\"ImageObject\",\"inLanguage\":\"es\",\"@id\":\"https:\/\/motorad.com\/es\/#\/schema\/logo\/image\/\",\"url\":\"https:\/\/motorad.com\/wp-content\/uploads\/2025\/01\/MotoRad_Logo.png\",\"contentUrl\":\"https:\/\/motorad.com\/wp-content\/uploads\/2025\/01\/MotoRad_Logo.png\",\"width\":358,\"height\":102,\"caption\":\"MotoRad\"},\"image\":{\"@id\":\"https:\/\/motorad.com\/es\/#\/schema\/logo\/image\/\"},\"sameAs\":[\"https:\/\/www.facebook.com\/motoradusa\",\"https:\/\/x.com\/MotoRadUSA\",\"https:\/\/www.linkedin.com\/company\/motorad\/\"]}]}<\/script>\n<!-- \/ Yoast SEO Premium plugin. -->","yoast_head_json":{"title":"Electrov\u00e1lvulas de purga del canister de vapor - MotoRad","description":"MotoRad - Electrov\u00e1lvulas de purga del canister de vapor","robots":{"index":"index","follow":"follow","max-snippet":"max-snippet:-1","max-image-preview":"max-image-preview:large","max-video-preview":"max-video-preview:-1"},"canonical":"https:\/\/motorad.com\/es\/products\/sistema-evap\/solenoides-de-purga-del-canister-de-vapor\/","og_locale":"es_ES","og_type":"article","og_title":"Electrov\u00e1lvulas de purga del canister de vapor","og_description":"MotoRad - Electrov\u00e1lvulas de purga del canister de vapor","og_url":"https:\/\/motorad.com\/es\/products\/sistema-evap\/solenoides-de-purga-del-canister-de-vapor\/","og_site_name":"MotoRad","article_publisher":"https:\/\/www.facebook.com\/motoradusa","article_modified_time":"2026-03-17T14:59:30+00:00","og_image":[{"width":2560,"height":2560,"url":"https:\/\/motorad.com\/wp-content\/uploads\/2025\/04\/EVP0091_Angle-1-scaled-1.jpg","type":"image\/jpeg"}],"twitter_card":"summary_large_image","twitter_site":"@MotoRadUSA","twitter_misc":{"Est. reading time":"1 minuto"},"schema":{"@context":"https:\/\/schema.org","@graph":[{"@type":"WebPage","@id":"https:\/\/motorad.com\/es\/products\/sistema-evap\/solenoides-de-purga-del-canister-de-vapor\/","url":"https:\/\/motorad.com\/es\/products\/sistema-evap\/solenoides-de-purga-del-canister-de-vapor\/","name":"Electrov\u00e1lvulas de purga del canister de vapor - MotoRad","isPartOf":{"@id":"https:\/\/motorad.com\/es\/#website"},"primaryImageOfPage":{"@id":"https:\/\/motorad.com\/es\/products\/sistema-evap\/solenoides-de-purga-del-canister-de-vapor\/#primaryimage"},"image":{"@id":"https:\/\/motorad.com\/es\/products\/sistema-evap\/solenoides-de-purga-del-canister-de-vapor\/#primaryimage"},"thumbnailUrl":"https:\/\/motorad.com\/wp-content\/uploads\/2025\/04\/EVP0091_Angle-1-scaled-1.jpg","datePublished":"2025-04-04T12:37:34+00:00","dateModified":"2026-03-17T14:59:30+00:00","description":"MotoRad - Electrov\u00e1lvulas de purga del canister de vapor","breadcrumb":{"@id":"https:\/\/motorad.com\/es\/products\/sistema-evap\/solenoides-de-purga-del-canister-de-vapor\/#breadcrumb"},"inLanguage":"es","potentialAction":[{"@type":"ReadAction","target":["https:\/\/motorad.com\/es\/products\/sistema-evap\/solenoides-de-purga-del-canister-de-vapor\/"]}]},{"@type":"ImageObject","inLanguage":"es","@id":"https:\/\/motorad.com\/es\/products\/sistema-evap\/solenoides-de-purga-del-canister-de-vapor\/#primaryimage","url":"https:\/\/motorad.com\/wp-content\/uploads\/2025\/04\/EVP0091_Angle-1-scaled-1.jpg","contentUrl":"https:\/\/motorad.com\/wp-content\/uploads\/2025\/04\/EVP0091_Angle-1-scaled-1.jpg"},{"@type":"BreadcrumbList","@id":"https:\/\/motorad.com\/es\/products\/sistema-evap\/solenoides-de-purga-del-canister-de-vapor\/#breadcrumb","itemListElement":[{"@type":"ListItem","position":1,"name":"Home","item":"https:\/\/motorad.com\/es\/"},{"@type":"ListItem","position":2,"name":"Products","item":"https:\/\/motoradnew.test\/es\/products\/"},{"@type":"ListItem","position":3,"name":"Sistema EVAP","item":"https:\/\/motoradnew.test\/es\/products\/sistema-evap\/"},{"@type":"ListItem","position":4,"name":"Electrov\u00e1lvulas de purga del canister de vapor"}]},{"@type":"WebSite","@id":"https:\/\/motorad.com\/es\/#website","url":"https:\/\/motorad.com\/es\/","name":"MotoRad","description":"Trusted to Deliver Better - Thermal Management, Emissions, Powertrain Controls","publisher":{"@id":"https:\/\/motorad.com\/es\/#organization"},"potentialAction":[{"@type":"SearchAction","target":{"@type":"EntryPoint","urlTemplate":"https:\/\/motorad.com\/es\/?s={search_term_string}"},"query-input":{"@type":"PropertyValueSpecification","valueRequired":true,"valueName":"search_term_string"}}],"inLanguage":"es"},{"@type":"Organization","@id":"https:\/\/motorad.com\/es\/#organization","name":"MotoRad","url":"https:\/\/motorad.com\/es\/","logo":{"@type":"ImageObject","inLanguage":"es","@id":"https:\/\/motorad.com\/es\/#\/schema\/logo\/image\/","url":"https:\/\/motorad.com\/wp-content\/uploads\/2025\/01\/MotoRad_Logo.png","contentUrl":"https:\/\/motorad.com\/wp-content\/uploads\/2025\/01\/MotoRad_Logo.png","width":358,"height":102,"caption":"MotoRad"},"image":{"@id":"https:\/\/motorad.com\/es\/#\/schema\/logo\/image\/"},"sameAs":["https:\/\/www.facebook.com\/motoradusa","https:\/\/x.com\/MotoRadUSA","https:\/\/www.linkedin.com\/company\/motorad\/"]}]}},"_links":{"self":[{"href":"https:\/\/motorad.com\/es\/wp-json\/wp\/v2\/pages\/5843","targetHints":{"allow":["GET"]}}],"collection":[{"href":"https:\/\/motorad.com\/es\/wp-json\/wp\/v2\/pages"}],"about":[{"href":"https:\/\/motorad.com\/es\/wp-json\/wp\/v2\/types\/page"}],"author":[{"embeddable":true,"href":"https:\/\/motorad.com\/es\/wp-json\/wp\/v2\/users\/1"}],"replies":[{"embeddable":true,"href":"https:\/\/motorad.com\/es\/wp-json\/wp\/v2\/comments?post=5843"}],"version-history":[{"count":3,"href":"https:\/\/motorad.com\/es\/wp-json\/wp\/v2\/pages\/5843\/revisions"}],"predecessor-version":[{"id":87735,"href":"https:\/\/motorad.com\/es\/wp-json\/wp\/v2\/pages\/5843\/revisions\/87735"}],"up":[{"embeddable":true,"href":"https:\/\/motorad.com\/es\/wp-json\/wp\/v2\/pages\/5823"}],"wp:attachment":[{"href":"https:\/\/motorad.com\/es\/wp-json\/wp\/v2\/media?parent=5843"}],"curies":[{"name":"wp","href":"https:\/\/api.w.org\/{rel}","templated":true}]}}