{"id":5942,"date":"2025-04-04T12:45:04","date_gmt":"2025-04-04T12:45:04","guid":{"rendered":"https:\/\/motorad.com\/products\/sistema-evap\/bombas-de-deteccion-de-fugas\/"},"modified":"2026-03-17T14:32:43","modified_gmt":"2026-03-17T14:32:43","slug":"bombas-de-deteccion-de-fugas","status":"publish","type":"page","link":"https:\/\/motorad.com\/es\/products\/sistema-evap\/bombas-de-deteccion-de-fugas\/","title":{"rendered":"Bombas de detecci\u00f3n de fugas"},"content":{"rendered":"<h1 style=\"margin-top:var(--wp--preset--spacing--60);margin-bottom:var(--wp--preset--spacing--60);\" class=\"wp-block-post-title\">Bombas de detecci\u00f3n de fugas<\/h1>\n<div class=\"wp-block-columns is-layout-flex wp-container-core-columns-is-layout-9a01b68c wp-block-columns-is-layout-flex\">\n<div class=\"wp-block-column is-layout-flow wp-block-column-is-layout-flow\" style=\"flex-basis:33.33%\">\n<figure class=\"wp-block-image size-full\"><img loading=\"lazy\" decoding=\"async\" width=\"1536\" height=\"1536\" src=\"https:\/\/motorad.com\/wp-content\/uploads\/2025\/04\/EVP0227_Angle-scaled-1-1536x1536-1.jpg\" alt=\"\" class=\"wp-image-4558\" srcset=\"https:\/\/motorad.com\/wp-content\/uploads\/2025\/04\/EVP0227_Angle-scaled-1-1536x1536-1.jpg 1536w, https:\/\/motorad.com\/wp-content\/uploads\/2025\/04\/EVP0227_Angle-scaled-1-1536x1536-1-300x300.jpg 300w, https:\/\/motorad.com\/wp-content\/uploads\/2025\/04\/EVP0227_Angle-scaled-1-1536x1536-1-1024x1024.jpg 1024w, https:\/\/motorad.com\/wp-content\/uploads\/2025\/04\/EVP0227_Angle-scaled-1-1536x1536-1-150x150.jpg 150w, https:\/\/motorad.com\/wp-content\/uploads\/2025\/04\/EVP0227_Angle-scaled-1-1536x1536-1-768x768.jpg 768w\" sizes=\"auto, (max-width: 1536px) 100vw, 1536px\" \/><\/figure>\n<\/div>\n\n\n\n<div class=\"wp-block-column is-layout-flow wp-block-column-is-layout-flow\" style=\"flex-basis:66.66%\">\n<p style=\"margin-bottom:var(--wp--preset--spacing--30)\">La bomba de detecci\u00f3n de fugas es un componente vital del sistema de control de emisiones evaporativas (EVAP) de un veh\u00edculo, responsable de identificar y se\u00f1alar fugas de vapores de combustible. Al presurizar el sistema EVAP y supervisar cualquier ca\u00edda, la bomba de detecci\u00f3n de fugas ayuda a garantizar que los vapores de combustible permanezcan contenidos y se dirijan al motor para su combusti\u00f3n en lugar de escapar a la atm\u00f3sfera. Este proceso es esencial no solo para cumplir las normas de emisiones, sino tambi\u00e9n para proteger el medio ambiente reduciendo la contaminaci\u00f3n.  <\/p>\n\n\n\n<p style=\"margin-bottom:var(--wp--preset--spacing--30)\">Una bomba de detecci\u00f3n de fugas de recambio de alta calidad es crucial para el rendimiento general y el impacto medioambiental del veh\u00edculo. Las bombas de baja calidad pueden no detectar con precisi\u00f3n las fugas de vapores, lo que provoca emisiones sin contener y puede activar testigos de advertencia en el cuadro de instrumentos. Invertir en una bomba bien fabricada y duradera garantiza que el veh\u00edculo mantenga el cumplimiento de emisiones, ayuda a mejorar la eficiencia de combustible y reduce el desgaste innecesario de los componentes del sistema EVAP. Optar por una bomba de recambio premium contribuye a la protecci\u00f3n del medio ambiente, optimiza la funcionalidad del sistema y mantiene el veh\u00edculo funcionando sin problemas.   <\/p>\n<\/div>\n<\/div>\n\n<ul style=\"margin-top:var(--wp--preset--spacing--60);margin-bottom:var(--wp--preset--spacing--60)\" class=\"wp-block-list\">\n<li style=\"margin-bottom:var(--wp--preset--spacing--30)\">La bomba desempe\u00f1a un papel fundamental en la identificaci\u00f3n de fugas en el sistema EVAP, evitando que los vapores de combustible nocivos escapen a la atm\u00f3sfera<\/li>\n\n\n\n<li style=\"margin-bottom:var(--wp--preset--spacing--30)\">Dise\u00f1adas para crear un vac\u00edo preciso, asegurando una identificaci\u00f3n exacta de las fugas para un rendimiento mejorado del veh\u00edculo<\/li>\n\n\n\n<li>Equipadas con sensores integrados que monitorizan continuamente los niveles de presi\u00f3n, permitiendo la detecci\u00f3n inmediata de cualquier fuga o mal funcionamiento<\/li>\n<\/ul>\n\n<hr class=\"wp-block-separator has-text-color has-palette-brand-3-color has-alpha-channel-opacity has-palette-brand-3-background-color has-background is-style-wide\" style=\"margin-top:var(--wp--preset--spacing--60);margin-bottom:var(--wp--preset--spacing--60)\"\/>\n\n<div class=\"wp-block-columns are-vertically-aligned-center is-layout-flex wp-container-core-columns-is-layout-f5a44f5b wp-block-columns-is-layout-flex\">\n<div class=\"wp-block-column is-vertically-aligned-center is-layout-flow wp-block-column-is-layout-flow\" style=\"flex-basis:33.33%\">\n<figure class=\"wp-block-image size-full\"><img loading=\"lazy\" decoding=\"async\" width=\"1200\" height=\"498\" src=\"https:\/\/motorad.com\/wp-content\/uploads\/2025\/04\/24-evap-icon-1.jpg\" alt=\"\" class=\"wp-image-4518\" srcset=\"https:\/\/motorad.com\/wp-content\/uploads\/2025\/04\/24-evap-icon-1.jpg 1200w, https:\/\/motorad.com\/wp-content\/uploads\/2025\/04\/24-evap-icon-1-300x125.jpg 300w, https:\/\/motorad.com\/wp-content\/uploads\/2025\/04\/24-evap-icon-1-1024x425.jpg 1024w, https:\/\/motorad.com\/wp-content\/uploads\/2025\/04\/24-evap-icon-1-768x319.jpg 768w\" sizes=\"auto, (max-width: 1200px) 100vw, 1200px\" \/><\/figure>\n<\/div>\n\n\n\n<div class=\"wp-block-column is-vertically-aligned-center is-layout-flow wp-block-column-is-layout-flow\" style=\"flex-basis:66.66%\">\n<h2 class=\"wp-block-heading\" id=\"h-see-the-full-line-of-evap-system-products\"><a href=\"https:\/\/motorad.com\/es\/products\/sistema-evap\/\">Ver la l\u00ednea completa de Productos del Sistema EVAP<\/a><\/h2>\n<\/div>\n<\/div>\n\n<div class=\"wp-block-cover alignfull is-light\" style=\"padding-top:var(--wp--preset--spacing--60);padding-bottom:var(--wp--preset--spacing--60)\"><span aria-hidden=\"true\" class=\"wp-block-cover__background has-background-dim-0 has-background-dim\" style=\"background-color:#ece5d9\"><\/span><img loading=\"lazy\" decoding=\"async\" width=\"1505\" height=\"305\" class=\"wp-block-cover__image-background wp-image-223\" alt=\"\" src=\"https:\/\/motorad.com\/wp-content\/uploads\/2025\/03\/FooterCTA.jpg\" data-object-fit=\"cover\" srcset=\"https:\/\/motorad.com\/wp-content\/uploads\/2025\/03\/FooterCTA.jpg 1505w, https:\/\/motorad.com\/wp-content\/uploads\/2025\/03\/FooterCTA-300x61.jpg 300w, https:\/\/motorad.com\/wp-content\/uploads\/2025\/03\/FooterCTA-1024x208.jpg 1024w, https:\/\/motorad.com\/wp-content\/uploads\/2025\/03\/FooterCTA-768x156.jpg 768w\" sizes=\"auto, (max-width: 1505px) 100vw, 1505px\" \/><div class=\"wp-block-cover__inner-container is-layout-flow wp-block-cover-is-layout-flow\">\n<div class=\"wp-block-columns are-vertically-aligned-center is-layout-flex wp-container-core-columns-is-layout-cbe57604 wp-block-columns-is-layout-flex\">\n<div class=\"wp-block-column is-vertically-aligned-center is-layout-flow wp-block-column-is-layout-flow\" style=\"flex-basis:45%\">\n<h2 class=\"wp-block-heading has-text-align-center has-palette-text-color has-text-color\" id=\"h-need-help-finding-the-right-product\" style=\"margin-bottom:var(--wp--preset--spacing--40)\">\u00bfNecesitas ayuda para encontrar el producto adecuado?<\/h2>\n\n\n\n<p class=\"has-text-align-center has-palette-text-color has-text-color\" style=\"margin-bottom:var(--wp--preset--spacing--50)\">Nuestro equipo especializado est\u00e1 aqu\u00ed para orientarte en la direcci\u00f3n correcta. Haz clic a continuaci\u00f3n y dinos c\u00f3mo podemos ayudarte a encontrar el producto ideal para tu necesidad. Tu viaje para experimentar MEJOR empieza aqu\u00ed.  <\/p>\n\n\n\n<div class=\"wp-block-buttons is-content-justification-center is-layout-flex wp-container-core-buttons-is-layout-a89b3969 wp-block-buttons-is-layout-flex\">\n<div class=\"wp-block-button\"><a class=\"wp-block-button__link has-text-align-center wp-element-button\" href=\"https:\/\/motorad.com\/contact\/need-help-finding-something\/\">Habla con un especialista de MotoRad<\/a><\/div>\n<\/div>\n<\/div>\n\n\n\n<div class=\"wp-block-column is-layout-flow wp-block-column-is-layout-flow\" style=\"flex-basis:10%\"><\/div>\n\n\n\n<div class=\"wp-block-column is-layout-flow wp-block-column-is-layout-flow\" style=\"flex-basis:45%\">\n<h2 class=\"wp-block-heading has-text-align-center has-palette-text-color has-text-color\" id=\"h-looking-for-custom-development\" style=\"margin-bottom:var(--wp--preset--spacing--40)\">\u00bfBuscas un desarrollo a medida?<\/h2>\n\n\n\n<p class=\"has-text-align-center has-palette-text-color has-text-color\" style=\"margin-bottom:var(--wp--preset--spacing--50)\">No nos limitamos a los productos, sino que creamos soluciones a medida que se adaptan a tus necesidades. \u00bfEst\u00e1s preparado para dar vida a tu nuevo proyecto? Haz clic a continuaci\u00f3n y embarqu\u00e9monos juntos en el viaje del desarrollo de productos personalizados.  <\/p>\n\n\n\n<div class=\"wp-block-buttons is-content-justification-center is-layout-flex wp-container-core-buttons-is-layout-a89b3969 wp-block-buttons-is-layout-flex\">\n<div class=\"wp-block-button is-style-fill\"><a class=\"wp-block-button__link has-palette-bg-color has-palette-text-background-color has-text-color has-background has-text-align-center wp-element-button\" href=\"https:\/\/motorad.com\/contact\/do-you-need-custom-development\/\">Queremos ser tu proveedor<\/a><\/div>\n<\/div>\n<\/div>\n<\/div>\n<\/div><\/div>\n","protected":false},"excerpt":{"rendered":"<p>La bomba de detecci\u00f3n de fugas es un componente vital del sistema de control de emisiones evaporativas (EVAP) de un [&#8230;]<\/p>\n","protected":false},"author":1,"featured_media":0,"parent":5823,"menu_order":0,"comment_status":"closed","ping_status":"closed","template":"","meta":{"_acf_changed":false,"footnotes":""},"class_list":["post-5942","page","type-page","status-publish","hentry"],"acf":[],"yoast_head":"<!-- This site is optimized with the Yoast SEO Premium plugin v27.2 (Yoast SEO v27.2) - https:\/\/yoast.com\/product\/yoast-seo-premium-wordpress\/ -->\n<title>Bombas de detecci\u00f3n de fugas - MotoRad<\/title>\n<meta name=\"description\" content=\"MotoRad - Bombas de detecci\u00f3n de fugas\" \/>\n<meta name=\"robots\" content=\"index, follow, max-snippet:-1, max-image-preview:large, max-video-preview:-1\" \/>\n<link rel=\"canonical\" href=\"https:\/\/motorad.com\/es\/products\/sistema-evap\/bombas-de-deteccion-de-fugas\/\" \/>\n<meta property=\"og:locale\" content=\"es_ES\" \/>\n<meta property=\"og:type\" content=\"article\" \/>\n<meta property=\"og:title\" content=\"Bombas de detecci\u00f3n de fugas\" \/>\n<meta property=\"og:description\" content=\"MotoRad - Bombas de detecci\u00f3n de fugas\" \/>\n<meta property=\"og:url\" content=\"https:\/\/motorad.com\/es\/products\/sistema-evap\/bombas-de-deteccion-de-fugas\/\" \/>\n<meta property=\"og:site_name\" content=\"MotoRad\" \/>\n<meta property=\"article:publisher\" content=\"https:\/\/www.facebook.com\/motoradusa\" \/>\n<meta property=\"article:modified_time\" content=\"2026-03-17T14:32:43+00:00\" \/>\n<meta property=\"og:image\" content=\"https:\/\/motorad.com\/wp-content\/uploads\/2025\/04\/EVP0227_Angle-scaled-1-1536x1536-1.jpg\" \/>\n\t<meta property=\"og:image:width\" content=\"1536\" \/>\n\t<meta property=\"og:image:height\" content=\"1536\" \/>\n\t<meta property=\"og:image:type\" content=\"image\/jpeg\" \/>\n<meta name=\"twitter:card\" content=\"summary_large_image\" \/>\n<meta name=\"twitter:site\" content=\"@MotoRadUSA\" \/>\n<meta name=\"twitter:label1\" content=\"Est. reading time\" \/>\n\t<meta name=\"twitter:data1\" content=\"2 minutos\" \/>\n<script type=\"application\/ld+json\" class=\"yoast-schema-graph\">{\"@context\":\"https:\/\/schema.org\",\"@graph\":[{\"@type\":\"WebPage\",\"@id\":\"https:\/\/motorad.com\/es\/products\/sistema-evap\/bombas-de-deteccion-de-fugas\/\",\"url\":\"https:\/\/motorad.com\/es\/products\/sistema-evap\/bombas-de-deteccion-de-fugas\/\",\"name\":\"Bombas de detecci\u00f3n de fugas - MotoRad\",\"isPartOf\":{\"@id\":\"https:\/\/motorad.com\/es\/#website\"},\"primaryImageOfPage\":{\"@id\":\"https:\/\/motorad.com\/es\/products\/sistema-evap\/bombas-de-deteccion-de-fugas\/#primaryimage\"},\"image\":{\"@id\":\"https:\/\/motorad.com\/es\/products\/sistema-evap\/bombas-de-deteccion-de-fugas\/#primaryimage\"},\"thumbnailUrl\":\"https:\/\/motorad.com\/wp-content\/uploads\/2025\/04\/EVP0227_Angle-scaled-1-1536x1536-1.jpg\",\"datePublished\":\"2025-04-04T12:45:04+00:00\",\"dateModified\":\"2026-03-17T14:32:43+00:00\",\"description\":\"MotoRad - Bombas de detecci\u00f3n de fugas\",\"breadcrumb\":{\"@id\":\"https:\/\/motorad.com\/es\/products\/sistema-evap\/bombas-de-deteccion-de-fugas\/#breadcrumb\"},\"inLanguage\":\"es\",\"potentialAction\":[{\"@type\":\"ReadAction\",\"target\":[\"https:\/\/motorad.com\/es\/products\/sistema-evap\/bombas-de-deteccion-de-fugas\/\"]}]},{\"@type\":\"ImageObject\",\"inLanguage\":\"es\",\"@id\":\"https:\/\/motorad.com\/es\/products\/sistema-evap\/bombas-de-deteccion-de-fugas\/#primaryimage\",\"url\":\"https:\/\/motorad.com\/wp-content\/uploads\/2025\/04\/EVP0227_Angle-scaled-1-1536x1536-1.jpg\",\"contentUrl\":\"https:\/\/motorad.com\/wp-content\/uploads\/2025\/04\/EVP0227_Angle-scaled-1-1536x1536-1.jpg\"},{\"@type\":\"BreadcrumbList\",\"@id\":\"https:\/\/motorad.com\/es\/products\/sistema-evap\/bombas-de-deteccion-de-fugas\/#breadcrumb\",\"itemListElement\":[{\"@type\":\"ListItem\",\"position\":1,\"name\":\"Home\",\"item\":\"https:\/\/motorad.com\/es\/\"},{\"@type\":\"ListItem\",\"position\":2,\"name\":\"Products\",\"item\":\"https:\/\/motoradnew.test\/es\/products\/\"},{\"@type\":\"ListItem\",\"position\":3,\"name\":\"Sistema EVAP\",\"item\":\"https:\/\/motoradnew.test\/es\/products\/sistema-evap\/\"},{\"@type\":\"ListItem\",\"position\":4,\"name\":\"Bombas de detecci\u00f3n de fugas\"}]},{\"@type\":\"WebSite\",\"@id\":\"https:\/\/motorad.com\/es\/#website\",\"url\":\"https:\/\/motorad.com\/es\/\",\"name\":\"MotoRad\",\"description\":\"Trusted to Deliver Better - Thermal Management, Emissions, Powertrain Controls\",\"publisher\":{\"@id\":\"https:\/\/motorad.com\/es\/#organization\"},\"potentialAction\":[{\"@type\":\"SearchAction\",\"target\":{\"@type\":\"EntryPoint\",\"urlTemplate\":\"https:\/\/motorad.com\/es\/?s={search_term_string}\"},\"query-input\":{\"@type\":\"PropertyValueSpecification\",\"valueRequired\":true,\"valueName\":\"search_term_string\"}}],\"inLanguage\":\"es\"},{\"@type\":\"Organization\",\"@id\":\"https:\/\/motorad.com\/es\/#organization\",\"name\":\"MotoRad\",\"url\":\"https:\/\/motorad.com\/es\/\",\"logo\":{\"@type\":\"ImageObject\",\"inLanguage\":\"es\",\"@id\":\"https:\/\/motorad.com\/es\/#\/schema\/logo\/image\/\",\"url\":\"https:\/\/motorad.com\/wp-content\/uploads\/2025\/01\/MotoRad_Logo.png\",\"contentUrl\":\"https:\/\/motorad.com\/wp-content\/uploads\/2025\/01\/MotoRad_Logo.png\",\"width\":358,\"height\":102,\"caption\":\"MotoRad\"},\"image\":{\"@id\":\"https:\/\/motorad.com\/es\/#\/schema\/logo\/image\/\"},\"sameAs\":[\"https:\/\/www.facebook.com\/motoradusa\",\"https:\/\/x.com\/MotoRadUSA\",\"https:\/\/www.linkedin.com\/company\/motorad\/\"]}]}<\/script>\n<!-- \/ Yoast SEO Premium plugin. -->","yoast_head_json":{"title":"Bombas de detecci\u00f3n de fugas - MotoRad","description":"MotoRad - Bombas de detecci\u00f3n de fugas","robots":{"index":"index","follow":"follow","max-snippet":"max-snippet:-1","max-image-preview":"max-image-preview:large","max-video-preview":"max-video-preview:-1"},"canonical":"https:\/\/motorad.com\/es\/products\/sistema-evap\/bombas-de-deteccion-de-fugas\/","og_locale":"es_ES","og_type":"article","og_title":"Bombas de detecci\u00f3n de fugas","og_description":"MotoRad - Bombas de detecci\u00f3n de fugas","og_url":"https:\/\/motorad.com\/es\/products\/sistema-evap\/bombas-de-deteccion-de-fugas\/","og_site_name":"MotoRad","article_publisher":"https:\/\/www.facebook.com\/motoradusa","article_modified_time":"2026-03-17T14:32:43+00:00","og_image":[{"width":1536,"height":1536,"url":"https:\/\/motorad.com\/wp-content\/uploads\/2025\/04\/EVP0227_Angle-scaled-1-1536x1536-1.jpg","type":"image\/jpeg"}],"twitter_card":"summary_large_image","twitter_site":"@MotoRadUSA","twitter_misc":{"Est. reading time":"2 minutos"},"schema":{"@context":"https:\/\/schema.org","@graph":[{"@type":"WebPage","@id":"https:\/\/motorad.com\/es\/products\/sistema-evap\/bombas-de-deteccion-de-fugas\/","url":"https:\/\/motorad.com\/es\/products\/sistema-evap\/bombas-de-deteccion-de-fugas\/","name":"Bombas de detecci\u00f3n de fugas - MotoRad","isPartOf":{"@id":"https:\/\/motorad.com\/es\/#website"},"primaryImageOfPage":{"@id":"https:\/\/motorad.com\/es\/products\/sistema-evap\/bombas-de-deteccion-de-fugas\/#primaryimage"},"image":{"@id":"https:\/\/motorad.com\/es\/products\/sistema-evap\/bombas-de-deteccion-de-fugas\/#primaryimage"},"thumbnailUrl":"https:\/\/motorad.com\/wp-content\/uploads\/2025\/04\/EVP0227_Angle-scaled-1-1536x1536-1.jpg","datePublished":"2025-04-04T12:45:04+00:00","dateModified":"2026-03-17T14:32:43+00:00","description":"MotoRad - Bombas de detecci\u00f3n de fugas","breadcrumb":{"@id":"https:\/\/motorad.com\/es\/products\/sistema-evap\/bombas-de-deteccion-de-fugas\/#breadcrumb"},"inLanguage":"es","potentialAction":[{"@type":"ReadAction","target":["https:\/\/motorad.com\/es\/products\/sistema-evap\/bombas-de-deteccion-de-fugas\/"]}]},{"@type":"ImageObject","inLanguage":"es","@id":"https:\/\/motorad.com\/es\/products\/sistema-evap\/bombas-de-deteccion-de-fugas\/#primaryimage","url":"https:\/\/motorad.com\/wp-content\/uploads\/2025\/04\/EVP0227_Angle-scaled-1-1536x1536-1.jpg","contentUrl":"https:\/\/motorad.com\/wp-content\/uploads\/2025\/04\/EVP0227_Angle-scaled-1-1536x1536-1.jpg"},{"@type":"BreadcrumbList","@id":"https:\/\/motorad.com\/es\/products\/sistema-evap\/bombas-de-deteccion-de-fugas\/#breadcrumb","itemListElement":[{"@type":"ListItem","position":1,"name":"Home","item":"https:\/\/motorad.com\/es\/"},{"@type":"ListItem","position":2,"name":"Products","item":"https:\/\/motoradnew.test\/es\/products\/"},{"@type":"ListItem","position":3,"name":"Sistema EVAP","item":"https:\/\/motoradnew.test\/es\/products\/sistema-evap\/"},{"@type":"ListItem","position":4,"name":"Bombas de detecci\u00f3n de fugas"}]},{"@type":"WebSite","@id":"https:\/\/motorad.com\/es\/#website","url":"https:\/\/motorad.com\/es\/","name":"MotoRad","description":"Trusted to Deliver Better - Thermal Management, Emissions, Powertrain Controls","publisher":{"@id":"https:\/\/motorad.com\/es\/#organization"},"potentialAction":[{"@type":"SearchAction","target":{"@type":"EntryPoint","urlTemplate":"https:\/\/motorad.com\/es\/?s={search_term_string}"},"query-input":{"@type":"PropertyValueSpecification","valueRequired":true,"valueName":"search_term_string"}}],"inLanguage":"es"},{"@type":"Organization","@id":"https:\/\/motorad.com\/es\/#organization","name":"MotoRad","url":"https:\/\/motorad.com\/es\/","logo":{"@type":"ImageObject","inLanguage":"es","@id":"https:\/\/motorad.com\/es\/#\/schema\/logo\/image\/","url":"https:\/\/motorad.com\/wp-content\/uploads\/2025\/01\/MotoRad_Logo.png","contentUrl":"https:\/\/motorad.com\/wp-content\/uploads\/2025\/01\/MotoRad_Logo.png","width":358,"height":102,"caption":"MotoRad"},"image":{"@id":"https:\/\/motorad.com\/es\/#\/schema\/logo\/image\/"},"sameAs":["https:\/\/www.facebook.com\/motoradusa","https:\/\/x.com\/MotoRadUSA","https:\/\/www.linkedin.com\/company\/motorad\/"]}]}},"_links":{"self":[{"href":"https:\/\/motorad.com\/es\/wp-json\/wp\/v2\/pages\/5942","targetHints":{"allow":["GET"]}}],"collection":[{"href":"https:\/\/motorad.com\/es\/wp-json\/wp\/v2\/pages"}],"about":[{"href":"https:\/\/motorad.com\/es\/wp-json\/wp\/v2\/types\/page"}],"author":[{"embeddable":true,"href":"https:\/\/motorad.com\/es\/wp-json\/wp\/v2\/users\/1"}],"replies":[{"embeddable":true,"href":"https:\/\/motorad.com\/es\/wp-json\/wp\/v2\/comments?post=5942"}],"version-history":[{"count":2,"href":"https:\/\/motorad.com\/es\/wp-json\/wp\/v2\/pages\/5942\/revisions"}],"predecessor-version":[{"id":87513,"href":"https:\/\/motorad.com\/es\/wp-json\/wp\/v2\/pages\/5942\/revisions\/87513"}],"up":[{"embeddable":true,"href":"https:\/\/motorad.com\/es\/wp-json\/wp\/v2\/pages\/5823"}],"wp:attachment":[{"href":"https:\/\/motorad.com\/es\/wp-json\/wp\/v2\/media?parent=5942"}],"curies":[{"name":"wp","href":"https:\/\/api.w.org\/{rel}","templated":true}]}}