{"id":6036,"date":"2025-04-03T16:02:00","date_gmt":"2025-04-03T16:02:00","guid":{"rendered":"https:\/\/motorad.com\/termostatos-de-carcasa-integrada-motorad\/"},"modified":"2026-03-17T14:32:54","modified_gmt":"2026-03-17T14:32:54","slug":"termostatos-de-carcasa-integrada-motorad","status":"publish","type":"page","link":"https:\/\/motorad.com\/es\/products\/termostatos\/termostatos-de-carcasa-integrada-motorad\/","title":{"rendered":"Termostatos con carcasa integrada de MotoRad"},"content":{"rendered":"<h1 style=\"margin-top:var(--wp--preset--spacing--60);margin-bottom:var(--wp--preset--spacing--60);\" class=\"wp-block-post-title\">Termostatos con carcasa integrada de MotoRad<\/h1>\n<div class=\"wp-block-columns is-layout-flex wp-container-core-columns-is-layout-14cf5ab5 wp-block-columns-is-layout-flex\">\n<div class=\"wp-block-column is-layout-flow wp-block-column-is-layout-flow\" style=\"flex-basis:33.33%\">\n<figure class=\"wp-block-image size-full\"><img loading=\"lazy\" decoding=\"async\" width=\"500\" height=\"500\" src=\"https:\/\/motorad.com\/wp-content\/uploads\/2025\/04\/1050-180_Angle.jpg\" alt=\"\" class=\"wp-image-3539\" srcset=\"https:\/\/motorad.com\/wp-content\/uploads\/2025\/04\/1050-180_Angle.jpg 500w, https:\/\/motorad.com\/wp-content\/uploads\/2025\/04\/1050-180_Angle-300x300.jpg 300w, https:\/\/motorad.com\/wp-content\/uploads\/2025\/04\/1050-180_Angle-150x150.jpg 150w\" sizes=\"auto, (max-width: 500px) 100vw, 500px\" \/><\/figure>\n<\/div>\n\n\n\n<div class=\"wp-block-column is-layout-flow wp-block-column-is-layout-flow\" style=\"flex-basis:66.66%\">\n<p style=\"margin-bottom:var(--wp--preset--spacing--20)\">MotoRad ofrece una gama completa de termostatos para reemplazar los termostatos de equipo original. <\/p>\n\n\n\n<p style=\"margin-bottom:var(--wp--preset--spacing--20)\">Los termostatos con carcasa integrada de MotoRad se diferencian de los tradicionales. Ofrecen una soluci\u00f3n integral lista para atornillar, con el termostato y la carcasa integrados en una sola unidad. Este es un segmento de termostatos en crecimiento, con un gran n\u00famero de veh\u00edculos entrando en el periodo de sustituci\u00f3n.  <\/p>\n\n\n\n<ul style=\"margin-bottom:var(--wp--preset--spacing--20)\" class=\"wp-block-list\">\n<li>Termostato totalmente integrado en la unidad<\/li>\n\n\n\n<li>El termostato no se puede reparar por separado<\/li>\n\n\n\n<li>Puede incluir sensores o pin controlado por MAP (seg\u00fan corresponda)<\/li>\n<\/ul>\n\n\n\n<p>Estas piezas se fabrican para cumplir o superar todos los requisitos del fabricante de equipo original. MotoRad tambi\u00e9n ofrece termostatos est\u00e1ndar para muchas temperaturas alternativas. <\/p>\n<\/div>\n<\/div>\n\n<h2 class=\"wp-block-heading\" id=\"h-integrated-housing-thermosats\" style=\"margin-bottom:var(--wp--preset--spacing--50)\">Termostatos con carcasa integrada:<\/h2>\n\n<div class=\"wp-block-columns is-layout-flex wp-container-core-columns-is-layout-baf23659 wp-block-columns-is-layout-flex\" style=\"margin-bottom:var(--wp--preset--spacing--60)\">\n<div class=\"wp-block-column is-layout-flow wp-block-column-is-layout-flow\">\n<figure class=\"wp-block-image size-full\"><img loading=\"lazy\" decoding=\"async\" width=\"500\" height=\"500\" src=\"https:\/\/motorad.com\/wp-content\/uploads\/2025\/04\/1000-217_Angle-1.jpg\" alt=\"\" class=\"wp-image-3511\" srcset=\"https:\/\/motorad.com\/wp-content\/uploads\/2025\/04\/1000-217_Angle-1.jpg 500w, https:\/\/motorad.com\/wp-content\/uploads\/2025\/04\/1000-217_Angle-1-300x300.jpg 300w, https:\/\/motorad.com\/wp-content\/uploads\/2025\/04\/1000-217_Angle-1-150x150.jpg 150w\" sizes=\"auto, (max-width: 500px) 100vw, 500px\" \/><\/figure>\n<\/div>\n\n\n\n<div class=\"wp-block-column is-layout-flow wp-block-column-is-layout-flow\">\n<figure class=\"wp-block-image size-full\"><img loading=\"lazy\" decoding=\"async\" width=\"500\" height=\"500\" src=\"https:\/\/motorad.com\/wp-content\/uploads\/2025\/04\/1010-190_Angle.jpg\" alt=\"\" class=\"wp-image-3518\" srcset=\"https:\/\/motorad.com\/wp-content\/uploads\/2025\/04\/1010-190_Angle.jpg 500w, https:\/\/motorad.com\/wp-content\/uploads\/2025\/04\/1010-190_Angle-300x300.jpg 300w, https:\/\/motorad.com\/wp-content\/uploads\/2025\/04\/1010-190_Angle-150x150.jpg 150w\" sizes=\"auto, (max-width: 500px) 100vw, 500px\" \/><\/figure>\n<\/div>\n\n\n\n<div class=\"wp-block-column is-layout-flow wp-block-column-is-layout-flow\">\n<figure class=\"wp-block-image size-full\"><img loading=\"lazy\" decoding=\"async\" width=\"500\" height=\"500\" src=\"https:\/\/motorad.com\/wp-content\/uploads\/2025\/04\/1012-180_Angle.jpg\" alt=\"\" class=\"wp-image-3525\" srcset=\"https:\/\/motorad.com\/wp-content\/uploads\/2025\/04\/1012-180_Angle.jpg 500w, https:\/\/motorad.com\/wp-content\/uploads\/2025\/04\/1012-180_Angle-300x300.jpg 300w, https:\/\/motorad.com\/wp-content\/uploads\/2025\/04\/1012-180_Angle-150x150.jpg 150w\" sizes=\"auto, (max-width: 500px) 100vw, 500px\" \/><\/figure>\n<\/div>\n\n\n\n<div class=\"wp-block-column is-layout-flow wp-block-column-is-layout-flow\">\n<figure class=\"wp-block-image size-full\"><img loading=\"lazy\" decoding=\"async\" width=\"500\" height=\"500\" src=\"https:\/\/motorad.com\/wp-content\/uploads\/2025\/04\/1027-167_Angle.jpg\" alt=\"\" class=\"wp-image-3532\" srcset=\"https:\/\/motorad.com\/wp-content\/uploads\/2025\/04\/1027-167_Angle.jpg 500w, https:\/\/motorad.com\/wp-content\/uploads\/2025\/04\/1027-167_Angle-300x300.jpg 300w, https:\/\/motorad.com\/wp-content\/uploads\/2025\/04\/1027-167_Angle-150x150.jpg 150w\" sizes=\"auto, (max-width: 500px) 100vw, 500px\" \/><\/figure>\n<\/div>\n\n\n\n<div class=\"wp-block-column is-layout-flow wp-block-column-is-layout-flow\">\n<figure class=\"wp-block-image size-full\"><img loading=\"lazy\" decoding=\"async\" width=\"500\" height=\"500\" src=\"https:\/\/motorad.com\/wp-content\/uploads\/2025\/04\/1103-180_Angle.jpg\" alt=\"\" class=\"wp-image-3546\" srcset=\"https:\/\/motorad.com\/wp-content\/uploads\/2025\/04\/1103-180_Angle.jpg 500w, https:\/\/motorad.com\/wp-content\/uploads\/2025\/04\/1103-180_Angle-300x300.jpg 300w, https:\/\/motorad.com\/wp-content\/uploads\/2025\/04\/1103-180_Angle-150x150.jpg 150w\" sizes=\"auto, (max-width: 500px) 100vw, 500px\" \/><\/figure>\n<\/div>\n<\/div>\n\n<p style=\"margin-bottom:var(--wp--preset--spacing--20)\">MotoRad ofrece la mejor cobertura de termostatos del mundo para casi cualquier veh\u00edculo y motor, tanto en carretera como fuera de ella. Los termostatos MotoRad desempe\u00f1an un papel fundamental en el mantenimiento de la temperatura de funcionamiento del motor.  <\/p>\n\n<p style=\"margin-bottom:var(--wp--preset--spacing--20)\">Esto afecta positivamente la eficiencia de la combusti\u00f3n y la transferencia de potencia, el consumo de combustible, la emisi\u00f3n de contaminantes y la vida \u00fatil del motor.<\/p>\n\n<p style=\"margin-bottom:var(--wp--preset--spacing--60)\">\u00bfNecesitas encontrar una pieza compatible r\u00e1pidamente? Nuestro completo sistema de referencias cruzadas simplifica el proceso de b\u00fasqueda, garantizando que consigas el termostato adecuado para tu veh\u00edculo sin complicaciones. Conf\u00eda en MotoRad por su experiencia, fiabilidad e innovaci\u00f3n inigualables en la gesti\u00f3n de la temperatura del autom\u00f3vil.  <\/p>\n\n<div class=\"wp-block-buttons is-layout-flex wp-block-buttons-is-layout-flex\" style=\"margin-bottom:var(--wp--preset--spacing--70)\">\n<div class=\"wp-block-button\"><a class=\"wp-block-button__link wp-element-button\" href=\"https:\/\/motorad.com\/es\/products\/\">Encuentra tu termostato<\/a><\/div>\n<\/div>\n\n<div class=\"wp-block-cover alignfull is-light\" style=\"padding-top:var(--wp--preset--spacing--60);padding-bottom:var(--wp--preset--spacing--60)\"><span aria-hidden=\"true\" class=\"wp-block-cover__background has-background-dim-0 has-background-dim\" style=\"background-color:#ece5d9\"><\/span><img loading=\"lazy\" decoding=\"async\" width=\"1505\" height=\"305\" class=\"wp-block-cover__image-background wp-image-223\" alt=\"\" src=\"https:\/\/motorad.com\/wp-content\/uploads\/2025\/03\/FooterCTA.jpg\" data-object-fit=\"cover\" srcset=\"https:\/\/motorad.com\/wp-content\/uploads\/2025\/03\/FooterCTA.jpg 1505w, https:\/\/motorad.com\/wp-content\/uploads\/2025\/03\/FooterCTA-300x61.jpg 300w, https:\/\/motorad.com\/wp-content\/uploads\/2025\/03\/FooterCTA-1024x208.jpg 1024w, https:\/\/motorad.com\/wp-content\/uploads\/2025\/03\/FooterCTA-768x156.jpg 768w\" sizes=\"auto, (max-width: 1505px) 100vw, 1505px\" \/><div class=\"wp-block-cover__inner-container is-layout-flow wp-block-cover-is-layout-flow\">\n<div class=\"wp-block-columns are-vertically-aligned-center is-layout-flex wp-container-core-columns-is-layout-cbe57604 wp-block-columns-is-layout-flex\">\n<div class=\"wp-block-column is-vertically-aligned-center is-layout-flow wp-block-column-is-layout-flow\" style=\"flex-basis:45%\">\n<h2 class=\"wp-block-heading has-text-align-center has-palette-text-color has-text-color\" id=\"h-need-help-finding-the-right-product\" style=\"margin-bottom:var(--wp--preset--spacing--40)\">\u00bfNecesitas ayuda para encontrar el producto adecuado?<\/h2>\n\n\n\n<p class=\"has-text-align-center has-palette-text-color has-text-color\" style=\"margin-bottom:var(--wp--preset--spacing--50)\">Nuestro equipo especializado est\u00e1 aqu\u00ed para orientarte en la direcci\u00f3n correcta. Haz clic a continuaci\u00f3n y dinos c\u00f3mo podemos ayudarte a encontrar el producto ideal para tu necesidad. Tu viaje para experimentar MEJOR empieza aqu\u00ed.  <\/p>\n\n\n\n<div class=\"wp-block-buttons is-content-justification-center is-layout-flex wp-container-core-buttons-is-layout-a89b3969 wp-block-buttons-is-layout-flex\">\n<div class=\"wp-block-button\"><a class=\"wp-block-button__link has-text-align-center wp-element-button\" href=\"https:\/\/motorad.com\/contact\/need-help-finding-something\/\">Habla con un especialista de MotoRad<\/a><\/div>\n<\/div>\n<\/div>\n\n\n\n<div class=\"wp-block-column is-layout-flow wp-block-column-is-layout-flow\" style=\"flex-basis:10%\"><\/div>\n\n\n\n<div class=\"wp-block-column is-layout-flow wp-block-column-is-layout-flow\" style=\"flex-basis:45%\">\n<h2 class=\"wp-block-heading has-text-align-center has-palette-text-color has-text-color\" id=\"h-looking-for-custom-development\" style=\"margin-bottom:var(--wp--preset--spacing--40)\">\u00bfBuscas un desarrollo a medida?<\/h2>\n\n\n\n<p class=\"has-text-align-center has-palette-text-color has-text-color\" style=\"margin-bottom:var(--wp--preset--spacing--50)\">No nos limitamos a los productos, sino que creamos soluciones a medida que se adaptan a tus necesidades. \u00bfEst\u00e1s preparado para dar vida a tu nuevo proyecto? Haz clic a continuaci\u00f3n y embarqu\u00e9monos juntos en el viaje del desarrollo de productos personalizados.  <\/p>\n\n\n\n<div class=\"wp-block-buttons is-content-justification-center is-layout-flex wp-container-core-buttons-is-layout-a89b3969 wp-block-buttons-is-layout-flex\">\n<div class=\"wp-block-button is-style-fill\"><a class=\"wp-block-button__link has-palette-bg-color has-palette-text-background-color has-text-color has-background has-text-align-center wp-element-button\" href=\"https:\/\/motorad.com\/contact\/do-you-need-custom-development\/\">Queremos ser tu proveedor<\/a><\/div>\n<\/div>\n<\/div>\n<\/div>\n<\/div><\/div>\n","protected":false},"excerpt":{"rendered":"<p>MotoRad ofrece una gama completa de termostatos para reemplazar los termostatos de equipo original. Los termostatos con carcasa integrada de [&#8230;]<\/p>\n","protected":false},"author":1,"featured_media":0,"parent":6767,"menu_order":0,"comment_status":"closed","ping_status":"closed","template":"","meta":{"_acf_changed":false,"footnotes":""},"class_list":["post-6036","page","type-page","status-publish","hentry"],"acf":[],"yoast_head":"<!-- This site is optimized with the Yoast SEO Premium plugin v27.2 (Yoast SEO v27.2) - https:\/\/yoast.com\/product\/yoast-seo-premium-wordpress\/ -->\n<title>Termostatos con carcasa integrada de MotoRad - MotoRad<\/title>\n<meta name=\"description\" content=\"MotoRad - Termostatos con carcasa integrada de MotoRad\" \/>\n<meta name=\"robots\" content=\"index, follow, max-snippet:-1, max-image-preview:large, max-video-preview:-1\" \/>\n<link rel=\"canonical\" href=\"https:\/\/motorad.com\/es\/products\/termostatos\/termostatos-de-carcasa-integrada-motorad\/\" \/>\n<meta property=\"og:locale\" content=\"es_ES\" \/>\n<meta property=\"og:type\" content=\"article\" \/>\n<meta property=\"og:title\" content=\"Termostatos con carcasa integrada de MotoRad\" \/>\n<meta property=\"og:description\" content=\"MotoRad - Termostatos con carcasa integrada de MotoRad\" \/>\n<meta property=\"og:url\" content=\"https:\/\/motorad.com\/es\/products\/termostatos\/termostatos-de-carcasa-integrada-motorad\/\" \/>\n<meta property=\"og:site_name\" content=\"MotoRad\" \/>\n<meta property=\"article:publisher\" content=\"https:\/\/www.facebook.com\/motoradusa\" \/>\n<meta property=\"article:modified_time\" content=\"2026-03-17T14:32:54+00:00\" \/>\n<meta property=\"og:image\" content=\"https:\/\/motorad.com\/wp-content\/uploads\/2025\/04\/1050-180_Angle.jpg\" \/>\n\t<meta property=\"og:image:width\" content=\"500\" \/>\n\t<meta property=\"og:image:height\" content=\"500\" \/>\n\t<meta property=\"og:image:type\" content=\"image\/jpeg\" \/>\n<meta name=\"twitter:card\" content=\"summary_large_image\" \/>\n<meta name=\"twitter:site\" content=\"@MotoRadUSA\" \/>\n<meta name=\"twitter:label1\" content=\"Est. reading time\" \/>\n\t<meta name=\"twitter:data1\" content=\"1 minuto\" \/>\n<script type=\"application\/ld+json\" class=\"yoast-schema-graph\">{\"@context\":\"https:\/\/schema.org\",\"@graph\":[{\"@type\":\"WebPage\",\"@id\":\"https:\/\/motorad.com\/es\/products\/termostatos\/termostatos-de-carcasa-integrada-motorad\/\",\"url\":\"https:\/\/motorad.com\/es\/products\/termostatos\/termostatos-de-carcasa-integrada-motorad\/\",\"name\":\"Termostatos con carcasa integrada de MotoRad - MotoRad\",\"isPartOf\":{\"@id\":\"https:\/\/motorad.com\/es\/#website\"},\"primaryImageOfPage\":{\"@id\":\"https:\/\/motorad.com\/es\/products\/termostatos\/termostatos-de-carcasa-integrada-motorad\/#primaryimage\"},\"image\":{\"@id\":\"https:\/\/motorad.com\/es\/products\/termostatos\/termostatos-de-carcasa-integrada-motorad\/#primaryimage\"},\"thumbnailUrl\":\"https:\/\/motorad.com\/wp-content\/uploads\/2025\/04\/1050-180_Angle.jpg\",\"datePublished\":\"2025-04-03T16:02:00+00:00\",\"dateModified\":\"2026-03-17T14:32:54+00:00\",\"description\":\"MotoRad - Termostatos con carcasa integrada de MotoRad\",\"breadcrumb\":{\"@id\":\"https:\/\/motorad.com\/es\/products\/termostatos\/termostatos-de-carcasa-integrada-motorad\/#breadcrumb\"},\"inLanguage\":\"es\",\"potentialAction\":[{\"@type\":\"ReadAction\",\"target\":[\"https:\/\/motorad.com\/es\/products\/termostatos\/termostatos-de-carcasa-integrada-motorad\/\"]}]},{\"@type\":\"ImageObject\",\"inLanguage\":\"es\",\"@id\":\"https:\/\/motorad.com\/es\/products\/termostatos\/termostatos-de-carcasa-integrada-motorad\/#primaryimage\",\"url\":\"https:\/\/motorad.com\/wp-content\/uploads\/2025\/04\/1050-180_Angle.jpg\",\"contentUrl\":\"https:\/\/motorad.com\/wp-content\/uploads\/2025\/04\/1050-180_Angle.jpg\"},{\"@type\":\"BreadcrumbList\",\"@id\":\"https:\/\/motorad.com\/es\/products\/termostatos\/termostatos-de-carcasa-integrada-motorad\/#breadcrumb\",\"itemListElement\":[{\"@type\":\"ListItem\",\"position\":1,\"name\":\"Home\",\"item\":\"https:\/\/motorad.com\/es\/\"},{\"@type\":\"ListItem\",\"position\":2,\"name\":\"Products\",\"item\":\"https:\/\/motoradnew.test\/es\/products\/\"},{\"@type\":\"ListItem\",\"position\":3,\"name\":\"Termostatos\",\"item\":\"https:\/\/motoradnew.test\/es\/products\/termostatos\/\"},{\"@type\":\"ListItem\",\"position\":4,\"name\":\"Termostatos con carcasa integrada de MotoRad\"}]},{\"@type\":\"WebSite\",\"@id\":\"https:\/\/motorad.com\/es\/#website\",\"url\":\"https:\/\/motorad.com\/es\/\",\"name\":\"MotoRad\",\"description\":\"Trusted to Deliver Better - Thermal Management, Emissions, Powertrain Controls\",\"publisher\":{\"@id\":\"https:\/\/motorad.com\/es\/#organization\"},\"potentialAction\":[{\"@type\":\"SearchAction\",\"target\":{\"@type\":\"EntryPoint\",\"urlTemplate\":\"https:\/\/motorad.com\/es\/?s={search_term_string}\"},\"query-input\":{\"@type\":\"PropertyValueSpecification\",\"valueRequired\":true,\"valueName\":\"search_term_string\"}}],\"inLanguage\":\"es\"},{\"@type\":\"Organization\",\"@id\":\"https:\/\/motorad.com\/es\/#organization\",\"name\":\"MotoRad\",\"url\":\"https:\/\/motorad.com\/es\/\",\"logo\":{\"@type\":\"ImageObject\",\"inLanguage\":\"es\",\"@id\":\"https:\/\/motorad.com\/es\/#\/schema\/logo\/image\/\",\"url\":\"https:\/\/motorad.com\/wp-content\/uploads\/2025\/01\/MotoRad_Logo.png\",\"contentUrl\":\"https:\/\/motorad.com\/wp-content\/uploads\/2025\/01\/MotoRad_Logo.png\",\"width\":358,\"height\":102,\"caption\":\"MotoRad\"},\"image\":{\"@id\":\"https:\/\/motorad.com\/es\/#\/schema\/logo\/image\/\"},\"sameAs\":[\"https:\/\/www.facebook.com\/motoradusa\",\"https:\/\/x.com\/MotoRadUSA\",\"https:\/\/www.linkedin.com\/company\/motorad\/\"]}]}<\/script>\n<!-- \/ Yoast SEO Premium plugin. -->","yoast_head_json":{"title":"Termostatos con carcasa integrada de MotoRad - MotoRad","description":"MotoRad - Termostatos con carcasa integrada de MotoRad","robots":{"index":"index","follow":"follow","max-snippet":"max-snippet:-1","max-image-preview":"max-image-preview:large","max-video-preview":"max-video-preview:-1"},"canonical":"https:\/\/motorad.com\/es\/products\/termostatos\/termostatos-de-carcasa-integrada-motorad\/","og_locale":"es_ES","og_type":"article","og_title":"Termostatos con carcasa integrada de MotoRad","og_description":"MotoRad - Termostatos con carcasa integrada de MotoRad","og_url":"https:\/\/motorad.com\/es\/products\/termostatos\/termostatos-de-carcasa-integrada-motorad\/","og_site_name":"MotoRad","article_publisher":"https:\/\/www.facebook.com\/motoradusa","article_modified_time":"2026-03-17T14:32:54+00:00","og_image":[{"width":500,"height":500,"url":"https:\/\/motorad.com\/wp-content\/uploads\/2025\/04\/1050-180_Angle.jpg","type":"image\/jpeg"}],"twitter_card":"summary_large_image","twitter_site":"@MotoRadUSA","twitter_misc":{"Est. reading time":"1 minuto"},"schema":{"@context":"https:\/\/schema.org","@graph":[{"@type":"WebPage","@id":"https:\/\/motorad.com\/es\/products\/termostatos\/termostatos-de-carcasa-integrada-motorad\/","url":"https:\/\/motorad.com\/es\/products\/termostatos\/termostatos-de-carcasa-integrada-motorad\/","name":"Termostatos con carcasa integrada de MotoRad - MotoRad","isPartOf":{"@id":"https:\/\/motorad.com\/es\/#website"},"primaryImageOfPage":{"@id":"https:\/\/motorad.com\/es\/products\/termostatos\/termostatos-de-carcasa-integrada-motorad\/#primaryimage"},"image":{"@id":"https:\/\/motorad.com\/es\/products\/termostatos\/termostatos-de-carcasa-integrada-motorad\/#primaryimage"},"thumbnailUrl":"https:\/\/motorad.com\/wp-content\/uploads\/2025\/04\/1050-180_Angle.jpg","datePublished":"2025-04-03T16:02:00+00:00","dateModified":"2026-03-17T14:32:54+00:00","description":"MotoRad - Termostatos con carcasa integrada de MotoRad","breadcrumb":{"@id":"https:\/\/motorad.com\/es\/products\/termostatos\/termostatos-de-carcasa-integrada-motorad\/#breadcrumb"},"inLanguage":"es","potentialAction":[{"@type":"ReadAction","target":["https:\/\/motorad.com\/es\/products\/termostatos\/termostatos-de-carcasa-integrada-motorad\/"]}]},{"@type":"ImageObject","inLanguage":"es","@id":"https:\/\/motorad.com\/es\/products\/termostatos\/termostatos-de-carcasa-integrada-motorad\/#primaryimage","url":"https:\/\/motorad.com\/wp-content\/uploads\/2025\/04\/1050-180_Angle.jpg","contentUrl":"https:\/\/motorad.com\/wp-content\/uploads\/2025\/04\/1050-180_Angle.jpg"},{"@type":"BreadcrumbList","@id":"https:\/\/motorad.com\/es\/products\/termostatos\/termostatos-de-carcasa-integrada-motorad\/#breadcrumb","itemListElement":[{"@type":"ListItem","position":1,"name":"Home","item":"https:\/\/motorad.com\/es\/"},{"@type":"ListItem","position":2,"name":"Products","item":"https:\/\/motoradnew.test\/es\/products\/"},{"@type":"ListItem","position":3,"name":"Termostatos","item":"https:\/\/motoradnew.test\/es\/products\/termostatos\/"},{"@type":"ListItem","position":4,"name":"Termostatos con carcasa integrada de MotoRad"}]},{"@type":"WebSite","@id":"https:\/\/motorad.com\/es\/#website","url":"https:\/\/motorad.com\/es\/","name":"MotoRad","description":"Trusted to Deliver Better - Thermal Management, Emissions, Powertrain Controls","publisher":{"@id":"https:\/\/motorad.com\/es\/#organization"},"potentialAction":[{"@type":"SearchAction","target":{"@type":"EntryPoint","urlTemplate":"https:\/\/motorad.com\/es\/?s={search_term_string}"},"query-input":{"@type":"PropertyValueSpecification","valueRequired":true,"valueName":"search_term_string"}}],"inLanguage":"es"},{"@type":"Organization","@id":"https:\/\/motorad.com\/es\/#organization","name":"MotoRad","url":"https:\/\/motorad.com\/es\/","logo":{"@type":"ImageObject","inLanguage":"es","@id":"https:\/\/motorad.com\/es\/#\/schema\/logo\/image\/","url":"https:\/\/motorad.com\/wp-content\/uploads\/2025\/01\/MotoRad_Logo.png","contentUrl":"https:\/\/motorad.com\/wp-content\/uploads\/2025\/01\/MotoRad_Logo.png","width":358,"height":102,"caption":"MotoRad"},"image":{"@id":"https:\/\/motorad.com\/es\/#\/schema\/logo\/image\/"},"sameAs":["https:\/\/www.facebook.com\/motoradusa","https:\/\/x.com\/MotoRadUSA","https:\/\/www.linkedin.com\/company\/motorad\/"]}]}},"_links":{"self":[{"href":"https:\/\/motorad.com\/es\/wp-json\/wp\/v2\/pages\/6036","targetHints":{"allow":["GET"]}}],"collection":[{"href":"https:\/\/motorad.com\/es\/wp-json\/wp\/v2\/pages"}],"about":[{"href":"https:\/\/motorad.com\/es\/wp-json\/wp\/v2\/types\/page"}],"author":[{"embeddable":true,"href":"https:\/\/motorad.com\/es\/wp-json\/wp\/v2\/users\/1"}],"replies":[{"embeddable":true,"href":"https:\/\/motorad.com\/es\/wp-json\/wp\/v2\/comments?post=6036"}],"version-history":[{"count":3,"href":"https:\/\/motorad.com\/es\/wp-json\/wp\/v2\/pages\/6036\/revisions"}],"predecessor-version":[{"id":87549,"href":"https:\/\/motorad.com\/es\/wp-json\/wp\/v2\/pages\/6036\/revisions\/87549"}],"up":[{"embeddable":true,"href":"https:\/\/motorad.com\/es\/wp-json\/wp\/v2\/pages\/6767"}],"wp:attachment":[{"href":"https:\/\/motorad.com\/es\/wp-json\/wp\/v2\/media?parent=6036"}],"curies":[{"name":"wp","href":"https:\/\/api.w.org\/{rel}","templated":true}]}}