{"id":6711,"date":"2025-04-03T15:52:13","date_gmt":"2025-04-03T15:52:13","guid":{"rendered":"https:\/\/motorad.com\/termostatos-fail-safe-de-motorad\/"},"modified":"2026-03-17T14:32:57","modified_gmt":"2026-03-17T14:32:57","slug":"termostatos-fail-safe-de-motorad","status":"publish","type":"page","link":"https:\/\/motorad.com\/es\/products\/termostatos\/termostatos-fail-safe-de-motorad\/","title":{"rendered":"Termostatos MotoRad Fail-Safe\u00ae"},"content":{"rendered":"<h1 style=\"margin-top:var(--wp--preset--spacing--60);margin-bottom:var(--wp--preset--spacing--60);\" class=\"wp-block-post-title\">Termostatos MotoRad Fail-Safe\u00ae<\/h1>\n<div class=\"wp-block-columns is-layout-flex wp-container-core-columns-is-layout-baf23659 wp-block-columns-is-layout-flex\" style=\"margin-bottom:var(--wp--preset--spacing--60)\">\n<div class=\"wp-block-column is-layout-flow wp-block-column-is-layout-flow\" style=\"flex-basis:33.33%\">\n<figure class=\"wp-block-image size-full\"><img loading=\"lazy\" decoding=\"async\" width=\"457\" height=\"204\" src=\"https:\/\/motorad.com\/wp-content\/uploads\/2025\/04\/Fail-Safe_Callout_web-1.jpg\" alt=\"\" class=\"wp-image-3401\" srcset=\"https:\/\/motorad.com\/wp-content\/uploads\/2025\/04\/Fail-Safe_Callout_web-1.jpg 457w, https:\/\/motorad.com\/wp-content\/uploads\/2025\/04\/Fail-Safe_Callout_web-1-300x134.jpg 300w\" sizes=\"auto, (max-width: 457px) 100vw, 457px\" \/><\/figure>\n<\/div>\n\n\n\n<div class=\"wp-block-column is-layout-flow wp-block-column-is-layout-flow\" style=\"flex-basis:66.66%\">\n<p>Los termostatos MotoRad\u00ae Fail-Safe\u00ae est\u00e1n dise\u00f1ados para ayudar a proteger tu motor cuando se produce un sobrecalentamiento. Basados en una tecnolog\u00eda patentada de primera calidad, ofrecen una protecci\u00f3n superior a cualquier otro termostato del mercado. <\/p>\n<\/div>\n<\/div>\n\n<figure class=\"wp-block-embed is-type-video is-provider-youtube wp-block-embed-youtube wp-embed-aspect-16-9 wp-has-aspect-ratio\" style=\"margin-bottom:var(--wp--preset--spacing--60)\"><div class=\"wp-block-embed__wrapper\">\n<iframe loading=\"lazy\" title=\"MotoRad Fail-Safe Thermostats\" width=\"500\" height=\"281\" src=\"https:\/\/www.youtube.com\/embed\/lhGBbCs7QBo?feature=oembed\" frameborder=\"0\" allow=\"accelerometer; autoplay; clipboard-write; encrypted-media; gyroscope; picture-in-picture; web-share\" referrerpolicy=\"strict-origin-when-cross-origin\" allowfullscreen><\/iframe>\n<\/div><\/figure>\n\n<div class=\"wp-block-columns is-layout-flex wp-container-core-columns-is-layout-baf23659 wp-block-columns-is-layout-flex\" style=\"margin-bottom:var(--wp--preset--spacing--60)\">\n<div class=\"wp-block-column has-palette-interactive-background-color has-background is-layout-flow wp-block-column-is-layout-flow\" style=\"padding-top:var(--wp--preset--spacing--40);padding-right:var(--wp--preset--spacing--40);padding-bottom:var(--wp--preset--spacing--40);padding-left:var(--wp--preset--spacing--40);flex-basis:33.33%\">\n<h2 class=\"wp-block-heading has-text-align-center has-palette-bg-alt-color has-text-color has-link-color wp-elements-6f4adea54d6d6924ee291f7169eaf37e\" id=\"h-did-you-know\"><em>\u00bfSab\u00edas que&#8230;?<\/em><\/h2>\n\n\n\n<p class=\"has-text-align-center has-palette-bg-alt-color has-text-color has-link-color wp-elements-21b09a783711b7c95eb3e74e824df325\"><em>El termostato patentado Fail-Safe<\/em> <em>es el \u00fanico termostato dise\u00f1ado para<\/em> <em>ayudar a proteger tu motor en<\/em> <em>caso de sobrecalentamiento.<\/em><\/p>\n\n\n\n<p class=\"has-text-align-center has-palette-bg-alt-color has-text-color has-link-color wp-elements-9f022c17ca77b7a158720303c3cb308a\"><em>El termostato Fail-Safe est\u00e1 dise\u00f1ado con una<\/em> <em>carrera adicional \u00fanica que permite el funcionamiento en<\/em> <em>dos etapas.<\/em><\/p>\n<\/div>\n\n\n\n<div class=\"wp-block-column is-vertically-aligned-center is-layout-flow wp-block-column-is-layout-flow\" style=\"flex-basis:66.66%\">\n<h3 class=\"wp-block-heading\" id=\"h-stage-1\" style=\"margin-bottom:var(--wp--preset--spacing--40)\"><em>Etapa 1<\/em><\/h3>\n\n\n\n<p style=\"margin-bottom:var(--wp--preset--spacing--60)\"><em>Dentro de las temperaturas normales de funcionamiento, el<\/em> <em>Fail-Safe\u00ae funciona igual que cualquier otro termostato.<\/em><\/p>\n\n\n\n<h3 class=\"wp-block-heading\" id=\"h-stage-2\" style=\"margin-bottom:var(--wp--preset--spacing--40)\"><em>Etapa 2<\/em> <\/h3>\n\n\n\n<p><em>Cuando el sobrecalentamiento se debe al deterioro de una pieza del sistema de refrigeraci\u00f3n,<\/em> <em>el Fail-Safe tiene una carrera secundaria que activa un<\/em> <em>pist\u00f3n de ingenier\u00eda de precisi\u00f3n que bloquea autom\u00e1ticamente la v\u00e1lvula en una<\/em> <em>posici\u00f3n totalmente abierta, permitiendo que el refrigerante circule libremente.<\/em><\/p>\n<\/div>\n<\/div>\n\n<p style=\"margin-bottom:var(--wp--preset--spacing--30)\">No te quedes tirado en el arc\u00e9n porque tu motor se haya sobrecalentado y tu termostato convencional haya fallado en posici\u00f3n cerrada, impidiendo que el refrigerante fluya hacia el motor. Compra el mejor termostato del mercado, el termostato Fail-Safe\u00ae de MotoRad\u00ae. \u00bfPor qu\u00e9 es el Fail-Safe el mejor termostato? Bajo temperaturas normales de funcionamiento, el Fail-Safe\u00ae funciona de la misma manera que un termostato convencional. Sin embargo, cuando tu veh\u00edculo se sobrecalienta debido al deterioro de una pieza del sistema de refrigeraci\u00f3n, un termostato est\u00e1ndar se bloquea en la posici\u00f3n cerrada, obstruyendo el flujo de refrigerante al motor. El termostato patentado Fail-Safe\u00ae de Motorad es el \u00fanico que se bloquea autom\u00e1ticamente en la posici\u00f3n abierta, permitiendo que el refrigerante circule libremente por todo el motor durante el proceso de sobrecalentamiento. Esto puede proteger tu motor de una reparaci\u00f3n mucho m\u00e1s costosa.       <\/p>\n\n<p style=\"margin-bottom:var(--wp--preset--spacing--30)\">Una vez que el termostato Fail-Safe\u00ae cumple su funci\u00f3n de permitir que el refrigerante siga fluyendo hacia el motor durante un sobrecalentamiento al bloquearse en la posici\u00f3n abierta, debes sustituirlo por uno nuevo. Existen los termostatos est\u00e1ndar y luego est\u00e1 el termostato Motorad Fail-Safe\u00ae. Pide el termostato Fail-Safe\u00ae de MotoRad\u00ae la pr\u00f3xima vez que necesites un termostato nuevo.   <\/p>\n\n<p style=\"margin-bottom:var(--wp--preset--spacing--60)\">Los termostatos MotoRad\u00ae cumplen o superan los est\u00e1ndares de equipo original (O.E.) y est\u00e1n probados y calibrados al 100 % para garantizar la temperatura correcta de inicio de apertura y la temperatura m\u00e1xima de apertura.<\/p>\n\n<div class=\"wp-block-buttons is-layout-flex wp-block-buttons-is-layout-flex\" style=\"margin-bottom:var(--wp--preset--spacing--70)\">\n<div class=\"wp-block-button\"><a class=\"wp-block-button__link wp-element-button\" href=\"https:\/\/motorad.com\/es\/products\/\">Encuentra tu termostato<\/a><\/div>\n<\/div>\n\n<div class=\"wp-block-cover alignfull is-light\" style=\"padding-top:var(--wp--preset--spacing--60);padding-bottom:var(--wp--preset--spacing--60)\"><span aria-hidden=\"true\" class=\"wp-block-cover__background has-background-dim-0 has-background-dim\" style=\"background-color:#ece5d9\"><\/span><img loading=\"lazy\" decoding=\"async\" width=\"1505\" height=\"305\" class=\"wp-block-cover__image-background wp-image-223\" alt=\"\" src=\"https:\/\/motorad.com\/wp-content\/uploads\/2025\/03\/FooterCTA.jpg\" data-object-fit=\"cover\" srcset=\"https:\/\/motorad.com\/wp-content\/uploads\/2025\/03\/FooterCTA.jpg 1505w, https:\/\/motorad.com\/wp-content\/uploads\/2025\/03\/FooterCTA-300x61.jpg 300w, https:\/\/motorad.com\/wp-content\/uploads\/2025\/03\/FooterCTA-1024x208.jpg 1024w, https:\/\/motorad.com\/wp-content\/uploads\/2025\/03\/FooterCTA-768x156.jpg 768w\" sizes=\"auto, (max-width: 1505px) 100vw, 1505px\" \/><div class=\"wp-block-cover__inner-container is-layout-flow wp-block-cover-is-layout-flow\">\n<div class=\"wp-block-columns are-vertically-aligned-center is-layout-flex wp-container-core-columns-is-layout-cbe57604 wp-block-columns-is-layout-flex\">\n<div class=\"wp-block-column is-vertically-aligned-center is-layout-flow wp-block-column-is-layout-flow\" style=\"flex-basis:45%\">\n<h2 class=\"wp-block-heading has-text-align-center has-palette-text-color has-text-color\" id=\"h-need-help-finding-the-right-product\" style=\"margin-bottom:var(--wp--preset--spacing--40)\">\u00bfNecesitas ayuda para encontrar el producto adecuado?<\/h2>\n\n\n\n<p class=\"has-text-align-center has-palette-text-color has-text-color\" style=\"margin-bottom:var(--wp--preset--spacing--50)\">Nuestro equipo especializado est\u00e1 aqu\u00ed para orientarte en la direcci\u00f3n correcta. Haz clic a continuaci\u00f3n y dinos c\u00f3mo podemos ayudarte a encontrar el producto ideal para tu necesidad. Tu viaje para experimentar MEJOR empieza aqu\u00ed.  <\/p>\n\n\n\n<div class=\"wp-block-buttons is-content-justification-center is-layout-flex wp-container-core-buttons-is-layout-a89b3969 wp-block-buttons-is-layout-flex\">\n<div class=\"wp-block-button\"><a class=\"wp-block-button__link has-text-align-center wp-element-button\" href=\"https:\/\/motorad.com\/contact\/need-help-finding-something\/\">Habla con un especialista de MotoRad<\/a><\/div>\n<\/div>\n<\/div>\n\n\n\n<div class=\"wp-block-column is-layout-flow wp-block-column-is-layout-flow\" style=\"flex-basis:10%\"><\/div>\n\n\n\n<div class=\"wp-block-column is-layout-flow wp-block-column-is-layout-flow\" style=\"flex-basis:45%\">\n<h2 class=\"wp-block-heading has-text-align-center has-palette-text-color has-text-color\" id=\"h-looking-for-custom-development\" style=\"margin-bottom:var(--wp--preset--spacing--40)\">\u00bfBuscas un desarrollo a medida?<\/h2>\n\n\n\n<p class=\"has-text-align-center has-palette-text-color has-text-color\" style=\"margin-bottom:var(--wp--preset--spacing--50)\">No nos limitamos a los productos, sino que creamos soluciones a medida que se adaptan a tus necesidades. \u00bfEst\u00e1s preparado para dar vida a tu nuevo proyecto? Haz clic a continuaci\u00f3n y embarqu\u00e9monos juntos en el viaje del desarrollo de productos personalizados.  <\/p>\n\n\n\n<div class=\"wp-block-buttons is-content-justification-center is-layout-flex wp-container-core-buttons-is-layout-a89b3969 wp-block-buttons-is-layout-flex\">\n<div class=\"wp-block-button is-style-fill\"><a class=\"wp-block-button__link has-palette-bg-color has-palette-text-background-color has-text-color has-background has-text-align-center wp-element-button\" href=\"https:\/\/motorad.com\/contact\/do-you-need-custom-development\/\">Queremos ser tu proveedor<\/a><\/div>\n<\/div>\n<\/div>\n<\/div>\n<\/div><\/div>\n","protected":false},"excerpt":{"rendered":"<p>Los termostatos MotoRad\u00ae Fail-Safe\u00ae est\u00e1n dise\u00f1ados para ayudar a proteger tu motor cuando se produce un sobrecalentamiento. Basados en una [&#8230;]<\/p>\n","protected":false},"author":1,"featured_media":0,"parent":6767,"menu_order":0,"comment_status":"closed","ping_status":"closed","template":"","meta":{"_acf_changed":false,"footnotes":""},"class_list":["post-6711","page","type-page","status-publish","hentry"],"acf":[],"yoast_head":"<!-- This site is optimized with the Yoast SEO Premium plugin v27.2 (Yoast SEO v27.2) - https:\/\/yoast.com\/product\/yoast-seo-premium-wordpress\/ -->\n<title>Termostatos MotoRad Fail-Safe\u00ae - MotoRad<\/title>\n<meta name=\"description\" content=\"Los termostatos Motorad Fail-Safe est\u00e1n dise\u00f1ados para evitar el sobrecalentamiento del motor y ofrecerte tranquilidad en la carretera. P\u00e1sate a los termostatos Motorad Fail-Safe para disfrutar de una regulaci\u00f3n de temperatura fiable y una conducci\u00f3n sin preocupaciones.\" \/>\n<meta name=\"robots\" content=\"index, follow, max-snippet:-1, max-image-preview:large, max-video-preview:-1\" \/>\n<link rel=\"canonical\" href=\"https:\/\/motorad.com\/es\/products\/termostatos\/termostatos-fail-safe-de-motorad\/\" \/>\n<meta property=\"og:locale\" content=\"es_ES\" \/>\n<meta property=\"og:type\" content=\"article\" \/>\n<meta property=\"og:title\" content=\"Termostatos MotoRad Fail-Safe\u00ae\" \/>\n<meta property=\"og:description\" content=\"Los termostatos Motorad Fail-Safe est\u00e1n dise\u00f1ados para evitar el sobrecalentamiento del motor y ofrecerte tranquilidad en la carretera. P\u00e1sate a los termostatos Motorad Fail-Safe para disfrutar de una regulaci\u00f3n de temperatura fiable y una conducci\u00f3n sin preocupaciones.\" \/>\n<meta property=\"og:url\" content=\"https:\/\/motorad.com\/es\/products\/termostatos\/termostatos-fail-safe-de-motorad\/\" \/>\n<meta property=\"og:site_name\" content=\"MotoRad\" \/>\n<meta property=\"article:publisher\" content=\"https:\/\/www.facebook.com\/motoradusa\" \/>\n<meta property=\"article:modified_time\" content=\"2026-03-17T14:32:57+00:00\" \/>\n<meta property=\"og:image\" content=\"https:\/\/motorad.com\/wp-content\/uploads\/2025\/04\/Fail-Safe_Callout_web-1.jpg\" \/>\n\t<meta property=\"og:image:width\" content=\"457\" \/>\n\t<meta property=\"og:image:height\" content=\"204\" \/>\n\t<meta property=\"og:image:type\" content=\"image\/jpeg\" \/>\n<meta name=\"twitter:card\" content=\"summary_large_image\" \/>\n<meta name=\"twitter:site\" content=\"@MotoRadUSA\" \/>\n<meta name=\"twitter:label1\" content=\"Est. reading time\" \/>\n\t<meta name=\"twitter:data1\" content=\"2 minutos\" \/>\n<script type=\"application\/ld+json\" class=\"yoast-schema-graph\">{\"@context\":\"https:\/\/schema.org\",\"@graph\":[{\"@type\":\"WebPage\",\"@id\":\"https:\/\/motorad.com\/es\/products\/termostatos\/termostatos-fail-safe-de-motorad\/\",\"url\":\"https:\/\/motorad.com\/es\/products\/termostatos\/termostatos-fail-safe-de-motorad\/\",\"name\":\"Termostatos MotoRad Fail-Safe\u00ae - MotoRad\",\"isPartOf\":{\"@id\":\"https:\/\/motorad.com\/es\/#website\"},\"primaryImageOfPage\":{\"@id\":\"https:\/\/motorad.com\/es\/products\/termostatos\/termostatos-fail-safe-de-motorad\/#primaryimage\"},\"image\":{\"@id\":\"https:\/\/motorad.com\/es\/products\/termostatos\/termostatos-fail-safe-de-motorad\/#primaryimage\"},\"thumbnailUrl\":\"https:\/\/motorad.com\/wp-content\/uploads\/2025\/04\/Fail-Safe_Callout_web-1.jpg\",\"datePublished\":\"2025-04-03T15:52:13+00:00\",\"dateModified\":\"2026-03-17T14:32:57+00:00\",\"description\":\"Los termostatos Motorad Fail-Safe est\u00e1n dise\u00f1ados para evitar el sobrecalentamiento del motor y ofrecerte tranquilidad en la carretera. P\u00e1sate a los termostatos Motorad Fail-Safe para disfrutar de una regulaci\u00f3n de temperatura fiable y una conducci\u00f3n sin preocupaciones.\",\"breadcrumb\":{\"@id\":\"https:\/\/motorad.com\/es\/products\/termostatos\/termostatos-fail-safe-de-motorad\/#breadcrumb\"},\"inLanguage\":\"es\",\"potentialAction\":[{\"@type\":\"ReadAction\",\"target\":[\"https:\/\/motorad.com\/es\/products\/termostatos\/termostatos-fail-safe-de-motorad\/\"]}]},{\"@type\":\"ImageObject\",\"inLanguage\":\"es\",\"@id\":\"https:\/\/motorad.com\/es\/products\/termostatos\/termostatos-fail-safe-de-motorad\/#primaryimage\",\"url\":\"https:\/\/motorad.com\/wp-content\/uploads\/2025\/04\/Fail-Safe_Callout_web-1.jpg\",\"contentUrl\":\"https:\/\/motorad.com\/wp-content\/uploads\/2025\/04\/Fail-Safe_Callout_web-1.jpg\"},{\"@type\":\"BreadcrumbList\",\"@id\":\"https:\/\/motorad.com\/es\/products\/termostatos\/termostatos-fail-safe-de-motorad\/#breadcrumb\",\"itemListElement\":[{\"@type\":\"ListItem\",\"position\":1,\"name\":\"Home\",\"item\":\"https:\/\/motorad.com\/es\/\"},{\"@type\":\"ListItem\",\"position\":2,\"name\":\"Products\",\"item\":\"https:\/\/motoradnew.test\/es\/products\/\"},{\"@type\":\"ListItem\",\"position\":3,\"name\":\"Termostatos\",\"item\":\"https:\/\/motoradnew.test\/es\/products\/termostatos\/\"},{\"@type\":\"ListItem\",\"position\":4,\"name\":\"Termostatos MotoRad Fail-Safe\u00ae\"}]},{\"@type\":\"WebSite\",\"@id\":\"https:\/\/motorad.com\/es\/#website\",\"url\":\"https:\/\/motorad.com\/es\/\",\"name\":\"MotoRad\",\"description\":\"Trusted to Deliver Better - Thermal Management, Emissions, Powertrain Controls\",\"publisher\":{\"@id\":\"https:\/\/motorad.com\/es\/#organization\"},\"potentialAction\":[{\"@type\":\"SearchAction\",\"target\":{\"@type\":\"EntryPoint\",\"urlTemplate\":\"https:\/\/motorad.com\/es\/?s={search_term_string}\"},\"query-input\":{\"@type\":\"PropertyValueSpecification\",\"valueRequired\":true,\"valueName\":\"search_term_string\"}}],\"inLanguage\":\"es\"},{\"@type\":\"Organization\",\"@id\":\"https:\/\/motorad.com\/es\/#organization\",\"name\":\"MotoRad\",\"url\":\"https:\/\/motorad.com\/es\/\",\"logo\":{\"@type\":\"ImageObject\",\"inLanguage\":\"es\",\"@id\":\"https:\/\/motorad.com\/es\/#\/schema\/logo\/image\/\",\"url\":\"https:\/\/motorad.com\/wp-content\/uploads\/2025\/01\/MotoRad_Logo.png\",\"contentUrl\":\"https:\/\/motorad.com\/wp-content\/uploads\/2025\/01\/MotoRad_Logo.png\",\"width\":358,\"height\":102,\"caption\":\"MotoRad\"},\"image\":{\"@id\":\"https:\/\/motorad.com\/es\/#\/schema\/logo\/image\/\"},\"sameAs\":[\"https:\/\/www.facebook.com\/motoradusa\",\"https:\/\/x.com\/MotoRadUSA\",\"https:\/\/www.linkedin.com\/company\/motorad\/\"]}]}<\/script>\n<!-- \/ Yoast SEO Premium plugin. -->","yoast_head_json":{"title":"Termostatos MotoRad Fail-Safe\u00ae - MotoRad","description":"Los termostatos Motorad Fail-Safe est\u00e1n dise\u00f1ados para evitar el sobrecalentamiento del motor y ofrecerte tranquilidad en la carretera. P\u00e1sate a los termostatos Motorad Fail-Safe para disfrutar de una regulaci\u00f3n de temperatura fiable y una conducci\u00f3n sin preocupaciones.","robots":{"index":"index","follow":"follow","max-snippet":"max-snippet:-1","max-image-preview":"max-image-preview:large","max-video-preview":"max-video-preview:-1"},"canonical":"https:\/\/motorad.com\/es\/products\/termostatos\/termostatos-fail-safe-de-motorad\/","og_locale":"es_ES","og_type":"article","og_title":"Termostatos MotoRad Fail-Safe\u00ae","og_description":"Los termostatos Motorad Fail-Safe est\u00e1n dise\u00f1ados para evitar el sobrecalentamiento del motor y ofrecerte tranquilidad en la carretera. P\u00e1sate a los termostatos Motorad Fail-Safe para disfrutar de una regulaci\u00f3n de temperatura fiable y una conducci\u00f3n sin preocupaciones.","og_url":"https:\/\/motorad.com\/es\/products\/termostatos\/termostatos-fail-safe-de-motorad\/","og_site_name":"MotoRad","article_publisher":"https:\/\/www.facebook.com\/motoradusa","article_modified_time":"2026-03-17T14:32:57+00:00","og_image":[{"width":457,"height":204,"url":"https:\/\/motorad.com\/wp-content\/uploads\/2025\/04\/Fail-Safe_Callout_web-1.jpg","type":"image\/jpeg"}],"twitter_card":"summary_large_image","twitter_site":"@MotoRadUSA","twitter_misc":{"Est. reading time":"2 minutos"},"schema":{"@context":"https:\/\/schema.org","@graph":[{"@type":"WebPage","@id":"https:\/\/motorad.com\/es\/products\/termostatos\/termostatos-fail-safe-de-motorad\/","url":"https:\/\/motorad.com\/es\/products\/termostatos\/termostatos-fail-safe-de-motorad\/","name":"Termostatos MotoRad Fail-Safe\u00ae - MotoRad","isPartOf":{"@id":"https:\/\/motorad.com\/es\/#website"},"primaryImageOfPage":{"@id":"https:\/\/motorad.com\/es\/products\/termostatos\/termostatos-fail-safe-de-motorad\/#primaryimage"},"image":{"@id":"https:\/\/motorad.com\/es\/products\/termostatos\/termostatos-fail-safe-de-motorad\/#primaryimage"},"thumbnailUrl":"https:\/\/motorad.com\/wp-content\/uploads\/2025\/04\/Fail-Safe_Callout_web-1.jpg","datePublished":"2025-04-03T15:52:13+00:00","dateModified":"2026-03-17T14:32:57+00:00","description":"Los termostatos Motorad Fail-Safe est\u00e1n dise\u00f1ados para evitar el sobrecalentamiento del motor y ofrecerte tranquilidad en la carretera. P\u00e1sate a los termostatos Motorad Fail-Safe para disfrutar de una regulaci\u00f3n de temperatura fiable y una conducci\u00f3n sin preocupaciones.","breadcrumb":{"@id":"https:\/\/motorad.com\/es\/products\/termostatos\/termostatos-fail-safe-de-motorad\/#breadcrumb"},"inLanguage":"es","potentialAction":[{"@type":"ReadAction","target":["https:\/\/motorad.com\/es\/products\/termostatos\/termostatos-fail-safe-de-motorad\/"]}]},{"@type":"ImageObject","inLanguage":"es","@id":"https:\/\/motorad.com\/es\/products\/termostatos\/termostatos-fail-safe-de-motorad\/#primaryimage","url":"https:\/\/motorad.com\/wp-content\/uploads\/2025\/04\/Fail-Safe_Callout_web-1.jpg","contentUrl":"https:\/\/motorad.com\/wp-content\/uploads\/2025\/04\/Fail-Safe_Callout_web-1.jpg"},{"@type":"BreadcrumbList","@id":"https:\/\/motorad.com\/es\/products\/termostatos\/termostatos-fail-safe-de-motorad\/#breadcrumb","itemListElement":[{"@type":"ListItem","position":1,"name":"Home","item":"https:\/\/motorad.com\/es\/"},{"@type":"ListItem","position":2,"name":"Products","item":"https:\/\/motoradnew.test\/es\/products\/"},{"@type":"ListItem","position":3,"name":"Termostatos","item":"https:\/\/motoradnew.test\/es\/products\/termostatos\/"},{"@type":"ListItem","position":4,"name":"Termostatos MotoRad Fail-Safe\u00ae"}]},{"@type":"WebSite","@id":"https:\/\/motorad.com\/es\/#website","url":"https:\/\/motorad.com\/es\/","name":"MotoRad","description":"Trusted to Deliver Better - Thermal Management, Emissions, Powertrain Controls","publisher":{"@id":"https:\/\/motorad.com\/es\/#organization"},"potentialAction":[{"@type":"SearchAction","target":{"@type":"EntryPoint","urlTemplate":"https:\/\/motorad.com\/es\/?s={search_term_string}"},"query-input":{"@type":"PropertyValueSpecification","valueRequired":true,"valueName":"search_term_string"}}],"inLanguage":"es"},{"@type":"Organization","@id":"https:\/\/motorad.com\/es\/#organization","name":"MotoRad","url":"https:\/\/motorad.com\/es\/","logo":{"@type":"ImageObject","inLanguage":"es","@id":"https:\/\/motorad.com\/es\/#\/schema\/logo\/image\/","url":"https:\/\/motorad.com\/wp-content\/uploads\/2025\/01\/MotoRad_Logo.png","contentUrl":"https:\/\/motorad.com\/wp-content\/uploads\/2025\/01\/MotoRad_Logo.png","width":358,"height":102,"caption":"MotoRad"},"image":{"@id":"https:\/\/motorad.com\/es\/#\/schema\/logo\/image\/"},"sameAs":["https:\/\/www.facebook.com\/motoradusa","https:\/\/x.com\/MotoRadUSA","https:\/\/www.linkedin.com\/company\/motorad\/"]}]}},"_links":{"self":[{"href":"https:\/\/motorad.com\/es\/wp-json\/wp\/v2\/pages\/6711","targetHints":{"allow":["GET"]}}],"collection":[{"href":"https:\/\/motorad.com\/es\/wp-json\/wp\/v2\/pages"}],"about":[{"href":"https:\/\/motorad.com\/es\/wp-json\/wp\/v2\/types\/page"}],"author":[{"embeddable":true,"href":"https:\/\/motorad.com\/es\/wp-json\/wp\/v2\/users\/1"}],"replies":[{"embeddable":true,"href":"https:\/\/motorad.com\/es\/wp-json\/wp\/v2\/comments?post=6711"}],"version-history":[{"count":3,"href":"https:\/\/motorad.com\/es\/wp-json\/wp\/v2\/pages\/6711\/revisions"}],"predecessor-version":[{"id":87558,"href":"https:\/\/motorad.com\/es\/wp-json\/wp\/v2\/pages\/6711\/revisions\/87558"}],"up":[{"embeddable":true,"href":"https:\/\/motorad.com\/es\/wp-json\/wp\/v2\/pages\/6767"}],"wp:attachment":[{"href":"https:\/\/motorad.com\/es\/wp-json\/wp\/v2\/media?parent=6711"}],"curies":[{"name":"wp","href":"https:\/\/api.w.org\/{rel}","templated":true}]}}