{"id":6785,"date":"2025-04-03T14:52:36","date_gmt":"2025-04-03T14:52:36","guid":{"rendered":"https:\/\/motorad.com\/recursos\/certificados\/"},"modified":"2026-03-17T14:33:10","modified_gmt":"2026-03-17T14:33:10","slug":"certificados","status":"publish","type":"page","link":"https:\/\/motorad.com\/es\/recursos\/certificados\/","title":{"rendered":"Certificados"},"content":{"rendered":"\n<div class=\"wp-block-cover alignfull is-light\" style=\"min-height:274px;aspect-ratio:unset;\"><img decoding=\"async\" class=\"wp-block-cover__image-background wp-image-85369\" alt=\"\" src=\"https:\/\/motorad.com\/wp-content\/uploads\/Road_into_Light_2-scaled.jpg\" style=\"object-position:50% 44%\" data-object-fit=\"cover\" data-object-position=\"50% 44%\"\/><span aria-hidden=\"true\" class=\"wp-block-cover__background has-background-dim-0 has-background-dim\"><\/span><div class=\"wp-block-cover__inner-container is-layout-flow wp-block-cover-is-layout-flow\">\n<h1 class=\"wp-block-heading has-palette-text-color has-text-color\" id=\"h-certificates\">Certificados<\/h1>\n<\/div><\/div>\n<div class=\"yoast-breadcrumbs\"><span><span><a href=\"https:\/\/motorad.com\/es\/\">Home<\/a><\/span> \u00bb <span><a href=\"https:\/\/motoradnew.test\/recursos\/\">Recursos<\/a><\/span> \u00bb <span class=\"breadcrumb_last\" aria-current=\"page\">Certificados<\/span><\/span><\/div>\n<div style=\"height:53px\" aria-hidden=\"true\" class=\"wp-block-spacer\"><\/div>\n\n<h3 class=\"wp-block-heading\"><strong>Nuestra promesa: calidad y excelencia inquebrantables<\/strong><\/h3>\n\n<p>En MotoRad nos mueve un compromiso incansable con la calidad, la precisi\u00f3n y la excelencia. Nuestra dedicaci\u00f3n a ofrecer productos y servicios superiores a nuestros clientes est\u00e1 en el centro de todo lo que hacemos. Entendemos que la calidad no es solo un est\u00e1ndar; es una promesa que hacemos a nuestros clientes, socios y partes interesadas en todo el mundo.  <\/p>\n\n<hr class=\"wp-block-separator has-alpha-channel-opacity\" style=\"margin-top:var(--wp--preset--spacing--40);margin-bottom:var(--wp--preset--spacing--40)\"\/>\n\n<h3 class=\"wp-block-heading\"><strong>Certificaci\u00f3n: un testimonio de nuestros est\u00e1ndares<\/strong><\/h3>\n\n<p>Nuestro compromiso con la calidad se ve reforzado por nuestros rigurosos procesos de certificaci\u00f3n. MotoRad se enorgullece de contar con diversas certificaciones que validan nuestro cumplimiento de las normas internacionales de calidad y las mejores pr\u00e1cticas. Estas certificaciones son un testimonio de nuestro compromiso inquebrantable con la excelencia y la mejora continua.  <\/p>\n\n<p>Explora nuestras certificaciones <a href=\"https:\/\/motorad.com\/es\/recursos\/certificados\/\">aqu\u00ed<\/a> para saber m\u00e1s sobre los altos est\u00e1ndares que mantenemos en todos los aspectos de nuestro negocio.<\/p>\n\n<h3 class=\"wp-block-heading\" style=\"margin-top:var(--wp--preset--spacing--50);margin-right:0;margin-bottom:var(--wp--preset--spacing--50);margin-left:0\"><strong>\u00bfPor qu\u00e9 elegir MotoRad?<\/strong><\/h3>\n\n<ul class=\"wp-block-list\">\n<li><strong>Calidad sin concesiones:<\/strong> Nuestros productos se someten a rigurosas pruebas e inspecciones para garantizar que cumplen los m\u00e1s altos est\u00e1ndares de calidad.<\/li>\n\n\n\n<li><strong>Experiencia:<\/strong> Con a\u00f1os de experiencia en el sector, nuestro equipo de profesionales se dedica a ofrecer soluciones innovadoras que superan las expectativas de los clientes.<\/li>\n\n\n\n<li><strong>Reconocimiento global:<\/strong> Nuestras certificaciones est\u00e1n reconocidas a nivel mundial, lo que refleja nuestro compromiso con la calidad a escala internacional.<\/li>\n<\/ul>\n\n<hr class=\"wp-block-separator has-alpha-channel-opacity\" style=\"margin-top:var(--wp--preset--spacing--40);margin-bottom:var(--wp--preset--spacing--40)\"\/>\n\n<div class=\"wp-block-columns alignwide is-layout-flex wp-container-core-columns-is-layout-e0fb3f8c wp-block-columns-is-layout-flex\" style=\"margin-top:var(--wp--preset--spacing--50);margin-bottom:var(--wp--preset--spacing--50)\">\n<div class=\"wp-block-column is-layout-flow wp-container-core-column-is-layout-119bc444 wp-block-column-is-layout-flow\">\n<figure class=\"wp-block-image size-full\"><a href=\"https:\/\/motorad.com\/wp-content\/uploads\/MAP14001.pdf\"><img decoding=\"async\" src=\"https:\/\/motorad.com\/wp-content\/uploads\/MAP-14001-1-1-300x214-1.jpg\" alt=\"\" class=\"wp-image-85682\" style=\"object-fit:cover\"\/><\/a><\/figure>\n\n\n\n<p class=\"has-text-align-center\">Por la presente se certifica que el Sistema de Gesti\u00f3n Ambiental de<\/p>\n\n\n\n<p class=\"has-text-align-center\"><a href=\"https:\/\/motorad.com\/wp-content\/uploads\/MAP-14001.pdf\"><strong>M.A.P. MOTORAD <\/strong><br\/><strong>AUTOMOTIVE PARTS LTD<\/strong><\/a><br\/>Industrial Park Bar Lev , Misgav , Israel<\/p>\n\n\n\n<p class=\"has-text-align-center\">Ha sido evaluado y cumple los requisitos de:<\/p>\n\n\n\n<p class=\"has-text-align-center\"><strong><a href=\"https:\/\/motorad.com\/wp-content\/uploads\/MAP-14001.pdf\">ISO 14001:2015<\/a><\/strong><\/p>\n\n\n\n<p class=\"has-text-align-center\">Este certificado es aplicable a<\/p>\n\n\n\n<p class=\"has-text-align-center\"><strong>Dise\u00f1o y fabricaci\u00f3n de termostatos para la industria de la automoci\u00f3n.<\/strong><\/p>\n<\/div>\n\n\n\n<div class=\"wp-block-column is-layout-flow wp-container-core-column-is-layout-119bc444 wp-block-column-is-layout-flow\">\n<figure class=\"wp-block-image size-full\"><a href=\"https:\/\/motorad.com\/wp-content\/uploads\/MAP-45001.pdf\"><img decoding=\"async\" src=\"https:\/\/motorad.com\/wp-content\/uploads\/MAP-45001-1-1-300x214-1.jpg\" alt=\"\" class=\"wp-image-85690\"\/><\/a><\/figure>\n\n\n\n<p class=\"has-text-align-center\">Por la presente se certifica que los Sistemas de Gesti\u00f3n de Seguridad y Salud en el Trabajo de<\/p>\n\n\n\n<p class=\"has-text-align-center\"><a href=\"https:\/\/motorad.com\/wp-content\/uploads\/MAP-45001.pdf\"><strong>M.A.P. MOTORAD <\/strong><br\/><strong>AUTOMOTIVE PARTS LTD<\/strong><\/a><br\/>Industrial Park Bar Lev , Misgav , Israel<\/p>\n\n\n\n<p class=\"has-text-align-center\">Ha sido evaluado y cumple los requisitos de:<\/p>\n\n\n\n<p class=\"has-text-align-center\"><strong><a href=\"https:\/\/motorad.com\/wp-content\/uploads\/MAP-45001.pdf\">ISO 45001:2018<\/a><\/strong><\/p>\n\n\n\n<p class=\"has-text-align-center\">Este certificado es aplicable a<\/p>\n\n\n\n<p class=\"has-text-align-center\"><strong>Dise\u00f1o y fabricaci\u00f3n de termostatos para la industria de la automoci\u00f3n.<\/strong><\/p>\n<\/div>\n\n\n\n<div class=\"wp-block-column is-layout-flow wp-container-core-column-is-layout-4515c614 wp-block-column-is-layout-flow\" style=\"padding-right:0;padding-left:0\">\n<figure class=\"wp-block-image size-full\"><a href=\"https:\/\/motorad.com\/wp-content\/uploads\/MotoRad-9001-Certificate-.pdf\"><img decoding=\"async\" src=\"https:\/\/motorad.com\/wp-content\/uploads\/cert2-300x214-1.jpg\" alt=\"\" class=\"wp-image-85681\"\/><\/a><\/figure>\n\n\n\n<p class=\"has-text-align-center\">Este certificado ha sido otorgado a<\/p>\n\n\n\n<p class=\"has-text-align-center\"><strong><a href=\"https:\/\/motorad.com\/wp-content\/uploads\/MotoRad-9001-Certificate-.pdf\">M.A.P MotoRad Automotive Parts Ltd<\/a><\/strong><br\/>Bar-Lev Industrial Park, Misgav, 20179, Israel<\/p>\n\n\n\n<p class=\"has-text-align-center\">Reconocimiento del Sistema de Gesti\u00f3n de la Calidad de la organizaci\u00f3n, que cumple con<br\/><strong><a href=\"https:\/\/motorad.com\/wp-content\/uploads\/MOTORAD-9001-Cert-valit-till-2024.pdf\">ISO 9001:2015<\/a><\/strong><\/p>\n\n\n\n<p class=\"has-text-align-center\">El alcance de las actividades cubiertas por este certificado se define a continuaci\u00f3n<\/p>\n\n\n\n<p class=\"has-text-align-center\"><strong>Dise\u00f1o y fabricaci\u00f3n de termostatos y tapones<\/strong><\/p>\n<\/div>\n\n\n\n<div class=\"wp-block-column is-layout-flow wp-container-core-column-is-layout-119bc444 wp-block-column-is-layout-flow\">\n<figure class=\"wp-block-image size-full\"><a href=\"https:\/\/motorad.com\/wp-content\/uploads\/MotoRad-IATF-Certificate-.pdf\"><img decoding=\"async\" src=\"https:\/\/motorad.com\/wp-content\/uploads\/cert1-300x214-1.jpg\" alt=\"\" class=\"wp-image-85680\"\/><\/a><\/figure>\n\n\n\n<p class=\"has-text-align-center\">Este certificado ha sido otorgado a<\/p>\n\n\n\n<p class=\"has-text-align-center\"><a href=\"https:\/\/motorad.com\/wp-content\/uploads\/MotoRad-IATF-Certificate-.pdf\"><strong>M.A.P MotoRad Automotive Parts Ltd<\/strong><br\/><\/a>Bar-Lev Industrial Park, Misgav, 20179, Israel<\/p>\n\n\n\n<p class=\"has-text-align-center\">en reconocimiento del Sistema de Gesti\u00f3n de la Calidad de la organizaci\u00f3n, que cumple con<br\/><strong>IATF 16949:2016<\/strong><\/p>\n\n\n\n<p class=\"has-text-align-center\">El alcance de las actividades cubiertas por este certificado se define a continuaci\u00f3n<\/p>\n\n\n\n<p class=\"has-text-align-center\"><strong>Dise\u00f1o y fabricaci\u00f3n de termostatos y tapones<\/strong><\/p>\n<\/div>\n\n\n\n<div class=\"wp-block-column is-layout-flow wp-container-core-column-is-layout-119bc444 wp-block-column-is-layout-flow\">\n<figure class=\"wp-block-image size-full\"><a href=\"https:\/\/motorad.com\/wp-content\/uploads\/MOTORAD.pdf\"><img loading=\"lazy\" decoding=\"async\" width=\"917\" height=\"1286\" src=\"https:\/\/motorad.com\/wp-content\/uploads\/Screenshot-2025-12-08-at-8.25.42-AM.png\" alt=\"\" class=\"wp-image-86678\"\/><\/a><\/figure>\n\n\n\n<p class=\"has-text-align-center\">Este certificado confirma que el sistema de gesti\u00f3n de la calidad de<\/p>\n\n\n\n<p class=\"has-text-align-center\"><a href=\"https:\/\/motorad.com\/wp-content\/uploads\/MOTORAD.pdf\"><strong>MOTORAD DE MEXICO S.A. DE C.V. y MOTORAD DISTRIBUTION DE MEXICO S.A. DE C.V.,<\/strong> <\/a><br\/>Luis Donaldo Colosio 292, Parque Industrial el Sabinal, Apodaca, Nuevo Le\u00f3n, C.P. 66645,<\/p>\n\n\n\n<p class=\"has-text-align-center\">Se ha comprobado que cumple con la norma NMX-CC-9001-IMNC-2015 ISO 9001:2015.  <\/p>\n<\/div>\n<\/div>\n\n<p><\/p>\n","protected":false},"excerpt":{"rendered":"<p>Nuestra promesa: calidad y excelencia inquebrantables En MotoRad nos mueve un compromiso incansable con la calidad, la precisi\u00f3n y la [&#8230;]<\/p>\n","protected":false},"author":1,"featured_media":0,"parent":5990,"menu_order":0,"comment_status":"closed","ping_status":"closed","template":"","meta":{"_acf_changed":false,"footnotes":""},"class_list":["post-6785","page","type-page","status-publish","hentry"],"acf":[],"yoast_head":"<!-- This site is optimized with the Yoast SEO Premium plugin v27.2 (Yoast SEO v27.2) - https:\/\/yoast.com\/product\/yoast-seo-premium-wordpress\/ -->\n<title>Certificados - MotoRad<\/title>\n<meta name=\"description\" content=\"Las certificaciones de MotoRad, que avalan nuestro firme compromiso con las normas internacionales de calidad y las mejores pr\u00e1cticas del sector de la automoci\u00f3n. Descubre los altos est\u00e1ndares que mantenemos en todos los \u00e1mbitos de nuestro negocio.\" \/>\n<meta name=\"robots\" content=\"index, follow, max-snippet:-1, max-image-preview:large, max-video-preview:-1\" \/>\n<link rel=\"canonical\" href=\"https:\/\/motorad.com\/es\/recursos\/certificados\/\" \/>\n<meta property=\"og:locale\" content=\"es_ES\" \/>\n<meta property=\"og:type\" content=\"article\" \/>\n<meta property=\"og:title\" content=\"Certificados\" \/>\n<meta property=\"og:description\" content=\"Las certificaciones de MotoRad, que avalan nuestro firme compromiso con las normas internacionales de calidad y las mejores pr\u00e1cticas del sector de la automoci\u00f3n. Descubre los altos est\u00e1ndares que mantenemos en todos los \u00e1mbitos de nuestro negocio.\" \/>\n<meta property=\"og:url\" content=\"https:\/\/motorad.com\/es\/recursos\/certificados\/\" \/>\n<meta property=\"og:site_name\" content=\"MotoRad\" \/>\n<meta property=\"article:publisher\" content=\"https:\/\/www.facebook.com\/motoradusa\" \/>\n<meta property=\"article:modified_time\" content=\"2026-03-17T14:33:10+00:00\" \/>\n<meta property=\"og:image\" content=\"https:\/\/motorad.com\/wp-content\/uploads\/2025\/03\/oem-back.jpg\" \/>\n\t<meta property=\"og:image:width\" content=\"1500\" \/>\n\t<meta property=\"og:image:height\" content=\"667\" \/>\n\t<meta property=\"og:image:type\" content=\"image\/jpeg\" \/>\n<meta name=\"twitter:card\" content=\"summary_large_image\" \/>\n<meta name=\"twitter:site\" content=\"@MotoRadUSA\" \/>\n<meta name=\"twitter:label1\" content=\"Est. reading time\" \/>\n\t<meta name=\"twitter:data1\" content=\"3 minutos\" \/>\n<script type=\"application\/ld+json\" class=\"yoast-schema-graph\">{\"@context\":\"https:\/\/schema.org\",\"@graph\":[{\"@type\":\"WebPage\",\"@id\":\"https:\/\/motorad.com\/es\/recursos\/certificados\/\",\"url\":\"https:\/\/motorad.com\/es\/recursos\/certificados\/\",\"name\":\"Certificados - MotoRad\",\"isPartOf\":{\"@id\":\"https:\/\/motorad.com\/es\/#website\"},\"primaryImageOfPage\":{\"@id\":\"https:\/\/motorad.com\/es\/recursos\/certificados\/#primaryimage\"},\"image\":{\"@id\":\"https:\/\/motorad.com\/es\/recursos\/certificados\/#primaryimage\"},\"thumbnailUrl\":\"https:\/\/motorad.com\/wp-content\/uploads\/Road_into_Light_2-scaled.jpg\",\"datePublished\":\"2025-04-03T14:52:36+00:00\",\"dateModified\":\"2026-03-17T14:33:10+00:00\",\"description\":\"Las certificaciones de MotoRad, que avalan nuestro firme compromiso con las normas internacionales de calidad y las mejores pr\u00e1cticas del sector de la automoci\u00f3n. Descubre los altos est\u00e1ndares que mantenemos en todos los \u00e1mbitos de nuestro negocio.\",\"breadcrumb\":{\"@id\":\"https:\/\/motorad.com\/es\/recursos\/certificados\/#breadcrumb\"},\"inLanguage\":\"es\",\"potentialAction\":[{\"@type\":\"ReadAction\",\"target\":[\"https:\/\/motorad.com\/es\/recursos\/certificados\/\"]}]},{\"@type\":\"ImageObject\",\"inLanguage\":\"es\",\"@id\":\"https:\/\/motorad.com\/es\/recursos\/certificados\/#primaryimage\",\"url\":\"https:\/\/motorad.com\/wp-content\/uploads\/Road_into_Light_2-scaled.jpg\",\"contentUrl\":\"https:\/\/motorad.com\/wp-content\/uploads\/Road_into_Light_2-scaled.jpg\"},{\"@type\":\"BreadcrumbList\",\"@id\":\"https:\/\/motorad.com\/es\/recursos\/certificados\/#breadcrumb\",\"itemListElement\":[{\"@type\":\"ListItem\",\"position\":1,\"name\":\"Home\",\"item\":\"https:\/\/motorad.com\/es\/\"},{\"@type\":\"ListItem\",\"position\":2,\"name\":\"Recursos\",\"item\":\"https:\/\/motoradnew.test\/recursos\/\"},{\"@type\":\"ListItem\",\"position\":3,\"name\":\"Certificados\"}]},{\"@type\":\"WebSite\",\"@id\":\"https:\/\/motorad.com\/es\/#website\",\"url\":\"https:\/\/motorad.com\/es\/\",\"name\":\"MotoRad\",\"description\":\"Trusted to Deliver Better - Thermal Management, Emissions, Powertrain Controls\",\"publisher\":{\"@id\":\"https:\/\/motorad.com\/es\/#organization\"},\"potentialAction\":[{\"@type\":\"SearchAction\",\"target\":{\"@type\":\"EntryPoint\",\"urlTemplate\":\"https:\/\/motorad.com\/es\/?s={search_term_string}\"},\"query-input\":{\"@type\":\"PropertyValueSpecification\",\"valueRequired\":true,\"valueName\":\"search_term_string\"}}],\"inLanguage\":\"es\"},{\"@type\":\"Organization\",\"@id\":\"https:\/\/motorad.com\/es\/#organization\",\"name\":\"MotoRad\",\"url\":\"https:\/\/motorad.com\/es\/\",\"logo\":{\"@type\":\"ImageObject\",\"inLanguage\":\"es\",\"@id\":\"https:\/\/motorad.com\/es\/#\/schema\/logo\/image\/\",\"url\":\"https:\/\/motorad.com\/wp-content\/uploads\/2025\/01\/MotoRad_Logo.png\",\"contentUrl\":\"https:\/\/motorad.com\/wp-content\/uploads\/2025\/01\/MotoRad_Logo.png\",\"width\":358,\"height\":102,\"caption\":\"MotoRad\"},\"image\":{\"@id\":\"https:\/\/motorad.com\/es\/#\/schema\/logo\/image\/\"},\"sameAs\":[\"https:\/\/www.facebook.com\/motoradusa\",\"https:\/\/x.com\/MotoRadUSA\",\"https:\/\/www.linkedin.com\/company\/motorad\/\"]}]}<\/script>\n<!-- \/ Yoast SEO Premium plugin. -->","yoast_head_json":{"title":"Certificados - MotoRad","description":"Las certificaciones de MotoRad, que avalan nuestro firme compromiso con las normas internacionales de calidad y las mejores pr\u00e1cticas del sector de la automoci\u00f3n. Descubre los altos est\u00e1ndares que mantenemos en todos los \u00e1mbitos de nuestro negocio.","robots":{"index":"index","follow":"follow","max-snippet":"max-snippet:-1","max-image-preview":"max-image-preview:large","max-video-preview":"max-video-preview:-1"},"canonical":"https:\/\/motorad.com\/es\/recursos\/certificados\/","og_locale":"es_ES","og_type":"article","og_title":"Certificados","og_description":"Las certificaciones de MotoRad, que avalan nuestro firme compromiso con las normas internacionales de calidad y las mejores pr\u00e1cticas del sector de la automoci\u00f3n. Descubre los altos est\u00e1ndares que mantenemos en todos los \u00e1mbitos de nuestro negocio.","og_url":"https:\/\/motorad.com\/es\/recursos\/certificados\/","og_site_name":"MotoRad","article_publisher":"https:\/\/www.facebook.com\/motoradusa","article_modified_time":"2026-03-17T14:33:10+00:00","og_image":[{"width":1500,"height":667,"url":"https:\/\/motorad.com\/wp-content\/uploads\/2025\/03\/oem-back.jpg","type":"image\/jpeg"}],"twitter_card":"summary_large_image","twitter_site":"@MotoRadUSA","twitter_misc":{"Est. reading time":"3 minutos"},"schema":{"@context":"https:\/\/schema.org","@graph":[{"@type":"WebPage","@id":"https:\/\/motorad.com\/es\/recursos\/certificados\/","url":"https:\/\/motorad.com\/es\/recursos\/certificados\/","name":"Certificados - MotoRad","isPartOf":{"@id":"https:\/\/motorad.com\/es\/#website"},"primaryImageOfPage":{"@id":"https:\/\/motorad.com\/es\/recursos\/certificados\/#primaryimage"},"image":{"@id":"https:\/\/motorad.com\/es\/recursos\/certificados\/#primaryimage"},"thumbnailUrl":"https:\/\/motorad.com\/wp-content\/uploads\/Road_into_Light_2-scaled.jpg","datePublished":"2025-04-03T14:52:36+00:00","dateModified":"2026-03-17T14:33:10+00:00","description":"Las certificaciones de MotoRad, que avalan nuestro firme compromiso con las normas internacionales de calidad y las mejores pr\u00e1cticas del sector de la automoci\u00f3n. Descubre los altos est\u00e1ndares que mantenemos en todos los \u00e1mbitos de nuestro negocio.","breadcrumb":{"@id":"https:\/\/motorad.com\/es\/recursos\/certificados\/#breadcrumb"},"inLanguage":"es","potentialAction":[{"@type":"ReadAction","target":["https:\/\/motorad.com\/es\/recursos\/certificados\/"]}]},{"@type":"ImageObject","inLanguage":"es","@id":"https:\/\/motorad.com\/es\/recursos\/certificados\/#primaryimage","url":"https:\/\/motorad.com\/wp-content\/uploads\/Road_into_Light_2-scaled.jpg","contentUrl":"https:\/\/motorad.com\/wp-content\/uploads\/Road_into_Light_2-scaled.jpg"},{"@type":"BreadcrumbList","@id":"https:\/\/motorad.com\/es\/recursos\/certificados\/#breadcrumb","itemListElement":[{"@type":"ListItem","position":1,"name":"Home","item":"https:\/\/motorad.com\/es\/"},{"@type":"ListItem","position":2,"name":"Recursos","item":"https:\/\/motoradnew.test\/recursos\/"},{"@type":"ListItem","position":3,"name":"Certificados"}]},{"@type":"WebSite","@id":"https:\/\/motorad.com\/es\/#website","url":"https:\/\/motorad.com\/es\/","name":"MotoRad","description":"Trusted to Deliver Better - Thermal Management, Emissions, Powertrain Controls","publisher":{"@id":"https:\/\/motorad.com\/es\/#organization"},"potentialAction":[{"@type":"SearchAction","target":{"@type":"EntryPoint","urlTemplate":"https:\/\/motorad.com\/es\/?s={search_term_string}"},"query-input":{"@type":"PropertyValueSpecification","valueRequired":true,"valueName":"search_term_string"}}],"inLanguage":"es"},{"@type":"Organization","@id":"https:\/\/motorad.com\/es\/#organization","name":"MotoRad","url":"https:\/\/motorad.com\/es\/","logo":{"@type":"ImageObject","inLanguage":"es","@id":"https:\/\/motorad.com\/es\/#\/schema\/logo\/image\/","url":"https:\/\/motorad.com\/wp-content\/uploads\/2025\/01\/MotoRad_Logo.png","contentUrl":"https:\/\/motorad.com\/wp-content\/uploads\/2025\/01\/MotoRad_Logo.png","width":358,"height":102,"caption":"MotoRad"},"image":{"@id":"https:\/\/motorad.com\/es\/#\/schema\/logo\/image\/"},"sameAs":["https:\/\/www.facebook.com\/motoradusa","https:\/\/x.com\/MotoRadUSA","https:\/\/www.linkedin.com\/company\/motorad\/"]}]}},"_links":{"self":[{"href":"https:\/\/motorad.com\/es\/wp-json\/wp\/v2\/pages\/6785","targetHints":{"allow":["GET"]}}],"collection":[{"href":"https:\/\/motorad.com\/es\/wp-json\/wp\/v2\/pages"}],"about":[{"href":"https:\/\/motorad.com\/es\/wp-json\/wp\/v2\/types\/page"}],"author":[{"embeddable":true,"href":"https:\/\/motorad.com\/es\/wp-json\/wp\/v2\/users\/1"}],"replies":[{"embeddable":true,"href":"https:\/\/motorad.com\/es\/wp-json\/wp\/v2\/comments?post=6785"}],"version-history":[{"count":3,"href":"https:\/\/motorad.com\/es\/wp-json\/wp\/v2\/pages\/6785\/revisions"}],"predecessor-version":[{"id":87599,"href":"https:\/\/motorad.com\/es\/wp-json\/wp\/v2\/pages\/6785\/revisions\/87599"}],"up":[{"embeddable":true,"href":"https:\/\/motorad.com\/es\/wp-json\/wp\/v2\/pages\/5990"}],"wp:attachment":[{"href":"https:\/\/motorad.com\/es\/wp-json\/wp\/v2\/media?parent=6785"}],"curies":[{"name":"wp","href":"https:\/\/api.w.org\/{rel}","templated":true}]}}