{"id":5837,"date":"2025-04-04T12:23:17","date_gmt":"2025-04-04T12:23:17","guid":{"rendered":"https:\/\/motorad.com\/systeme-evap\/"},"modified":"2025-07-17T13:56:09","modified_gmt":"2025-07-17T13:56:09","slug":"systeme-evap","status":"publish","type":"page","link":"https:\/\/motorad.com\/fr\/produits\/systeme-evap\/","title":{"rendered":"Syst\u00e8me EVAP"},"content":{"rendered":"\n<h2 class=\"wp-block-heading\" id=\"h-motorad-evaporative-emissions-products\" style=\"margin-top:var(--wp--preset--spacing--60);margin-bottom:var(--wp--preset--spacing--60)\">Produits d&rsquo;\u00e9missions \u00e9vaporatives MotoRad<\/h2>\n\n<div class=\"wp-block-columns is-layout-flex wp-container-core-columns-is-layout-1fc7b8c3 wp-block-columns-is-layout-flex\" style=\"margin-top:0;margin-bottom:0;padding-right:0;padding-left:0\">\n<div class=\"wp-block-column is-vertically-aligned-center is-layout-flow wp-block-column-is-layout-flow\">\n<figure class=\"wp-block-image alignright size-medium is-resized\"><img loading=\"lazy\" decoding=\"async\" width=\"300\" height=\"125\" src=\"https:\/\/motorad.com\/wp-content\/uploads\/2025\/04\/24-evap-icon-1-300x125.jpg\" alt=\"\" class=\"wp-image-4518\" style=\"width:200px\" srcset=\"https:\/\/motorad.com\/wp-content\/uploads\/2025\/04\/24-evap-icon-1-300x125.jpg 300w, https:\/\/motorad.com\/wp-content\/uploads\/2025\/04\/24-evap-icon-1-1024x425.jpg 1024w, https:\/\/motorad.com\/wp-content\/uploads\/2025\/04\/24-evap-icon-1-768x319.jpg 768w, https:\/\/motorad.com\/wp-content\/uploads\/2025\/04\/24-evap-icon-1.jpg 1200w\" sizes=\"auto, (max-width: 300px) 100vw, 300px\" \/><\/figure>\n\n\n\n<div style=\"height:5px\" aria-hidden=\"true\" class=\"wp-block-spacer\"><\/div>\n\n\n\n<p class=\"has-text-align-right\"><strong>Les produits d&rsquo;\u00e9missions \u00e9vaporatives Premium de MotoRad garantissent les performances optimales du syst\u00e8me de contr\u00f4le des \u00e9missions d&rsquo;un v\u00e9hicule. Con\u00e7us avec pr\u00e9cision et fabriqu\u00e9s pour une performance durable, ces nouveaux produits assurent la conformit\u00e9 de votre v\u00e9hicule aux r\u00e9glementations environnementales. Pour des \u00e9missions plus propres, une efficacit\u00e9 et des performances optimales, ainsi qu&rsquo;un avenir plus \u00e9cologique, faites confiance au programme d&rsquo;\u00e9missions \u00e9vaporatives de MotoRad.  <\/strong><br\/><\/p>\n<\/div>\n\n\n\n<div class=\"wp-block-column is-vertically-aligned-center is-layout-flow wp-block-column-is-layout-flow\">\n<figure class=\"wp-block-image aligncenter size-full\"><img loading=\"lazy\" decoding=\"async\" width=\"2560\" height=\"1707\" src=\"https:\/\/motorad.com\/wp-content\/uploads\/2025\/04\/evap1-scaled-1.jpg\" alt=\"\" class=\"wp-image-4530\" srcset=\"https:\/\/motorad.com\/wp-content\/uploads\/2025\/04\/evap1-scaled-1.jpg 2560w, https:\/\/motorad.com\/wp-content\/uploads\/2025\/04\/evap1-scaled-1-300x200.jpg 300w, https:\/\/motorad.com\/wp-content\/uploads\/2025\/04\/evap1-scaled-1-1024x683.jpg 1024w, https:\/\/motorad.com\/wp-content\/uploads\/2025\/04\/evap1-scaled-1-768x512.jpg 768w, https:\/\/motorad.com\/wp-content\/uploads\/2025\/04\/evap1-scaled-1-1536x1024.jpg 1536w, https:\/\/motorad.com\/wp-content\/uploads\/2025\/04\/evap1-scaled-1-2048x1366.jpg 2048w\" sizes=\"auto, (max-width: 2560px) 100vw, 2560px\" \/><\/figure>\n<\/div>\n<\/div>\n\n<div class=\"wp-block-columns is-layout-flex wp-container-core-columns-is-layout-95393138 wp-block-columns-is-layout-flex\" style=\"margin-top:var(--wp--preset--spacing--60);margin-bottom:var(--wp--preset--spacing--60)\">\n<div class=\"wp-block-column is-layout-flow wp-block-column-is-layout-flow\">\n<h2 class=\"wp-block-heading has-text-align-right has-palette-interactive-color has-text-color has-link-color wp-elements-e1b0134d4411f711ae074eff36a21576\" id=\"h-designed-to-withstand-harsh-conditions-and-exposure-to-fuel-vapors\"><em>Con\u00e7u pour r\u00e9sister aux conditions difficiles et \u00e0 l&rsquo;exposition aux vapeurs de carburant.<\/em><br\/><\/h2>\n<\/div>\n\n\n\n<div class=\"wp-block-column is-layout-flow wp-block-column-is-layout-flow\">\n<h2 class=\"wp-block-heading has-text-align-left\" id=\"h-critical-components\" style=\"margin-bottom:var(--wp--preset--spacing--40)\">COMPOSANTS ESSENTIELS<\/h2>\n\n\n\n<p class=\"has-text-align-left\">POUR LA PERFORMANCE DES V\u00c9HICULES ET LA CONFORMIT\u00c9 AUX \u00c9MISSIONS <\/p>\n\n\n\n<ul class=\"wp-block-list\">\n<li style=\"margin-bottom:var(--wp--preset--spacing--20)\">Remplacements directs des pi\u00e8ces d&rsquo;origine<\/li>\n\n\n\n<li style=\"margin-bottom:var(--wp--preset--spacing--20)\">Fabriqu\u00e9s selon les normes de qualit\u00e9 et de s\u00e9curit\u00e9 des \u00e9quipementiers<\/li>\n\n\n\n<li>Conformes \u00e0 toutes les exigences en mati\u00e8re d&rsquo;\u00e9missions au niveau \u00e9tatique et f\u00e9d\u00e9ral<\/li>\n<\/ul>\n<\/div>\n<\/div>\n\n<div class=\"wp-block-columns are-vertically-aligned-center is-layout-flex wp-container-core-columns-is-layout-cbe57604 wp-block-columns-is-layout-flex\">\n<div class=\"wp-block-column is-vertically-aligned-center is-layout-flow wp-block-column-is-layout-flow\" style=\"flex-basis:33.33%\">\n<figure class=\"wp-block-image alignright size-full is-resized\"><img loading=\"lazy\" decoding=\"async\" width=\"2560\" height=\"2560\" src=\"https:\/\/motorad.com\/wp-content\/uploads\/2025\/04\/EVP0096_Angle-scaled-1-1.jpg\" alt=\"\" class=\"wp-image-4544\" style=\"width:250px\" srcset=\"https:\/\/motorad.com\/wp-content\/uploads\/2025\/04\/EVP0096_Angle-scaled-1-1.jpg 2560w, https:\/\/motorad.com\/wp-content\/uploads\/2025\/04\/EVP0096_Angle-scaled-1-1-300x300.jpg 300w, https:\/\/motorad.com\/wp-content\/uploads\/2025\/04\/EVP0096_Angle-scaled-1-1-1024x1024.jpg 1024w, https:\/\/motorad.com\/wp-content\/uploads\/2025\/04\/EVP0096_Angle-scaled-1-1-150x150.jpg 150w, https:\/\/motorad.com\/wp-content\/uploads\/2025\/04\/EVP0096_Angle-scaled-1-1-768x768.jpg 768w, https:\/\/motorad.com\/wp-content\/uploads\/2025\/04\/EVP0096_Angle-scaled-1-1-1536x1536.jpg 1536w, https:\/\/motorad.com\/wp-content\/uploads\/2025\/04\/EVP0096_Angle-scaled-1-1-2048x2048.jpg 2048w\" sizes=\"auto, (max-width: 2560px) 100vw, 2560px\" \/><\/figure>\n<\/div>\n\n\n\n<div class=\"wp-block-column is-vertically-aligned-center is-layout-flow wp-block-column-is-layout-flow\" style=\"flex-basis:66.66%\">\n<h2 class=\"wp-block-heading\" id=\"h-vapor-canister-vent-valves\" style=\"margin-bottom:var(--wp--preset--spacing--40)\"><strong><a href=\"https:\/\/motorad.com\/fr\/systeme-evap\/soupapes-daeration-du-reservoir-de-vapeur\/\">Vannes d&rsquo;\u00e9vent de cartouche de vapeur<\/a><\/strong><\/h2>\n\n\n\n<ul style=\"margin-bottom:var(--wp--preset--spacing--30)\" class=\"wp-block-list\">\n<li>Assure la fermeture du syst\u00e8me EVAP (normalement ventil\u00e9) pendant le cycle de test OBD II<\/li>\n<\/ul>\n\n\n\n<ul style=\"margin-bottom:var(--wp--preset--spacing--30)\" class=\"wp-block-list\">\n<li>Comprend un filtre int\u00e9gr\u00e9 qui capture les contaminants et les particules de l&rsquo;air entrant, emp\u00eachant l&rsquo;obstruction et assurant un flux d&rsquo;air propre<\/li>\n<\/ul>\n\n\n\n<ul style=\"margin-bottom:var(--wp--preset--spacing--60)\" class=\"wp-block-list\">\n<li>R\u00e9ponse rapide de la soupape aux demandes du moteur, assurant une ventilation efficace des vapeurs et optimisant les performances globales du moteur<\/li>\n<\/ul>\n\n\n\n<div class=\"wp-block-buttons is-layout-flex wp-block-buttons-is-layout-flex\">\n<div class=\"wp-block-button\"><a class=\"wp-block-button__link wp-element-button\" href=\"https:\/\/motorad.com\/fr\/systeme-evap\/soupapes-daeration-du-reservoir-de-vapeur\/\">Plus d&rsquo;informations<\/a><\/div>\n<\/div>\n<\/div>\n<\/div>\n\n<hr class=\"wp-block-separator has-text-color has-palette-brand-3-color has-alpha-channel-opacity has-palette-brand-3-background-color has-background is-style-wide\" style=\"margin-top:var(--wp--preset--spacing--60);margin-bottom:var(--wp--preset--spacing--60)\"\/>\n\n<div class=\"wp-block-columns are-vertically-aligned-center is-layout-flex wp-container-core-columns-is-layout-cbe57604 wp-block-columns-is-layout-flex\">\n<div class=\"wp-block-column is-vertically-aligned-center is-layout-flow wp-block-column-is-layout-flow\" style=\"flex-basis:33.33%\">\n<figure class=\"wp-block-image alignright size-full is-resized\"><img loading=\"lazy\" decoding=\"async\" width=\"2560\" height=\"2560\" src=\"https:\/\/motorad.com\/wp-content\/uploads\/2025\/04\/EVP0091_Angle-1-scaled-1.jpg\" alt=\"\" class=\"wp-image-4537\" style=\"width:250px\" srcset=\"https:\/\/motorad.com\/wp-content\/uploads\/2025\/04\/EVP0091_Angle-1-scaled-1.jpg 2560w, https:\/\/motorad.com\/wp-content\/uploads\/2025\/04\/EVP0091_Angle-1-scaled-1-300x300.jpg 300w, https:\/\/motorad.com\/wp-content\/uploads\/2025\/04\/EVP0091_Angle-1-scaled-1-1024x1024.jpg 1024w, https:\/\/motorad.com\/wp-content\/uploads\/2025\/04\/EVP0091_Angle-1-scaled-1-150x150.jpg 150w, https:\/\/motorad.com\/wp-content\/uploads\/2025\/04\/EVP0091_Angle-1-scaled-1-768x768.jpg 768w, https:\/\/motorad.com\/wp-content\/uploads\/2025\/04\/EVP0091_Angle-1-scaled-1-1536x1536.jpg 1536w, https:\/\/motorad.com\/wp-content\/uploads\/2025\/04\/EVP0091_Angle-1-scaled-1-2048x2048.jpg 2048w\" sizes=\"auto, (max-width: 2560px) 100vw, 2560px\" \/><\/figure>\n<\/div>\n\n\n\n<div class=\"wp-block-column is-vertically-aligned-center is-layout-flow wp-block-column-is-layout-flow\" style=\"flex-basis:66.66%\">\n<h2 class=\"wp-block-heading\" id=\"h-vapor-canister-purge-solenoids\" style=\"margin-bottom:var(--wp--preset--spacing--40)\"><a href=\"https:\/\/motorad.com\/fr\/produits\/systeme-evap\/electrovannes-de-purge-du-reservoir-de-vapeurs-dessence\/\"><strong>\u00c9lectrovannes de purge du r\u00e9servoir de vapeurs d&rsquo;essence<\/strong><\/a><\/h2>\n\n\n\n<ul class=\"wp-block-list\">\n<li style=\"margin-bottom:var(--wp--preset--spacing--30)\">Am\u00e9liore la performance globale du moteur en fournissant un flux de vapeur appropri\u00e9 pour maintenir un m\u00e9lange air-carburant correct<\/li>\n\n\n\n<li style=\"margin-bottom:var(--wp--preset--spacing--30)\">Contribue \u00e0 r\u00e9duire les \u00e9missions nocives et assure la conformit\u00e9 aux r\u00e9glementations environnementales en contr\u00f4lant la lib\u00e9ration des vapeurs de carburant dans le moteur<\/li>\n\n\n\n<li style=\"margin-bottom:var(--wp--preset--spacing--60)\">Garantit un fonctionnement pr\u00e9cis gr\u00e2ce \u00e0 des principes \u00e9lectromagn\u00e9tiques pour contr\u00f4ler le flux des vapeurs de carburant du r\u00e9servoir \u00e0 charbon actif vers le moteur<\/li>\n<\/ul>\n\n\n\n<div class=\"wp-block-buttons is-layout-flex wp-block-buttons-is-layout-flex\">\n<div class=\"wp-block-button\"><a class=\"wp-block-button__link wp-element-button\" href=\"https:\/\/motorad.com\/fr\/systeme-evap\/electrovannes-de-purge-du-reservoir-de-vapeurs-dessence\/\">Plus d&rsquo;informations<\/a><\/div>\n<\/div>\n<\/div>\n<\/div>\n\n<hr class=\"wp-block-separator has-text-color has-palette-brand-3-color has-alpha-channel-opacity has-palette-brand-3-background-color has-background is-style-wide\" style=\"margin-top:var(--wp--preset--spacing--60);margin-bottom:var(--wp--preset--spacing--60)\"\/>\n\n<div class=\"wp-block-columns are-vertically-aligned-center is-layout-flex wp-container-core-columns-is-layout-cbe57604 wp-block-columns-is-layout-flex\">\n<div class=\"wp-block-column is-vertically-aligned-center is-layout-flow wp-block-column-is-layout-flow\" style=\"flex-basis:33.33%\">\n<figure class=\"wp-block-image alignright size-full is-resized\"><img loading=\"lazy\" decoding=\"async\" width=\"2560\" height=\"2560\" src=\"https:\/\/motorad.com\/wp-content\/uploads\/2025\/04\/EVP0139_Angle-scaled-1.jpg\" alt=\"\" class=\"wp-image-4551\" style=\"width:250px\" srcset=\"https:\/\/motorad.com\/wp-content\/uploads\/2025\/04\/EVP0139_Angle-scaled-1.jpg 2560w, https:\/\/motorad.com\/wp-content\/uploads\/2025\/04\/EVP0139_Angle-scaled-1-300x300.jpg 300w, https:\/\/motorad.com\/wp-content\/uploads\/2025\/04\/EVP0139_Angle-scaled-1-1024x1024.jpg 1024w, https:\/\/motorad.com\/wp-content\/uploads\/2025\/04\/EVP0139_Angle-scaled-1-150x150.jpg 150w, https:\/\/motorad.com\/wp-content\/uploads\/2025\/04\/EVP0139_Angle-scaled-1-768x768.jpg 768w, https:\/\/motorad.com\/wp-content\/uploads\/2025\/04\/EVP0139_Angle-scaled-1-1536x1536.jpg 1536w, https:\/\/motorad.com\/wp-content\/uploads\/2025\/04\/EVP0139_Angle-scaled-1-2048x2048.jpg 2048w\" sizes=\"auto, (max-width: 2560px) 100vw, 2560px\" \/><\/figure>\n<\/div>\n\n\n\n<div class=\"wp-block-column is-vertically-aligned-center is-layout-flow wp-block-column-is-layout-flow\" style=\"flex-basis:66.66%\">\n<h2 class=\"wp-block-heading\" id=\"h-vapor-canisters\" style=\"margin-bottom:var(--wp--preset--spacing--40)\"><a href=\"https:\/\/motorad.com\/fr\/produits\/systeme-evap\/cartouches-de-vapeur\/\"><strong>Cartouches de vapeur<\/strong><\/a><\/h2>\n\n\n\n<ul class=\"wp-block-list\">\n<li style=\"margin-bottom:var(--wp--preset--spacing--20)\">Assure la gestion des vapeurs de carburant, r\u00e9tablissant un contr\u00f4le ad\u00e9quat des \u00e9missions pour am\u00e9liorer l&rsquo;efficacit\u00e9 \u00e9nerg\u00e9tique et les performances du moteur<\/li>\n\n\n\n<li style=\"margin-bottom:var(--wp--preset--spacing--20)\">Fabriqu\u00e9 \u00e0 partir d&rsquo;un charbon actif unique de qualit\u00e9 sup\u00e9rieure avec des milliards de pores pour fournir une adsorption (et non une absorption) et une d\u00e9sorption de haute efficacit\u00e9 des vapeurs de carburant<\/li>\n\n\n\n<li style=\"margin-bottom:var(--wp--preset--spacing--60)\">La conception multicouche optimise le flux de vapeur et l&rsquo;efficacit\u00e9 d&rsquo;adsorption, permettant une capture plus rapide et plus efficace des vapeurs de carburant<\/li>\n<\/ul>\n\n\n\n<div class=\"wp-block-buttons is-layout-flex wp-block-buttons-is-layout-flex\">\n<div class=\"wp-block-button\"><a class=\"wp-block-button__link wp-element-button\" href=\"https:\/\/motorad.com\/fr\/produits\/systeme-evap\/cartouches-de-vapeur\/\">Plus d&rsquo;informations<\/a><\/div>\n<\/div>\n<\/div>\n<\/div>\n\n<hr class=\"wp-block-separator has-text-color has-palette-brand-3-color has-alpha-channel-opacity has-palette-brand-3-background-color has-background is-style-wide\" style=\"margin-top:var(--wp--preset--spacing--60);margin-bottom:var(--wp--preset--spacing--60)\"\/>\n\n<div class=\"wp-block-columns are-vertically-aligned-center is-layout-flex wp-container-core-columns-is-layout-cbe57604 wp-block-columns-is-layout-flex\">\n<div class=\"wp-block-column is-vertically-aligned-center is-layout-flow wp-block-column-is-layout-flow\" style=\"flex-basis:33.33%\">\n<figure class=\"wp-block-image alignright size-large is-resized\"><img loading=\"lazy\" decoding=\"async\" width=\"1024\" height=\"1024\" src=\"https:\/\/motorad.com\/wp-content\/uploads\/2025\/04\/EVP0227_Angle-scaled-1-1536x1536-1-1024x1024.jpg\" alt=\"\" class=\"wp-image-4558\" style=\"width:150px\" srcset=\"https:\/\/motorad.com\/wp-content\/uploads\/2025\/04\/EVP0227_Angle-scaled-1-1536x1536-1-1024x1024.jpg 1024w, https:\/\/motorad.com\/wp-content\/uploads\/2025\/04\/EVP0227_Angle-scaled-1-1536x1536-1-300x300.jpg 300w, https:\/\/motorad.com\/wp-content\/uploads\/2025\/04\/EVP0227_Angle-scaled-1-1536x1536-1-150x150.jpg 150w, https:\/\/motorad.com\/wp-content\/uploads\/2025\/04\/EVP0227_Angle-scaled-1-1536x1536-1-768x768.jpg 768w, https:\/\/motorad.com\/wp-content\/uploads\/2025\/04\/EVP0227_Angle-scaled-1-1536x1536-1.jpg 1536w\" sizes=\"auto, (max-width: 1024px) 100vw, 1024px\" \/><\/figure>\n<\/div>\n\n\n\n<div class=\"wp-block-column is-vertically-aligned-center is-layout-flow wp-block-column-is-layout-flow\" style=\"flex-basis:66.66%\">\n<h2 class=\"wp-block-heading\" id=\"h-leak-detection-pumps\" style=\"margin-bottom:var(--wp--preset--spacing--40)\"><strong><a href=\"https:\/\/motorad.com\/fr\/produits\/systeme-evap\/pompes-de-detection-de-fuites\/\">Pompes de d\u00e9tection de fuites<\/a><\/strong><\/h2>\n\n\n\n<ul class=\"wp-block-list\">\n<li style=\"margin-bottom:var(--wp--preset--spacing--20)\">La pompe joue un r\u00f4le crucial dans l&rsquo;identification des fuites dans le syst\u00e8me EVAP, emp\u00eachant les vapeurs de carburant nocives de s&rsquo;\u00e9chapper dans l&rsquo;atmosph\u00e8re<\/li>\n\n\n\n<li style=\"margin-bottom:var(--wp--preset--spacing--20)\">Con\u00e7ue pour cr\u00e9er un vide pr\u00e9cis, assurant une identification pr\u00e9cise des fuites pour des performances am\u00e9lior\u00e9es du v\u00e9hicule<\/li>\n\n\n\n<li style=\"margin-bottom:var(--wp--preset--spacing--60)\">\u00c9quip\u00e9e de capteurs int\u00e9gr\u00e9s qui surveillent en permanence les niveaux de pression, permettant une d\u00e9tection imm\u00e9diate de toute fuite ou dysfonctionnement<\/li>\n<\/ul>\n\n\n\n<div class=\"wp-block-buttons is-layout-flex wp-block-buttons-is-layout-flex\">\n<div class=\"wp-block-button\"><a class=\"wp-block-button__link wp-element-button\" href=\"https:\/\/motorad.com\/fr\/produits\/systeme-evap\/pompes-de-detection-de-fuites\/\">Plus d&rsquo;informations<\/a><\/div>\n<\/div>\n<\/div>\n<\/div>\n","protected":false},"excerpt":{"rendered":"<p>Produits d&rsquo;\u00e9missions \u00e9vaporatives MotoRad Les produits d&rsquo;\u00e9missions \u00e9vaporatives Premium de MotoRad garantissent les performances optimales du syst\u00e8me de contr\u00f4le des [&#8230;]<\/p>\n","protected":false},"author":1,"featured_media":0,"parent":55742,"menu_order":0,"comment_status":"closed","ping_status":"closed","template":"","meta":{"_acf_changed":false,"footnotes":""},"class_list":["post-5837","page","type-page","status-publish","hentry"],"acf":[],"yoast_head":"<!-- This site is optimized with the Yoast SEO Premium plugin v27.2 (Yoast SEO v27.2) - https:\/\/yoast.com\/product\/yoast-seo-premium-wordpress\/ -->\n<title>Syst\u00e8me EVAP - MotoRad<\/title>\n<meta name=\"description\" content=\"MotoRad - Syst\u00e8me EVAP\" \/>\n<meta name=\"robots\" content=\"index, follow, max-snippet:-1, max-image-preview:large, max-video-preview:-1\" \/>\n<link rel=\"canonical\" href=\"https:\/\/motorad.com\/fr\/produits\/systeme-evap\/\" \/>\n<meta property=\"og:locale\" content=\"fr_FR\" \/>\n<meta property=\"og:type\" content=\"article\" \/>\n<meta property=\"og:title\" content=\"Syst\u00e8me EVAP\" \/>\n<meta property=\"og:description\" content=\"MotoRad - Syst\u00e8me EVAP\" \/>\n<meta property=\"og:url\" content=\"https:\/\/motorad.com\/fr\/produits\/systeme-evap\/\" \/>\n<meta property=\"og:site_name\" content=\"MotoRad\" \/>\n<meta property=\"article:publisher\" content=\"https:\/\/www.facebook.com\/motoradusa\" \/>\n<meta property=\"article:modified_time\" content=\"2025-07-17T13:56:09+00:00\" \/>\n<meta property=\"og:image\" content=\"https:\/\/motorad.com\/wp-content\/uploads\/2025\/04\/24-evap-icon-1.jpg\" \/>\n\t<meta property=\"og:image:width\" content=\"1200\" \/>\n\t<meta property=\"og:image:height\" content=\"498\" \/>\n\t<meta property=\"og:image:type\" content=\"image\/jpeg\" \/>\n<meta name=\"twitter:card\" content=\"summary_large_image\" \/>\n<meta name=\"twitter:site\" content=\"@MotoRadUSA\" \/>\n<meta name=\"twitter:label1\" content=\"Est. reading time\" \/>\n\t<meta name=\"twitter:data1\" content=\"2 minutes\" \/>\n<script type=\"application\/ld+json\" class=\"yoast-schema-graph\">{\"@context\":\"https:\/\/schema.org\",\"@graph\":[{\"@type\":\"WebPage\",\"@id\":\"https:\/\/motorad.com\/fr\/produits\/systeme-evap\/\",\"url\":\"https:\/\/motorad.com\/fr\/produits\/systeme-evap\/\",\"name\":\"Syst\u00e8me EVAP - MotoRad\",\"isPartOf\":{\"@id\":\"https:\/\/motorad.com\/fr\/#website\"},\"primaryImageOfPage\":{\"@id\":\"https:\/\/motorad.com\/fr\/produits\/systeme-evap\/#primaryimage\"},\"image\":{\"@id\":\"https:\/\/motorad.com\/fr\/produits\/systeme-evap\/#primaryimage\"},\"thumbnailUrl\":\"https:\/\/motorad.com\/wp-content\/uploads\/2025\/04\/24-evap-icon-1-300x125.jpg\",\"datePublished\":\"2025-04-04T12:23:17+00:00\",\"dateModified\":\"2025-07-17T13:56:09+00:00\",\"description\":\"MotoRad - Syst\u00e8me EVAP\",\"breadcrumb\":{\"@id\":\"https:\/\/motorad.com\/fr\/produits\/systeme-evap\/#breadcrumb\"},\"inLanguage\":\"fr-FR\",\"potentialAction\":[{\"@type\":\"ReadAction\",\"target\":[\"https:\/\/motorad.com\/fr\/produits\/systeme-evap\/\"]}]},{\"@type\":\"ImageObject\",\"inLanguage\":\"fr-FR\",\"@id\":\"https:\/\/motorad.com\/fr\/produits\/systeme-evap\/#primaryimage\",\"url\":\"https:\/\/motorad.com\/wp-content\/uploads\/2025\/04\/24-evap-icon-1-300x125.jpg\",\"contentUrl\":\"https:\/\/motorad.com\/wp-content\/uploads\/2025\/04\/24-evap-icon-1-300x125.jpg\"},{\"@type\":\"BreadcrumbList\",\"@id\":\"https:\/\/motorad.com\/fr\/produits\/systeme-evap\/#breadcrumb\",\"itemListElement\":[{\"@type\":\"ListItem\",\"position\":1,\"name\":\"Home\",\"item\":\"https:\/\/motorad.com\/fr\/\"},{\"@type\":\"ListItem\",\"position\":2,\"name\":\"Produits\",\"item\":\"https:\/\/motoradnew.test\/fr\/produits\/\"},{\"@type\":\"ListItem\",\"position\":3,\"name\":\"Syst\u00e8me EVAP\"}]},{\"@type\":\"WebSite\",\"@id\":\"https:\/\/motorad.com\/fr\/#website\",\"url\":\"https:\/\/motorad.com\/fr\/\",\"name\":\"MotoRad\",\"description\":\"Trusted to Deliver Better - Thermal Management, Emissions, Powertrain Controls\",\"publisher\":{\"@id\":\"https:\/\/motorad.com\/fr\/#organization\"},\"potentialAction\":[{\"@type\":\"SearchAction\",\"target\":{\"@type\":\"EntryPoint\",\"urlTemplate\":\"https:\/\/motorad.com\/fr\/?s={search_term_string}\"},\"query-input\":{\"@type\":\"PropertyValueSpecification\",\"valueRequired\":true,\"valueName\":\"search_term_string\"}}],\"inLanguage\":\"fr-FR\"},{\"@type\":\"Organization\",\"@id\":\"https:\/\/motorad.com\/fr\/#organization\",\"name\":\"MotoRad\",\"url\":\"https:\/\/motorad.com\/fr\/\",\"logo\":{\"@type\":\"ImageObject\",\"inLanguage\":\"fr-FR\",\"@id\":\"https:\/\/motorad.com\/fr\/#\/schema\/logo\/image\/\",\"url\":\"https:\/\/motorad.com\/wp-content\/uploads\/2025\/01\/MotoRad_Logo.png\",\"contentUrl\":\"https:\/\/motorad.com\/wp-content\/uploads\/2025\/01\/MotoRad_Logo.png\",\"width\":358,\"height\":102,\"caption\":\"MotoRad\"},\"image\":{\"@id\":\"https:\/\/motorad.com\/fr\/#\/schema\/logo\/image\/\"},\"sameAs\":[\"https:\/\/www.facebook.com\/motoradusa\",\"https:\/\/x.com\/MotoRadUSA\",\"https:\/\/www.linkedin.com\/company\/motorad\/\"]}]}<\/script>\n<!-- \/ Yoast SEO Premium plugin. -->","yoast_head_json":{"title":"Syst\u00e8me EVAP - MotoRad","description":"MotoRad - Syst\u00e8me EVAP","robots":{"index":"index","follow":"follow","max-snippet":"max-snippet:-1","max-image-preview":"max-image-preview:large","max-video-preview":"max-video-preview:-1"},"canonical":"https:\/\/motorad.com\/fr\/produits\/systeme-evap\/","og_locale":"fr_FR","og_type":"article","og_title":"Syst\u00e8me EVAP","og_description":"MotoRad - Syst\u00e8me EVAP","og_url":"https:\/\/motorad.com\/fr\/produits\/systeme-evap\/","og_site_name":"MotoRad","article_publisher":"https:\/\/www.facebook.com\/motoradusa","article_modified_time":"2025-07-17T13:56:09+00:00","og_image":[{"width":1200,"height":498,"url":"https:\/\/motorad.com\/wp-content\/uploads\/2025\/04\/24-evap-icon-1.jpg","type":"image\/jpeg"}],"twitter_card":"summary_large_image","twitter_site":"@MotoRadUSA","twitter_misc":{"Est. reading time":"2 minutes"},"schema":{"@context":"https:\/\/schema.org","@graph":[{"@type":"WebPage","@id":"https:\/\/motorad.com\/fr\/produits\/systeme-evap\/","url":"https:\/\/motorad.com\/fr\/produits\/systeme-evap\/","name":"Syst\u00e8me EVAP - MotoRad","isPartOf":{"@id":"https:\/\/motorad.com\/fr\/#website"},"primaryImageOfPage":{"@id":"https:\/\/motorad.com\/fr\/produits\/systeme-evap\/#primaryimage"},"image":{"@id":"https:\/\/motorad.com\/fr\/produits\/systeme-evap\/#primaryimage"},"thumbnailUrl":"https:\/\/motorad.com\/wp-content\/uploads\/2025\/04\/24-evap-icon-1-300x125.jpg","datePublished":"2025-04-04T12:23:17+00:00","dateModified":"2025-07-17T13:56:09+00:00","description":"MotoRad - Syst\u00e8me EVAP","breadcrumb":{"@id":"https:\/\/motorad.com\/fr\/produits\/systeme-evap\/#breadcrumb"},"inLanguage":"fr-FR","potentialAction":[{"@type":"ReadAction","target":["https:\/\/motorad.com\/fr\/produits\/systeme-evap\/"]}]},{"@type":"ImageObject","inLanguage":"fr-FR","@id":"https:\/\/motorad.com\/fr\/produits\/systeme-evap\/#primaryimage","url":"https:\/\/motorad.com\/wp-content\/uploads\/2025\/04\/24-evap-icon-1-300x125.jpg","contentUrl":"https:\/\/motorad.com\/wp-content\/uploads\/2025\/04\/24-evap-icon-1-300x125.jpg"},{"@type":"BreadcrumbList","@id":"https:\/\/motorad.com\/fr\/produits\/systeme-evap\/#breadcrumb","itemListElement":[{"@type":"ListItem","position":1,"name":"Home","item":"https:\/\/motorad.com\/fr\/"},{"@type":"ListItem","position":2,"name":"Produits","item":"https:\/\/motoradnew.test\/fr\/produits\/"},{"@type":"ListItem","position":3,"name":"Syst\u00e8me EVAP"}]},{"@type":"WebSite","@id":"https:\/\/motorad.com\/fr\/#website","url":"https:\/\/motorad.com\/fr\/","name":"MotoRad","description":"Trusted to Deliver Better - Thermal Management, Emissions, Powertrain Controls","publisher":{"@id":"https:\/\/motorad.com\/fr\/#organization"},"potentialAction":[{"@type":"SearchAction","target":{"@type":"EntryPoint","urlTemplate":"https:\/\/motorad.com\/fr\/?s={search_term_string}"},"query-input":{"@type":"PropertyValueSpecification","valueRequired":true,"valueName":"search_term_string"}}],"inLanguage":"fr-FR"},{"@type":"Organization","@id":"https:\/\/motorad.com\/fr\/#organization","name":"MotoRad","url":"https:\/\/motorad.com\/fr\/","logo":{"@type":"ImageObject","inLanguage":"fr-FR","@id":"https:\/\/motorad.com\/fr\/#\/schema\/logo\/image\/","url":"https:\/\/motorad.com\/wp-content\/uploads\/2025\/01\/MotoRad_Logo.png","contentUrl":"https:\/\/motorad.com\/wp-content\/uploads\/2025\/01\/MotoRad_Logo.png","width":358,"height":102,"caption":"MotoRad"},"image":{"@id":"https:\/\/motorad.com\/fr\/#\/schema\/logo\/image\/"},"sameAs":["https:\/\/www.facebook.com\/motoradusa","https:\/\/x.com\/MotoRadUSA","https:\/\/www.linkedin.com\/company\/motorad\/"]}]}},"_links":{"self":[{"href":"https:\/\/motorad.com\/fr\/wp-json\/wp\/v2\/pages\/5837","targetHints":{"allow":["GET"]}}],"collection":[{"href":"https:\/\/motorad.com\/fr\/wp-json\/wp\/v2\/pages"}],"about":[{"href":"https:\/\/motorad.com\/fr\/wp-json\/wp\/v2\/types\/page"}],"author":[{"embeddable":true,"href":"https:\/\/motorad.com\/fr\/wp-json\/wp\/v2\/users\/1"}],"replies":[{"embeddable":true,"href":"https:\/\/motorad.com\/fr\/wp-json\/wp\/v2\/comments?post=5837"}],"version-history":[{"count":3,"href":"https:\/\/motorad.com\/fr\/wp-json\/wp\/v2\/pages\/5837\/revisions"}],"predecessor-version":[{"id":55752,"href":"https:\/\/motorad.com\/fr\/wp-json\/wp\/v2\/pages\/5837\/revisions\/55752"}],"up":[{"embeddable":true,"href":"https:\/\/motorad.com\/fr\/wp-json\/wp\/v2\/pages\/55742"}],"wp:attachment":[{"href":"https:\/\/motorad.com\/fr\/wp-json\/wp\/v2\/media?parent=5837"}],"curies":[{"name":"wp","href":"https:\/\/api.w.org\/{rel}","templated":true}]}}