{"id":6779,"date":"2025-04-03T14:52:36","date_gmt":"2025-04-03T14:52:36","guid":{"rendered":"https:\/\/motorad.com\/ressources\/certificats\/"},"modified":"2026-03-17T14:33:11","modified_gmt":"2026-03-17T14:33:11","slug":"certificats","status":"publish","type":"page","link":"https:\/\/motorad.com\/fr\/ressources\/certificats\/","title":{"rendered":"Certificats"},"content":{"rendered":"\n<div class=\"wp-block-cover alignfull is-light\" style=\"min-height:274px;aspect-ratio:unset;\"><img decoding=\"async\" class=\"wp-block-cover__image-background wp-image-85369\" alt=\"\" src=\"https:\/\/motorad.com\/wp-content\/uploads\/Road_into_Light_2-scaled.jpg\" style=\"object-position:50% 44%\" data-object-fit=\"cover\" data-object-position=\"50% 44%\"\/><span aria-hidden=\"true\" class=\"wp-block-cover__background has-background-dim-0 has-background-dim\"><\/span><div class=\"wp-block-cover__inner-container is-layout-flow wp-block-cover-is-layout-flow\">\n<h1 class=\"wp-block-heading has-palette-text-color has-text-color\" id=\"h-certificates\">Certificats<\/h1>\n<\/div><\/div>\n<div class=\"yoast-breadcrumbs\"><span><span><a href=\"https:\/\/motorad.com\/fr\/\">Home<\/a><\/span> \u00bb <span><a href=\"https:\/\/motoradnew.test\/ressources\/\">Ressources<\/a><\/span> \u00bb <span class=\"breadcrumb_last\" aria-current=\"page\">Certificats<\/span><\/span><\/div>\n<div style=\"height:53px\" aria-hidden=\"true\" class=\"wp-block-spacer\"><\/div>\n\n<h3 class=\"wp-block-heading\"><strong>Notre Promesse : Qualit\u00e9 et Excellence In\u00e9branlables<\/strong><\/h3>\n\n<p>Chez MotoRad, nous sommes anim\u00e9s par un engagement incessant envers la qualit\u00e9, la pr\u00e9cision et lexcellence. Notre d\u00e9vouement \u00e0 fournir des produits et services sup\u00e9rieurs \u00e0 nos clients est au c\u0153ur de toutes nos activit\u00e9s. Nous comprenons que la qualit\u00e9 nest pas seulement une norme ; cest une promesse que nous faisons \u00e0 nos clients, partenaires et parties prenantes du monde entier.  <\/p>\n\n<hr class=\"wp-block-separator has-alpha-channel-opacity\" style=\"margin-top:var(--wp--preset--spacing--40);margin-bottom:var(--wp--preset--spacing--40)\"\/>\n\n<h3 class=\"wp-block-heading\"><strong>Certification : Un T\u00e9moignage de Nos Normes<\/strong><\/h3>\n\n<p>Notre engagement envers la qualit\u00e9 est soulign\u00e9 par nos processus de certification rigoureux. MotoRad est fier de d\u00e9tenir diverses certifications qui valident notre adh\u00e9sion aux normes de qualit\u00e9 internationales et aux meilleures pratiques. Ces certifications t\u00e9moignent de notre engagement in\u00e9branlable envers lexcellence et lam\u00e9lioration continue.  <\/p>\n\n<p>Explorez nos certifications <a href=\"https:\/\/motorad.com\/fr\/ressources\/certificats\/\">ici<\/a> pour en savoir plus sur les normes \u00e9lev\u00e9es que nous maintenons dans chaque aspect de nos activit\u00e9s.<\/p>\n\n<h3 class=\"wp-block-heading\" style=\"margin-top:var(--wp--preset--spacing--50);margin-right:0;margin-bottom:var(--wp--preset--spacing--50);margin-left:0\"><strong>Pourquoi choisir MotoRad ?<\/strong><\/h3>\n\n<ul class=\"wp-block-list\">\n<li><strong>Qualit\u00e9 In\u00e9gal\u00e9e :<\/strong> Nos produits subissent des tests et des inspections rigoureux pour garantir qu\u2019ils r\u00e9pondent aux normes de qualit\u00e9 les plus \u00e9lev\u00e9es.<\/li>\n\n\n\n<li><strong>Expertise :<\/strong> Forts de nombreuses ann\u00e9es d\u2019exp\u00e9rience dans l\u2019industrie, notre \u00e9quipe de professionnels se consacre \u00e0 fournir des solutions innovantes qui d\u00e9passent les attentes des clients.<\/li>\n\n\n\n<li><strong>Reconnaissance Mondiale :<\/strong> Nos certifications sont reconnues mondialement, refl\u00e9tant notre engagement envers la qualit\u00e9 \u00e0 l\u2019\u00e9chelle internationale.<\/li>\n<\/ul>\n\n<hr class=\"wp-block-separator has-alpha-channel-opacity\" style=\"margin-top:var(--wp--preset--spacing--40);margin-bottom:var(--wp--preset--spacing--40)\"\/>\n\n<div class=\"wp-block-columns alignwide is-layout-flex wp-container-core-columns-is-layout-e0fb3f8c wp-block-columns-is-layout-flex\" style=\"margin-top:var(--wp--preset--spacing--50);margin-bottom:var(--wp--preset--spacing--50)\">\n<div class=\"wp-block-column is-layout-flow wp-container-core-column-is-layout-119bc444 wp-block-column-is-layout-flow\">\n<figure class=\"wp-block-image size-full\"><a href=\"https:\/\/motorad.com\/wp-content\/uploads\/MAP14001.pdf\"><img decoding=\"async\" src=\"https:\/\/motorad.com\/wp-content\/uploads\/MAP-14001-1-1-300x214-1.jpg\" alt=\"\" class=\"wp-image-85682\" style=\"object-fit:cover\"\/><\/a><\/figure>\n\n\n\n<p class=\"has-text-align-center\">Ceci certifie que le Syst\u00e8me de Management Environnemental de<\/p>\n\n\n\n<p class=\"has-text-align-center\"><a href=\"https:\/\/motorad.com\/wp-content\/uploads\/MAP-14001.pdf\"><strong>M.A.P. MOTORAD <\/strong><br\/><strong>AUTOMOTIVE PARTS LTD<\/strong><\/a><br\/>Industrial Park Bar Lev , Misgav , Isra\u00ebl<\/p>\n\n\n\n<p class=\"has-text-align-center\">Ont \u00e9t\u00e9 \u00e9valu\u00e9s et sont conformes aux exigences de :<\/p>\n\n\n\n<p class=\"has-text-align-center\"><strong><a href=\"https:\/\/motorad.com\/wp-content\/uploads\/MAP-14001.pdf\">ISO 14001:2015<\/a><\/strong><\/p>\n\n\n\n<p class=\"has-text-align-center\">Ce certificat est applicable \u00e0<\/p>\n\n\n\n<p class=\"has-text-align-center\"><strong>Conception et fabrication de thermostats pour lindustrie automobile.<\/strong><\/p>\n<\/div>\n\n\n\n<div class=\"wp-block-column is-layout-flow wp-container-core-column-is-layout-119bc444 wp-block-column-is-layout-flow\">\n<figure class=\"wp-block-image size-full\"><a href=\"https:\/\/motorad.com\/wp-content\/uploads\/MAP-45001.pdf\"><img decoding=\"async\" src=\"https:\/\/motorad.com\/wp-content\/uploads\/MAP-45001-1-1-300x214-1.jpg\" alt=\"\" class=\"wp-image-85690\"\/><\/a><\/figure>\n\n\n\n<p class=\"has-text-align-center\">Ceci certifie que les Syst\u00e8mes de Management de la Sant\u00e9 et de la S\u00e9curit\u00e9 au Travail de<\/p>\n\n\n\n<p class=\"has-text-align-center\"><a href=\"https:\/\/motorad.com\/wp-content\/uploads\/MAP-45001.pdf\"><strong>M.A.P. MOTORAD <\/strong><br\/><strong>AUTOMOTIVE PARTS LTD<\/strong><\/a><br\/>Industrial Park Bar Lev , Misgav , Isra\u00ebl<\/p>\n\n\n\n<p class=\"has-text-align-center\">Ont \u00e9t\u00e9 \u00e9valu\u00e9s et sont conformes aux exigences de :<\/p>\n\n\n\n<p class=\"has-text-align-center\"><strong><a href=\"https:\/\/motorad.com\/wp-content\/uploads\/MAP-45001.pdf\">ISO 45001:2018<\/a><\/strong><\/p>\n\n\n\n<p class=\"has-text-align-center\">Ce certificat est applicable \u00e0<\/p>\n\n\n\n<p class=\"has-text-align-center\"><strong>Conception et fabrication de thermostats pour lindustrie automobile.<\/strong><\/p>\n<\/div>\n\n\n\n<div class=\"wp-block-column is-layout-flow wp-container-core-column-is-layout-4515c614 wp-block-column-is-layout-flow\" style=\"padding-right:0;padding-left:0\">\n<figure class=\"wp-block-image size-full\"><a href=\"https:\/\/motorad.com\/wp-content\/uploads\/MotoRad-9001-Certificate-.pdf\"><img decoding=\"async\" src=\"https:\/\/motorad.com\/wp-content\/uploads\/cert2-300x214-1.jpg\" alt=\"\" class=\"wp-image-85681\"\/><\/a><\/figure>\n\n\n\n<p class=\"has-text-align-center\">Ce certificat a \u00e9t\u00e9 d\u00e9cern\u00e9 \u00e0<\/p>\n\n\n\n<p class=\"has-text-align-center\"><strong><a href=\"https:\/\/motorad.com\/wp-content\/uploads\/MotoRad-9001-Certificate-.pdf\">M.A.P MotoRad Automotive Parts Ltd<\/a><\/strong><br\/>Bar-Lev Industrial Park, Misgav, 20179, Isra\u00ebl<\/p>\n\n\n\n<p class=\"has-text-align-center\">Reconnaissance du Syst\u00e8me de Management de la Qualit\u00e9 de l\u2019organisation qui est conforme \u00e0<br\/><strong><a href=\"https:\/\/motorad.com\/wp-content\/uploads\/MOTORAD-9001-Cert-valit-till-2024.pdf\">ISO 9001:2015<\/a><\/strong><\/p>\n\n\n\n<p class=\"has-text-align-center\">Le champ dactivit\u00e9s couvert par ce certificat est d\u00e9fini ci-dessous<\/p>\n\n\n\n<p class=\"has-text-align-center\"><strong>Conception et fabrication de thermostats et de bouchons<\/strong><\/p>\n<\/div>\n\n\n\n<div class=\"wp-block-column is-layout-flow wp-container-core-column-is-layout-119bc444 wp-block-column-is-layout-flow\">\n<figure class=\"wp-block-image size-full\"><a href=\"https:\/\/motorad.com\/wp-content\/uploads\/MotoRad-IATF-Certificate-.pdf\"><img decoding=\"async\" src=\"https:\/\/motorad.com\/wp-content\/uploads\/cert1-300x214-1.jpg\" alt=\"\" class=\"wp-image-85680\"\/><\/a><\/figure>\n\n\n\n<p class=\"has-text-align-center\">Ce certificat a \u00e9t\u00e9 d\u00e9cern\u00e9 \u00e0<\/p>\n\n\n\n<p class=\"has-text-align-center\"><a href=\"https:\/\/motorad.com\/wp-content\/uploads\/MotoRad-IATF-Certificate-.pdf\"><strong>M.A.P MotoRad Automotive Parts Ltd<\/strong><br\/><\/a>Bar-Lev Industrial Park, Misgav, 20179, Isra\u00ebl<\/p>\n\n\n\n<p class=\"has-text-align-center\">en reconnaissance du Syst\u00e8me de Management de la Qualit\u00e9 de l\u2019organisation qui est conforme \u00e0<br\/><strong>IATF 16949:2016<\/strong><\/p>\n\n\n\n<p class=\"has-text-align-center\">Le champ dactivit\u00e9s couvert par ce certificat est d\u00e9fini ci-dessous<\/p>\n\n\n\n<p class=\"has-text-align-center\"><strong>Conception et fabrication de thermostats et de bouchons<\/strong><\/p>\n<\/div>\n\n\n\n<div class=\"wp-block-column is-layout-flow wp-container-core-column-is-layout-119bc444 wp-block-column-is-layout-flow\">\n<figure class=\"wp-block-image size-full\"><a href=\"https:\/\/motorad.com\/wp-content\/uploads\/MOTORAD.pdf\"><img loading=\"lazy\" decoding=\"async\" width=\"917\" height=\"1286\" src=\"https:\/\/motorad.com\/wp-content\/uploads\/Screenshot-2025-12-08-at-8.25.42-AM.png\" alt=\"\" class=\"wp-image-86678\"\/><\/a><\/figure>\n\n\n\n<p class=\"has-text-align-center\">Ce certificat confirme que le syst\u00e8me de gestion de la qualit\u00e9 de<\/p>\n\n\n\n<p class=\"has-text-align-center\"><a href=\"https:\/\/motorad.com\/wp-content\/uploads\/MOTORAD.pdf\"><strong>MOTORAD DE MEXICO S.A. DE C.V. et MOTORAD DISTRIBUTION DE MEXICO S.A. DE C.V.,<\/strong> <\/a><br\/>Luis Donaldo Colosio 292, Parque Industrial el Sabinal, Apodaca, Nuevo Le\u00f3n, C.P. 66645,<\/p>\n\n\n\n<p class=\"has-text-align-center\">A \u00e9t\u00e9 jug\u00e9 conforme \u00e0 la norme NMX-CC-9001-IMNC-2015 ISO 9001:2015. <\/p>\n<\/div>\n<\/div>\n\n<p><\/p>\n","protected":false},"excerpt":{"rendered":"<p>Notre Promesse : Qualit\u00e9 et Excellence In\u00e9branlables Chez MotoRad, nous sommes anim\u00e9s par un engagement incessant envers la qualit\u00e9, la [&#8230;]<\/p>\n","protected":false},"author":1,"featured_media":0,"parent":5995,"menu_order":0,"comment_status":"closed","ping_status":"closed","template":"","meta":{"_acf_changed":false,"footnotes":""},"class_list":["post-6779","page","type-page","status-publish","hentry"],"acf":[],"yoast_head":"<!-- This site is optimized with the Yoast SEO Premium plugin v27.2 (Yoast SEO v27.2) - https:\/\/yoast.com\/product\/yoast-seo-premium-wordpress\/ -->\n<title>Certificats - MotoRad<\/title>\n<meta name=\"description\" content=\"Les certifications de MotoRad, validant notre engagement in\u00e9branlable envers les normes de qualit\u00e9 internationales et les meilleures pratiques de lindustrie automobile. D\u00e9couvrez les normes \u00e9lev\u00e9es que nous maintenons dans tous les aspects de nos activit\u00e9s.\" \/>\n<meta name=\"robots\" content=\"index, follow, max-snippet:-1, max-image-preview:large, max-video-preview:-1\" \/>\n<link rel=\"canonical\" href=\"https:\/\/motorad.com\/fr\/ressources\/certificats\/\" \/>\n<meta property=\"og:locale\" content=\"fr_FR\" \/>\n<meta property=\"og:type\" content=\"article\" \/>\n<meta property=\"og:title\" content=\"Certificats\" \/>\n<meta property=\"og:description\" content=\"Les certifications de MotoRad, validant notre engagement in\u00e9branlable envers les normes de qualit\u00e9 internationales et les meilleures pratiques de lindustrie automobile. D\u00e9couvrez les normes \u00e9lev\u00e9es que nous maintenons dans tous les aspects de nos activit\u00e9s.\" \/>\n<meta property=\"og:url\" content=\"https:\/\/motorad.com\/fr\/ressources\/certificats\/\" \/>\n<meta property=\"og:site_name\" content=\"MotoRad\" \/>\n<meta property=\"article:publisher\" content=\"https:\/\/www.facebook.com\/motoradusa\" \/>\n<meta property=\"article:modified_time\" content=\"2026-03-17T14:33:11+00:00\" \/>\n<meta property=\"og:image\" content=\"https:\/\/motorad.com\/wp-content\/uploads\/2025\/03\/oem-back.jpg\" \/>\n\t<meta property=\"og:image:width\" content=\"1500\" \/>\n\t<meta property=\"og:image:height\" content=\"667\" \/>\n\t<meta property=\"og:image:type\" content=\"image\/jpeg\" \/>\n<meta name=\"twitter:card\" content=\"summary_large_image\" \/>\n<meta name=\"twitter:site\" content=\"@MotoRadUSA\" \/>\n<meta name=\"twitter:label1\" content=\"Est. reading time\" \/>\n\t<meta name=\"twitter:data1\" content=\"2 minutes\" \/>\n<script type=\"application\/ld+json\" class=\"yoast-schema-graph\">{\"@context\":\"https:\/\/schema.org\",\"@graph\":[{\"@type\":\"WebPage\",\"@id\":\"https:\/\/motorad.com\/fr\/ressources\/certificats\/\",\"url\":\"https:\/\/motorad.com\/fr\/ressources\/certificats\/\",\"name\":\"Certificats - MotoRad\",\"isPartOf\":{\"@id\":\"https:\/\/motorad.com\/fr\/#website\"},\"primaryImageOfPage\":{\"@id\":\"https:\/\/motorad.com\/fr\/ressources\/certificats\/#primaryimage\"},\"image\":{\"@id\":\"https:\/\/motorad.com\/fr\/ressources\/certificats\/#primaryimage\"},\"thumbnailUrl\":\"https:\/\/motorad.com\/wp-content\/uploads\/Road_into_Light_2-scaled.jpg\",\"datePublished\":\"2025-04-03T14:52:36+00:00\",\"dateModified\":\"2026-03-17T14:33:11+00:00\",\"description\":\"Les certifications de MotoRad, validant notre engagement in\u00e9branlable envers les normes de qualit\u00e9 internationales et les meilleures pratiques de lindustrie automobile. D\u00e9couvrez les normes \u00e9lev\u00e9es que nous maintenons dans tous les aspects de nos activit\u00e9s.\",\"breadcrumb\":{\"@id\":\"https:\/\/motorad.com\/fr\/ressources\/certificats\/#breadcrumb\"},\"inLanguage\":\"fr-FR\",\"potentialAction\":[{\"@type\":\"ReadAction\",\"target\":[\"https:\/\/motorad.com\/fr\/ressources\/certificats\/\"]}]},{\"@type\":\"ImageObject\",\"inLanguage\":\"fr-FR\",\"@id\":\"https:\/\/motorad.com\/fr\/ressources\/certificats\/#primaryimage\",\"url\":\"https:\/\/motorad.com\/wp-content\/uploads\/Road_into_Light_2-scaled.jpg\",\"contentUrl\":\"https:\/\/motorad.com\/wp-content\/uploads\/Road_into_Light_2-scaled.jpg\"},{\"@type\":\"BreadcrumbList\",\"@id\":\"https:\/\/motorad.com\/fr\/ressources\/certificats\/#breadcrumb\",\"itemListElement\":[{\"@type\":\"ListItem\",\"position\":1,\"name\":\"Home\",\"item\":\"https:\/\/motorad.com\/fr\/\"},{\"@type\":\"ListItem\",\"position\":2,\"name\":\"Ressources\",\"item\":\"https:\/\/motoradnew.test\/ressources\/\"},{\"@type\":\"ListItem\",\"position\":3,\"name\":\"Certificats\"}]},{\"@type\":\"WebSite\",\"@id\":\"https:\/\/motorad.com\/fr\/#website\",\"url\":\"https:\/\/motorad.com\/fr\/\",\"name\":\"MotoRad\",\"description\":\"Trusted to Deliver Better - Thermal Management, Emissions, Powertrain Controls\",\"publisher\":{\"@id\":\"https:\/\/motorad.com\/fr\/#organization\"},\"potentialAction\":[{\"@type\":\"SearchAction\",\"target\":{\"@type\":\"EntryPoint\",\"urlTemplate\":\"https:\/\/motorad.com\/fr\/?s={search_term_string}\"},\"query-input\":{\"@type\":\"PropertyValueSpecification\",\"valueRequired\":true,\"valueName\":\"search_term_string\"}}],\"inLanguage\":\"fr-FR\"},{\"@type\":\"Organization\",\"@id\":\"https:\/\/motorad.com\/fr\/#organization\",\"name\":\"MotoRad\",\"url\":\"https:\/\/motorad.com\/fr\/\",\"logo\":{\"@type\":\"ImageObject\",\"inLanguage\":\"fr-FR\",\"@id\":\"https:\/\/motorad.com\/fr\/#\/schema\/logo\/image\/\",\"url\":\"https:\/\/motorad.com\/wp-content\/uploads\/2025\/01\/MotoRad_Logo.png\",\"contentUrl\":\"https:\/\/motorad.com\/wp-content\/uploads\/2025\/01\/MotoRad_Logo.png\",\"width\":358,\"height\":102,\"caption\":\"MotoRad\"},\"image\":{\"@id\":\"https:\/\/motorad.com\/fr\/#\/schema\/logo\/image\/\"},\"sameAs\":[\"https:\/\/www.facebook.com\/motoradusa\",\"https:\/\/x.com\/MotoRadUSA\",\"https:\/\/www.linkedin.com\/company\/motorad\/\"]}]}<\/script>\n<!-- \/ Yoast SEO Premium plugin. -->","yoast_head_json":{"title":"Certificats - MotoRad","description":"Les certifications de MotoRad, validant notre engagement in\u00e9branlable envers les normes de qualit\u00e9 internationales et les meilleures pratiques de lindustrie automobile. D\u00e9couvrez les normes \u00e9lev\u00e9es que nous maintenons dans tous les aspects de nos activit\u00e9s.","robots":{"index":"index","follow":"follow","max-snippet":"max-snippet:-1","max-image-preview":"max-image-preview:large","max-video-preview":"max-video-preview:-1"},"canonical":"https:\/\/motorad.com\/fr\/ressources\/certificats\/","og_locale":"fr_FR","og_type":"article","og_title":"Certificats","og_description":"Les certifications de MotoRad, validant notre engagement in\u00e9branlable envers les normes de qualit\u00e9 internationales et les meilleures pratiques de lindustrie automobile. D\u00e9couvrez les normes \u00e9lev\u00e9es que nous maintenons dans tous les aspects de nos activit\u00e9s.","og_url":"https:\/\/motorad.com\/fr\/ressources\/certificats\/","og_site_name":"MotoRad","article_publisher":"https:\/\/www.facebook.com\/motoradusa","article_modified_time":"2026-03-17T14:33:11+00:00","og_image":[{"width":1500,"height":667,"url":"https:\/\/motorad.com\/wp-content\/uploads\/2025\/03\/oem-back.jpg","type":"image\/jpeg"}],"twitter_card":"summary_large_image","twitter_site":"@MotoRadUSA","twitter_misc":{"Est. reading time":"2 minutes"},"schema":{"@context":"https:\/\/schema.org","@graph":[{"@type":"WebPage","@id":"https:\/\/motorad.com\/fr\/ressources\/certificats\/","url":"https:\/\/motorad.com\/fr\/ressources\/certificats\/","name":"Certificats - MotoRad","isPartOf":{"@id":"https:\/\/motorad.com\/fr\/#website"},"primaryImageOfPage":{"@id":"https:\/\/motorad.com\/fr\/ressources\/certificats\/#primaryimage"},"image":{"@id":"https:\/\/motorad.com\/fr\/ressources\/certificats\/#primaryimage"},"thumbnailUrl":"https:\/\/motorad.com\/wp-content\/uploads\/Road_into_Light_2-scaled.jpg","datePublished":"2025-04-03T14:52:36+00:00","dateModified":"2026-03-17T14:33:11+00:00","description":"Les certifications de MotoRad, validant notre engagement in\u00e9branlable envers les normes de qualit\u00e9 internationales et les meilleures pratiques de lindustrie automobile. D\u00e9couvrez les normes \u00e9lev\u00e9es que nous maintenons dans tous les aspects de nos activit\u00e9s.","breadcrumb":{"@id":"https:\/\/motorad.com\/fr\/ressources\/certificats\/#breadcrumb"},"inLanguage":"fr-FR","potentialAction":[{"@type":"ReadAction","target":["https:\/\/motorad.com\/fr\/ressources\/certificats\/"]}]},{"@type":"ImageObject","inLanguage":"fr-FR","@id":"https:\/\/motorad.com\/fr\/ressources\/certificats\/#primaryimage","url":"https:\/\/motorad.com\/wp-content\/uploads\/Road_into_Light_2-scaled.jpg","contentUrl":"https:\/\/motorad.com\/wp-content\/uploads\/Road_into_Light_2-scaled.jpg"},{"@type":"BreadcrumbList","@id":"https:\/\/motorad.com\/fr\/ressources\/certificats\/#breadcrumb","itemListElement":[{"@type":"ListItem","position":1,"name":"Home","item":"https:\/\/motorad.com\/fr\/"},{"@type":"ListItem","position":2,"name":"Ressources","item":"https:\/\/motoradnew.test\/ressources\/"},{"@type":"ListItem","position":3,"name":"Certificats"}]},{"@type":"WebSite","@id":"https:\/\/motorad.com\/fr\/#website","url":"https:\/\/motorad.com\/fr\/","name":"MotoRad","description":"Trusted to Deliver Better - Thermal Management, Emissions, Powertrain Controls","publisher":{"@id":"https:\/\/motorad.com\/fr\/#organization"},"potentialAction":[{"@type":"SearchAction","target":{"@type":"EntryPoint","urlTemplate":"https:\/\/motorad.com\/fr\/?s={search_term_string}"},"query-input":{"@type":"PropertyValueSpecification","valueRequired":true,"valueName":"search_term_string"}}],"inLanguage":"fr-FR"},{"@type":"Organization","@id":"https:\/\/motorad.com\/fr\/#organization","name":"MotoRad","url":"https:\/\/motorad.com\/fr\/","logo":{"@type":"ImageObject","inLanguage":"fr-FR","@id":"https:\/\/motorad.com\/fr\/#\/schema\/logo\/image\/","url":"https:\/\/motorad.com\/wp-content\/uploads\/2025\/01\/MotoRad_Logo.png","contentUrl":"https:\/\/motorad.com\/wp-content\/uploads\/2025\/01\/MotoRad_Logo.png","width":358,"height":102,"caption":"MotoRad"},"image":{"@id":"https:\/\/motorad.com\/fr\/#\/schema\/logo\/image\/"},"sameAs":["https:\/\/www.facebook.com\/motoradusa","https:\/\/x.com\/MotoRadUSA","https:\/\/www.linkedin.com\/company\/motorad\/"]}]}},"_links":{"self":[{"href":"https:\/\/motorad.com\/fr\/wp-json\/wp\/v2\/pages\/6779","targetHints":{"allow":["GET"]}}],"collection":[{"href":"https:\/\/motorad.com\/fr\/wp-json\/wp\/v2\/pages"}],"about":[{"href":"https:\/\/motorad.com\/fr\/wp-json\/wp\/v2\/types\/page"}],"author":[{"embeddable":true,"href":"https:\/\/motorad.com\/fr\/wp-json\/wp\/v2\/users\/1"}],"replies":[{"embeddable":true,"href":"https:\/\/motorad.com\/fr\/wp-json\/wp\/v2\/comments?post=6779"}],"version-history":[{"count":3,"href":"https:\/\/motorad.com\/fr\/wp-json\/wp\/v2\/pages\/6779\/revisions"}],"predecessor-version":[{"id":87604,"href":"https:\/\/motorad.com\/fr\/wp-json\/wp\/v2\/pages\/6779\/revisions\/87604"}],"up":[{"embeddable":true,"href":"https:\/\/motorad.com\/fr\/wp-json\/wp\/v2\/pages\/5995"}],"wp:attachment":[{"href":"https:\/\/motorad.com\/fr\/wp-json\/wp\/v2\/media?parent=6779"}],"curies":[{"name":"wp","href":"https:\/\/api.w.org\/{rel}","templated":true}]}}