{"id":87694,"date":"2026-02-10T18:18:49","date_gmt":"2026-02-10T18:18:49","guid":{"rendered":"https:\/\/motorad.com\/politique-de-gestion-du-cycle-de-vie-des-produits\/"},"modified":"2026-03-17T14:34:20","modified_gmt":"2026-03-17T14:34:20","slug":"politique-de-gestion-du-cycle-de-vie-des-produits","status":"publish","type":"page","link":"https:\/\/motorad.com\/fr\/politique-de-gestion-du-cycle-de-vie-des-produits\/","title":{"rendered":"Politique de gestion du cycle de vie des produits"},"content":{"rendered":"\n<h2 class=\"wp-block-heading\" id=\"h-product-life-cycle-management-policy\" style=\"margin-top:var(--wp--preset--spacing--50);margin-right:var(--wp--preset--spacing--50);margin-bottom:var(--wp--preset--spacing--50);margin-left:var(--wp--preset--spacing--50)\">Politique de gestion du cycle de vie des produits<\/h2>\n\n<p>MotoRad g\u00e8re ses produits en tenant compte des aspects environnementaux, sociaux et de gouvernance (ESG) tout au long de leur cycle de vie, depuis la conception et l&rsquo;approvisionnement jusqu&rsquo;\u00e0 la fin de vie, en passant par la fabrication et l&rsquo;utilisation par le client. Il s&rsquo;agit notamment de mettre l&rsquo;accent sur la durabilit\u00e9 d\u00e8s la conception, l&rsquo;efficacit\u00e9 des ressources, les pratiques d&rsquo;\u00e9conomie circulaire et l&rsquo;alignement sur les normes et r\u00e9glementations en vigueur. Pour plus de d\u00e9tails, consultez le document PDF sur la politique de gestion du cycle de vie des produits.  <\/p>\n\n<div data-wp-interactive=\"core\/file\" class=\"wp-block-file\"><object data-wp-bind--hidden=\"!state.hasPdfPreview\" hidden class=\"wp-block-file__embed\" data=\"https:\/\/motorad.com\/wp-content\/uploads\/2026\/02\/A-5.0-E-Product-life-Cycle-Management-Policy-EN-1.pdf\" type=\"application\/pdf\" style=\"width:100%;height:600px\" aria-label=\"Contenu embarqu\u00e9 A 5.0-E  Product life-Cycle Management Policy EN.\"><\/object><a id=\"wp-block-file--media-5ed722a5-506d-499c-adab-4e4615ac1213\" href=\"https:\/\/motorad.com\/wp-content\/uploads\/2026\/02\/A-5.0-E-Product-life-Cycle-Management-Policy-EN-1.pdf\">A 5.0-E Politique de gestion du cycle de vie des produits FR<\/a><a href=\"https:\/\/motorad.com\/wp-content\/uploads\/2026\/02\/A-5.0-E-Product-life-Cycle-Management-Policy-EN-1.pdf\" class=\"wp-block-file__button wp-element-button\" download=\"\" aria-describedby=\"wp-block-file--media-5ed722a5-506d-499c-adab-4e4615ac1213\">T\u00e9l\u00e9charger<\/a><\/div>\n","protected":false},"excerpt":{"rendered":"<p>Politique de gestion du cycle de vie des produits MotoRad g\u00e8re ses produits en tenant compte des aspects environnementaux, sociaux [&#8230;]<\/p>\n","protected":false},"author":2,"featured_media":0,"parent":0,"menu_order":0,"comment_status":"closed","ping_status":"closed","template":"","meta":{"_acf_changed":false,"footnotes":""},"class_list":["post-87694","page","type-page","status-publish","hentry"],"acf":[],"yoast_head":"<!-- This site is optimized with the Yoast SEO Premium plugin v27.2 (Yoast SEO v27.2) - https:\/\/yoast.com\/product\/yoast-seo-premium-wordpress\/ -->\n<title>Politique de gestion du cycle de vie des produits - MotoRad<\/title>\n<meta name=\"description\" content=\"MotoRad int\u00e8gre les consid\u00e9rations ESG tout au long du cycle de vie du produit, de la conception et de l&#039;approvisionnement jusqu&#039;\u00e0 la fin de vie. T\u00e9l\u00e9chargez la politique de gestion du cycle de vie des produits au format PDF.Focus keyphrase : Politique de gestion du cycle de vie des produitsInstructions sugg\u00e9r\u00e9es : politique-de-gestion-du-cycle-de-vie-des-produits\" \/>\n<meta name=\"robots\" content=\"index, follow, max-snippet:-1, max-image-preview:large, max-video-preview:-1\" \/>\n<link rel=\"canonical\" href=\"https:\/\/motorad.com\/fr\/politique-de-gestion-du-cycle-de-vie-des-produits\/\" \/>\n<meta property=\"og:locale\" content=\"fr_FR\" \/>\n<meta property=\"og:type\" content=\"article\" \/>\n<meta property=\"og:title\" content=\"Politique de gestion du cycle de vie des produits\" \/>\n<meta property=\"og:description\" content=\"MotoRad int\u00e8gre les consid\u00e9rations ESG tout au long du cycle de vie du produit, de la conception et de l&#039;approvisionnement jusqu&#039;\u00e0 la fin de vie. T\u00e9l\u00e9chargez la politique de gestion du cycle de vie des produits au format PDF.Focus keyphrase : Politique de gestion du cycle de vie des produitsInstructions sugg\u00e9r\u00e9es : politique-de-gestion-du-cycle-de-vie-des-produits\" \/>\n<meta property=\"og:url\" content=\"https:\/\/motorad.com\/fr\/politique-de-gestion-du-cycle-de-vie-des-produits\/\" \/>\n<meta property=\"og:site_name\" content=\"MotoRad\" \/>\n<meta property=\"article:publisher\" content=\"https:\/\/www.facebook.com\/motoradusa\" \/>\n<meta property=\"article:modified_time\" content=\"2026-03-17T14:34:20+00:00\" \/>\n<meta property=\"og:image\" content=\"https:\/\/motorad.com\/wp-content\/uploads\/2025\/03\/oem-back.jpg\" \/>\n\t<meta property=\"og:image:width\" content=\"1500\" \/>\n\t<meta property=\"og:image:height\" content=\"667\" \/>\n\t<meta property=\"og:image:type\" content=\"image\/jpeg\" \/>\n<meta name=\"twitter:card\" content=\"summary_large_image\" \/>\n<meta name=\"twitter:site\" content=\"@MotoRadUSA\" \/>\n<meta name=\"twitter:label1\" content=\"Est. reading time\" \/>\n\t<meta name=\"twitter:data1\" content=\"1 minute\" \/>\n<script type=\"application\/ld+json\" class=\"yoast-schema-graph\">{\"@context\":\"https:\/\/schema.org\",\"@graph\":[{\"@type\":\"WebPage\",\"@id\":\"https:\/\/motorad.com\/fr\/politique-de-gestion-du-cycle-de-vie-des-produits\/\",\"url\":\"https:\/\/motorad.com\/fr\/politique-de-gestion-du-cycle-de-vie-des-produits\/\",\"name\":\"Politique de gestion du cycle de vie des produits - MotoRad\",\"isPartOf\":{\"@id\":\"https:\/\/motorad.com\/fr\/#website\"},\"datePublished\":\"2026-02-10T18:18:49+00:00\",\"dateModified\":\"2026-03-17T14:34:20+00:00\",\"description\":\"MotoRad int\u00e8gre les consid\u00e9rations ESG tout au long du cycle de vie du produit, de la conception et de l'approvisionnement jusqu'\u00e0 la fin de vie. T\u00e9l\u00e9chargez la politique de gestion du cycle de vie des produits au format PDF.Focus keyphrase : Politique de gestion du cycle de vie des produitsInstructions sugg\u00e9r\u00e9es : politique-de-gestion-du-cycle-de-vie-des-produits\",\"breadcrumb\":{\"@id\":\"https:\/\/motorad.com\/fr\/politique-de-gestion-du-cycle-de-vie-des-produits\/#breadcrumb\"},\"inLanguage\":\"fr-FR\",\"potentialAction\":[{\"@type\":\"ReadAction\",\"target\":[\"https:\/\/motorad.com\/fr\/politique-de-gestion-du-cycle-de-vie-des-produits\/\"]}]},{\"@type\":\"BreadcrumbList\",\"@id\":\"https:\/\/motorad.com\/fr\/politique-de-gestion-du-cycle-de-vie-des-produits\/#breadcrumb\",\"itemListElement\":[{\"@type\":\"ListItem\",\"position\":1,\"name\":\"Home\",\"item\":\"https:\/\/motorad.com\/fr\/\"},{\"@type\":\"ListItem\",\"position\":2,\"name\":\"Politique de gestion du cycle de vie des produits\"}]},{\"@type\":\"WebSite\",\"@id\":\"https:\/\/motorad.com\/fr\/#website\",\"url\":\"https:\/\/motorad.com\/fr\/\",\"name\":\"MotoRad\",\"description\":\"Trusted to Deliver Better - Thermal Management, Emissions, Powertrain Controls\",\"publisher\":{\"@id\":\"https:\/\/motorad.com\/fr\/#organization\"},\"potentialAction\":[{\"@type\":\"SearchAction\",\"target\":{\"@type\":\"EntryPoint\",\"urlTemplate\":\"https:\/\/motorad.com\/fr\/?s={search_term_string}\"},\"query-input\":{\"@type\":\"PropertyValueSpecification\",\"valueRequired\":true,\"valueName\":\"search_term_string\"}}],\"inLanguage\":\"fr-FR\"},{\"@type\":\"Organization\",\"@id\":\"https:\/\/motorad.com\/fr\/#organization\",\"name\":\"MotoRad\",\"url\":\"https:\/\/motorad.com\/fr\/\",\"logo\":{\"@type\":\"ImageObject\",\"inLanguage\":\"fr-FR\",\"@id\":\"https:\/\/motorad.com\/fr\/#\/schema\/logo\/image\/\",\"url\":\"https:\/\/motorad.com\/wp-content\/uploads\/2025\/01\/MotoRad_Logo.png\",\"contentUrl\":\"https:\/\/motorad.com\/wp-content\/uploads\/2025\/01\/MotoRad_Logo.png\",\"width\":358,\"height\":102,\"caption\":\"MotoRad\"},\"image\":{\"@id\":\"https:\/\/motorad.com\/fr\/#\/schema\/logo\/image\/\"},\"sameAs\":[\"https:\/\/www.facebook.com\/motoradusa\",\"https:\/\/x.com\/MotoRadUSA\",\"https:\/\/www.linkedin.com\/company\/motorad\/\"]}]}<\/script>\n<!-- \/ Yoast SEO Premium plugin. -->","yoast_head_json":{"title":"Politique de gestion du cycle de vie des produits - MotoRad","description":"MotoRad int\u00e8gre les consid\u00e9rations ESG tout au long du cycle de vie du produit, de la conception et de l'approvisionnement jusqu'\u00e0 la fin de vie. T\u00e9l\u00e9chargez la politique de gestion du cycle de vie des produits au format PDF.Focus keyphrase : Politique de gestion du cycle de vie des produitsInstructions sugg\u00e9r\u00e9es : politique-de-gestion-du-cycle-de-vie-des-produits","robots":{"index":"index","follow":"follow","max-snippet":"max-snippet:-1","max-image-preview":"max-image-preview:large","max-video-preview":"max-video-preview:-1"},"canonical":"https:\/\/motorad.com\/fr\/politique-de-gestion-du-cycle-de-vie-des-produits\/","og_locale":"fr_FR","og_type":"article","og_title":"Politique de gestion du cycle de vie des produits","og_description":"MotoRad int\u00e8gre les consid\u00e9rations ESG tout au long du cycle de vie du produit, de la conception et de l'approvisionnement jusqu'\u00e0 la fin de vie. T\u00e9l\u00e9chargez la politique de gestion du cycle de vie des produits au format PDF.Focus keyphrase : Politique de gestion du cycle de vie des produitsInstructions sugg\u00e9r\u00e9es : politique-de-gestion-du-cycle-de-vie-des-produits","og_url":"https:\/\/motorad.com\/fr\/politique-de-gestion-du-cycle-de-vie-des-produits\/","og_site_name":"MotoRad","article_publisher":"https:\/\/www.facebook.com\/motoradusa","article_modified_time":"2026-03-17T14:34:20+00:00","og_image":[{"width":1500,"height":667,"url":"https:\/\/motorad.com\/wp-content\/uploads\/2025\/03\/oem-back.jpg","type":"image\/jpeg"}],"twitter_card":"summary_large_image","twitter_site":"@MotoRadUSA","twitter_misc":{"Est. reading time":"1 minute"},"schema":{"@context":"https:\/\/schema.org","@graph":[{"@type":"WebPage","@id":"https:\/\/motorad.com\/fr\/politique-de-gestion-du-cycle-de-vie-des-produits\/","url":"https:\/\/motorad.com\/fr\/politique-de-gestion-du-cycle-de-vie-des-produits\/","name":"Politique de gestion du cycle de vie des produits - MotoRad","isPartOf":{"@id":"https:\/\/motorad.com\/fr\/#website"},"datePublished":"2026-02-10T18:18:49+00:00","dateModified":"2026-03-17T14:34:20+00:00","description":"MotoRad int\u00e8gre les consid\u00e9rations ESG tout au long du cycle de vie du produit, de la conception et de l'approvisionnement jusqu'\u00e0 la fin de vie. T\u00e9l\u00e9chargez la politique de gestion du cycle de vie des produits au format PDF.Focus keyphrase : Politique de gestion du cycle de vie des produitsInstructions sugg\u00e9r\u00e9es : politique-de-gestion-du-cycle-de-vie-des-produits","breadcrumb":{"@id":"https:\/\/motorad.com\/fr\/politique-de-gestion-du-cycle-de-vie-des-produits\/#breadcrumb"},"inLanguage":"fr-FR","potentialAction":[{"@type":"ReadAction","target":["https:\/\/motorad.com\/fr\/politique-de-gestion-du-cycle-de-vie-des-produits\/"]}]},{"@type":"BreadcrumbList","@id":"https:\/\/motorad.com\/fr\/politique-de-gestion-du-cycle-de-vie-des-produits\/#breadcrumb","itemListElement":[{"@type":"ListItem","position":1,"name":"Home","item":"https:\/\/motorad.com\/fr\/"},{"@type":"ListItem","position":2,"name":"Politique de gestion du cycle de vie des produits"}]},{"@type":"WebSite","@id":"https:\/\/motorad.com\/fr\/#website","url":"https:\/\/motorad.com\/fr\/","name":"MotoRad","description":"Trusted to Deliver Better - Thermal Management, Emissions, Powertrain Controls","publisher":{"@id":"https:\/\/motorad.com\/fr\/#organization"},"potentialAction":[{"@type":"SearchAction","target":{"@type":"EntryPoint","urlTemplate":"https:\/\/motorad.com\/fr\/?s={search_term_string}"},"query-input":{"@type":"PropertyValueSpecification","valueRequired":true,"valueName":"search_term_string"}}],"inLanguage":"fr-FR"},{"@type":"Organization","@id":"https:\/\/motorad.com\/fr\/#organization","name":"MotoRad","url":"https:\/\/motorad.com\/fr\/","logo":{"@type":"ImageObject","inLanguage":"fr-FR","@id":"https:\/\/motorad.com\/fr\/#\/schema\/logo\/image\/","url":"https:\/\/motorad.com\/wp-content\/uploads\/2025\/01\/MotoRad_Logo.png","contentUrl":"https:\/\/motorad.com\/wp-content\/uploads\/2025\/01\/MotoRad_Logo.png","width":358,"height":102,"caption":"MotoRad"},"image":{"@id":"https:\/\/motorad.com\/fr\/#\/schema\/logo\/image\/"},"sameAs":["https:\/\/www.facebook.com\/motoradusa","https:\/\/x.com\/MotoRadUSA","https:\/\/www.linkedin.com\/company\/motorad\/"]}]}},"_links":{"self":[{"href":"https:\/\/motorad.com\/fr\/wp-json\/wp\/v2\/pages\/87694","targetHints":{"allow":["GET"]}}],"collection":[{"href":"https:\/\/motorad.com\/fr\/wp-json\/wp\/v2\/pages"}],"about":[{"href":"https:\/\/motorad.com\/fr\/wp-json\/wp\/v2\/types\/page"}],"author":[{"embeddable":true,"href":"https:\/\/motorad.com\/fr\/wp-json\/wp\/v2\/users\/2"}],"replies":[{"embeddable":true,"href":"https:\/\/motorad.com\/fr\/wp-json\/wp\/v2\/comments?post=87694"}],"version-history":[{"count":1,"href":"https:\/\/motorad.com\/fr\/wp-json\/wp\/v2\/pages\/87694\/revisions"}],"predecessor-version":[{"id":87696,"href":"https:\/\/motorad.com\/fr\/wp-json\/wp\/v2\/pages\/87694\/revisions\/87696"}],"wp:attachment":[{"href":"https:\/\/motorad.com\/fr\/wp-json\/wp\/v2\/media?parent=87694"}],"curies":[{"name":"wp","href":"https:\/\/api.w.org\/{rel}","templated":true}]}}