{"id":5858,"date":"2025-04-04T12:23:17","date_gmt":"2025-04-04T12:23:17","guid":{"rendered":"https:\/\/motorad.com\/products\/sistema-evap\/"},"modified":"2025-06-13T12:48:26","modified_gmt":"2025-06-13T12:48:26","slug":"sistema-evap","status":"publish","type":"page","link":"https:\/\/motorad.com\/it\/products\/sistema-evap\/","title":{"rendered":"Sistema EVAP"},"content":{"rendered":"\n<h2 class=\"wp-block-heading\" id=\"h-motorad-evaporative-emissions-products\" style=\"margin-top:var(--wp--preset--spacing--60);margin-bottom:var(--wp--preset--spacing--60)\">Prodotti per emissioni evaporative MotoRad<\/h2>\n\n<div class=\"wp-block-columns is-layout-flex wp-container-core-columns-is-layout-1fc7b8c3 wp-block-columns-is-layout-flex\" style=\"margin-top:0;margin-bottom:0;padding-right:0;padding-left:0\">\n<div class=\"wp-block-column is-vertically-aligned-center is-layout-flow wp-block-column-is-layout-flow\">\n<figure class=\"wp-block-image alignright size-medium is-resized\"><img loading=\"lazy\" decoding=\"async\" width=\"300\" height=\"125\" src=\"https:\/\/motorad.com\/wp-content\/uploads\/2025\/04\/24-evap-icon-1-300x125.jpg\" alt=\"\" class=\"wp-image-4518\" style=\"width:200px\" srcset=\"https:\/\/motorad.com\/wp-content\/uploads\/2025\/04\/24-evap-icon-1-300x125.jpg 300w, https:\/\/motorad.com\/wp-content\/uploads\/2025\/04\/24-evap-icon-1-1024x425.jpg 1024w, https:\/\/motorad.com\/wp-content\/uploads\/2025\/04\/24-evap-icon-1-768x319.jpg 768w, https:\/\/motorad.com\/wp-content\/uploads\/2025\/04\/24-evap-icon-1.jpg 1200w\" sizes=\"auto, (max-width: 300px) 100vw, 300px\" \/><\/figure>\n\n\n\n<div style=\"height:5px\" aria-hidden=\"true\" class=\"wp-block-spacer\"><\/div>\n\n\n\n<p class=\"has-text-align-right\"><strong>I prodotti Premium per emissioni evaporative MotoRad assicurano che il sistema di controllo delle emissioni del veicolo funzioni al meglio. Progettati per la precisione e fabbricati per prestazioni durature, questi nuovi prodotti garantiscono la conformit\u00e0 del tuo veicolo alle normative ambientali. Per emissioni pi\u00f9 pulite, efficienza e prestazioni ottimali e un futuro pi\u00f9 verde, fidati del Programma Emissioni Evaporative di MotoRad.  <\/strong><br\/><\/p>\n<\/div>\n\n\n\n<div class=\"wp-block-column is-vertically-aligned-center is-layout-flow wp-block-column-is-layout-flow\">\n<figure class=\"wp-block-image aligncenter size-full\"><img loading=\"lazy\" decoding=\"async\" width=\"2560\" height=\"1707\" src=\"https:\/\/motorad.com\/wp-content\/uploads\/2025\/04\/evap1-scaled-1.jpg\" alt=\"\" class=\"wp-image-4530\" srcset=\"https:\/\/motorad.com\/wp-content\/uploads\/2025\/04\/evap1-scaled-1.jpg 2560w, https:\/\/motorad.com\/wp-content\/uploads\/2025\/04\/evap1-scaled-1-300x200.jpg 300w, https:\/\/motorad.com\/wp-content\/uploads\/2025\/04\/evap1-scaled-1-1024x683.jpg 1024w, https:\/\/motorad.com\/wp-content\/uploads\/2025\/04\/evap1-scaled-1-768x512.jpg 768w, https:\/\/motorad.com\/wp-content\/uploads\/2025\/04\/evap1-scaled-1-1536x1024.jpg 1536w, https:\/\/motorad.com\/wp-content\/uploads\/2025\/04\/evap1-scaled-1-2048x1366.jpg 2048w\" sizes=\"auto, (max-width: 2560px) 100vw, 2560px\" \/><\/figure>\n<\/div>\n<\/div>\n\n<div class=\"wp-block-columns is-layout-flex wp-container-core-columns-is-layout-95393138 wp-block-columns-is-layout-flex\" style=\"margin-top:var(--wp--preset--spacing--60);margin-bottom:var(--wp--preset--spacing--60)\">\n<div class=\"wp-block-column is-layout-flow wp-block-column-is-layout-flow\">\n<h2 class=\"wp-block-heading has-text-align-right has-palette-interactive-color has-text-color has-link-color wp-elements-928ea06aaf634c2cdf13367e6f913efc\" id=\"h-designed-to-withstand-harsh-conditions-and-exposure-to-fuel-vapors\"><em>Progettati per resistere a condizioni difficili e all&#8217;esposizione ai vapori di carburante.<\/em><br\/><\/h2>\n<\/div>\n\n\n\n<div class=\"wp-block-column is-layout-flow wp-block-column-is-layout-flow\">\n<h2 class=\"wp-block-heading has-text-align-left\" id=\"h-critical-components\" style=\"margin-bottom:var(--wp--preset--spacing--40)\">COMPONENTI CRITICI<\/h2>\n\n\n\n<p class=\"has-text-align-left\">PER LE PRESTAZIONI DEL VEICOLO E LA CONFORMIT\u00c0 ALLE EMISSIONI <\/p>\n\n\n\n<ul class=\"wp-block-list\">\n<li style=\"margin-bottom:var(--wp--preset--spacing--20)\">Sostituzioni dirette OEM<\/li>\n\n\n\n<li style=\"margin-bottom:var(--wp--preset--spacing--20)\">Prodotti secondo gli standard di qualit\u00e0 e sicurezza OEM<\/li>\n\n\n\n<li>Soddisfano tutti i requisiti statali e federali sulle emissioni<\/li>\n<\/ul>\n<\/div>\n<\/div>\n\n<div class=\"wp-block-columns are-vertically-aligned-center is-layout-flex wp-container-core-columns-is-layout-cbe57604 wp-block-columns-is-layout-flex\">\n<div class=\"wp-block-column is-vertically-aligned-center is-layout-flow wp-block-column-is-layout-flow\" style=\"flex-basis:33.33%\">\n<figure class=\"wp-block-image alignright size-full is-resized\"><img loading=\"lazy\" decoding=\"async\" width=\"2560\" height=\"2560\" src=\"https:\/\/motorad.com\/wp-content\/uploads\/2025\/04\/EVP0096_Angle-scaled-1-1.jpg\" alt=\"\" class=\"wp-image-4544\" style=\"width:250px\" srcset=\"https:\/\/motorad.com\/wp-content\/uploads\/2025\/04\/EVP0096_Angle-scaled-1-1.jpg 2560w, https:\/\/motorad.com\/wp-content\/uploads\/2025\/04\/EVP0096_Angle-scaled-1-1-300x300.jpg 300w, https:\/\/motorad.com\/wp-content\/uploads\/2025\/04\/EVP0096_Angle-scaled-1-1-1024x1024.jpg 1024w, https:\/\/motorad.com\/wp-content\/uploads\/2025\/04\/EVP0096_Angle-scaled-1-1-150x150.jpg 150w, https:\/\/motorad.com\/wp-content\/uploads\/2025\/04\/EVP0096_Angle-scaled-1-1-768x768.jpg 768w, https:\/\/motorad.com\/wp-content\/uploads\/2025\/04\/EVP0096_Angle-scaled-1-1-1536x1536.jpg 1536w, https:\/\/motorad.com\/wp-content\/uploads\/2025\/04\/EVP0096_Angle-scaled-1-1-2048x2048.jpg 2048w\" sizes=\"auto, (max-width: 2560px) 100vw, 2560px\" \/><\/figure>\n<\/div>\n\n\n\n<div class=\"wp-block-column is-vertically-aligned-center is-layout-flow wp-block-column-is-layout-flow\" style=\"flex-basis:66.66%\">\n<h2 class=\"wp-block-heading\" id=\"h-vapor-canister-vent-valves\" style=\"margin-bottom:var(--wp--preset--spacing--40)\"><strong><a href=\"https:\/\/motorad.com\/it\/products\/sistema-evap\/valvole-di-sfiato-del-canister-del-vapore\/\">Valvole di sfiato del canister dei vapori<\/a><\/strong><\/h2>\n\n\n\n<ul style=\"margin-bottom:var(--wp--preset--spacing--30)\" class=\"wp-block-list\">\n<li>Fornisce chiusura per il sistema EVAP (normalmente ventilato) durante il ciclo di test OBD II<\/li>\n<\/ul>\n\n\n\n<ul style=\"margin-bottom:var(--wp--preset--spacing--30)\" class=\"wp-block-list\">\n<li>Include un filtro integrato che cattura contaminanti e particelle dall&#8217;aria in entrata, prevenendo intasamenti e garantendo un flusso d&#8217;aria pulito<\/li>\n<\/ul>\n\n\n\n<ul style=\"margin-bottom:var(--wp--preset--spacing--60)\" class=\"wp-block-list\">\n<li>Risposta rapida della valvola alle richieste del motore, garantendo uno sfiato efficiente dei vapori e ottimizzando le prestazioni complessive del motore<\/li>\n<\/ul>\n\n\n\n<div class=\"wp-block-buttons is-layout-flex wp-block-buttons-is-layout-flex\">\n<div class=\"wp-block-button\"><a class=\"wp-block-button__link wp-element-button\" href=\"https:\/\/motorad.com\/it\/products\/sistema-evap\/valvole-di-sfiato-del-canister-del-vapore\/\">Altre info<\/a><\/div>\n<\/div>\n<\/div>\n<\/div>\n\n<hr class=\"wp-block-separator has-text-color has-palette-brand-3-color has-alpha-channel-opacity has-palette-brand-3-background-color has-background is-style-wide\" style=\"margin-top:var(--wp--preset--spacing--60);margin-bottom:var(--wp--preset--spacing--60)\"\/>\n\n<div class=\"wp-block-columns are-vertically-aligned-center is-layout-flex wp-container-core-columns-is-layout-cbe57604 wp-block-columns-is-layout-flex\">\n<div class=\"wp-block-column is-vertically-aligned-center is-layout-flow wp-block-column-is-layout-flow\" style=\"flex-basis:33.33%\">\n<figure class=\"wp-block-image alignright size-full is-resized\"><img loading=\"lazy\" decoding=\"async\" width=\"2560\" height=\"2560\" src=\"https:\/\/motorad.com\/wp-content\/uploads\/2025\/04\/EVP0091_Angle-1-scaled-1.jpg\" alt=\"\" class=\"wp-image-4537\" style=\"width:250px\" srcset=\"https:\/\/motorad.com\/wp-content\/uploads\/2025\/04\/EVP0091_Angle-1-scaled-1.jpg 2560w, https:\/\/motorad.com\/wp-content\/uploads\/2025\/04\/EVP0091_Angle-1-scaled-1-300x300.jpg 300w, https:\/\/motorad.com\/wp-content\/uploads\/2025\/04\/EVP0091_Angle-1-scaled-1-1024x1024.jpg 1024w, https:\/\/motorad.com\/wp-content\/uploads\/2025\/04\/EVP0091_Angle-1-scaled-1-150x150.jpg 150w, https:\/\/motorad.com\/wp-content\/uploads\/2025\/04\/EVP0091_Angle-1-scaled-1-768x768.jpg 768w, https:\/\/motorad.com\/wp-content\/uploads\/2025\/04\/EVP0091_Angle-1-scaled-1-1536x1536.jpg 1536w, https:\/\/motorad.com\/wp-content\/uploads\/2025\/04\/EVP0091_Angle-1-scaled-1-2048x2048.jpg 2048w\" sizes=\"auto, (max-width: 2560px) 100vw, 2560px\" \/><\/figure>\n<\/div>\n\n\n\n<div class=\"wp-block-column is-vertically-aligned-center is-layout-flow wp-block-column-is-layout-flow\" style=\"flex-basis:66.66%\">\n<h2 class=\"wp-block-heading\" id=\"h-vapor-canister-purge-solenoids\" style=\"margin-bottom:var(--wp--preset--spacing--40)\"><a href=\"https:\/\/motorad.com\/it\/products\/sistema-evap\/elettrovalvole-di-spurgo-del-filtro-a-carboni-attivi\/\"><strong>Elettrovalvole di spurgo del filtro a carboni attivi<\/strong><\/a><\/h2>\n\n\n\n<ul class=\"wp-block-list\">\n<li style=\"margin-bottom:var(--wp--preset--spacing--30)\">Migliora le prestazioni complessive del motore fornendo un corretto flusso di vapori per mantenere la giusta miscela aria-carburante<\/li>\n\n\n\n<li style=\"margin-bottom:var(--wp--preset--spacing--30)\">Aiuta a ridurre le emissioni nocive e garantisce il rispetto delle normative ambientali controllando il rilascio dei vapori di carburante nel motore<\/li>\n\n\n\n<li style=\"margin-bottom:var(--wp--preset--spacing--60)\">Garantisce un funzionamento preciso con principi elettromagnetici per controllare il flusso di vapori di carburante dal filtro a carboni attivi al motore<\/li>\n<\/ul>\n\n\n\n<div class=\"wp-block-buttons is-layout-flex wp-block-buttons-is-layout-flex\">\n<div class=\"wp-block-button\"><a class=\"wp-block-button__link wp-element-button\" href=\"https:\/\/motorad.com\/it\/products\/sistema-evap\/elettrovalvole-di-spurgo-del-filtro-a-carboni-attivi\/\">Altre info<\/a><\/div>\n<\/div>\n<\/div>\n<\/div>\n\n<hr class=\"wp-block-separator has-text-color has-palette-brand-3-color has-alpha-channel-opacity has-palette-brand-3-background-color has-background is-style-wide\" style=\"margin-top:var(--wp--preset--spacing--60);margin-bottom:var(--wp--preset--spacing--60)\"\/>\n\n<div class=\"wp-block-columns are-vertically-aligned-center is-layout-flex wp-container-core-columns-is-layout-cbe57604 wp-block-columns-is-layout-flex\">\n<div class=\"wp-block-column is-vertically-aligned-center is-layout-flow wp-block-column-is-layout-flow\" style=\"flex-basis:33.33%\">\n<figure class=\"wp-block-image alignright size-full is-resized\"><img loading=\"lazy\" decoding=\"async\" width=\"2560\" height=\"2560\" src=\"https:\/\/motorad.com\/wp-content\/uploads\/2025\/04\/EVP0139_Angle-scaled-1.jpg\" alt=\"\" class=\"wp-image-4551\" style=\"width:250px\" srcset=\"https:\/\/motorad.com\/wp-content\/uploads\/2025\/04\/EVP0139_Angle-scaled-1.jpg 2560w, https:\/\/motorad.com\/wp-content\/uploads\/2025\/04\/EVP0139_Angle-scaled-1-300x300.jpg 300w, https:\/\/motorad.com\/wp-content\/uploads\/2025\/04\/EVP0139_Angle-scaled-1-1024x1024.jpg 1024w, https:\/\/motorad.com\/wp-content\/uploads\/2025\/04\/EVP0139_Angle-scaled-1-150x150.jpg 150w, https:\/\/motorad.com\/wp-content\/uploads\/2025\/04\/EVP0139_Angle-scaled-1-768x768.jpg 768w, https:\/\/motorad.com\/wp-content\/uploads\/2025\/04\/EVP0139_Angle-scaled-1-1536x1536.jpg 1536w, https:\/\/motorad.com\/wp-content\/uploads\/2025\/04\/EVP0139_Angle-scaled-1-2048x2048.jpg 2048w\" sizes=\"auto, (max-width: 2560px) 100vw, 2560px\" \/><\/figure>\n<\/div>\n\n\n\n<div class=\"wp-block-column is-vertically-aligned-center is-layout-flow wp-block-column-is-layout-flow\" style=\"flex-basis:66.66%\">\n<h2 class=\"wp-block-heading\" id=\"h-vapor-canisters\" style=\"margin-bottom:var(--wp--preset--spacing--40)\"><a href=\"https:\/\/motorad.com\/products\/evap-system\/vapor-canisters\/\"><strong>Canister dei vapori<\/strong><\/a><\/h2>\n\n\n\n<ul class=\"wp-block-list\">\n<li style=\"margin-bottom:var(--wp--preset--spacing--20)\">Fornisce la gestione dei vapori di carburante, ripristinando il corretto controllo delle emissioni per migliorare l&#8217;efficienza del carburante e le prestazioni del motore<\/li>\n\n\n\n<li style=\"margin-bottom:var(--wp--preset--spacing--20)\">Prodotto utilizzando carbone attivo di grado superiore unico con miliardi di pori per fornire un&#8217;adsorbimento (non assorbimento) e desorbimento ad alta efficienza dei vapori di carburante<\/li>\n\n\n\n<li style=\"margin-bottom:var(--wp--preset--spacing--60)\">Il design multistrato ottimizza il flusso di vapore e l&#8217;efficienza di adsorbimento, consentendo una cattura pi\u00f9 rapida ed efficace dei vapori di carburante<\/li>\n<\/ul>\n\n\n\n<div class=\"wp-block-buttons is-layout-flex wp-block-buttons-is-layout-flex\">\n<div class=\"wp-block-button\"><a class=\"wp-block-button__link wp-element-button\" href=\"https:\/\/motorad.com\/products\/evap-system\/vapor-canisters\/\">Altre info<\/a><\/div>\n<\/div>\n<\/div>\n<\/div>\n\n<hr class=\"wp-block-separator has-text-color has-palette-brand-3-color has-alpha-channel-opacity has-palette-brand-3-background-color has-background is-style-wide\" style=\"margin-top:var(--wp--preset--spacing--60);margin-bottom:var(--wp--preset--spacing--60)\"\/>\n\n<div class=\"wp-block-columns are-vertically-aligned-center is-layout-flex wp-container-core-columns-is-layout-cbe57604 wp-block-columns-is-layout-flex\">\n<div class=\"wp-block-column is-vertically-aligned-center is-layout-flow wp-block-column-is-layout-flow\" style=\"flex-basis:33.33%\">\n<figure class=\"wp-block-image alignright size-large is-resized\"><img loading=\"lazy\" decoding=\"async\" width=\"1024\" height=\"1024\" src=\"https:\/\/motorad.com\/wp-content\/uploads\/2025\/04\/EVP0227_Angle-scaled-1-1536x1536-1-1024x1024.jpg\" alt=\"\" class=\"wp-image-4558\" style=\"width:150px\" srcset=\"https:\/\/motorad.com\/wp-content\/uploads\/2025\/04\/EVP0227_Angle-scaled-1-1536x1536-1-1024x1024.jpg 1024w, https:\/\/motorad.com\/wp-content\/uploads\/2025\/04\/EVP0227_Angle-scaled-1-1536x1536-1-300x300.jpg 300w, https:\/\/motorad.com\/wp-content\/uploads\/2025\/04\/EVP0227_Angle-scaled-1-1536x1536-1-150x150.jpg 150w, https:\/\/motorad.com\/wp-content\/uploads\/2025\/04\/EVP0227_Angle-scaled-1-1536x1536-1-768x768.jpg 768w, https:\/\/motorad.com\/wp-content\/uploads\/2025\/04\/EVP0227_Angle-scaled-1-1536x1536-1.jpg 1536w\" sizes=\"auto, (max-width: 1024px) 100vw, 1024px\" \/><\/figure>\n<\/div>\n\n\n\n<div class=\"wp-block-column is-vertically-aligned-center is-layout-flow wp-block-column-is-layout-flow\" style=\"flex-basis:66.66%\">\n<h2 class=\"wp-block-heading\" id=\"h-leak-detection-pumps\" style=\"margin-bottom:var(--wp--preset--spacing--40)\"><strong><a href=\"https:\/\/motorad.com\/products\/evap-system\/leak-detection-pumps\/\">Pompe di rilevamento perdite<\/a><\/strong><\/h2>\n\n\n\n<ul class=\"wp-block-list\">\n<li style=\"margin-bottom:var(--wp--preset--spacing--20)\">La pompa svolge un ruolo critico nell&#8217;identificare le perdite nel sistema EVAP, impedendo ai vapori di carburante nocivi di fuoriuscire nell&#8217;atmosfera<\/li>\n\n\n\n<li style=\"margin-bottom:var(--wp--preset--spacing--20)\">Progettata per creare un vuoto preciso, garantendo un&#8217;identificazione accurata delle perdite per prestazioni del veicolo migliorate<\/li>\n\n\n\n<li style=\"margin-bottom:var(--wp--preset--spacing--60)\">Dotata di sensori integrati che monitorano continuamente i livelli di pressione, consentendo il rilevamento immediato di eventuali perdite o malfunzionamenti<\/li>\n<\/ul>\n\n\n\n<div class=\"wp-block-buttons is-layout-flex wp-block-buttons-is-layout-flex\">\n<div class=\"wp-block-button\"><a class=\"wp-block-button__link wp-element-button\" href=\"https:\/\/motorad.com\/products\/evap-system\/leak-detection-pumps\/\">Altre info<\/a><\/div>\n<\/div>\n<\/div>\n<\/div>\n","protected":false},"excerpt":{"rendered":"<p>Prodotti per emissioni evaporative MotoRad I prodotti Premium per emissioni evaporative MotoRad assicurano che il sistema di controllo delle emissioni [&#8230;]<\/p>\n","protected":false},"author":1,"featured_media":0,"parent":2472,"menu_order":0,"comment_status":"closed","ping_status":"closed","template":"","meta":{"_acf_changed":false,"footnotes":""},"class_list":["post-5858","page","type-page","status-publish","hentry"],"acf":[],"yoast_head":"<!-- This site is optimized with the Yoast SEO Premium plugin v27.2 (Yoast SEO v27.2) - https:\/\/yoast.com\/product\/yoast-seo-premium-wordpress\/ -->\n<title>Sistema EVAP - MotoRad<\/title>\n<meta name=\"description\" content=\"MotoRad - Sistema EVAP\" \/>\n<meta name=\"robots\" content=\"index, follow, max-snippet:-1, max-image-preview:large, max-video-preview:-1\" \/>\n<link rel=\"canonical\" href=\"https:\/\/motorad.com\/it\/products\/sistema-evap\/\" \/>\n<meta property=\"og:locale\" content=\"it_IT\" \/>\n<meta property=\"og:type\" content=\"article\" \/>\n<meta property=\"og:title\" content=\"Sistema EVAP\" \/>\n<meta property=\"og:description\" content=\"MotoRad - Sistema EVAP\" \/>\n<meta property=\"og:url\" content=\"https:\/\/motorad.com\/it\/products\/sistema-evap\/\" \/>\n<meta property=\"og:site_name\" content=\"MotoRad\" \/>\n<meta property=\"article:publisher\" content=\"https:\/\/www.facebook.com\/motoradusa\" \/>\n<meta property=\"article:modified_time\" content=\"2025-06-13T12:48:26+00:00\" \/>\n<meta property=\"og:image\" content=\"https:\/\/motorad.com\/wp-content\/uploads\/2025\/04\/24-evap-icon-1.jpg\" \/>\n\t<meta property=\"og:image:width\" content=\"1200\" \/>\n\t<meta property=\"og:image:height\" content=\"498\" \/>\n\t<meta property=\"og:image:type\" content=\"image\/jpeg\" \/>\n<meta name=\"twitter:card\" content=\"summary_large_image\" \/>\n<meta name=\"twitter:site\" content=\"@MotoRadUSA\" \/>\n<meta name=\"twitter:label1\" content=\"Est. reading time\" \/>\n\t<meta name=\"twitter:data1\" content=\"2 minuti\" \/>\n<script type=\"application\/ld+json\" class=\"yoast-schema-graph\">{\"@context\":\"https:\/\/schema.org\",\"@graph\":[{\"@type\":\"WebPage\",\"@id\":\"https:\/\/motorad.com\/it\/products\/sistema-evap\/\",\"url\":\"https:\/\/motorad.com\/it\/products\/sistema-evap\/\",\"name\":\"Sistema EVAP - MotoRad\",\"isPartOf\":{\"@id\":\"https:\/\/motorad.com\/it\/#website\"},\"primaryImageOfPage\":{\"@id\":\"https:\/\/motorad.com\/it\/products\/sistema-evap\/#primaryimage\"},\"image\":{\"@id\":\"https:\/\/motorad.com\/it\/products\/sistema-evap\/#primaryimage\"},\"thumbnailUrl\":\"https:\/\/motorad.com\/wp-content\/uploads\/2025\/04\/24-evap-icon-1-300x125.jpg\",\"datePublished\":\"2025-04-04T12:23:17+00:00\",\"dateModified\":\"2025-06-13T12:48:26+00:00\",\"description\":\"MotoRad - Sistema EVAP\",\"breadcrumb\":{\"@id\":\"https:\/\/motorad.com\/it\/products\/sistema-evap\/#breadcrumb\"},\"inLanguage\":\"it-IT\",\"potentialAction\":[{\"@type\":\"ReadAction\",\"target\":[\"https:\/\/motorad.com\/it\/products\/sistema-evap\/\"]}]},{\"@type\":\"ImageObject\",\"inLanguage\":\"it-IT\",\"@id\":\"https:\/\/motorad.com\/it\/products\/sistema-evap\/#primaryimage\",\"url\":\"https:\/\/motorad.com\/wp-content\/uploads\/2025\/04\/24-evap-icon-1-300x125.jpg\",\"contentUrl\":\"https:\/\/motorad.com\/wp-content\/uploads\/2025\/04\/24-evap-icon-1-300x125.jpg\"},{\"@type\":\"BreadcrumbList\",\"@id\":\"https:\/\/motorad.com\/it\/products\/sistema-evap\/#breadcrumb\",\"itemListElement\":[{\"@type\":\"ListItem\",\"position\":1,\"name\":\"Home\",\"item\":\"https:\/\/motorad.com\/it\/\"},{\"@type\":\"ListItem\",\"position\":2,\"name\":\"Prodotti\",\"item\":\"https:\/\/motoradnew.test\/it\/products\/\"},{\"@type\":\"ListItem\",\"position\":3,\"name\":\"Sistema EVAP\"}]},{\"@type\":\"WebSite\",\"@id\":\"https:\/\/motorad.com\/it\/#website\",\"url\":\"https:\/\/motorad.com\/it\/\",\"name\":\"MotoRad\",\"description\":\"Trusted to Deliver Better - Thermal Management, Emissions, Powertrain Controls\",\"publisher\":{\"@id\":\"https:\/\/motorad.com\/it\/#organization\"},\"potentialAction\":[{\"@type\":\"SearchAction\",\"target\":{\"@type\":\"EntryPoint\",\"urlTemplate\":\"https:\/\/motorad.com\/it\/?s={search_term_string}\"},\"query-input\":{\"@type\":\"PropertyValueSpecification\",\"valueRequired\":true,\"valueName\":\"search_term_string\"}}],\"inLanguage\":\"it-IT\"},{\"@type\":\"Organization\",\"@id\":\"https:\/\/motorad.com\/it\/#organization\",\"name\":\"MotoRad\",\"url\":\"https:\/\/motorad.com\/it\/\",\"logo\":{\"@type\":\"ImageObject\",\"inLanguage\":\"it-IT\",\"@id\":\"https:\/\/motorad.com\/it\/#\/schema\/logo\/image\/\",\"url\":\"https:\/\/motorad.com\/wp-content\/uploads\/2025\/01\/MotoRad_Logo.png\",\"contentUrl\":\"https:\/\/motorad.com\/wp-content\/uploads\/2025\/01\/MotoRad_Logo.png\",\"width\":358,\"height\":102,\"caption\":\"MotoRad\"},\"image\":{\"@id\":\"https:\/\/motorad.com\/it\/#\/schema\/logo\/image\/\"},\"sameAs\":[\"https:\/\/www.facebook.com\/motoradusa\",\"https:\/\/x.com\/MotoRadUSA\",\"https:\/\/www.linkedin.com\/company\/motorad\/\"]}]}<\/script>\n<!-- \/ Yoast SEO Premium plugin. -->","yoast_head_json":{"title":"Sistema EVAP - MotoRad","description":"MotoRad - Sistema EVAP","robots":{"index":"index","follow":"follow","max-snippet":"max-snippet:-1","max-image-preview":"max-image-preview:large","max-video-preview":"max-video-preview:-1"},"canonical":"https:\/\/motorad.com\/it\/products\/sistema-evap\/","og_locale":"it_IT","og_type":"article","og_title":"Sistema EVAP","og_description":"MotoRad - Sistema EVAP","og_url":"https:\/\/motorad.com\/it\/products\/sistema-evap\/","og_site_name":"MotoRad","article_publisher":"https:\/\/www.facebook.com\/motoradusa","article_modified_time":"2025-06-13T12:48:26+00:00","og_image":[{"width":1200,"height":498,"url":"https:\/\/motorad.com\/wp-content\/uploads\/2025\/04\/24-evap-icon-1.jpg","type":"image\/jpeg"}],"twitter_card":"summary_large_image","twitter_site":"@MotoRadUSA","twitter_misc":{"Est. reading time":"2 minuti"},"schema":{"@context":"https:\/\/schema.org","@graph":[{"@type":"WebPage","@id":"https:\/\/motorad.com\/it\/products\/sistema-evap\/","url":"https:\/\/motorad.com\/it\/products\/sistema-evap\/","name":"Sistema EVAP - MotoRad","isPartOf":{"@id":"https:\/\/motorad.com\/it\/#website"},"primaryImageOfPage":{"@id":"https:\/\/motorad.com\/it\/products\/sistema-evap\/#primaryimage"},"image":{"@id":"https:\/\/motorad.com\/it\/products\/sistema-evap\/#primaryimage"},"thumbnailUrl":"https:\/\/motorad.com\/wp-content\/uploads\/2025\/04\/24-evap-icon-1-300x125.jpg","datePublished":"2025-04-04T12:23:17+00:00","dateModified":"2025-06-13T12:48:26+00:00","description":"MotoRad - Sistema EVAP","breadcrumb":{"@id":"https:\/\/motorad.com\/it\/products\/sistema-evap\/#breadcrumb"},"inLanguage":"it-IT","potentialAction":[{"@type":"ReadAction","target":["https:\/\/motorad.com\/it\/products\/sistema-evap\/"]}]},{"@type":"ImageObject","inLanguage":"it-IT","@id":"https:\/\/motorad.com\/it\/products\/sistema-evap\/#primaryimage","url":"https:\/\/motorad.com\/wp-content\/uploads\/2025\/04\/24-evap-icon-1-300x125.jpg","contentUrl":"https:\/\/motorad.com\/wp-content\/uploads\/2025\/04\/24-evap-icon-1-300x125.jpg"},{"@type":"BreadcrumbList","@id":"https:\/\/motorad.com\/it\/products\/sistema-evap\/#breadcrumb","itemListElement":[{"@type":"ListItem","position":1,"name":"Home","item":"https:\/\/motorad.com\/it\/"},{"@type":"ListItem","position":2,"name":"Prodotti","item":"https:\/\/motoradnew.test\/it\/products\/"},{"@type":"ListItem","position":3,"name":"Sistema EVAP"}]},{"@type":"WebSite","@id":"https:\/\/motorad.com\/it\/#website","url":"https:\/\/motorad.com\/it\/","name":"MotoRad","description":"Trusted to Deliver Better - Thermal Management, Emissions, Powertrain Controls","publisher":{"@id":"https:\/\/motorad.com\/it\/#organization"},"potentialAction":[{"@type":"SearchAction","target":{"@type":"EntryPoint","urlTemplate":"https:\/\/motorad.com\/it\/?s={search_term_string}"},"query-input":{"@type":"PropertyValueSpecification","valueRequired":true,"valueName":"search_term_string"}}],"inLanguage":"it-IT"},{"@type":"Organization","@id":"https:\/\/motorad.com\/it\/#organization","name":"MotoRad","url":"https:\/\/motorad.com\/it\/","logo":{"@type":"ImageObject","inLanguage":"it-IT","@id":"https:\/\/motorad.com\/it\/#\/schema\/logo\/image\/","url":"https:\/\/motorad.com\/wp-content\/uploads\/2025\/01\/MotoRad_Logo.png","contentUrl":"https:\/\/motorad.com\/wp-content\/uploads\/2025\/01\/MotoRad_Logo.png","width":358,"height":102,"caption":"MotoRad"},"image":{"@id":"https:\/\/motorad.com\/it\/#\/schema\/logo\/image\/"},"sameAs":["https:\/\/www.facebook.com\/motoradusa","https:\/\/x.com\/MotoRadUSA","https:\/\/www.linkedin.com\/company\/motorad\/"]}]}},"_links":{"self":[{"href":"https:\/\/motorad.com\/it\/wp-json\/wp\/v2\/pages\/5858","targetHints":{"allow":["GET"]}}],"collection":[{"href":"https:\/\/motorad.com\/it\/wp-json\/wp\/v2\/pages"}],"about":[{"href":"https:\/\/motorad.com\/it\/wp-json\/wp\/v2\/types\/page"}],"author":[{"embeddable":true,"href":"https:\/\/motorad.com\/it\/wp-json\/wp\/v2\/users\/1"}],"replies":[{"embeddable":true,"href":"https:\/\/motorad.com\/it\/wp-json\/wp\/v2\/comments?post=5858"}],"version-history":[{"count":2,"href":"https:\/\/motorad.com\/it\/wp-json\/wp\/v2\/pages\/5858\/revisions"}],"predecessor-version":[{"id":5864,"href":"https:\/\/motorad.com\/it\/wp-json\/wp\/v2\/pages\/5858\/revisions\/5864"}],"up":[{"embeddable":true,"href":"https:\/\/motorad.com\/it\/wp-json\/wp\/v2\/pages\/2472"}],"wp:attachment":[{"href":"https:\/\/motorad.com\/it\/wp-json\/wp\/v2\/media?parent=5858"}],"curies":[{"name":"wp","href":"https:\/\/api.w.org\/{rel}","templated":true}]}}