{"id":6783,"date":"2025-04-03T14:52:36","date_gmt":"2025-04-03T14:52:36","guid":{"rendered":"https:\/\/motorad.com\/zasoby\/certyfikaty\/"},"modified":"2026-03-17T14:33:11","modified_gmt":"2026-03-17T14:33:11","slug":"certyfikaty","status":"publish","type":"page","link":"https:\/\/motorad.com\/pl\/zasoby\/certyfikaty\/","title":{"rendered":"Certyfikaty"},"content":{"rendered":"\n<div class=\"wp-block-cover alignfull is-light\" style=\"min-height:274px;aspect-ratio:unset;\"><img decoding=\"async\" class=\"wp-block-cover__image-background wp-image-85369\" alt=\"\" src=\"https:\/\/motorad.com\/wp-content\/uploads\/Road_into_Light_2-scaled.jpg\" style=\"object-position:50% 44%\" data-object-fit=\"cover\" data-object-position=\"50% 44%\"\/><span aria-hidden=\"true\" class=\"wp-block-cover__background has-background-dim-0 has-background-dim\"><\/span><div class=\"wp-block-cover__inner-container is-layout-flow wp-block-cover-is-layout-flow\">\n<h1 class=\"wp-block-heading has-palette-text-color has-text-color\" id=\"h-certificates\">Certyfikaty<\/h1>\n<\/div><\/div>\n<div class=\"yoast-breadcrumbs\"><span><span><a href=\"https:\/\/motorad.com\/pl\/\">Home<\/a><\/span> \u00bb <span><a href=\"https:\/\/motoradnew.test\/zasoby\/\">Zasoby<\/a><\/span> \u00bb <span class=\"breadcrumb_last\" aria-current=\"page\">Certyfikaty<\/span><\/span><\/div>\n<div style=\"height:53px\" aria-hidden=\"true\" class=\"wp-block-spacer\"><\/div>\n\n<h3 class=\"wp-block-heading\"><strong>Nasza obietnica: niezachwiana jako\u015b\u0107 i doskona\u0142o\u015b\u0107<\/strong><\/h3>\n\n<p>W MotoRad kierujemy si\u0119 nieustannym zaanga\u017cowaniem w jako\u015b\u0107, precyzj\u0119 i doskona\u0142o\u015b\u0107. Nasze oddanie dostarczaniu najwy\u017cszej jako\u015bci produkt\u00f3w i us\u0142ug naszym klientom stanowi sedno wszystkiego, co robimy. Rozumiemy, \u017ce jako\u015b\u0107 to nie tylko standard \u2013 to obietnica, kt\u00f3r\u0105 sk\u0142adamy naszym klientom, partnerom i interesariuszom na ca\u0142ym \u015bwiecie.  <\/p>\n\n<hr class=\"wp-block-separator has-alpha-channel-opacity\" style=\"margin-top:var(--wp--preset--spacing--40);margin-bottom:var(--wp--preset--spacing--40)\"\/>\n\n<h3 class=\"wp-block-heading\"><strong>Certyfikacja: dow\u00f3d naszych standard\u00f3w<\/strong><\/h3>\n\n<p>Nasze zaanga\u017cowanie w jako\u015b\u0107 podkre\u015blaj\u0105 rygorystyczne procesy certyfikacyjne. MotoRad z dum\u0105 posiada r\u00f3\u017cne certyfikaty, kt\u00f3re potwierdzaj\u0105 nasze przestrzeganie mi\u0119dzynarodowych standard\u00f3w jako\u015bci i najlepszych praktyk. Te certyfikaty stanowi\u0105 dow\u00f3d naszego niezachwianego zaanga\u017cowania w doskona\u0142o\u015b\u0107 i ci\u0105g\u0142e doskonalenie.  <\/p>\n\n<p>Zapoznaj si\u0119 z naszymi certyfikatami <a href=\"https:\/\/motorad.com\/pl\/zasoby\/certyfikaty\/\">tutaj<\/a>, \u017ceby dowiedzie\u0107 si\u0119 wi\u0119cej o wysokich standardach, kt\u00f3re utrzymujemy w ka\u017cdym aspekcie naszej dzia\u0142alno\u015bci.<\/p>\n\n<h3 class=\"wp-block-heading\" style=\"margin-top:var(--wp--preset--spacing--50);margin-right:0;margin-bottom:var(--wp--preset--spacing--50);margin-left:0\"><strong>Dlaczego warto wybra\u0107 MotoRad?<\/strong><\/h3>\n\n<ul class=\"wp-block-list\">\n<li><strong>Bezkompromisowa jako\u015b\u0107:<\/strong> Nasze produkty przechodz\u0105 rygorystyczne testy i kontrole, \u017ceby zapewni\u0107 spe\u0142nienie najwy\u017cszych standard\u00f3w jako\u015bci.<\/li>\n\n\n\n<li><strong>Do\u015bwiadczenie:<\/strong> Dzi\u0119ki wieloletniemu do\u015bwiadczeniu w bran\u017cy nasz zesp\u00f3\u0142 profesjonalist\u00f3w jest oddany dostarczaniu innowacyjnych rozwi\u0105za\u0144, kt\u00f3re przekraczaj\u0105 oczekiwania klient\u00f3w.<\/li>\n\n\n\n<li><strong>Uznanie na \u015bwiecie:<\/strong> Nasze certyfikaty s\u0105 uznawane na ca\u0142ym \u015bwiecie, odzwierciedlaj\u0105c nasze zaanga\u017cowanie w jako\u015b\u0107 w skali mi\u0119dzynarodowej.<\/li>\n<\/ul>\n\n<hr class=\"wp-block-separator has-alpha-channel-opacity\" style=\"margin-top:var(--wp--preset--spacing--40);margin-bottom:var(--wp--preset--spacing--40)\"\/>\n\n<div class=\"wp-block-columns alignwide is-layout-flex wp-container-core-columns-is-layout-e0fb3f8c wp-block-columns-is-layout-flex\" style=\"margin-top:var(--wp--preset--spacing--50);margin-bottom:var(--wp--preset--spacing--50)\">\n<div class=\"wp-block-column is-layout-flow wp-container-core-column-is-layout-119bc444 wp-block-column-is-layout-flow\">\n<figure class=\"wp-block-image size-full\"><a href=\"https:\/\/motorad.com\/wp-content\/uploads\/MAP14001.pdf\"><img decoding=\"async\" src=\"https:\/\/motorad.com\/wp-content\/uploads\/MAP-14001-1-1-300x214-1.jpg\" alt=\"\" class=\"wp-image-85682\" style=\"object-fit:cover\"\/><\/a><\/figure>\n\n\n\n<p class=\"has-text-align-center\">Niniejszym certyfikuje si\u0119, \u017ce System Zarz\u0105dzania \u015arodowiskowego<\/p>\n\n\n\n<p class=\"has-text-align-center\"><a href=\"https:\/\/motorad.com\/wp-content\/uploads\/MAP-14001.pdf\"><strong>M.A.P. MOTORAD <\/strong><br\/><strong>AUTOMOTIVE PARTS LTD<\/strong><\/a><br\/>Industrial Park Bar Lev, Misgav, Izrael<\/p>\n\n\n\n<p class=\"has-text-align-center\">zosta\u0142 oceniony i spe\u0142nia wymagania:<\/p>\n\n\n\n<p class=\"has-text-align-center\"><strong><a href=\"https:\/\/motorad.com\/wp-content\/uploads\/MAP-14001.pdf\">ISO 14001:2015<\/a><\/strong><\/p>\n\n\n\n<p class=\"has-text-align-center\">Niniejszy certyfikat ma zastosowanie do<\/p>\n\n\n\n<p class=\"has-text-align-center\"><strong>Projektowania i produkcji termostat\u00f3w dla przemys\u0142u motoryzacyjnego.<\/strong><\/p>\n<\/div>\n\n\n\n<div class=\"wp-block-column is-layout-flow wp-container-core-column-is-layout-119bc444 wp-block-column-is-layout-flow\">\n<figure class=\"wp-block-image size-full\"><a href=\"https:\/\/motorad.com\/wp-content\/uploads\/MAP-45001.pdf\"><img decoding=\"async\" src=\"https:\/\/motorad.com\/wp-content\/uploads\/MAP-45001-1-1-300x214-1.jpg\" alt=\"\" class=\"wp-image-85690\"\/><\/a><\/figure>\n\n\n\n<p class=\"has-text-align-center\">Niniejszym certyfikuje si\u0119, \u017ce System Zarz\u0105dzania Bezpiecze\u0144stwem i Higien\u0105 Pracy<\/p>\n\n\n\n<p class=\"has-text-align-center\"><a href=\"https:\/\/motorad.com\/wp-content\/uploads\/MAP-45001.pdf\"><strong>M.A.P. MOTORAD <\/strong><br\/><strong>AUTOMOTIVE PARTS LTD<\/strong><\/a><br\/>Industrial Park Bar Lev, Misgav, Izrael<\/p>\n\n\n\n<p class=\"has-text-align-center\">zosta\u0142 oceniony i spe\u0142nia wymagania:<\/p>\n\n\n\n<p class=\"has-text-align-center\"><strong><a href=\"https:\/\/motorad.com\/wp-content\/uploads\/MAP-45001.pdf\">ISO 45001:2018<\/a><\/strong><\/p>\n\n\n\n<p class=\"has-text-align-center\">Niniejszy certyfikat ma zastosowanie do<\/p>\n\n\n\n<p class=\"has-text-align-center\"><strong>Projektowania i produkcji termostat\u00f3w dla przemys\u0142u motoryzacyjnego.<\/strong><\/p>\n<\/div>\n\n\n\n<div class=\"wp-block-column is-layout-flow wp-container-core-column-is-layout-4515c614 wp-block-column-is-layout-flow\" style=\"padding-right:0;padding-left:0\">\n<figure class=\"wp-block-image size-full\"><a href=\"https:\/\/motorad.com\/wp-content\/uploads\/MotoRad-9001-Certificate-.pdf\"><img decoding=\"async\" src=\"https:\/\/motorad.com\/wp-content\/uploads\/cert2-300x214-1.jpg\" alt=\"\" class=\"wp-image-85681\"\/><\/a><\/figure>\n\n\n\n<p class=\"has-text-align-center\">Niniejszy certyfikat zosta\u0142 przyznany<\/p>\n\n\n\n<p class=\"has-text-align-center\"><strong><a href=\"https:\/\/motorad.com\/wp-content\/uploads\/MotoRad-9001-Certificate-.pdf\">M.A.P MotoRad Automotive Parts Ltd<\/a><\/strong><br\/>Bar-Lev Industrial Park, Misgav, 20179, Izrael<\/p>\n\n\n\n<p class=\"has-text-align-center\">Uznanie Systemu Zarz\u0105dzania Jako\u015bci\u0105 organizacji, kt\u00f3ry jest zgodny z<br\/><strong><a href=\"https:\/\/motorad.com\/wp-content\/uploads\/MOTORAD-9001-Cert-valit-till-2024.pdf\">ISO 9001:2015<\/a><\/strong><\/p>\n\n\n\n<p class=\"has-text-align-center\">Zakres dzia\u0142alno\u015bci obj\u0119tej niniejszym certyfikatem okre\u015blono poni\u017cej<\/p>\n\n\n\n<p class=\"has-text-align-center\"><strong>Projektowanie i produkcja termostat\u00f3w i nakr\u0119tek<\/strong><\/p>\n<\/div>\n\n\n\n<div class=\"wp-block-column is-layout-flow wp-container-core-column-is-layout-119bc444 wp-block-column-is-layout-flow\">\n<figure class=\"wp-block-image size-full\"><a href=\"https:\/\/motorad.com\/wp-content\/uploads\/MotoRad-IATF-Certificate-.pdf\"><img decoding=\"async\" src=\"https:\/\/motorad.com\/wp-content\/uploads\/cert1-300x214-1.jpg\" alt=\"\" class=\"wp-image-85680\"\/><\/a><\/figure>\n\n\n\n<p class=\"has-text-align-center\">Niniejszy certyfikat zosta\u0142 przyznany<\/p>\n\n\n\n<p class=\"has-text-align-center\"><a href=\"https:\/\/motorad.com\/wp-content\/uploads\/MotoRad-IATF-Certificate-.pdf\"><strong>M.A.P MotoRad Automotive Parts Ltd<\/strong><br\/><\/a>Bar-Lev Industrial Park, Misgav, 20179, Izrael<\/p>\n\n\n\n<p class=\"has-text-align-center\">w uznaniu Systemu Zarz\u0105dzania Jako\u015bci\u0105 organizacji, kt\u00f3ry jest zgodny z<br\/><strong>IATF 16949:2016<\/strong><\/p>\n\n\n\n<p class=\"has-text-align-center\">Zakres dzia\u0142alno\u015bci obj\u0119tej niniejszym certyfikatem okre\u015blono poni\u017cej<\/p>\n\n\n\n<p class=\"has-text-align-center\"><strong>Projektowanie i produkcja termostat\u00f3w i nakr\u0119tek<\/strong><\/p>\n<\/div>\n\n\n\n<div class=\"wp-block-column is-layout-flow wp-container-core-column-is-layout-119bc444 wp-block-column-is-layout-flow\">\n<figure class=\"wp-block-image size-full\"><a href=\"https:\/\/motorad.com\/wp-content\/uploads\/MOTORAD.pdf\"><img loading=\"lazy\" decoding=\"async\" width=\"917\" height=\"1286\" src=\"https:\/\/motorad.com\/wp-content\/uploads\/Screenshot-2025-12-08-at-8.25.42-AM.png\" alt=\"\" class=\"wp-image-86678\"\/><\/a><\/figure>\n\n\n\n<p class=\"has-text-align-center\">Niniejszy certyfikat potwierdza, \u017ce system zarz\u0105dzania jako\u015bci\u0105<\/p>\n\n\n\n<p class=\"has-text-align-center\"><a href=\"https:\/\/motorad.com\/wp-content\/uploads\/MOTORAD.pdf\"><strong>MOTORAD DE MEXICO S.A. DE C.V. i MOTORAD DISTRIBUTION DE MEXICO S.A. DE C.V.,<\/strong> <\/a><br\/>Luis Donaldo Colosio 292, Parque Industrial el Sabinal, Apodaca, Nuevo Le\u00f3n, C.P. 66645,<\/p>\n\n\n\n<p class=\"has-text-align-center\">spe\u0142nia wymagania normy NMX-CC-9001-IMNC-2015 ISO 9001:2015. <\/p>\n<\/div>\n<\/div>\n\n<p><\/p>\n","protected":false},"excerpt":{"rendered":"<p>Nasza obietnica: niezachwiana jako\u015b\u0107 i doskona\u0142o\u015b\u0107 W MotoRad kierujemy si\u0119 nieustannym zaanga\u017cowaniem w jako\u015b\u0107, precyzj\u0119 i doskona\u0142o\u015b\u0107. Nasze oddanie dostarczaniu [&#8230;]<\/p>\n","protected":false},"author":1,"featured_media":0,"parent":5993,"menu_order":0,"comment_status":"closed","ping_status":"closed","template":"","meta":{"_acf_changed":false,"footnotes":""},"class_list":["post-6783","page","type-page","status-publish","hentry"],"acf":[],"yoast_head":"<!-- This site is optimized with the Yoast SEO Premium plugin v27.2 (Yoast SEO v27.2) - https:\/\/yoast.com\/product\/yoast-seo-premium-wordpress\/ -->\n<title>Certyfikaty - MotoRad<\/title>\n<meta name=\"description\" content=\"Certyfikaty MotoRad potwierdzaj\u0105 nasze niezachwiane zaanga\u017cowanie w mi\u0119dzynarodowe standardy jako\u015bci i najlepsze praktyki w bran\u017cy motoryzacyjnej. Poznaj wysokie standardy, kt\u00f3re utrzymujemy we wszystkich aspektach naszej dzia\u0142alno\u015bci.\" \/>\n<meta name=\"robots\" content=\"index, follow, max-snippet:-1, max-image-preview:large, max-video-preview:-1\" \/>\n<link rel=\"canonical\" href=\"https:\/\/motorad.com\/pl\/zasoby\/certyfikaty\/\" \/>\n<meta property=\"og:locale\" content=\"pl_PL\" \/>\n<meta property=\"og:type\" content=\"article\" \/>\n<meta property=\"og:title\" content=\"Certyfikaty\" \/>\n<meta property=\"og:description\" content=\"Certyfikaty MotoRad potwierdzaj\u0105 nasze niezachwiane zaanga\u017cowanie w mi\u0119dzynarodowe standardy jako\u015bci i najlepsze praktyki w bran\u017cy motoryzacyjnej. Poznaj wysokie standardy, kt\u00f3re utrzymujemy we wszystkich aspektach naszej dzia\u0142alno\u015bci.\" \/>\n<meta property=\"og:url\" content=\"https:\/\/motorad.com\/pl\/zasoby\/certyfikaty\/\" \/>\n<meta property=\"og:site_name\" content=\"MotoRad\" \/>\n<meta property=\"article:publisher\" content=\"https:\/\/www.facebook.com\/motoradusa\" \/>\n<meta property=\"article:modified_time\" content=\"2026-03-17T14:33:11+00:00\" \/>\n<meta property=\"og:image\" content=\"https:\/\/motorad.com\/wp-content\/uploads\/2025\/03\/oem-back.jpg\" \/>\n\t<meta property=\"og:image:width\" content=\"1500\" \/>\n\t<meta property=\"og:image:height\" content=\"667\" \/>\n\t<meta property=\"og:image:type\" content=\"image\/jpeg\" \/>\n<meta name=\"twitter:card\" content=\"summary_large_image\" \/>\n<meta name=\"twitter:site\" content=\"@MotoRadUSA\" \/>\n<meta name=\"twitter:label1\" content=\"Est. reading time\" \/>\n\t<meta name=\"twitter:data1\" content=\"2 minuty\" \/>\n<script type=\"application\/ld+json\" class=\"yoast-schema-graph\">{\"@context\":\"https:\/\/schema.org\",\"@graph\":[{\"@type\":\"WebPage\",\"@id\":\"https:\/\/motorad.com\/pl\/zasoby\/certyfikaty\/\",\"url\":\"https:\/\/motorad.com\/pl\/zasoby\/certyfikaty\/\",\"name\":\"Certyfikaty - MotoRad\",\"isPartOf\":{\"@id\":\"https:\/\/motorad.com\/pl\/#website\"},\"primaryImageOfPage\":{\"@id\":\"https:\/\/motorad.com\/pl\/zasoby\/certyfikaty\/#primaryimage\"},\"image\":{\"@id\":\"https:\/\/motorad.com\/pl\/zasoby\/certyfikaty\/#primaryimage\"},\"thumbnailUrl\":\"https:\/\/motorad.com\/wp-content\/uploads\/Road_into_Light_2-scaled.jpg\",\"datePublished\":\"2025-04-03T14:52:36+00:00\",\"dateModified\":\"2026-03-17T14:33:11+00:00\",\"description\":\"Certyfikaty MotoRad potwierdzaj\u0105 nasze niezachwiane zaanga\u017cowanie w mi\u0119dzynarodowe standardy jako\u015bci i najlepsze praktyki w bran\u017cy motoryzacyjnej. Poznaj wysokie standardy, kt\u00f3re utrzymujemy we wszystkich aspektach naszej dzia\u0142alno\u015bci.\",\"breadcrumb\":{\"@id\":\"https:\/\/motorad.com\/pl\/zasoby\/certyfikaty\/#breadcrumb\"},\"inLanguage\":\"pl-PL\",\"potentialAction\":[{\"@type\":\"ReadAction\",\"target\":[\"https:\/\/motorad.com\/pl\/zasoby\/certyfikaty\/\"]}]},{\"@type\":\"ImageObject\",\"inLanguage\":\"pl-PL\",\"@id\":\"https:\/\/motorad.com\/pl\/zasoby\/certyfikaty\/#primaryimage\",\"url\":\"https:\/\/motorad.com\/wp-content\/uploads\/Road_into_Light_2-scaled.jpg\",\"contentUrl\":\"https:\/\/motorad.com\/wp-content\/uploads\/Road_into_Light_2-scaled.jpg\"},{\"@type\":\"BreadcrumbList\",\"@id\":\"https:\/\/motorad.com\/pl\/zasoby\/certyfikaty\/#breadcrumb\",\"itemListElement\":[{\"@type\":\"ListItem\",\"position\":1,\"name\":\"Home\",\"item\":\"https:\/\/motorad.com\/pl\/\"},{\"@type\":\"ListItem\",\"position\":2,\"name\":\"Zasoby\",\"item\":\"https:\/\/motoradnew.test\/zasoby\/\"},{\"@type\":\"ListItem\",\"position\":3,\"name\":\"Certyfikaty\"}]},{\"@type\":\"WebSite\",\"@id\":\"https:\/\/motorad.com\/pl\/#website\",\"url\":\"https:\/\/motorad.com\/pl\/\",\"name\":\"MotoRad\",\"description\":\"Trusted to Deliver Better - Thermal Management, Emissions, Powertrain Controls\",\"publisher\":{\"@id\":\"https:\/\/motorad.com\/pl\/#organization\"},\"potentialAction\":[{\"@type\":\"SearchAction\",\"target\":{\"@type\":\"EntryPoint\",\"urlTemplate\":\"https:\/\/motorad.com\/pl\/?s={search_term_string}\"},\"query-input\":{\"@type\":\"PropertyValueSpecification\",\"valueRequired\":true,\"valueName\":\"search_term_string\"}}],\"inLanguage\":\"pl-PL\"},{\"@type\":\"Organization\",\"@id\":\"https:\/\/motorad.com\/pl\/#organization\",\"name\":\"MotoRad\",\"url\":\"https:\/\/motorad.com\/pl\/\",\"logo\":{\"@type\":\"ImageObject\",\"inLanguage\":\"pl-PL\",\"@id\":\"https:\/\/motorad.com\/pl\/#\/schema\/logo\/image\/\",\"url\":\"https:\/\/motorad.com\/wp-content\/uploads\/2025\/01\/MotoRad_Logo.png\",\"contentUrl\":\"https:\/\/motorad.com\/wp-content\/uploads\/2025\/01\/MotoRad_Logo.png\",\"width\":358,\"height\":102,\"caption\":\"MotoRad\"},\"image\":{\"@id\":\"https:\/\/motorad.com\/pl\/#\/schema\/logo\/image\/\"},\"sameAs\":[\"https:\/\/www.facebook.com\/motoradusa\",\"https:\/\/x.com\/MotoRadUSA\",\"https:\/\/www.linkedin.com\/company\/motorad\/\"]}]}<\/script>\n<!-- \/ Yoast SEO Premium plugin. -->","yoast_head_json":{"title":"Certyfikaty - MotoRad","description":"Certyfikaty MotoRad potwierdzaj\u0105 nasze niezachwiane zaanga\u017cowanie w mi\u0119dzynarodowe standardy jako\u015bci i najlepsze praktyki w bran\u017cy motoryzacyjnej. Poznaj wysokie standardy, kt\u00f3re utrzymujemy we wszystkich aspektach naszej dzia\u0142alno\u015bci.","robots":{"index":"index","follow":"follow","max-snippet":"max-snippet:-1","max-image-preview":"max-image-preview:large","max-video-preview":"max-video-preview:-1"},"canonical":"https:\/\/motorad.com\/pl\/zasoby\/certyfikaty\/","og_locale":"pl_PL","og_type":"article","og_title":"Certyfikaty","og_description":"Certyfikaty MotoRad potwierdzaj\u0105 nasze niezachwiane zaanga\u017cowanie w mi\u0119dzynarodowe standardy jako\u015bci i najlepsze praktyki w bran\u017cy motoryzacyjnej. Poznaj wysokie standardy, kt\u00f3re utrzymujemy we wszystkich aspektach naszej dzia\u0142alno\u015bci.","og_url":"https:\/\/motorad.com\/pl\/zasoby\/certyfikaty\/","og_site_name":"MotoRad","article_publisher":"https:\/\/www.facebook.com\/motoradusa","article_modified_time":"2026-03-17T14:33:11+00:00","og_image":[{"width":1500,"height":667,"url":"https:\/\/motorad.com\/wp-content\/uploads\/2025\/03\/oem-back.jpg","type":"image\/jpeg"}],"twitter_card":"summary_large_image","twitter_site":"@MotoRadUSA","twitter_misc":{"Est. reading time":"2 minuty"},"schema":{"@context":"https:\/\/schema.org","@graph":[{"@type":"WebPage","@id":"https:\/\/motorad.com\/pl\/zasoby\/certyfikaty\/","url":"https:\/\/motorad.com\/pl\/zasoby\/certyfikaty\/","name":"Certyfikaty - MotoRad","isPartOf":{"@id":"https:\/\/motorad.com\/pl\/#website"},"primaryImageOfPage":{"@id":"https:\/\/motorad.com\/pl\/zasoby\/certyfikaty\/#primaryimage"},"image":{"@id":"https:\/\/motorad.com\/pl\/zasoby\/certyfikaty\/#primaryimage"},"thumbnailUrl":"https:\/\/motorad.com\/wp-content\/uploads\/Road_into_Light_2-scaled.jpg","datePublished":"2025-04-03T14:52:36+00:00","dateModified":"2026-03-17T14:33:11+00:00","description":"Certyfikaty MotoRad potwierdzaj\u0105 nasze niezachwiane zaanga\u017cowanie w mi\u0119dzynarodowe standardy jako\u015bci i najlepsze praktyki w bran\u017cy motoryzacyjnej. Poznaj wysokie standardy, kt\u00f3re utrzymujemy we wszystkich aspektach naszej dzia\u0142alno\u015bci.","breadcrumb":{"@id":"https:\/\/motorad.com\/pl\/zasoby\/certyfikaty\/#breadcrumb"},"inLanguage":"pl-PL","potentialAction":[{"@type":"ReadAction","target":["https:\/\/motorad.com\/pl\/zasoby\/certyfikaty\/"]}]},{"@type":"ImageObject","inLanguage":"pl-PL","@id":"https:\/\/motorad.com\/pl\/zasoby\/certyfikaty\/#primaryimage","url":"https:\/\/motorad.com\/wp-content\/uploads\/Road_into_Light_2-scaled.jpg","contentUrl":"https:\/\/motorad.com\/wp-content\/uploads\/Road_into_Light_2-scaled.jpg"},{"@type":"BreadcrumbList","@id":"https:\/\/motorad.com\/pl\/zasoby\/certyfikaty\/#breadcrumb","itemListElement":[{"@type":"ListItem","position":1,"name":"Home","item":"https:\/\/motorad.com\/pl\/"},{"@type":"ListItem","position":2,"name":"Zasoby","item":"https:\/\/motoradnew.test\/zasoby\/"},{"@type":"ListItem","position":3,"name":"Certyfikaty"}]},{"@type":"WebSite","@id":"https:\/\/motorad.com\/pl\/#website","url":"https:\/\/motorad.com\/pl\/","name":"MotoRad","description":"Trusted to Deliver Better - Thermal Management, Emissions, Powertrain Controls","publisher":{"@id":"https:\/\/motorad.com\/pl\/#organization"},"potentialAction":[{"@type":"SearchAction","target":{"@type":"EntryPoint","urlTemplate":"https:\/\/motorad.com\/pl\/?s={search_term_string}"},"query-input":{"@type":"PropertyValueSpecification","valueRequired":true,"valueName":"search_term_string"}}],"inLanguage":"pl-PL"},{"@type":"Organization","@id":"https:\/\/motorad.com\/pl\/#organization","name":"MotoRad","url":"https:\/\/motorad.com\/pl\/","logo":{"@type":"ImageObject","inLanguage":"pl-PL","@id":"https:\/\/motorad.com\/pl\/#\/schema\/logo\/image\/","url":"https:\/\/motorad.com\/wp-content\/uploads\/2025\/01\/MotoRad_Logo.png","contentUrl":"https:\/\/motorad.com\/wp-content\/uploads\/2025\/01\/MotoRad_Logo.png","width":358,"height":102,"caption":"MotoRad"},"image":{"@id":"https:\/\/motorad.com\/pl\/#\/schema\/logo\/image\/"},"sameAs":["https:\/\/www.facebook.com\/motoradusa","https:\/\/x.com\/MotoRadUSA","https:\/\/www.linkedin.com\/company\/motorad\/"]}]}},"_links":{"self":[{"href":"https:\/\/motorad.com\/pl\/wp-json\/wp\/v2\/pages\/6783","targetHints":{"allow":["GET"]}}],"collection":[{"href":"https:\/\/motorad.com\/pl\/wp-json\/wp\/v2\/pages"}],"about":[{"href":"https:\/\/motorad.com\/pl\/wp-json\/wp\/v2\/types\/page"}],"author":[{"embeddable":true,"href":"https:\/\/motorad.com\/pl\/wp-json\/wp\/v2\/users\/1"}],"replies":[{"embeddable":true,"href":"https:\/\/motorad.com\/pl\/wp-json\/wp\/v2\/comments?post=6783"}],"version-history":[{"count":3,"href":"https:\/\/motorad.com\/pl\/wp-json\/wp\/v2\/pages\/6783\/revisions"}],"predecessor-version":[{"id":87606,"href":"https:\/\/motorad.com\/pl\/wp-json\/wp\/v2\/pages\/6783\/revisions\/87606"}],"up":[{"embeddable":true,"href":"https:\/\/motorad.com\/pl\/wp-json\/wp\/v2\/pages\/5993"}],"wp:attachment":[{"href":"https:\/\/motorad.com\/pl\/wp-json\/wp\/v2\/media?parent=6783"}],"curies":[{"name":"wp","href":"https:\/\/api.w.org\/{rel}","templated":true}]}}