{"id":6781,"date":"2025-04-03T14:52:36","date_gmt":"2025-04-03T14:52:36","guid":{"rendered":"https:\/\/motorad.com\/recursos\/certificados\/"},"modified":"2026-03-17T14:33:11","modified_gmt":"2026-03-17T14:33:11","slug":"certificados","status":"publish","type":"page","link":"https:\/\/motorad.com\/pt-br\/recursos\/certificados\/","title":{"rendered":"Certificados"},"content":{"rendered":"\n<div class=\"wp-block-cover alignfull is-light\" style=\"min-height:274px;aspect-ratio:unset;\"><img decoding=\"async\" class=\"wp-block-cover__image-background wp-image-85369\" alt=\"\" src=\"https:\/\/motorad.com\/wp-content\/uploads\/Road_into_Light_2-scaled.jpg\" style=\"object-position:50% 44%\" data-object-fit=\"cover\" data-object-position=\"50% 44%\"\/><span aria-hidden=\"true\" class=\"wp-block-cover__background has-background-dim-0 has-background-dim\"><\/span><div class=\"wp-block-cover__inner-container is-layout-flow wp-block-cover-is-layout-flow\">\n<h1 class=\"wp-block-heading has-palette-text-color has-text-color\" id=\"h-certificates\">Certificados<\/h1>\n<\/div><\/div>\n<div class=\"yoast-breadcrumbs\"><span><span><a href=\"https:\/\/motorad.com\/pt-br\/\">Home<\/a><\/span> \u00bb <span><a href=\"https:\/\/motoradnew.test\/recursos\/\">Recursos<\/a><\/span> \u00bb <span class=\"breadcrumb_last\" aria-current=\"page\">Certificados<\/span><\/span><\/div>\n<div style=\"height:53px\" aria-hidden=\"true\" class=\"wp-block-spacer\"><\/div>\n\n<h3 class=\"wp-block-heading\"><strong>A Nossa Promessa: Qualidade e Excel\u00eancia Inabal\u00e1veis<\/strong><\/h3>\n\n<p>Na MotoRad, somos impulsionados por um compromisso incans\u00e1vel com a qualidade, precis\u00e3o e excel\u00eancia. A nossa dedica\u00e7\u00e3o em fornecer produtos e servi\u00e7os superiores aos nossos clientes est\u00e1 no centro de tudo o que fazemos. Compreendemos que a qualidade n\u00e3o \u00e9 apenas um padr\u00e3o; \u00e9 uma promessa que fazemos aos nossos clientes, parceiros e partes interessadas em todo o mundo.  <\/p>\n\n<hr class=\"wp-block-separator has-alpha-channel-opacity\" style=\"margin-top:var(--wp--preset--spacing--40);margin-bottom:var(--wp--preset--spacing--40)\"\/>\n\n<h3 class=\"wp-block-heading\"><strong>Certifica\u00e7\u00e3o: Um Testemunho dos Nossos Padr\u00f5es<\/strong><\/h3>\n\n<p>O nosso compromisso com a qualidade \u00e9 refor\u00e7ado pelos nossos rigorosos processos de certifica\u00e7\u00e3o. A MotoRad tem o orgulho de deter v\u00e1rias certifica\u00e7\u00f5es que validam a nossa ades\u00e3o aos padr\u00f5es internacionais de qualidade e \u00e0s melhores pr\u00e1ticas. Estas certifica\u00e7\u00f5es servem como testemunho do nosso compromisso inabal\u00e1vel com a excel\u00eancia e a melhoria cont\u00ednua.  <\/p>\n\n<p>Explora as nossas certifica\u00e7\u00f5es <a href=\"https:\/\/motorad.com\/pt-br\/recursos\/certificados\/\">aqui<\/a> para saberes mais sobre os elevados padr\u00f5es que mantemos em todos os aspetos do nosso neg\u00f3cio.<\/p>\n\n<h3 class=\"wp-block-heading\" style=\"margin-top:var(--wp--preset--spacing--50);margin-right:0;margin-bottom:var(--wp--preset--spacing--50);margin-left:0\"><strong>Porqu\u00ea Escolher a MotoRad?<\/strong><\/h3>\n\n<ul class=\"wp-block-list\">\n<li><strong>Qualidade Sem Compromissos:<\/strong> Os nossos produtos s\u00e3o submetidos a testes e inspe\u00e7\u00f5es rigorosos para garantir que cumprem os mais elevados padr\u00f5es de qualidade.<\/li>\n\n\n\n<li><strong>Experi\u00eancia:<\/strong> Com anos de experi\u00eancia na ind\u00fastria, a nossa equipa de profissionais dedica-se a fornecer solu\u00e7\u00f5es inovadoras que superam as expectativas dos clientes.<\/li>\n\n\n\n<li><strong>Reconhecimento Global:<\/strong> As nossas certifica\u00e7\u00f5es s\u00e3o reconhecidas globalmente, refletindo o nosso compromisso com a qualidade a n\u00edvel internacional.<\/li>\n<\/ul>\n\n<hr class=\"wp-block-separator has-alpha-channel-opacity\" style=\"margin-top:var(--wp--preset--spacing--40);margin-bottom:var(--wp--preset--spacing--40)\"\/>\n\n<div class=\"wp-block-columns alignwide is-layout-flex wp-container-core-columns-is-layout-e0fb3f8c wp-block-columns-is-layout-flex\" style=\"margin-top:var(--wp--preset--spacing--50);margin-bottom:var(--wp--preset--spacing--50)\">\n<div class=\"wp-block-column is-layout-flow wp-container-core-column-is-layout-119bc444 wp-block-column-is-layout-flow\">\n<figure class=\"wp-block-image size-full\"><a href=\"https:\/\/motorad.com\/wp-content\/uploads\/MAP14001.pdf\"><img decoding=\"async\" src=\"https:\/\/motorad.com\/wp-content\/uploads\/MAP-14001-1-1-300x214-1.jpg\" alt=\"\" class=\"wp-image-85682\" style=\"object-fit:cover\"\/><\/a><\/figure>\n\n\n\n<p class=\"has-text-align-center\">Certifica-se que o Sistema de Gest\u00e3o Ambiental de<\/p>\n\n\n\n<p class=\"has-text-align-center\"><a href=\"https:\/\/motorad.com\/wp-content\/uploads\/MAP-14001.pdf\"><strong>M.A.P. MOTORAD <\/strong><br\/><strong>AUTOMOTIVE PARTS LTD<\/strong><\/a><br\/>Parque Industrial Bar Lev, Misgav, Israel<\/p>\n\n\n\n<p class=\"has-text-align-center\">Foram avaliados e cumprem os requisitos de:<\/p>\n\n\n\n<p class=\"has-text-align-center\"><strong><a href=\"https:\/\/motorad.com\/wp-content\/uploads\/MAP-14001.pdf\">ISO 14001:2015<\/a><\/strong><\/p>\n\n\n\n<p class=\"has-text-align-center\">Este Certificado \u00e9 Aplic\u00e1vel a<\/p>\n\n\n\n<p class=\"has-text-align-center\"><strong>Conce\u00e7\u00e3o e fabrico de term\u00f3statos para a ind\u00fastria autom\u00f3vel.<\/strong><\/p>\n<\/div>\n\n\n\n<div class=\"wp-block-column is-layout-flow wp-container-core-column-is-layout-119bc444 wp-block-column-is-layout-flow\">\n<figure class=\"wp-block-image size-full\"><a href=\"https:\/\/motorad.com\/wp-content\/uploads\/MAP-45001.pdf\"><img decoding=\"async\" src=\"https:\/\/motorad.com\/wp-content\/uploads\/MAP-45001-1-1-300x214-1.jpg\" alt=\"\" class=\"wp-image-85690\"\/><\/a><\/figure>\n\n\n\n<p class=\"has-text-align-center\">Certifica-se que os Sistemas de Gest\u00e3o de Sa\u00fade e Seguran\u00e7a Ocupacional de<\/p>\n\n\n\n<p class=\"has-text-align-center\"><a href=\"https:\/\/motorad.com\/wp-content\/uploads\/MAP-45001.pdf\"><strong>M.A.P. MOTORAD <\/strong><br\/><strong>AUTOMOTIVE PARTS LTD<\/strong><\/a><br\/>Parque Industrial Bar Lev, Misgav, Israel<\/p>\n\n\n\n<p class=\"has-text-align-center\">Foram avaliados e cumprem os requisitos de:<\/p>\n\n\n\n<p class=\"has-text-align-center\"><strong><a href=\"https:\/\/motorad.com\/wp-content\/uploads\/MAP-45001.pdf\">ISO 45001:2018<\/a><\/strong><\/p>\n\n\n\n<p class=\"has-text-align-center\">Este Certificado \u00e9 Aplic\u00e1vel a<\/p>\n\n\n\n<p class=\"has-text-align-center\"><strong>Conce\u00e7\u00e3o e fabrico de term\u00f3statos para a ind\u00fastria autom\u00f3vel.<\/strong><\/p>\n<\/div>\n\n\n\n<div class=\"wp-block-column is-layout-flow wp-container-core-column-is-layout-4515c614 wp-block-column-is-layout-flow\" style=\"padding-right:0;padding-left:0\">\n<figure class=\"wp-block-image size-full\"><a href=\"https:\/\/motorad.com\/wp-content\/uploads\/MotoRad-9001-Certificate-.pdf\"><img decoding=\"async\" src=\"https:\/\/motorad.com\/wp-content\/uploads\/cert2-300x214-1.jpg\" alt=\"\" class=\"wp-image-85681\"\/><\/a><\/figure>\n\n\n\n<p class=\"has-text-align-center\">Este certificado foi atribu\u00eddo a<\/p>\n\n\n\n<p class=\"has-text-align-center\"><strong><a href=\"https:\/\/motorad.com\/wp-content\/uploads\/MotoRad-9001-Certificate-.pdf\">M.A.P MotoRad Automotive Parts Ltd<\/a><\/strong><br\/>Parque Industrial Bar-Lev, Misgav, 20179, Israel<\/p>\n\n\n\n<p class=\"has-text-align-center\">Reconhecimento do Sistema de Gest\u00e3o da Qualidade da organiza\u00e7\u00e3o que cumpre com<br\/><strong><a href=\"https:\/\/motorad.com\/wp-content\/uploads\/MOTORAD-9001-Cert-valit-till-2024.pdf\">ISO 9001:2015<\/a><\/strong><\/p>\n\n\n\n<p class=\"has-text-align-center\">O \u00e2mbito das atividades abrangidas por este certificado est\u00e1 definido abaixo<\/p>\n\n\n\n<p class=\"has-text-align-center\"><strong>Conce\u00e7\u00e3o e Fabrico de Term\u00f3statos e Tampas<\/strong><\/p>\n<\/div>\n\n\n\n<div class=\"wp-block-column is-layout-flow wp-container-core-column-is-layout-119bc444 wp-block-column-is-layout-flow\">\n<figure class=\"wp-block-image size-full\"><a href=\"https:\/\/motorad.com\/wp-content\/uploads\/MotoRad-IATF-Certificate-.pdf\"><img decoding=\"async\" src=\"https:\/\/motorad.com\/wp-content\/uploads\/cert1-300x214-1.jpg\" alt=\"\" class=\"wp-image-85680\"\/><\/a><\/figure>\n\n\n\n<p class=\"has-text-align-center\">Este certificado foi atribu\u00eddo a<\/p>\n\n\n\n<p class=\"has-text-align-center\"><a href=\"https:\/\/motorad.com\/wp-content\/uploads\/MotoRad-IATF-Certificate-.pdf\"><strong>M.A.P MotoRad Automotive Parts Ltd<\/strong><br\/><\/a>Parque Industrial Bar-Lev, Misgav, 20179, Israel<\/p>\n\n\n\n<p class=\"has-text-align-center\">em reconhecimento do Sistema de Gest\u00e3o da Qualidade da organiza\u00e7\u00e3o que cumpre com<br\/><strong>IATF 16949:2016<\/strong><\/p>\n\n\n\n<p class=\"has-text-align-center\">O \u00e2mbito das atividades abrangidas por este certificado est\u00e1 definido abaixo<\/p>\n\n\n\n<p class=\"has-text-align-center\"><strong>Conce\u00e7\u00e3o e Fabrico de Term\u00f3statos e Tampas<\/strong><\/p>\n<\/div>\n\n\n\n<div class=\"wp-block-column is-layout-flow wp-container-core-column-is-layout-119bc444 wp-block-column-is-layout-flow\">\n<figure class=\"wp-block-image size-full\"><a href=\"https:\/\/motorad.com\/wp-content\/uploads\/MOTORAD.pdf\"><img loading=\"lazy\" decoding=\"async\" width=\"917\" height=\"1286\" src=\"https:\/\/motorad.com\/wp-content\/uploads\/Screenshot-2025-12-08-at-8.25.42-AM.png\" alt=\"\" class=\"wp-image-86678\"\/><\/a><\/figure>\n\n\n\n<p class=\"has-text-align-center\">Este certificado confirma que o sistema de gest\u00e3o da qualidade de<\/p>\n\n\n\n<p class=\"has-text-align-center\"><a href=\"https:\/\/motorad.com\/wp-content\/uploads\/MOTORAD.pdf\"><strong>MOTORAD DE MEXICO S.A. DE C.V. e MOTORAD DISTRIBUTION DE MEXICO S.A. DE C.V.,<\/strong> <\/a><br\/>Luis Donaldo Colosio 292, Parque Industrial el Sabinal, Apodaca, Nuevo Le\u00f3n, C.P. 66645,<\/p>\n\n\n\n<p class=\"has-text-align-center\">Cumpre com a norma NMX-CC-9001-IMNC-2015 ISO 9001:2015. <\/p>\n<\/div>\n<\/div>\n\n<p><\/p>\n","protected":false},"excerpt":{"rendered":"<p>A Nossa Promessa: Qualidade e Excel\u00eancia Inabal\u00e1veis Na MotoRad, somos impulsionados por um compromisso incans\u00e1vel com a qualidade, precis\u00e3o e [&#8230;]<\/p>\n","protected":false},"author":1,"featured_media":0,"parent":6060,"menu_order":0,"comment_status":"closed","ping_status":"closed","template":"","meta":{"_acf_changed":false,"footnotes":""},"class_list":["post-6781","page","type-page","status-publish","hentry"],"acf":[],"yoast_head":"<!-- This site is optimized with the Yoast SEO Premium plugin v27.2 (Yoast SEO v27.2) - https:\/\/yoast.com\/product\/yoast-seo-premium-wordpress\/ -->\n<title>Certificados - MotoRad<\/title>\n<meta name=\"description\" content=\"As certifica\u00e7\u00f5es da MotoRad validam o nosso compromisso inabal\u00e1vel com os padr\u00f5es internacionais de qualidade e as melhores pr\u00e1ticas na ind\u00fastria autom\u00f3vel. Descobre os elevados padr\u00f5es que mantemos em todas as facetas do nosso neg\u00f3cio.\" \/>\n<meta name=\"robots\" content=\"index, follow, max-snippet:-1, max-image-preview:large, max-video-preview:-1\" \/>\n<link rel=\"canonical\" href=\"https:\/\/motorad.com\/pt-br\/recursos\/certificados\/\" \/>\n<meta property=\"og:locale\" content=\"pt_BR\" \/>\n<meta property=\"og:type\" content=\"article\" \/>\n<meta property=\"og:title\" content=\"Certificados\" \/>\n<meta property=\"og:description\" content=\"As certifica\u00e7\u00f5es da MotoRad validam o nosso compromisso inabal\u00e1vel com os padr\u00f5es internacionais de qualidade e as melhores pr\u00e1ticas na ind\u00fastria autom\u00f3vel. Descobre os elevados padr\u00f5es que mantemos em todas as facetas do nosso neg\u00f3cio.\" \/>\n<meta property=\"og:url\" content=\"https:\/\/motorad.com\/pt-br\/recursos\/certificados\/\" \/>\n<meta property=\"og:site_name\" content=\"MotoRad\" \/>\n<meta property=\"article:publisher\" content=\"https:\/\/www.facebook.com\/motoradusa\" \/>\n<meta property=\"article:modified_time\" content=\"2026-03-17T14:33:11+00:00\" \/>\n<meta property=\"og:image\" content=\"https:\/\/motorad.com\/wp-content\/uploads\/2025\/03\/oem-back.jpg\" \/>\n\t<meta property=\"og:image:width\" content=\"1500\" \/>\n\t<meta property=\"og:image:height\" content=\"667\" \/>\n\t<meta property=\"og:image:type\" content=\"image\/jpeg\" \/>\n<meta name=\"twitter:card\" content=\"summary_large_image\" \/>\n<meta name=\"twitter:site\" content=\"@MotoRadUSA\" \/>\n<meta name=\"twitter:label1\" content=\"Est. reading time\" \/>\n\t<meta name=\"twitter:data1\" content=\"3 minutos\" \/>\n<script type=\"application\/ld+json\" class=\"yoast-schema-graph\">{\"@context\":\"https:\/\/schema.org\",\"@graph\":[{\"@type\":\"WebPage\",\"@id\":\"https:\/\/motorad.com\/pt-br\/recursos\/certificados\/\",\"url\":\"https:\/\/motorad.com\/pt-br\/recursos\/certificados\/\",\"name\":\"Certificados - MotoRad\",\"isPartOf\":{\"@id\":\"https:\/\/motorad.com\/pt-br\/#website\"},\"primaryImageOfPage\":{\"@id\":\"https:\/\/motorad.com\/pt-br\/recursos\/certificados\/#primaryimage\"},\"image\":{\"@id\":\"https:\/\/motorad.com\/pt-br\/recursos\/certificados\/#primaryimage\"},\"thumbnailUrl\":\"https:\/\/motorad.com\/wp-content\/uploads\/Road_into_Light_2-scaled.jpg\",\"datePublished\":\"2025-04-03T14:52:36+00:00\",\"dateModified\":\"2026-03-17T14:33:11+00:00\",\"description\":\"As certifica\u00e7\u00f5es da MotoRad validam o nosso compromisso inabal\u00e1vel com os padr\u00f5es internacionais de qualidade e as melhores pr\u00e1ticas na ind\u00fastria autom\u00f3vel. Descobre os elevados padr\u00f5es que mantemos em todas as facetas do nosso neg\u00f3cio.\",\"breadcrumb\":{\"@id\":\"https:\/\/motorad.com\/pt-br\/recursos\/certificados\/#breadcrumb\"},\"inLanguage\":\"pt-BR\",\"potentialAction\":[{\"@type\":\"ReadAction\",\"target\":[\"https:\/\/motorad.com\/pt-br\/recursos\/certificados\/\"]}]},{\"@type\":\"ImageObject\",\"inLanguage\":\"pt-BR\",\"@id\":\"https:\/\/motorad.com\/pt-br\/recursos\/certificados\/#primaryimage\",\"url\":\"https:\/\/motorad.com\/wp-content\/uploads\/Road_into_Light_2-scaled.jpg\",\"contentUrl\":\"https:\/\/motorad.com\/wp-content\/uploads\/Road_into_Light_2-scaled.jpg\"},{\"@type\":\"BreadcrumbList\",\"@id\":\"https:\/\/motorad.com\/pt-br\/recursos\/certificados\/#breadcrumb\",\"itemListElement\":[{\"@type\":\"ListItem\",\"position\":1,\"name\":\"Home\",\"item\":\"https:\/\/motorad.com\/pt-br\/\"},{\"@type\":\"ListItem\",\"position\":2,\"name\":\"Recursos\",\"item\":\"https:\/\/motoradnew.test\/recursos\/\"},{\"@type\":\"ListItem\",\"position\":3,\"name\":\"Certificados\"}]},{\"@type\":\"WebSite\",\"@id\":\"https:\/\/motorad.com\/pt-br\/#website\",\"url\":\"https:\/\/motorad.com\/pt-br\/\",\"name\":\"MotoRad\",\"description\":\"Trusted to Deliver Better - Thermal Management, Emissions, Powertrain Controls\",\"publisher\":{\"@id\":\"https:\/\/motorad.com\/pt-br\/#organization\"},\"potentialAction\":[{\"@type\":\"SearchAction\",\"target\":{\"@type\":\"EntryPoint\",\"urlTemplate\":\"https:\/\/motorad.com\/pt-br\/?s={search_term_string}\"},\"query-input\":{\"@type\":\"PropertyValueSpecification\",\"valueRequired\":true,\"valueName\":\"search_term_string\"}}],\"inLanguage\":\"pt-BR\"},{\"@type\":\"Organization\",\"@id\":\"https:\/\/motorad.com\/pt-br\/#organization\",\"name\":\"MotoRad\",\"url\":\"https:\/\/motorad.com\/pt-br\/\",\"logo\":{\"@type\":\"ImageObject\",\"inLanguage\":\"pt-BR\",\"@id\":\"https:\/\/motorad.com\/pt-br\/#\/schema\/logo\/image\/\",\"url\":\"https:\/\/motorad.com\/wp-content\/uploads\/2025\/01\/MotoRad_Logo.png\",\"contentUrl\":\"https:\/\/motorad.com\/wp-content\/uploads\/2025\/01\/MotoRad_Logo.png\",\"width\":358,\"height\":102,\"caption\":\"MotoRad\"},\"image\":{\"@id\":\"https:\/\/motorad.com\/pt-br\/#\/schema\/logo\/image\/\"},\"sameAs\":[\"https:\/\/www.facebook.com\/motoradusa\",\"https:\/\/x.com\/MotoRadUSA\",\"https:\/\/www.linkedin.com\/company\/motorad\/\"]}]}<\/script>\n<!-- \/ Yoast SEO Premium plugin. -->","yoast_head_json":{"title":"Certificados - MotoRad","description":"As certifica\u00e7\u00f5es da MotoRad validam o nosso compromisso inabal\u00e1vel com os padr\u00f5es internacionais de qualidade e as melhores pr\u00e1ticas na ind\u00fastria autom\u00f3vel. Descobre os elevados padr\u00f5es que mantemos em todas as facetas do nosso neg\u00f3cio.","robots":{"index":"index","follow":"follow","max-snippet":"max-snippet:-1","max-image-preview":"max-image-preview:large","max-video-preview":"max-video-preview:-1"},"canonical":"https:\/\/motorad.com\/pt-br\/recursos\/certificados\/","og_locale":"pt_BR","og_type":"article","og_title":"Certificados","og_description":"As certifica\u00e7\u00f5es da MotoRad validam o nosso compromisso inabal\u00e1vel com os padr\u00f5es internacionais de qualidade e as melhores pr\u00e1ticas na ind\u00fastria autom\u00f3vel. Descobre os elevados padr\u00f5es que mantemos em todas as facetas do nosso neg\u00f3cio.","og_url":"https:\/\/motorad.com\/pt-br\/recursos\/certificados\/","og_site_name":"MotoRad","article_publisher":"https:\/\/www.facebook.com\/motoradusa","article_modified_time":"2026-03-17T14:33:11+00:00","og_image":[{"width":1500,"height":667,"url":"https:\/\/motorad.com\/wp-content\/uploads\/2025\/03\/oem-back.jpg","type":"image\/jpeg"}],"twitter_card":"summary_large_image","twitter_site":"@MotoRadUSA","twitter_misc":{"Est. reading time":"3 minutos"},"schema":{"@context":"https:\/\/schema.org","@graph":[{"@type":"WebPage","@id":"https:\/\/motorad.com\/pt-br\/recursos\/certificados\/","url":"https:\/\/motorad.com\/pt-br\/recursos\/certificados\/","name":"Certificados - MotoRad","isPartOf":{"@id":"https:\/\/motorad.com\/pt-br\/#website"},"primaryImageOfPage":{"@id":"https:\/\/motorad.com\/pt-br\/recursos\/certificados\/#primaryimage"},"image":{"@id":"https:\/\/motorad.com\/pt-br\/recursos\/certificados\/#primaryimage"},"thumbnailUrl":"https:\/\/motorad.com\/wp-content\/uploads\/Road_into_Light_2-scaled.jpg","datePublished":"2025-04-03T14:52:36+00:00","dateModified":"2026-03-17T14:33:11+00:00","description":"As certifica\u00e7\u00f5es da MotoRad validam o nosso compromisso inabal\u00e1vel com os padr\u00f5es internacionais de qualidade e as melhores pr\u00e1ticas na ind\u00fastria autom\u00f3vel. Descobre os elevados padr\u00f5es que mantemos em todas as facetas do nosso neg\u00f3cio.","breadcrumb":{"@id":"https:\/\/motorad.com\/pt-br\/recursos\/certificados\/#breadcrumb"},"inLanguage":"pt-BR","potentialAction":[{"@type":"ReadAction","target":["https:\/\/motorad.com\/pt-br\/recursos\/certificados\/"]}]},{"@type":"ImageObject","inLanguage":"pt-BR","@id":"https:\/\/motorad.com\/pt-br\/recursos\/certificados\/#primaryimage","url":"https:\/\/motorad.com\/wp-content\/uploads\/Road_into_Light_2-scaled.jpg","contentUrl":"https:\/\/motorad.com\/wp-content\/uploads\/Road_into_Light_2-scaled.jpg"},{"@type":"BreadcrumbList","@id":"https:\/\/motorad.com\/pt-br\/recursos\/certificados\/#breadcrumb","itemListElement":[{"@type":"ListItem","position":1,"name":"Home","item":"https:\/\/motorad.com\/pt-br\/"},{"@type":"ListItem","position":2,"name":"Recursos","item":"https:\/\/motoradnew.test\/recursos\/"},{"@type":"ListItem","position":3,"name":"Certificados"}]},{"@type":"WebSite","@id":"https:\/\/motorad.com\/pt-br\/#website","url":"https:\/\/motorad.com\/pt-br\/","name":"MotoRad","description":"Trusted to Deliver Better - Thermal Management, Emissions, Powertrain Controls","publisher":{"@id":"https:\/\/motorad.com\/pt-br\/#organization"},"potentialAction":[{"@type":"SearchAction","target":{"@type":"EntryPoint","urlTemplate":"https:\/\/motorad.com\/pt-br\/?s={search_term_string}"},"query-input":{"@type":"PropertyValueSpecification","valueRequired":true,"valueName":"search_term_string"}}],"inLanguage":"pt-BR"},{"@type":"Organization","@id":"https:\/\/motorad.com\/pt-br\/#organization","name":"MotoRad","url":"https:\/\/motorad.com\/pt-br\/","logo":{"@type":"ImageObject","inLanguage":"pt-BR","@id":"https:\/\/motorad.com\/pt-br\/#\/schema\/logo\/image\/","url":"https:\/\/motorad.com\/wp-content\/uploads\/2025\/01\/MotoRad_Logo.png","contentUrl":"https:\/\/motorad.com\/wp-content\/uploads\/2025\/01\/MotoRad_Logo.png","width":358,"height":102,"caption":"MotoRad"},"image":{"@id":"https:\/\/motorad.com\/pt-br\/#\/schema\/logo\/image\/"},"sameAs":["https:\/\/www.facebook.com\/motoradusa","https:\/\/x.com\/MotoRadUSA","https:\/\/www.linkedin.com\/company\/motorad\/"]}]}},"_links":{"self":[{"href":"https:\/\/motorad.com\/pt-br\/wp-json\/wp\/v2\/pages\/6781","targetHints":{"allow":["GET"]}}],"collection":[{"href":"https:\/\/motorad.com\/pt-br\/wp-json\/wp\/v2\/pages"}],"about":[{"href":"https:\/\/motorad.com\/pt-br\/wp-json\/wp\/v2\/types\/page"}],"author":[{"embeddable":true,"href":"https:\/\/motorad.com\/pt-br\/wp-json\/wp\/v2\/users\/1"}],"replies":[{"embeddable":true,"href":"https:\/\/motorad.com\/pt-br\/wp-json\/wp\/v2\/comments?post=6781"}],"version-history":[{"count":3,"href":"https:\/\/motorad.com\/pt-br\/wp-json\/wp\/v2\/pages\/6781\/revisions"}],"predecessor-version":[{"id":87605,"href":"https:\/\/motorad.com\/pt-br\/wp-json\/wp\/v2\/pages\/6781\/revisions\/87605"}],"up":[{"embeddable":true,"href":"https:\/\/motorad.com\/pt-br\/wp-json\/wp\/v2\/pages\/6060"}],"wp:attachment":[{"href":"https:\/\/motorad.com\/pt-br\/wp-json\/wp\/v2\/media?parent=6781"}],"curies":[{"name":"wp","href":"https:\/\/api.w.org\/{rel}","templated":true}]}}