{"id":87477,"date":"2026-02-10T18:18:49","date_gmt":"2026-02-10T18:18:49","guid":{"rendered":"https:\/\/motorad.com\/politica-de-gerenciamento-do-ciclo-de-vida-do-produto\/"},"modified":"2026-03-17T14:32:35","modified_gmt":"2026-03-17T14:32:35","slug":"politica-de-gerenciamento-do-ciclo-de-vida-do-produto","status":"publish","type":"page","link":"https:\/\/motorad.com\/pt-br\/politica-de-gerenciamento-do-ciclo-de-vida-do-produto\/","title":{"rendered":"Pol\u00edtica de gerenciamento do ciclo de vida do produto"},"content":{"rendered":"\n<h2 class=\"wp-block-heading\" id=\"h-product-life-cycle-management-policy\" style=\"margin-top:var(--wp--preset--spacing--50);margin-right:var(--wp--preset--spacing--50);margin-bottom:var(--wp--preset--spacing--50);margin-left:var(--wp--preset--spacing--50)\">Pol\u00edtica de gerenciamento do ciclo de vida do produto<\/h2>\n\n<p>A MotoRad gerencia produtos com considera\u00e7\u00f5es ambientais, sociais e de governan\u00e7a (ESG) em mente durante todo o ciclo de vida do produto, desde o design e o fornecimento at\u00e9 a fabrica\u00e7\u00e3o, o uso pelo cliente e o fim da vida \u00fatil. Isso inclui o foco na sustentabilidade por design, efici\u00eancia de recursos, pr\u00e1ticas de economia circular e alinhamento com os padr\u00f5es e regulamentos aplic\u00e1veis. Para obter detalhes completos, consulte o PDF da Pol\u00edtica de Gerenciamento do Ciclo de Vida do Produto.  <\/p>\n\n<div data-wp-interactive=\"core\/file\" class=\"wp-block-file\"><object data-wp-bind--hidden=\"!state.hasPdfPreview\" hidden class=\"wp-block-file__embed\" data=\"https:\/\/motorad.com\/wp-content\/uploads\/2026\/02\/A-5.0-E-Product-life-Cycle-Management-Policy-EN-1.pdf\" type=\"application\/pdf\" style=\"width:100%;height:600px\" aria-label=\"Incorporado de A 5.0-E  Product life-Cycle Management Policy EN.\"><\/object><a id=\"wp-block-file--media-5ed722a5-506d-499c-adab-4e4615ac1213\" href=\"https:\/\/motorad.com\/wp-content\/uploads\/2026\/02\/A-5.0-E-Product-life-Cycle-Management-Policy-EN-1.pdf\">A 5.0-E Pol\u00edtica de gerenciamento do ciclo de vida do produto PT<\/a><a href=\"https:\/\/motorad.com\/wp-content\/uploads\/2026\/02\/A-5.0-E-Product-life-Cycle-Management-Policy-EN-1.pdf\" class=\"wp-block-file__button wp-element-button\" download=\"\" aria-describedby=\"wp-block-file--media-5ed722a5-506d-499c-adab-4e4615ac1213\">Baixar<\/a><\/div>\n","protected":false},"excerpt":{"rendered":"<p>Pol\u00edtica de gerenciamento do ciclo de vida do produto A MotoRad gerencia produtos com considera\u00e7\u00f5es ambientais, sociais e de governan\u00e7a [&#8230;]<\/p>\n","protected":false},"author":2,"featured_media":0,"parent":0,"menu_order":0,"comment_status":"closed","ping_status":"closed","template":"","meta":{"_acf_changed":false,"footnotes":""},"class_list":["post-87477","page","type-page","status-publish","hentry"],"acf":[],"yoast_head":"<!-- This site is optimized with the Yoast SEO Premium plugin v27.2 (Yoast SEO v27.2) - https:\/\/yoast.com\/product\/yoast-seo-premium-wordpress\/ -->\n<title>Pol\u00edtica de gerenciamento do ciclo de vida do produto - MotoRad<\/title>\n<meta name=\"description\" content=\"A MotoRad integra considera\u00e7\u00f5es ESG em todo o ciclo de vida do produto, desde o design e o fornecimento at\u00e9 o fim da vida \u00fatil. Fa\u00e7a o download do PDF da Pol\u00edtica de Gerenciamento do Ciclo de Vida do Produto.Frase-chave do foco: Pol\u00edtica de gerenciamento do ciclo de vida do produtoSugest\u00e3o de slug: product-life-cycle-management-policy\" \/>\n<meta name=\"robots\" content=\"index, follow, max-snippet:-1, max-image-preview:large, max-video-preview:-1\" \/>\n<link rel=\"canonical\" href=\"https:\/\/motorad.com\/pt-br\/politica-de-gerenciamento-do-ciclo-de-vida-do-produto\/\" \/>\n<meta property=\"og:locale\" content=\"pt_BR\" \/>\n<meta property=\"og:type\" content=\"article\" \/>\n<meta property=\"og:title\" content=\"Pol\u00edtica de gerenciamento do ciclo de vida do produto\" \/>\n<meta property=\"og:description\" content=\"A MotoRad integra considera\u00e7\u00f5es ESG em todo o ciclo de vida do produto, desde o design e o fornecimento at\u00e9 o fim da vida \u00fatil. Fa\u00e7a o download do PDF da Pol\u00edtica de Gerenciamento do Ciclo de Vida do Produto.Frase-chave do foco: Pol\u00edtica de gerenciamento do ciclo de vida do produtoSugest\u00e3o de slug: product-life-cycle-management-policy\" \/>\n<meta property=\"og:url\" content=\"https:\/\/motorad.com\/pt-br\/politica-de-gerenciamento-do-ciclo-de-vida-do-produto\/\" \/>\n<meta property=\"og:site_name\" content=\"MotoRad\" \/>\n<meta property=\"article:publisher\" content=\"https:\/\/www.facebook.com\/motoradusa\" \/>\n<meta property=\"article:modified_time\" content=\"2026-03-17T14:32:35+00:00\" \/>\n<meta property=\"og:image\" content=\"https:\/\/motorad.com\/wp-content\/uploads\/2025\/03\/oem-back.jpg\" \/>\n\t<meta property=\"og:image:width\" content=\"1500\" \/>\n\t<meta property=\"og:image:height\" content=\"667\" \/>\n\t<meta property=\"og:image:type\" content=\"image\/jpeg\" \/>\n<meta name=\"twitter:card\" content=\"summary_large_image\" \/>\n<meta name=\"twitter:site\" content=\"@MotoRadUSA\" \/>\n<meta name=\"twitter:label1\" content=\"Est. reading time\" \/>\n\t<meta name=\"twitter:data1\" content=\"1 minuto\" \/>\n<script type=\"application\/ld+json\" class=\"yoast-schema-graph\">{\"@context\":\"https:\/\/schema.org\",\"@graph\":[{\"@type\":\"WebPage\",\"@id\":\"https:\/\/motorad.com\/pt-br\/politica-de-gerenciamento-do-ciclo-de-vida-do-produto\/\",\"url\":\"https:\/\/motorad.com\/pt-br\/politica-de-gerenciamento-do-ciclo-de-vida-do-produto\/\",\"name\":\"Pol\u00edtica de gerenciamento do ciclo de vida do produto - MotoRad\",\"isPartOf\":{\"@id\":\"https:\/\/motorad.com\/pt-br\/#website\"},\"datePublished\":\"2026-02-10T18:18:49+00:00\",\"dateModified\":\"2026-03-17T14:32:35+00:00\",\"description\":\"A MotoRad integra considera\u00e7\u00f5es ESG em todo o ciclo de vida do produto, desde o design e o fornecimento at\u00e9 o fim da vida \u00fatil. Fa\u00e7a o download do PDF da Pol\u00edtica de Gerenciamento do Ciclo de Vida do Produto.Frase-chave do foco: Pol\u00edtica de gerenciamento do ciclo de vida do produtoSugest\u00e3o de slug: product-life-cycle-management-policy\",\"breadcrumb\":{\"@id\":\"https:\/\/motorad.com\/pt-br\/politica-de-gerenciamento-do-ciclo-de-vida-do-produto\/#breadcrumb\"},\"inLanguage\":\"pt-BR\",\"potentialAction\":[{\"@type\":\"ReadAction\",\"target\":[\"https:\/\/motorad.com\/pt-br\/politica-de-gerenciamento-do-ciclo-de-vida-do-produto\/\"]}]},{\"@type\":\"BreadcrumbList\",\"@id\":\"https:\/\/motorad.com\/pt-br\/politica-de-gerenciamento-do-ciclo-de-vida-do-produto\/#breadcrumb\",\"itemListElement\":[{\"@type\":\"ListItem\",\"position\":1,\"name\":\"Home\",\"item\":\"https:\/\/motorad.com\/pt-br\/\"},{\"@type\":\"ListItem\",\"position\":2,\"name\":\"Pol\u00edtica de gerenciamento do ciclo de vida do produto\"}]},{\"@type\":\"WebSite\",\"@id\":\"https:\/\/motorad.com\/pt-br\/#website\",\"url\":\"https:\/\/motorad.com\/pt-br\/\",\"name\":\"MotoRad\",\"description\":\"Trusted to Deliver Better - Thermal Management, Emissions, Powertrain Controls\",\"publisher\":{\"@id\":\"https:\/\/motorad.com\/pt-br\/#organization\"},\"potentialAction\":[{\"@type\":\"SearchAction\",\"target\":{\"@type\":\"EntryPoint\",\"urlTemplate\":\"https:\/\/motorad.com\/pt-br\/?s={search_term_string}\"},\"query-input\":{\"@type\":\"PropertyValueSpecification\",\"valueRequired\":true,\"valueName\":\"search_term_string\"}}],\"inLanguage\":\"pt-BR\"},{\"@type\":\"Organization\",\"@id\":\"https:\/\/motorad.com\/pt-br\/#organization\",\"name\":\"MotoRad\",\"url\":\"https:\/\/motorad.com\/pt-br\/\",\"logo\":{\"@type\":\"ImageObject\",\"inLanguage\":\"pt-BR\",\"@id\":\"https:\/\/motorad.com\/pt-br\/#\/schema\/logo\/image\/\",\"url\":\"https:\/\/motorad.com\/wp-content\/uploads\/2025\/01\/MotoRad_Logo.png\",\"contentUrl\":\"https:\/\/motorad.com\/wp-content\/uploads\/2025\/01\/MotoRad_Logo.png\",\"width\":358,\"height\":102,\"caption\":\"MotoRad\"},\"image\":{\"@id\":\"https:\/\/motorad.com\/pt-br\/#\/schema\/logo\/image\/\"},\"sameAs\":[\"https:\/\/www.facebook.com\/motoradusa\",\"https:\/\/x.com\/MotoRadUSA\",\"https:\/\/www.linkedin.com\/company\/motorad\/\"]}]}<\/script>\n<!-- \/ Yoast SEO Premium plugin. -->","yoast_head_json":{"title":"Pol\u00edtica de gerenciamento do ciclo de vida do produto - MotoRad","description":"A MotoRad integra considera\u00e7\u00f5es ESG em todo o ciclo de vida do produto, desde o design e o fornecimento at\u00e9 o fim da vida \u00fatil. Fa\u00e7a o download do PDF da Pol\u00edtica de Gerenciamento do Ciclo de Vida do Produto.Frase-chave do foco: Pol\u00edtica de gerenciamento do ciclo de vida do produtoSugest\u00e3o de slug: product-life-cycle-management-policy","robots":{"index":"index","follow":"follow","max-snippet":"max-snippet:-1","max-image-preview":"max-image-preview:large","max-video-preview":"max-video-preview:-1"},"canonical":"https:\/\/motorad.com\/pt-br\/politica-de-gerenciamento-do-ciclo-de-vida-do-produto\/","og_locale":"pt_BR","og_type":"article","og_title":"Pol\u00edtica de gerenciamento do ciclo de vida do produto","og_description":"A MotoRad integra considera\u00e7\u00f5es ESG em todo o ciclo de vida do produto, desde o design e o fornecimento at\u00e9 o fim da vida \u00fatil. Fa\u00e7a o download do PDF da Pol\u00edtica de Gerenciamento do Ciclo de Vida do Produto.Frase-chave do foco: Pol\u00edtica de gerenciamento do ciclo de vida do produtoSugest\u00e3o de slug: product-life-cycle-management-policy","og_url":"https:\/\/motorad.com\/pt-br\/politica-de-gerenciamento-do-ciclo-de-vida-do-produto\/","og_site_name":"MotoRad","article_publisher":"https:\/\/www.facebook.com\/motoradusa","article_modified_time":"2026-03-17T14:32:35+00:00","og_image":[{"width":1500,"height":667,"url":"https:\/\/motorad.com\/wp-content\/uploads\/2025\/03\/oem-back.jpg","type":"image\/jpeg"}],"twitter_card":"summary_large_image","twitter_site":"@MotoRadUSA","twitter_misc":{"Est. reading time":"1 minuto"},"schema":{"@context":"https:\/\/schema.org","@graph":[{"@type":"WebPage","@id":"https:\/\/motorad.com\/pt-br\/politica-de-gerenciamento-do-ciclo-de-vida-do-produto\/","url":"https:\/\/motorad.com\/pt-br\/politica-de-gerenciamento-do-ciclo-de-vida-do-produto\/","name":"Pol\u00edtica de gerenciamento do ciclo de vida do produto - MotoRad","isPartOf":{"@id":"https:\/\/motorad.com\/pt-br\/#website"},"datePublished":"2026-02-10T18:18:49+00:00","dateModified":"2026-03-17T14:32:35+00:00","description":"A MotoRad integra considera\u00e7\u00f5es ESG em todo o ciclo de vida do produto, desde o design e o fornecimento at\u00e9 o fim da vida \u00fatil. Fa\u00e7a o download do PDF da Pol\u00edtica de Gerenciamento do Ciclo de Vida do Produto.Frase-chave do foco: Pol\u00edtica de gerenciamento do ciclo de vida do produtoSugest\u00e3o de slug: product-life-cycle-management-policy","breadcrumb":{"@id":"https:\/\/motorad.com\/pt-br\/politica-de-gerenciamento-do-ciclo-de-vida-do-produto\/#breadcrumb"},"inLanguage":"pt-BR","potentialAction":[{"@type":"ReadAction","target":["https:\/\/motorad.com\/pt-br\/politica-de-gerenciamento-do-ciclo-de-vida-do-produto\/"]}]},{"@type":"BreadcrumbList","@id":"https:\/\/motorad.com\/pt-br\/politica-de-gerenciamento-do-ciclo-de-vida-do-produto\/#breadcrumb","itemListElement":[{"@type":"ListItem","position":1,"name":"Home","item":"https:\/\/motorad.com\/pt-br\/"},{"@type":"ListItem","position":2,"name":"Pol\u00edtica de gerenciamento do ciclo de vida do produto"}]},{"@type":"WebSite","@id":"https:\/\/motorad.com\/pt-br\/#website","url":"https:\/\/motorad.com\/pt-br\/","name":"MotoRad","description":"Trusted to Deliver Better - Thermal Management, Emissions, Powertrain Controls","publisher":{"@id":"https:\/\/motorad.com\/pt-br\/#organization"},"potentialAction":[{"@type":"SearchAction","target":{"@type":"EntryPoint","urlTemplate":"https:\/\/motorad.com\/pt-br\/?s={search_term_string}"},"query-input":{"@type":"PropertyValueSpecification","valueRequired":true,"valueName":"search_term_string"}}],"inLanguage":"pt-BR"},{"@type":"Organization","@id":"https:\/\/motorad.com\/pt-br\/#organization","name":"MotoRad","url":"https:\/\/motorad.com\/pt-br\/","logo":{"@type":"ImageObject","inLanguage":"pt-BR","@id":"https:\/\/motorad.com\/pt-br\/#\/schema\/logo\/image\/","url":"https:\/\/motorad.com\/wp-content\/uploads\/2025\/01\/MotoRad_Logo.png","contentUrl":"https:\/\/motorad.com\/wp-content\/uploads\/2025\/01\/MotoRad_Logo.png","width":358,"height":102,"caption":"MotoRad"},"image":{"@id":"https:\/\/motorad.com\/pt-br\/#\/schema\/logo\/image\/"},"sameAs":["https:\/\/www.facebook.com\/motoradusa","https:\/\/x.com\/MotoRadUSA","https:\/\/www.linkedin.com\/company\/motorad\/"]}]}},"_links":{"self":[{"href":"https:\/\/motorad.com\/pt-br\/wp-json\/wp\/v2\/pages\/87477","targetHints":{"allow":["GET"]}}],"collection":[{"href":"https:\/\/motorad.com\/pt-br\/wp-json\/wp\/v2\/pages"}],"about":[{"href":"https:\/\/motorad.com\/pt-br\/wp-json\/wp\/v2\/types\/page"}],"author":[{"embeddable":true,"href":"https:\/\/motorad.com\/pt-br\/wp-json\/wp\/v2\/users\/2"}],"replies":[{"embeddable":true,"href":"https:\/\/motorad.com\/pt-br\/wp-json\/wp\/v2\/comments?post=87477"}],"version-history":[{"count":1,"href":"https:\/\/motorad.com\/pt-br\/wp-json\/wp\/v2\/pages\/87477\/revisions"}],"predecessor-version":[{"id":87482,"href":"https:\/\/motorad.com\/pt-br\/wp-json\/wp\/v2\/pages\/87477\/revisions\/87482"}],"wp:attachment":[{"href":"https:\/\/motorad.com\/pt-br\/wp-json\/wp\/v2\/media?parent=87477"}],"curies":[{"name":"wp","href":"https:\/\/api.w.org\/{rel}","templated":true}]}}